{"id":965,"date":"2021-01-06T09:23:11","date_gmt":"2021-01-06T09:23:11","guid":{"rendered":"http:\/\/www.hagedorn-products.de\/?page_id=965"},"modified":"2025-11-11T09:01:26","modified_gmt":"2025-11-11T08:01:26","slug":"karriere","status":"publish","type":"page","link":"https:\/\/www.hagedorn-products.de\/en\/karriere\/","title":{"rendered":"Career"},"content":{"rendered":"<div data-elementor-type=\"wp-post\" data-elementor-id=\"965\" class=\"elementor elementor-965\">\n\t\t\t\t\t\t<section class=\"elementor-section elementor-top-section elementor-element elementor-element-49476bb elementor-section-stretched elementor-section-boxed elementor-section-height-default elementor-section-height-default\" data-id=\"49476bb\" data-element_type=\"section\" data-e-type=\"section\" data-settings=\"{&quot;stretch_section&quot;:&quot;section-stretched&quot;}\">\n\t\t\t\t\t\t<div class=\"elementor-container elementor-column-gap-default\">\n\t\t\t\t\t<div class=\"elementor-column elementor-col-100 elementor-top-column elementor-element elementor-element-fc167d7\" data-id=\"fc167d7\" data-element_type=\"column\" data-e-type=\"column\">\n\t\t\t<div class=\"elementor-widget-wrap elementor-element-populated\">\n\t\t\t\t\t\t<div class=\"elementor-element elementor-element-4114a90 elementor-widget elementor-widget-heading\" data-id=\"4114a90\" data-element_type=\"widget\" data-e-type=\"widget\" data-widget_type=\"heading.default\">\n\t\t\t\t<div class=\"elementor-widget-container\">\n\t\t\t\t\t<h3 class=\"elementor-heading-title elementor-size-default\">Herzlich willkommen bei der HAGEDORN Products &amp; Systems GmbH.<\/h3>\t\t\t\t<\/div>\n\t\t\t\t<\/div>\n\t\t\t\t<div class=\"elementor-element elementor-element-e56ac62 elementor-widget elementor-widget-text-editor\" data-id=\"e56ac62\" data-element_type=\"widget\" data-e-type=\"widget\" data-widget_type=\"text-editor.default\">\n\t\t\t\t<div class=\"elementor-widget-container\">\n\t\t\t\t\t\t\t\t\t<p>Wir sind ein junges Unternehmen, spezialisiert auf den internationalen Handel mit technischen Ersatzteilen und Komponenten f\u00fcr Maritime- und Industrieanwendungen. Im Jahr 2018 gegr\u00fcndet wachsen wir stetig und freuen uns \u00fcber motivierte neue Kollegen.<\/p><p><b>Werden auch Sie Teil unseres Teams!<\/b><\/p>\t\t\t\t\t\t\t\t<\/div>\n\t\t\t\t<\/div>\n\t\t\t\t<section class=\"elementor-section elementor-inner-section elementor-element elementor-element-6e60fc5 elementor-section-full_width elementor-section-height-default elementor-section-height-default\" data-id=\"6e60fc5\" data-element_type=\"section\" data-e-type=\"section\">\n\t\t\t\t\t\t<div class=\"elementor-container elementor-column-gap-default\">\n\t\t\t\t\t<div class=\"elementor-column elementor-col-100 elementor-inner-column elementor-element elementor-element-b293c11\" data-id=\"b293c11\" data-element_type=\"column\" data-e-type=\"column\">\n\t\t\t<div class=\"elementor-widget-wrap elementor-element-populated\">\n\t\t\t\t\t\t<div class=\"elementor-element elementor-element-8c29fc0 elementor-widget-divider--view-line elementor-widget elementor-widget-divider\" data-id=\"8c29fc0\" data-element_type=\"widget\" data-e-type=\"widget\" data-widget_type=\"divider.default\">\n\t\t\t\t<div class=\"elementor-widget-container\">\n\t\t\t\t\t\t\t<div class=\"elementor-divider\">\n\t\t\t<span class=\"elementor-divider-separator\">\n\t\t\t\t\t\t<\/span>\n\t\t<\/div>\n\t\t\t\t\t\t<\/div>\n\t\t\t\t<\/div>\n\t\t\t\t<div class=\"elementor-element elementor-element-39a723b elementor-widget elementor-widget-text-editor\" data-id=\"39a723b\" data-element_type=\"widget\" data-e-type=\"widget\" data-widget_type=\"text-editor.default\">\n\t\t\t\t<div class=\"elementor-widget-container\">\n\t\t\t\t\t\t\t\t\t<p><span style=\"font-size: 1.05rem;\">Bei Interesse senden Sie Ihre Bewerbungsunterlagen bitte an:<\/span><\/p>\n<p><b>HAGEDORN Products &amp; Systems GmbH<br>Hr. Olaf Hagedorn<br>Wester Trift 3<br>21745 Hemmoor<\/b><\/p>\n<p>Oder per E-Mail an: <a href=\"mailto:geschaeftsfuehrung@hagedorn-products.de\">bewerbung@hagedorn-products.de<\/a><\/p>\t\t\t\t\t\t\t\t<\/div>\n\t\t\t\t<\/div>\n\t\t\t\t\t<\/div>\n\t\t<\/div>\n\t\t\t\t\t<\/div>\n\t\t<\/section>\n\t\t\t\t\t<\/div>\n\t\t<\/div>\n\t\t\t\t\t<\/div>\n\t\t<\/section>\n\t\t\t\t<\/div>","protected":false},"excerpt":{"rendered":"<p>Herzlich willkommen bei der HAGEDORN Products &#038; Systems GmbH. Wir sind ein junges Unternehmen, spezialisiert auf den internationalen Handel mit technischen Ersatzteilen und Komponenten f\u00fcr Maritime- und Industrieanwendungen. Im Jahr 2018 gegr\u00fcndet wachsen wir stetig und freuen uns \u00fcber motivierte neue Kollegen. Werden auch Sie Teil unseres Teams! Bei Interesse senden Sie Ihre Bewerbungsunterlagen bitte [&hellip;]<\/p>\n","protected":false},"author":1,"featured_media":0,"parent":0,"menu_order":0,"comment_status":"closed","ping_status":"closed","template":"elementor_header_footer","meta":{"footnotes":""},"class_list":["post-965","page","type-page","status-publish","hentry"],"yoast_head":"<!-- This site is optimized with the Yoast SEO plugin v27.2 - https:\/\/yoast.com\/product\/yoast-seo-wordpress\/ -->\n<title>Karriere - HAGEDORN Products &amp; Systems GmbH<\/title>\n<meta name=\"robots\" content=\"index, follow, max-snippet:-1, max-image-preview:large, max-video-preview:-1\" \/>\n<link rel=\"canonical\" href=\"https:\/\/www.hagedorn-products.de\/en\/karriere\/\" \/>\n<meta property=\"og:locale\" content=\"en_US\" \/>\n<meta property=\"og:type\" content=\"article\" \/>\n<meta property=\"og:title\" content=\"Karriere - HAGEDORN Products &amp; Systems GmbH\" \/>\n<meta property=\"og:description\" content=\"Herzlich willkommen bei der HAGEDORN Products &#038; Systems GmbH. Wir sind ein junges Unternehmen, spezialisiert auf den internationalen Handel mit technischen Ersatzteilen und Komponenten f\u00fcr Maritime- und Industrieanwendungen. Im Jahr 2018 gegr\u00fcndet wachsen wir stetig und freuen uns \u00fcber motivierte neue Kollegen. Werden auch Sie Teil unseres Teams! Bei Interesse senden Sie Ihre Bewerbungsunterlagen bitte [&hellip;]\" \/>\n<meta property=\"og:url\" content=\"https:\/\/www.hagedorn-products.de\/en\/karriere\/\" \/>\n<meta property=\"og:site_name\" content=\"HAGEDORN Products &amp; Systems GmbH\" \/>\n<meta property=\"article:modified_time\" content=\"2025-11-11T08:01:26+00:00\" \/>\n<meta name=\"twitter:card\" content=\"summary_large_image\" \/>\n<meta name=\"twitter:label1\" content=\"Est. reading time\" \/>\n\t<meta name=\"twitter:data1\" content=\"1 minute\" \/>\n<script type=\"application\/ld+json\" class=\"yoast-schema-graph\">{\"@context\":\"https:\/\/schema.org\",\"@graph\":[{\"@type\":\"WebPage\",\"@id\":\"https:\/\/www.hagedorn-products.de\/karriere\/\",\"url\":\"https:\/\/www.hagedorn-products.de\/karriere\/\",\"name\":\"Karriere - HAGEDORN Products &amp; Systems GmbH\",\"isPartOf\":{\"@id\":\"https:\/\/www.hagedorn-products.de\/#website\"},\"datePublished\":\"2021-01-06T09:23:11+00:00\",\"dateModified\":\"2025-11-11T08:01:26+00:00\",\"breadcrumb\":{\"@id\":\"https:\/\/www.hagedorn-products.de\/karriere\/#breadcrumb\"},\"inLanguage\":\"en-US\",\"potentialAction\":[{\"@type\":\"ReadAction\",\"target\":[\"https:\/\/www.hagedorn-products.de\/karriere\/\"]}]},{\"@type\":\"BreadcrumbList\",\"@id\":\"https:\/\/www.hagedorn-products.de\/karriere\/#breadcrumb\",\"itemListElement\":[{\"@type\":\"ListItem\",\"position\":1,\"name\":\"Startseite\",\"item\":\"https:\/\/www.hagedorn-products.de\/\"},{\"@type\":\"ListItem\",\"position\":2,\"name\":\"Karriere\"}]},{\"@type\":\"WebSite\",\"@id\":\"https:\/\/www.hagedorn-products.de\/#website\",\"url\":\"https:\/\/www.hagedorn-products.de\/\",\"name\":\"HAGEDORN Products & Systems GmbH\",\"description\":\"\",\"potentialAction\":[{\"@type\":\"SearchAction\",\"target\":{\"@type\":\"EntryPoint\",\"urlTemplate\":\"https:\/\/www.hagedorn-products.de\/?s={search_term_string}\"},\"query-input\":{\"@type\":\"PropertyValueSpecification\",\"valueRequired\":true,\"valueName\":\"search_term_string\"}}],\"inLanguage\":\"en-US\"}]}<\/script>\n<!-- \/ Yoast SEO plugin. -->","yoast_head_json":{"title":"Karriere - HAGEDORN Products &amp; Systems GmbH","robots":{"index":"index","follow":"follow","max-snippet":"max-snippet:-1","max-image-preview":"max-image-preview:large","max-video-preview":"max-video-preview:-1"},"canonical":"https:\/\/www.hagedorn-products.de\/en\/karriere\/","og_locale":"en_US","og_type":"article","og_title":"Karriere - HAGEDORN Products &amp; Systems GmbH","og_description":"Herzlich willkommen bei der HAGEDORN Products &#038; Systems GmbH. Wir sind ein junges Unternehmen, spezialisiert auf den internationalen Handel mit technischen Ersatzteilen und Komponenten f\u00fcr Maritime- und Industrieanwendungen. Im Jahr 2018 gegr\u00fcndet wachsen wir stetig und freuen uns \u00fcber motivierte neue Kollegen. Werden auch Sie Teil unseres Teams! Bei Interesse senden Sie Ihre Bewerbungsunterlagen bitte [&hellip;]","og_url":"https:\/\/www.hagedorn-products.de\/en\/karriere\/","og_site_name":"HAGEDORN Products &amp; Systems GmbH","article_modified_time":"2025-11-11T08:01:26+00:00","twitter_card":"summary_large_image","twitter_misc":{"Est. reading time":"1 minute"},"schema":{"@context":"https:\/\/schema.org","@graph":[{"@type":"WebPage","@id":"https:\/\/www.hagedorn-products.de\/karriere\/","url":"https:\/\/www.hagedorn-products.de\/karriere\/","name":"Karriere - HAGEDORN Products &amp; Systems GmbH","isPartOf":{"@id":"https:\/\/www.hagedorn-products.de\/#website"},"datePublished":"2021-01-06T09:23:11+00:00","dateModified":"2025-11-11T08:01:26+00:00","breadcrumb":{"@id":"https:\/\/www.hagedorn-products.de\/karriere\/#breadcrumb"},"inLanguage":"en-US","potentialAction":[{"@type":"ReadAction","target":["https:\/\/www.hagedorn-products.de\/karriere\/"]}]},{"@type":"BreadcrumbList","@id":"https:\/\/www.hagedorn-products.de\/karriere\/#breadcrumb","itemListElement":[{"@type":"ListItem","position":1,"name":"Startseite","item":"https:\/\/www.hagedorn-products.de\/"},{"@type":"ListItem","position":2,"name":"Karriere"}]},{"@type":"WebSite","@id":"https:\/\/www.hagedorn-products.de\/#website","url":"https:\/\/www.hagedorn-products.de\/","name":"HAGEDORN Products & Systems GmbH","description":"","potentialAction":[{"@type":"SearchAction","target":{"@type":"EntryPoint","urlTemplate":"https:\/\/www.hagedorn-products.de\/?s={search_term_string}"},"query-input":{"@type":"PropertyValueSpecification","valueRequired":true,"valueName":"search_term_string"}}],"inLanguage":"en-US"}]}},"_links":{"self":[{"href":"https:\/\/www.hagedorn-products.de\/en\/wp-json\/wp\/v2\/pages\/965","targetHints":{"allow":["GET"]}}],"collection":[{"href":"https:\/\/www.hagedorn-products.de\/en\/wp-json\/wp\/v2\/pages"}],"about":[{"href":"https:\/\/www.hagedorn-products.de\/en\/wp-json\/wp\/v2\/types\/page"}],"author":[{"embeddable":true,"href":"https:\/\/www.hagedorn-products.de\/en\/wp-json\/wp\/v2\/users\/1"}],"replies":[{"embeddable":true,"href":"https:\/\/www.hagedorn-products.de\/en\/wp-json\/wp\/v2\/comments?post=965"}],"version-history":[{"count":47,"href":"https:\/\/www.hagedorn-products.de\/en\/wp-json\/wp\/v2\/pages\/965\/revisions"}],"predecessor-version":[{"id":2312,"href":"https:\/\/www.hagedorn-products.de\/en\/wp-json\/wp\/v2\/pages\/965\/revisions\/2312"}],"wp:attachment":[{"href":"https:\/\/www.hagedorn-products.de\/en\/wp-json\/wp\/v2\/media?parent=965"}],"curies":[{"name":"wp","href":"https:\/\/api.w.org\/{rel}","templated":true}]}}