{"id":322,"date":"2019-09-24T18:27:40","date_gmt":"2019-09-24T18:27:40","guid":{"rendered":"http:\/\/s781317903.online.de\/?page_id=322"},"modified":"2020-09-28T16:21:39","modified_gmt":"2020-09-28T16:21:39","slug":"datenschutz","status":"publish","type":"page","link":"https:\/\/www.hagedorn-products.de\/en\/datenschutz\/","title":{"rendered":"Data protection"},"content":{"rendered":"<div data-elementor-type=\"wp-post\" data-elementor-id=\"322\" class=\"elementor elementor-322\">\n\t\t\t\t\t\t<section class=\"elementor-section elementor-top-section elementor-element elementor-element-58baf1b elementor-section-boxed elementor-section-height-default elementor-section-height-default\" data-id=\"58baf1b\" data-element_type=\"section\" data-e-type=\"section\">\n\t\t\t\t\t\t<div class=\"elementor-container elementor-column-gap-default\">\n\t\t\t\t\t<div class=\"elementor-column elementor-col-100 elementor-top-column elementor-element elementor-element-f05b842\" data-id=\"f05b842\" data-element_type=\"column\" data-e-type=\"column\">\n\t\t\t<div class=\"elementor-widget-wrap elementor-element-populated\">\n\t\t\t\t\t\t<div class=\"elementor-element elementor-element-661c6b9 elementor-widget elementor-widget-text-editor\" data-id=\"661c6b9\" data-element_type=\"widget\" data-e-type=\"widget\" data-widget_type=\"text-editor.default\">\n\t\t\t\t<div class=\"elementor-widget-container\">\n\t\t\t\t\t\t\t\t\t<h5><span style=\"color: #545454; font-family: Roboto, sans-serif; font-size: 1rem;\">The protection of personal data is of the utmost importance to us.<\/span><\/h5><p>The technology of the Internet and electronic data processing can give individuals the feeling of losing track of where and for what purpose their data is stored. Therefore, as a visitor to our website, we would like to explain to you how HAGEDORN Products &amp; Systems GmbH ensures the confidentiality of your personal data and respects personal rights.<\/p><p>Validity of the data protection declaration<\/p><p>This data protection declaration applies to all websites for which HAGEDORN Products &amp; Systems GmbH is responsible. However, our website may contain links to other companies to which our data protection declaration does not refer. HAGEDORN Products &amp; Systems GmbH guarantees the confidentiality of your personal data by virtue of the fact that our employees have to protect data protection and are bound to secrecy under the Federal Data Protection Act (BDSG), our security measures are promptly adapted to the current state of the art and the employees of HAGEDORN Products &amp; Systems GmbH are mostly trained as data protection officers.<\/p><p>Data transmitted through browser \/ internet technology<\/p><p>Your visit to our website is logged. The IP address currently used by your PC, the date and time, the browser type and the operating system of your PC as well as the pages viewed by you are recorded. A personal reference is not possible for us. This data is only collected for the purpose of data security. There is no other evaluation of the data - with the exception of statistical purposes and then in anonymous form. No personal surf profiles or the like are created or processed.<\/p><p>Use of your personal data<\/p><p>The personal data that you provide to us on the Internet (your name and address or your email address and your message) will only be processed for correspondence with you or for the purpose for which you have provided the data to us. You can object to this use of personal data at any time. We assure that we will not pass on your personal data to third parties, unless we are legally obliged to do so or you have given us your prior consent. The processing and archiving of the recorded data is carried out on our own systems and by employees of HAGEDORN Products &amp; Systems GmbH. Insofar as we use service providers to carry out and process processing processes, the contractual relationships are regulated in accordance with the provisions of the Federal Data Protection Act.<\/p><p>Your rights<\/p><p>You have a right to information about all personal data that HAGEDORN Products &amp; Systems GmbH has stored about you. We refer to the list of procedures of HAGEDORN Products &amp; Systems GmbH, which is also open to the public. You also have the right to have incorrect data corrected, as well as the deletion of data that is no longer required, unless there is a duty to keep it under other legal regulations. In these cases, you have the right to have the data blocked.<\/p><p>Secure communication on the Internet<\/p><p>In general, the Internet is considered an insecure medium. So z. B. the transmission of data on the Internet can be intercepted, recorded or even changed by unauthorized third parties. In order to ensure the confidentiality of communication, we use so-called SSL encryption in sensitive areas, for example e-mails that you send to us via contact. According to the current state of knowledge, the possible encryption can be regarded as secure.<\/p><p>Update of the data protection declaration<\/p><p>As far as HAGEDORN Products &amp; Systems GmbH introduces new electronic products or services, changes internet procedures or if the internet and IT security technology develops further, this \"data protection declaration\" is updated.<\/p><p>If you have any further questions, please contact<\/p><p>Diplom-Betriebswirt (FH)<br \/>Olaf Hagedorn<br \/>Management<br \/>HAGEDORN Products &amp; Systems GmbH<br \/>Neue Stra\u00dfe 7<br \/>21745 Hemmoor<br \/>info(at)hagedorn-products.de<br \/>www.hagedorn-products.de<\/p>\t\t\t\t\t\t\t\t<\/div>\n\t\t\t\t<\/div>\n\t\t\t\t\t<\/div>\n\t\t<\/div>\n\t\t\t\t\t<\/div>\n\t\t<\/section>\n\t\t\t\t<\/div>","protected":false},"excerpt":{"rendered":"<p>Der Schutz personenbezogener Daten ist f\u00fcr uns von h\u00f6chster Bedeutung. Durch die Technik des Internets und der elektronischen Datenverarbeitung kann der Einzelne das Gef\u00fchl bekommen, den \u00dcberblick zu verlieren, wo und zu welchem Zweck seine Daten gespeichert werden. Deshalb m\u00f6chten wir Ihnen als Besucher unserer Internetseiten erl\u00e4utern, wie die HAGEDORN Products &amp; Systems GmbH die [&hellip;]<\/p>\n","protected":false},"author":1,"featured_media":0,"parent":0,"menu_order":0,"comment_status":"closed","ping_status":"closed","template":"","meta":{"footnotes":""},"class_list":["post-322","page","type-page","status-publish","hentry"],"yoast_head":"<!-- This site is optimized with the Yoast SEO plugin v27.2 - https:\/\/yoast.com\/product\/yoast-seo-wordpress\/ -->\n<title>Datenschutz - HAGEDORN Products &amp; Systems GmbH<\/title>\n<meta name=\"robots\" content=\"index, follow, max-snippet:-1, max-image-preview:large, max-video-preview:-1\" \/>\n<link rel=\"canonical\" href=\"https:\/\/www.hagedorn-products.de\/en\/datenschutz\/\" \/>\n<meta property=\"og:locale\" content=\"en_US\" \/>\n<meta property=\"og:type\" content=\"article\" \/>\n<meta property=\"og:title\" content=\"Datenschutz - HAGEDORN Products &amp; Systems GmbH\" \/>\n<meta property=\"og:description\" content=\"Der Schutz personenbezogener Daten ist f\u00fcr uns von h\u00f6chster Bedeutung. Durch die Technik des Internets und der elektronischen Datenverarbeitung kann der Einzelne das Gef\u00fchl bekommen, den \u00dcberblick zu verlieren, wo und zu welchem Zweck seine Daten gespeichert werden. Deshalb m\u00f6chten wir Ihnen als Besucher unserer Internetseiten erl\u00e4utern, wie die HAGEDORN Products &amp; Systems GmbH die [&hellip;]\" \/>\n<meta property=\"og:url\" content=\"https:\/\/www.hagedorn-products.de\/en\/datenschutz\/\" \/>\n<meta property=\"og:site_name\" content=\"HAGEDORN Products &amp; Systems GmbH\" \/>\n<meta property=\"article:modified_time\" content=\"2020-09-28T16:21:39+00:00\" \/>\n<meta name=\"twitter:card\" content=\"summary_large_image\" \/>\n<meta name=\"twitter:label1\" content=\"Est. reading time\" \/>\n\t<meta name=\"twitter:data1\" content=\"3 minutes\" \/>\n<script type=\"application\/ld+json\" class=\"yoast-schema-graph\">{\"@context\":\"https:\/\/schema.org\",\"@graph\":[{\"@type\":\"WebPage\",\"@id\":\"https:\/\/www.hagedorn-products.de\/datenschutz\/\",\"url\":\"https:\/\/www.hagedorn-products.de\/datenschutz\/\",\"name\":\"Datenschutz - HAGEDORN Products &amp; Systems GmbH\",\"isPartOf\":{\"@id\":\"https:\/\/www.hagedorn-products.de\/#website\"},\"datePublished\":\"2019-09-24T18:27:40+00:00\",\"dateModified\":\"2020-09-28T16:21:39+00:00\",\"breadcrumb\":{\"@id\":\"https:\/\/www.hagedorn-products.de\/datenschutz\/#breadcrumb\"},\"inLanguage\":\"en-US\",\"potentialAction\":[{\"@type\":\"ReadAction\",\"target\":[\"https:\/\/www.hagedorn-products.de\/datenschutz\/\"]}]},{\"@type\":\"BreadcrumbList\",\"@id\":\"https:\/\/www.hagedorn-products.de\/datenschutz\/#breadcrumb\",\"itemListElement\":[{\"@type\":\"ListItem\",\"position\":1,\"name\":\"Startseite\",\"item\":\"https:\/\/www.hagedorn-products.de\/\"},{\"@type\":\"ListItem\",\"position\":2,\"name\":\"Datenschutz\"}]},{\"@type\":\"WebSite\",\"@id\":\"https:\/\/www.hagedorn-products.de\/#website\",\"url\":\"https:\/\/www.hagedorn-products.de\/\",\"name\":\"HAGEDORN Products & Systems GmbH\",\"description\":\"\",\"potentialAction\":[{\"@type\":\"SearchAction\",\"target\":{\"@type\":\"EntryPoint\",\"urlTemplate\":\"https:\/\/www.hagedorn-products.de\/?s={search_term_string}\"},\"query-input\":{\"@type\":\"PropertyValueSpecification\",\"valueRequired\":true,\"valueName\":\"search_term_string\"}}],\"inLanguage\":\"en-US\"}]}<\/script>\n<!-- \/ Yoast SEO plugin. -->","yoast_head_json":{"title":"Datenschutz - HAGEDORN Products &amp; Systems GmbH","robots":{"index":"index","follow":"follow","max-snippet":"max-snippet:-1","max-image-preview":"max-image-preview:large","max-video-preview":"max-video-preview:-1"},"canonical":"https:\/\/www.hagedorn-products.de\/en\/datenschutz\/","og_locale":"en_US","og_type":"article","og_title":"Datenschutz - HAGEDORN Products &amp; Systems GmbH","og_description":"Der Schutz personenbezogener Daten ist f\u00fcr uns von h\u00f6chster Bedeutung. Durch die Technik des Internets und der elektronischen Datenverarbeitung kann der Einzelne das Gef\u00fchl bekommen, den \u00dcberblick zu verlieren, wo und zu welchem Zweck seine Daten gespeichert werden. Deshalb m\u00f6chten wir Ihnen als Besucher unserer Internetseiten erl\u00e4utern, wie die HAGEDORN Products &amp; Systems GmbH die [&hellip;]","og_url":"https:\/\/www.hagedorn-products.de\/en\/datenschutz\/","og_site_name":"HAGEDORN Products &amp; Systems GmbH","article_modified_time":"2020-09-28T16:21:39+00:00","twitter_card":"summary_large_image","twitter_misc":{"Est. reading time":"3 minutes"},"schema":{"@context":"https:\/\/schema.org","@graph":[{"@type":"WebPage","@id":"https:\/\/www.hagedorn-products.de\/datenschutz\/","url":"https:\/\/www.hagedorn-products.de\/datenschutz\/","name":"Datenschutz - HAGEDORN Products &amp; Systems GmbH","isPartOf":{"@id":"https:\/\/www.hagedorn-products.de\/#website"},"datePublished":"2019-09-24T18:27:40+00:00","dateModified":"2020-09-28T16:21:39+00:00","breadcrumb":{"@id":"https:\/\/www.hagedorn-products.de\/datenschutz\/#breadcrumb"},"inLanguage":"en-US","potentialAction":[{"@type":"ReadAction","target":["https:\/\/www.hagedorn-products.de\/datenschutz\/"]}]},{"@type":"BreadcrumbList","@id":"https:\/\/www.hagedorn-products.de\/datenschutz\/#breadcrumb","itemListElement":[{"@type":"ListItem","position":1,"name":"Startseite","item":"https:\/\/www.hagedorn-products.de\/"},{"@type":"ListItem","position":2,"name":"Datenschutz"}]},{"@type":"WebSite","@id":"https:\/\/www.hagedorn-products.de\/#website","url":"https:\/\/www.hagedorn-products.de\/","name":"HAGEDORN Products & Systems GmbH","description":"","potentialAction":[{"@type":"SearchAction","target":{"@type":"EntryPoint","urlTemplate":"https:\/\/www.hagedorn-products.de\/?s={search_term_string}"},"query-input":{"@type":"PropertyValueSpecification","valueRequired":true,"valueName":"search_term_string"}}],"inLanguage":"en-US"}]}},"_links":{"self":[{"href":"https:\/\/www.hagedorn-products.de\/en\/wp-json\/wp\/v2\/pages\/322","targetHints":{"allow":["GET"]}}],"collection":[{"href":"https:\/\/www.hagedorn-products.de\/en\/wp-json\/wp\/v2\/pages"}],"about":[{"href":"https:\/\/www.hagedorn-products.de\/en\/wp-json\/wp\/v2\/types\/page"}],"author":[{"embeddable":true,"href":"https:\/\/www.hagedorn-products.de\/en\/wp-json\/wp\/v2\/users\/1"}],"replies":[{"embeddable":true,"href":"https:\/\/www.hagedorn-products.de\/en\/wp-json\/wp\/v2\/comments?post=322"}],"version-history":[{"count":8,"href":"https:\/\/www.hagedorn-products.de\/en\/wp-json\/wp\/v2\/pages\/322\/revisions"}],"predecessor-version":[{"id":906,"href":"https:\/\/www.hagedorn-products.de\/en\/wp-json\/wp\/v2\/pages\/322\/revisions\/906"}],"wp:attachment":[{"href":"https:\/\/www.hagedorn-products.de\/en\/wp-json\/wp\/v2\/media?parent=322"}],"curies":[{"name":"wp","href":"https:\/\/api.w.org\/{rel}","templated":true}]}}