{"id":272,"date":"2019-09-24T09:04:31","date_gmt":"2019-09-24T09:04:31","guid":{"rendered":"http:\/\/s781317903.online.de\/?page_id=272"},"modified":"2020-05-18T08:47:06","modified_gmt":"2020-05-18T08:47:06","slug":"karbon-lamellen-filter","status":"publish","type":"page","link":"https:\/\/www.hagedorn-products.de\/en\/karbon-lamellen-filter\/","title":{"rendered":"Carbon vane &amp; filter"},"content":{"rendered":"<div data-elementor-type=\"wp-post\" data-elementor-id=\"272\" class=\"elementor elementor-272\">\n\t\t\t\t\t\t<section class=\"elementor-section elementor-top-section elementor-element elementor-element-2901cdc elementor-section-full_width elementor-section-height-default elementor-section-height-default\" data-id=\"2901cdc\" data-element_type=\"section\" data-e-type=\"section\">\n\t\t\t\t\t\t<div class=\"elementor-container elementor-column-gap-default\">\n\t\t\t\t\t<div class=\"elementor-column elementor-col-50 elementor-top-column elementor-element elementor-element-9c0dd11\" data-id=\"9c0dd11\" data-element_type=\"column\" data-e-type=\"column\">\n\t\t\t<div class=\"elementor-widget-wrap elementor-element-populated\">\n\t\t\t\t\t\t<div class=\"elementor-element elementor-element-594845d elementor-widget elementor-widget-heading\" data-id=\"594845d\" data-element_type=\"widget\" data-e-type=\"widget\" data-widget_type=\"heading.default\">\n\t\t\t\t<div class=\"elementor-widget-container\">\n\t\t\t\t\t<h4 class=\"elementor-heading-title elementor-size-default\">Carbon vane &amp; filter<\/h4>\t\t\t\t<\/div>\n\t\t\t\t<\/div>\n\t\t\t\t<div class=\"elementor-element elementor-element-3a0e791 elementor-widget elementor-widget-text-editor\" data-id=\"3a0e791\" data-element_type=\"widget\" data-e-type=\"widget\" data-widget_type=\"text-editor.default\">\n\t\t\t\t<div class=\"elementor-widget-container\">\n\t\t\t\t\t\t\t\t\t<div id=\"cc-m-13381682089\"><p>HAGEDORN Products &amp; Systems GmbH is the official distributor of SUPERVANE, a manufacturer of carbon fins in OEM quality for vacuum pumps and compressors.<\/p><p>We are able to supply carbon fins and air filters (from stock) for the following manufacturers:<\/p><\/div><div id=\"cc-m-13381682289\"><div id=\"cc-matrix-3749703889\"><div id=\"cc-m-13381682589\"><ul><li>\u00b7 Becker (Gebr\u00fcder Becker)<\/li><li>\u00b7 Busch<\/li><li>\u00b7 DVP<\/li><li>\u00b7 ELMO RIETSCHLE<\/li><li>\u00b7 Gardner Denver<\/li><li>\u00b7 Hamworthy<\/li><li>\u00b7 Heidelberg<\/li><li>\u00b7 Orion<\/li><li>\u00b7 Schmalz<\/li><\/ul><p class=\"p1\"><span class=\"s1\">HAGEDORN spare parts are produced by selected manufactures and are usu-\nally non genuine parts, unless the category is particularly marked out as original\nparts. The listed original numbers, system descriptions and manufactures\u2018 data\nof spare parts are only used for the identification of parts.<\/span><\/p><\/div><\/div><\/div>\t\t\t\t\t\t\t\t<\/div>\n\t\t\t\t<\/div>\n\t\t\t\t\t<\/div>\n\t\t<\/div>\n\t\t\t\t<div class=\"elementor-column elementor-col-50 elementor-top-column elementor-element elementor-element-788ac31\" data-id=\"788ac31\" data-element_type=\"column\" data-e-type=\"column\">\n\t\t\t<div class=\"elementor-widget-wrap elementor-element-populated\">\n\t\t\t\t\t\t<div class=\"elementor-element elementor-element-c943841 elementor-widget elementor-widget-image\" data-id=\"c943841\" data-element_type=\"widget\" data-e-type=\"widget\" data-widget_type=\"image.default\">\n\t\t\t\t<div class=\"elementor-widget-container\">\n\t\t\t\t\t\t\t\t\t\t\t\t\t\t\t<img fetchpriority=\"high\" decoding=\"async\" width=\"955\" height=\"657\" src=\"http:\/\/www.hagedorn-products.de\/wp-content\/uploads\/2019\/09\/Bildschirmfoto-2019-09-16-um-11.17.03-1024x705.png\" class=\"attachment-large size-large wp-image-85\" alt=\"\" srcset=\"http:\/\/www.hagedorn-products.de\/wp-content\/uploads\/2019\/09\/Bildschirmfoto-2019-09-16-um-11.17.03-1024x705.png 1024w, http:\/\/www.hagedorn-products.de\/wp-content\/uploads\/2019\/09\/Bildschirmfoto-2019-09-16-um-11.17.03-300x206.png 300w, http:\/\/www.hagedorn-products.de\/wp-content\/uploads\/2019\/09\/Bildschirmfoto-2019-09-16-um-11.17.03-768x529.png 768w, http:\/\/www.hagedorn-products.de\/wp-content\/uploads\/2019\/09\/Bildschirmfoto-2019-09-16-um-11.17.03.png 1055w\" sizes=\"(max-width: 955px) 100vw, 955px\" \/>\t\t\t\t\t\t\t\t\t\t\t\t\t\t\t<\/div>\n\t\t\t\t<\/div>\n\t\t\t\t\t<\/div>\n\t\t<\/div>\n\t\t\t\t\t<\/div>\n\t\t<\/section>\n\t\t\t\t<section class=\"elementor-section elementor-top-section elementor-element elementor-element-d9ddeb3 elementor-section-boxed elementor-section-height-default elementor-section-height-default\" data-id=\"d9ddeb3\" data-element_type=\"section\" data-e-type=\"section\">\n\t\t\t\t\t\t<div class=\"elementor-container elementor-column-gap-default\">\n\t\t\t\t\t<div class=\"elementor-column elementor-col-100 elementor-top-column elementor-element elementor-element-164d2ee\" data-id=\"164d2ee\" data-element_type=\"column\" data-e-type=\"column\">\n\t\t\t<div class=\"elementor-widget-wrap elementor-element-populated\">\n\t\t\t\t\t\t<div class=\"elementor-element elementor-element-feaeb46 elementor-widget elementor-widget-spacer\" data-id=\"feaeb46\" data-element_type=\"widget\" data-e-type=\"widget\" data-widget_type=\"spacer.default\">\n\t\t\t\t<div class=\"elementor-widget-container\">\n\t\t\t\t\t\t\t<div class=\"elementor-spacer\">\n\t\t\t<div class=\"elementor-spacer-inner\"><\/div>\n\t\t<\/div>\n\t\t\t\t\t\t<\/div>\n\t\t\t\t<\/div>\n\t\t\t\t\t<\/div>\n\t\t<\/div>\n\t\t\t\t\t<\/div>\n\t\t<\/section>\n\t\t\t\t<\/div>","protected":false},"excerpt":{"rendered":"<p>Kohleschieber &amp; Filter Die HAGEDORN Products &amp; Systems GmbH ist offizieller Distributor von SUPERVANE, einem Hersteller von Karbon Lamellen in OEM-Qualit\u00e4t f\u00fcr Vakuumpumpen und Kompressoren. Wir sind in der Lage, Karbon Lamellen und Luftfilter (ab Lager) f\u00fcr folgende Hersteller zu liefern: \u00b7 Becker (Gebr\u00fcder Becker) \u00b7 Busch \u00b7 DVP \u00b7 ELMO RIETSCHLE \u00b7 Gardner Denver [&hellip;]<\/p>\n","protected":false},"author":1,"featured_media":0,"parent":0,"menu_order":0,"comment_status":"closed","ping_status":"closed","template":"elementor_header_footer","meta":{"footnotes":""},"class_list":["post-272","page","type-page","status-publish","hentry"],"yoast_head":"<!-- This site is optimized with the Yoast SEO plugin v27.2 - https:\/\/yoast.com\/product\/yoast-seo-wordpress\/ -->\n<title>Kohleschieber &amp; Filter - HAGEDORN Products &amp; Systems GmbH<\/title>\n<meta name=\"robots\" content=\"index, follow, max-snippet:-1, max-image-preview:large, max-video-preview:-1\" \/>\n<link rel=\"canonical\" href=\"https:\/\/www.hagedorn-products.de\/en\/karbon-lamellen-filter\/\" \/>\n<meta property=\"og:locale\" content=\"en_US\" \/>\n<meta property=\"og:type\" content=\"article\" \/>\n<meta property=\"og:title\" content=\"Kohleschieber &amp; Filter - HAGEDORN Products &amp; Systems GmbH\" \/>\n<meta property=\"og:description\" content=\"Kohleschieber &amp; Filter Die HAGEDORN Products &amp; Systems GmbH ist offizieller Distributor von SUPERVANE, einem Hersteller von Karbon Lamellen in OEM-Qualit\u00e4t f\u00fcr Vakuumpumpen und Kompressoren. Wir sind in der Lage, Karbon Lamellen und Luftfilter (ab Lager) f\u00fcr folgende Hersteller zu liefern: \u00b7 Becker (Gebr\u00fcder Becker) \u00b7 Busch \u00b7 DVP \u00b7 ELMO RIETSCHLE \u00b7 Gardner Denver [&hellip;]\" \/>\n<meta property=\"og:url\" content=\"https:\/\/www.hagedorn-products.de\/en\/karbon-lamellen-filter\/\" \/>\n<meta property=\"og:site_name\" content=\"HAGEDORN Products &amp; Systems GmbH\" \/>\n<meta property=\"article:modified_time\" content=\"2020-05-18T08:47:06+00:00\" \/>\n<meta property=\"og:image\" content=\"http:\/\/s781317903.online.de\/wp-content\/uploads\/2019\/09\/Bildschirmfoto-2019-09-16-um-11.17.03-1024x705.png\" \/>\n<meta name=\"twitter:card\" content=\"summary_large_image\" \/>\n<script type=\"application\/ld+json\" class=\"yoast-schema-graph\">{\"@context\":\"https:\/\/schema.org\",\"@graph\":[{\"@type\":\"WebPage\",\"@id\":\"https:\/\/www.hagedorn-products.de\/karbon-lamellen-filter\/\",\"url\":\"https:\/\/www.hagedorn-products.de\/karbon-lamellen-filter\/\",\"name\":\"Kohleschieber & Filter - HAGEDORN Products &amp; Systems GmbH\",\"isPartOf\":{\"@id\":\"https:\/\/www.hagedorn-products.de\/en\/#website\"},\"primaryImageOfPage\":{\"@id\":\"https:\/\/www.hagedorn-products.de\/karbon-lamellen-filter\/#primaryimage\"},\"image\":{\"@id\":\"https:\/\/www.hagedorn-products.de\/karbon-lamellen-filter\/#primaryimage\"},\"thumbnailUrl\":\"http:\/\/s781317903.online.de\/wp-content\/uploads\/2019\/09\/Bildschirmfoto-2019-09-16-um-11.17.03-1024x705.png\",\"datePublished\":\"2019-09-24T09:04:31+00:00\",\"dateModified\":\"2020-05-18T08:47:06+00:00\",\"breadcrumb\":{\"@id\":\"https:\/\/www.hagedorn-products.de\/karbon-lamellen-filter\/#breadcrumb\"},\"inLanguage\":\"en-US\",\"potentialAction\":[{\"@type\":\"ReadAction\",\"target\":[\"https:\/\/www.hagedorn-products.de\/karbon-lamellen-filter\/\"]}]},{\"@type\":\"ImageObject\",\"inLanguage\":\"en-US\",\"@id\":\"https:\/\/www.hagedorn-products.de\/karbon-lamellen-filter\/#primaryimage\",\"url\":\"http:\/\/s781317903.online.de\/wp-content\/uploads\/2019\/09\/Bildschirmfoto-2019-09-16-um-11.17.03-1024x705.png\",\"contentUrl\":\"http:\/\/s781317903.online.de\/wp-content\/uploads\/2019\/09\/Bildschirmfoto-2019-09-16-um-11.17.03-1024x705.png\"},{\"@type\":\"BreadcrumbList\",\"@id\":\"https:\/\/www.hagedorn-products.de\/karbon-lamellen-filter\/#breadcrumb\",\"itemListElement\":[{\"@type\":\"ListItem\",\"position\":1,\"name\":\"Startseite\",\"item\":\"https:\/\/www.hagedorn-products.de\/en\/\"},{\"@type\":\"ListItem\",\"position\":2,\"name\":\"Kohleschieber &#038; Filter\"}]},{\"@type\":\"WebSite\",\"@id\":\"https:\/\/www.hagedorn-products.de\/en\/#website\",\"url\":\"https:\/\/www.hagedorn-products.de\/en\/\",\"name\":\"HAGEDORN Products & Systems GmbH\",\"description\":\"\",\"potentialAction\":[{\"@type\":\"SearchAction\",\"target\":{\"@type\":\"EntryPoint\",\"urlTemplate\":\"https:\/\/www.hagedorn-products.de\/en\/?s={search_term_string}\"},\"query-input\":{\"@type\":\"PropertyValueSpecification\",\"valueRequired\":true,\"valueName\":\"search_term_string\"}}],\"inLanguage\":\"en-US\"}]}<\/script>\n<!-- \/ Yoast SEO plugin. -->","yoast_head_json":{"title":"Kohleschieber & Filter - HAGEDORN Products &amp; Systems GmbH","robots":{"index":"index","follow":"follow","max-snippet":"max-snippet:-1","max-image-preview":"max-image-preview:large","max-video-preview":"max-video-preview:-1"},"canonical":"https:\/\/www.hagedorn-products.de\/en\/karbon-lamellen-filter\/","og_locale":"en_US","og_type":"article","og_title":"Kohleschieber & Filter - HAGEDORN Products &amp; Systems GmbH","og_description":"Kohleschieber &amp; Filter Die HAGEDORN Products &amp; Systems GmbH ist offizieller Distributor von SUPERVANE, einem Hersteller von Karbon Lamellen in OEM-Qualit\u00e4t f\u00fcr Vakuumpumpen und Kompressoren. Wir sind in der Lage, Karbon Lamellen und Luftfilter (ab Lager) f\u00fcr folgende Hersteller zu liefern: \u00b7 Becker (Gebr\u00fcder Becker) \u00b7 Busch \u00b7 DVP \u00b7 ELMO RIETSCHLE \u00b7 Gardner Denver [&hellip;]","og_url":"https:\/\/www.hagedorn-products.de\/en\/karbon-lamellen-filter\/","og_site_name":"HAGEDORN Products &amp; Systems GmbH","article_modified_time":"2020-05-18T08:47:06+00:00","og_image":[{"url":"http:\/\/s781317903.online.de\/wp-content\/uploads\/2019\/09\/Bildschirmfoto-2019-09-16-um-11.17.03-1024x705.png","type":"","width":"","height":""}],"twitter_card":"summary_large_image","schema":{"@context":"https:\/\/schema.org","@graph":[{"@type":"WebPage","@id":"https:\/\/www.hagedorn-products.de\/karbon-lamellen-filter\/","url":"https:\/\/www.hagedorn-products.de\/karbon-lamellen-filter\/","name":"Kohleschieber & Filter - HAGEDORN Products &amp; Systems GmbH","isPartOf":{"@id":"https:\/\/www.hagedorn-products.de\/en\/#website"},"primaryImageOfPage":{"@id":"https:\/\/www.hagedorn-products.de\/karbon-lamellen-filter\/#primaryimage"},"image":{"@id":"https:\/\/www.hagedorn-products.de\/karbon-lamellen-filter\/#primaryimage"},"thumbnailUrl":"http:\/\/s781317903.online.de\/wp-content\/uploads\/2019\/09\/Bildschirmfoto-2019-09-16-um-11.17.03-1024x705.png","datePublished":"2019-09-24T09:04:31+00:00","dateModified":"2020-05-18T08:47:06+00:00","breadcrumb":{"@id":"https:\/\/www.hagedorn-products.de\/karbon-lamellen-filter\/#breadcrumb"},"inLanguage":"en-US","potentialAction":[{"@type":"ReadAction","target":["https:\/\/www.hagedorn-products.de\/karbon-lamellen-filter\/"]}]},{"@type":"ImageObject","inLanguage":"en-US","@id":"https:\/\/www.hagedorn-products.de\/karbon-lamellen-filter\/#primaryimage","url":"http:\/\/s781317903.online.de\/wp-content\/uploads\/2019\/09\/Bildschirmfoto-2019-09-16-um-11.17.03-1024x705.png","contentUrl":"http:\/\/s781317903.online.de\/wp-content\/uploads\/2019\/09\/Bildschirmfoto-2019-09-16-um-11.17.03-1024x705.png"},{"@type":"BreadcrumbList","@id":"https:\/\/www.hagedorn-products.de\/karbon-lamellen-filter\/#breadcrumb","itemListElement":[{"@type":"ListItem","position":1,"name":"Startseite","item":"https:\/\/www.hagedorn-products.de\/en\/"},{"@type":"ListItem","position":2,"name":"Kohleschieber &#038; Filter"}]},{"@type":"WebSite","@id":"https:\/\/www.hagedorn-products.de\/en\/#website","url":"https:\/\/www.hagedorn-products.de\/en\/","name":"HAGEDORN Products & Systems GmbH","description":"","potentialAction":[{"@type":"SearchAction","target":{"@type":"EntryPoint","urlTemplate":"https:\/\/www.hagedorn-products.de\/en\/?s={search_term_string}"},"query-input":{"@type":"PropertyValueSpecification","valueRequired":true,"valueName":"search_term_string"}}],"inLanguage":"en-US"}]}},"_links":{"self":[{"href":"https:\/\/www.hagedorn-products.de\/en\/wp-json\/wp\/v2\/pages\/272","targetHints":{"allow":["GET"]}}],"collection":[{"href":"https:\/\/www.hagedorn-products.de\/en\/wp-json\/wp\/v2\/pages"}],"about":[{"href":"https:\/\/www.hagedorn-products.de\/en\/wp-json\/wp\/v2\/types\/page"}],"author":[{"embeddable":true,"href":"https:\/\/www.hagedorn-products.de\/en\/wp-json\/wp\/v2\/users\/1"}],"replies":[{"embeddable":true,"href":"https:\/\/www.hagedorn-products.de\/en\/wp-json\/wp\/v2\/comments?post=272"}],"version-history":[{"count":12,"href":"https:\/\/www.hagedorn-products.de\/en\/wp-json\/wp\/v2\/pages\/272\/revisions"}],"predecessor-version":[{"id":814,"href":"https:\/\/www.hagedorn-products.de\/en\/wp-json\/wp\/v2\/pages\/272\/revisions\/814"}],"wp:attachment":[{"href":"https:\/\/www.hagedorn-products.de\/en\/wp-json\/wp\/v2\/media?parent=272"}],"curies":[{"name":"wp","href":"https:\/\/api.w.org\/{rel}","templated":true}]}}