{"id":269,"date":"2019-09-24T09:03:33","date_gmt":"2019-09-24T09:03:33","guid":{"rendered":"http:\/\/s781317903.online.de\/?page_id=269"},"modified":"2021-03-26T11:25:52","modified_gmt":"2021-03-26T11:25:52","slug":"ventilatoren-geblaese","status":"publish","type":"page","link":"https:\/\/www.hagedorn-products.de\/en\/ventilatoren-geblaese\/","title":{"rendered":"Sewage treatment plants"},"content":{"rendered":"<div data-elementor-type=\"wp-post\" data-elementor-id=\"269\" class=\"elementor elementor-269\">\n\t\t\t\t\t\t<section class=\"elementor-section elementor-top-section elementor-element elementor-element-594fe9b elementor-section-boxed elementor-section-height-default elementor-section-height-default\" data-id=\"594fe9b\" data-element_type=\"section\" data-e-type=\"section\">\n\t\t\t\t\t\t<div class=\"elementor-container elementor-column-gap-default\">\n\t\t\t\t\t<div class=\"elementor-column elementor-col-100 elementor-top-column elementor-element elementor-element-7f808b3\" data-id=\"7f808b3\" data-element_type=\"column\" data-e-type=\"column\">\n\t\t\t<div class=\"elementor-widget-wrap elementor-element-populated\">\n\t\t\t\t\t\t<div class=\"elementor-element elementor-element-2e1cf21 elementor-widget elementor-widget-heading\" data-id=\"2e1cf21\" data-element_type=\"widget\" data-e-type=\"widget\" data-widget_type=\"heading.default\">\n\t\t\t\t<div class=\"elementor-widget-container\">\n\t\t\t\t\t<h4 class=\"elementor-heading-title elementor-size-default\">Sewage treatment plants in collaboration with our spanish partner Detegasa<\/h4>\t\t\t\t<\/div>\n\t\t\t\t<\/div>\n\t\t\t\t\t<\/div>\n\t\t<\/div>\n\t\t\t\t\t<\/div>\n\t\t<\/section>\n\t\t\t\t<section class=\"elementor-section elementor-top-section elementor-element elementor-element-f3e5db1 elementor-section-boxed elementor-section-height-default elementor-section-height-default\" data-id=\"f3e5db1\" data-element_type=\"section\" data-e-type=\"section\">\n\t\t\t\t\t\t<div class=\"elementor-container elementor-column-gap-default\">\n\t\t\t\t\t<div class=\"elementor-column elementor-col-50 elementor-top-column elementor-element elementor-element-362702c\" data-id=\"362702c\" data-element_type=\"column\" data-e-type=\"column\">\n\t\t\t<div class=\"elementor-widget-wrap elementor-element-populated\">\n\t\t\t\t\t\t<div class=\"elementor-element elementor-element-b5b8729 elementor-widget elementor-widget-heading\" data-id=\"b5b8729\" data-element_type=\"widget\" data-e-type=\"widget\" data-widget_type=\"heading.default\">\n\t\t\t\t<div class=\"elementor-widget-container\">\n\t\t\t\t\t<h2 class=\"elementor-heading-title elementor-size-medium\">Biological sewage treatment plants<br><\/h2>\t\t\t\t<\/div>\n\t\t\t\t<\/div>\n\t\t\t\t<div class=\"elementor-element elementor-element-5fe3c73 elementor-widget elementor-widget-text-editor\" data-id=\"5fe3c73\" data-element_type=\"widget\" data-e-type=\"widget\" data-widget_type=\"text-editor.default\">\n\t\t\t\t<div class=\"elementor-widget-container\">\n\t\t\t\t\t\t\t\t\t<p>While providing equipment with long life expectancy, Detegasa is always on top of the sewage treatment regulations and strictest notations to deliver the most effective solution to the different markets. A complete sewage treatment system solution can be offered to meet current and future regulations, taking constant R&amp;D initiatives that enable the introduction of latest innovative technologies in environmental caring.<\/p><p>The experience developed over the years makes Detegasa capable of providing specific solutions adapted to the special needs of each project. In these terms, the company manufactures different sewage treatment plants, based on several technologies, such as conventional biological activated sludge processes, compact membrane bioreactors (MBR), and physical-chemical processes for projects with special requirements.<\/p>\t\t\t\t\t\t\t\t<\/div>\n\t\t\t\t<\/div>\n\t\t\t\t\t<\/div>\n\t\t<\/div>\n\t\t\t\t<div class=\"elementor-column elementor-col-50 elementor-top-column elementor-element elementor-element-f6783f5\" data-id=\"f6783f5\" data-element_type=\"column\" data-e-type=\"column\">\n\t\t\t<div class=\"elementor-widget-wrap elementor-element-populated\">\n\t\t\t\t\t\t<div class=\"elementor-element elementor-element-d0af7da elementor-widget elementor-widget-image\" data-id=\"d0af7da\" data-element_type=\"widget\" data-e-type=\"widget\" data-widget_type=\"image.default\">\n\t\t\t\t<div class=\"elementor-widget-container\">\n\t\t\t\t\t\t\t\t\t\t\t\t\t\t\t<img fetchpriority=\"high\" decoding=\"async\" width=\"787\" height=\"575\" src=\"https:\/\/www.hagedorn-products.de\/wp-content\/uploads\/2021\/03\/Detegasa-STP-1.png\" class=\"attachment-large size-large wp-image-1012\" alt=\"\" srcset=\"https:\/\/www.hagedorn-products.de\/wp-content\/uploads\/2021\/03\/Detegasa-STP-1.png 787w, https:\/\/www.hagedorn-products.de\/wp-content\/uploads\/2021\/03\/Detegasa-STP-1-300x219.png 300w, https:\/\/www.hagedorn-products.de\/wp-content\/uploads\/2021\/03\/Detegasa-STP-1-768x561.png 768w\" sizes=\"(max-width: 787px) 100vw, 787px\" \/>\t\t\t\t\t\t\t\t\t\t\t\t\t\t\t<\/div>\n\t\t\t\t<\/div>\n\t\t\t\t\t<\/div>\n\t\t<\/div>\n\t\t\t\t\t<\/div>\n\t\t<\/section>\n\t\t\t\t<section class=\"elementor-section elementor-top-section elementor-element elementor-element-41241a5 elementor-section-boxed elementor-section-height-default elementor-section-height-default\" data-id=\"41241a5\" data-element_type=\"section\" data-e-type=\"section\">\n\t\t\t\t\t\t<div class=\"elementor-container elementor-column-gap-default\">\n\t\t\t\t\t<div class=\"elementor-column elementor-col-100 elementor-top-column elementor-element elementor-element-a3f4aff\" data-id=\"a3f4aff\" data-element_type=\"column\" data-e-type=\"column\">\n\t\t\t<div class=\"elementor-widget-wrap elementor-element-populated\">\n\t\t\t\t\t\t<section class=\"elementor-section elementor-inner-section elementor-element elementor-element-91fd0ae elementor-section-boxed elementor-section-height-default elementor-section-height-default\" data-id=\"91fd0ae\" data-element_type=\"section\" data-e-type=\"section\">\n\t\t\t\t\t\t<div class=\"elementor-container elementor-column-gap-default\">\n\t\t\t\t\t<div class=\"elementor-column elementor-col-50 elementor-inner-column elementor-element elementor-element-16573b7\" data-id=\"16573b7\" data-element_type=\"column\" data-e-type=\"column\">\n\t\t\t<div class=\"elementor-widget-wrap elementor-element-populated\">\n\t\t\t\t\t\t<div class=\"elementor-element elementor-element-89f10f8 elementor-widget elementor-widget-image\" data-id=\"89f10f8\" data-element_type=\"widget\" data-e-type=\"widget\" data-widget_type=\"image.default\">\n\t\t\t\t<div class=\"elementor-widget-container\">\n\t\t\t\t\t\t\t\t\t\t\t\t\t\t\t<img decoding=\"async\" width=\"273\" height=\"147\" src=\"https:\/\/www.hagedorn-products.de\/wp-content\/uploads\/2021\/03\/Cert.1.png\" class=\"attachment-large size-large wp-image-1029\" alt=\"\" \/>\t\t\t\t\t\t\t\t\t\t\t\t\t\t\t<\/div>\n\t\t\t\t<\/div>\n\t\t\t\t<div class=\"elementor-element elementor-element-0331385 elementor-widget elementor-widget-image\" data-id=\"0331385\" data-element_type=\"widget\" data-e-type=\"widget\" data-widget_type=\"image.default\">\n\t\t\t\t<div class=\"elementor-widget-container\">\n\t\t\t\t\t\t\t\t\t\t\t\t\t\t\t<img decoding=\"async\" width=\"322\" height=\"125\" src=\"https:\/\/www.hagedorn-products.de\/wp-content\/uploads\/2021\/03\/Cert.2.png\" class=\"attachment-large size-large wp-image-1030\" alt=\"\" srcset=\"https:\/\/www.hagedorn-products.de\/wp-content\/uploads\/2021\/03\/Cert.2.png 322w, https:\/\/www.hagedorn-products.de\/wp-content\/uploads\/2021\/03\/Cert.2-300x116.png 300w\" sizes=\"(max-width: 322px) 100vw, 322px\" \/>\t\t\t\t\t\t\t\t\t\t\t\t\t\t\t<\/div>\n\t\t\t\t<\/div>\n\t\t\t\t\t<\/div>\n\t\t<\/div>\n\t\t\t\t<div class=\"elementor-column elementor-col-50 elementor-inner-column elementor-element elementor-element-5eca60e\" data-id=\"5eca60e\" data-element_type=\"column\" data-e-type=\"column\">\n\t\t\t<div class=\"elementor-widget-wrap elementor-element-populated\">\n\t\t\t\t\t\t<div class=\"elementor-element elementor-element-a332abd elementor-widget elementor-widget-heading\" data-id=\"a332abd\" data-element_type=\"widget\" data-e-type=\"widget\" data-widget_type=\"heading.default\">\n\t\t\t\t<div class=\"elementor-widget-container\">\n\t\t\t\t\t<h2 class=\"elementor-heading-title elementor-size-medium\">Main features and advantages of the biological STP<\/h2>\t\t\t\t<\/div>\n\t\t\t\t<\/div>\n\t\t\t\t<div class=\"elementor-element elementor-element-2fb760d elementor-widget elementor-widget-text-editor\" data-id=\"2fb760d\" data-element_type=\"widget\" data-e-type=\"widget\" data-widget_type=\"text-editor.default\">\n\t\t\t\t<div class=\"elementor-widget-container\">\n\t\t\t\t\t\t\t\t\t<p>- Simple operation and low maintenance<\/p><p>- Low price of spare parts and consumables<\/p><p>- Higher life expectance of the sewage treatment plant in operation<\/p><p>- Fully automatic system designed for low maintenace<\/p><p>- Can perform satisfactorily with waste water collected either by gravity or vacuum<\/p><p>- No odor emissions due to biological process<\/p><p>- For the compliance of IMO MEPC 159(55) and IMO MEPC 227(64) PRB, PRBN and STPN series have been designed with the aim of providing cost effective solutions whereas delivering a high quality unit<\/p>\t\t\t\t\t\t\t\t<\/div>\n\t\t\t\t<\/div>\n\t\t\t\t\t<\/div>\n\t\t<\/div>\n\t\t\t\t\t<\/div>\n\t\t<\/section>\n\t\t\t\t\t<\/div>\n\t\t<\/div>\n\t\t\t\t\t<\/div>\n\t\t<\/section>\n\t\t\t\t<section class=\"elementor-section elementor-top-section elementor-element elementor-element-ac2c829 elementor-section-boxed elementor-section-height-default elementor-section-height-default\" data-id=\"ac2c829\" data-element_type=\"section\" data-e-type=\"section\">\n\t\t\t\t\t\t<div class=\"elementor-container elementor-column-gap-default\">\n\t\t\t\t\t<div class=\"elementor-column elementor-col-100 elementor-top-column elementor-element elementor-element-077c1f7\" data-id=\"077c1f7\" data-element_type=\"column\" data-e-type=\"column\">\n\t\t\t<div class=\"elementor-widget-wrap elementor-element-populated\">\n\t\t\t\t\t\t<section class=\"elementor-section elementor-inner-section elementor-element elementor-element-780023a elementor-section-boxed elementor-section-height-default elementor-section-height-default\" data-id=\"780023a\" data-element_type=\"section\" data-e-type=\"section\">\n\t\t\t\t\t\t<div class=\"elementor-container elementor-column-gap-default\">\n\t\t\t\t\t<div class=\"elementor-column elementor-col-50 elementor-inner-column elementor-element elementor-element-af81d1a\" data-id=\"af81d1a\" data-element_type=\"column\" data-e-type=\"column\">\n\t\t\t<div class=\"elementor-widget-wrap elementor-element-populated\">\n\t\t\t\t\t\t<div class=\"elementor-element elementor-element-a85e06d elementor-widget elementor-widget-heading\" data-id=\"a85e06d\" data-element_type=\"widget\" data-e-type=\"widget\" data-widget_type=\"heading.default\">\n\t\t\t\t<div class=\"elementor-widget-container\">\n\t\t\t\t\t<h2 class=\"elementor-heading-title elementor-size-medium\">\nMain features and advantages of the membrane bioreactor<\/h2>\t\t\t\t<\/div>\n\t\t\t\t<\/div>\n\t\t\t\t<div class=\"elementor-element elementor-element-fa10712 elementor-widget elementor-widget-text-editor\" data-id=\"fa10712\" data-element_type=\"widget\" data-e-type=\"widget\" data-widget_type=\"text-editor.default\">\n\t\t\t\t<div class=\"elementor-widget-container\">\n\t\t\t\t\t\t\t\t\t<p>- Complete removal of suspended solids of the water<\/p><p>- Long lifetime of the membranes with fully automatic operation and back flushing<\/p><p>- Avoids presence of chemicals during disinfection stage<\/p><p>- No odor emissions due to biological process<\/p><p>- Excellent quality effluent for the compliance with stricter regulations<\/p><p>- Customizable design for larger crew requirements<\/p><p>.<\/p>\t\t\t\t\t\t\t\t<\/div>\n\t\t\t\t<\/div>\n\t\t\t\t\t<\/div>\n\t\t<\/div>\n\t\t\t\t<div class=\"elementor-column elementor-col-50 elementor-inner-column elementor-element elementor-element-250985a\" data-id=\"250985a\" data-element_type=\"column\" data-e-type=\"column\">\n\t\t\t<div class=\"elementor-widget-wrap elementor-element-populated\">\n\t\t\t\t\t\t<div class=\"elementor-element elementor-element-7b228ae elementor-widget elementor-widget-image\" data-id=\"7b228ae\" data-element_type=\"widget\" data-e-type=\"widget\" data-widget_type=\"image.default\">\n\t\t\t\t<div class=\"elementor-widget-container\">\n\t\t\t\t\t\t\t\t\t\t\t\t\t\t\t<img loading=\"lazy\" decoding=\"async\" width=\"656\" height=\"550\" src=\"https:\/\/www.hagedorn-products.de\/wp-content\/uploads\/2021\/03\/Detegasa-STP.png\" class=\"attachment-large size-large wp-image-1007\" alt=\"\" srcset=\"https:\/\/www.hagedorn-products.de\/wp-content\/uploads\/2021\/03\/Detegasa-STP.png 656w, https:\/\/www.hagedorn-products.de\/wp-content\/uploads\/2021\/03\/Detegasa-STP-300x252.png 300w\" sizes=\"(max-width: 656px) 100vw, 656px\" \/>\t\t\t\t\t\t\t\t\t\t\t\t\t\t\t<\/div>\n\t\t\t\t<\/div>\n\t\t\t\t\t<\/div>\n\t\t<\/div>\n\t\t\t\t\t<\/div>\n\t\t<\/section>\n\t\t\t\t\t<\/div>\n\t\t<\/div>\n\t\t\t\t\t<\/div>\n\t\t<\/section>\n\t\t\t\t<\/div>","protected":false},"excerpt":{"rendered":"<p>Kl\u00e4ranlagen in Zusammenarbeit mit unserem spanischen Partner Detegasa Biologische Kl\u00e4ranlagen Detegasa bietet Ger\u00e4te mit langer Lebenserwartung und ist stets auf dem neuesten Stand der strengsten Abwasserbehandlungsvorschriften, um die effektivste L\u00f6sung f\u00fcr die verschiedenen M\u00e4rkte zu liefern. Es kann eine vollumfassende L\u00f6sung f\u00fcr ein Abwasserbehandlungssystem angeboten werden, um die aktuellen und zuk\u00fcnftigen Vorschriften zu erf\u00fcllen. Dabei [&hellip;]<\/p>\n","protected":false},"author":1,"featured_media":0,"parent":0,"menu_order":0,"comment_status":"closed","ping_status":"closed","template":"elementor_header_footer","meta":{"footnotes":""},"class_list":["post-269","page","type-page","status-publish","hentry"],"yoast_head":"<!-- This site is optimized with the Yoast SEO plugin v27.2 - https:\/\/yoast.com\/product\/yoast-seo-wordpress\/ -->\n<title>Kl\u00e4ranlagen - HAGEDORN Products &amp; Systems GmbH<\/title>\n<meta name=\"robots\" content=\"index, follow, max-snippet:-1, max-image-preview:large, max-video-preview:-1\" \/>\n<link rel=\"canonical\" href=\"https:\/\/www.hagedorn-products.de\/en\/ventilatoren-geblaese\/\" \/>\n<meta property=\"og:locale\" content=\"en_US\" \/>\n<meta property=\"og:type\" content=\"article\" \/>\n<meta property=\"og:title\" content=\"Kl\u00e4ranlagen - HAGEDORN Products &amp; Systems GmbH\" \/>\n<meta property=\"og:description\" content=\"Kl\u00e4ranlagen in Zusammenarbeit mit unserem spanischen Partner Detegasa Biologische Kl\u00e4ranlagen Detegasa bietet Ger\u00e4te mit langer Lebenserwartung und ist stets auf dem neuesten Stand der strengsten Abwasserbehandlungsvorschriften, um die effektivste L\u00f6sung f\u00fcr die verschiedenen M\u00e4rkte zu liefern. Es kann eine vollumfassende L\u00f6sung f\u00fcr ein Abwasserbehandlungssystem angeboten werden, um die aktuellen und zuk\u00fcnftigen Vorschriften zu erf\u00fcllen. Dabei [&hellip;]\" \/>\n<meta property=\"og:url\" content=\"https:\/\/www.hagedorn-products.de\/en\/ventilatoren-geblaese\/\" \/>\n<meta property=\"og:site_name\" content=\"HAGEDORN Products &amp; Systems GmbH\" \/>\n<meta property=\"article:modified_time\" content=\"2021-03-26T11:25:52+00:00\" \/>\n<meta property=\"og:image\" content=\"http:\/\/www.hagedorn-products.de\/wp-content\/uploads\/2021\/03\/Detegasa-STP-1.png\" \/>\n<meta name=\"twitter:card\" content=\"summary_large_image\" \/>\n<meta name=\"twitter:label1\" content=\"Est. reading time\" \/>\n\t<meta name=\"twitter:data1\" content=\"1 minute\" \/>\n<script type=\"application\/ld+json\" class=\"yoast-schema-graph\">{\"@context\":\"https:\/\/schema.org\",\"@graph\":[{\"@type\":\"WebPage\",\"@id\":\"https:\/\/www.hagedorn-products.de\/en\/ventilatoren-geblaese\/\",\"url\":\"https:\/\/www.hagedorn-products.de\/en\/ventilatoren-geblaese\/\",\"name\":\"Kl\u00e4ranlagen - HAGEDORN Products &amp; Systems GmbH\",\"isPartOf\":{\"@id\":\"https:\/\/www.hagedorn-products.de\/en\/#website\"},\"primaryImageOfPage\":{\"@id\":\"https:\/\/www.hagedorn-products.de\/en\/ventilatoren-geblaese\/#primaryimage\"},\"image\":{\"@id\":\"https:\/\/www.hagedorn-products.de\/en\/ventilatoren-geblaese\/#primaryimage\"},\"thumbnailUrl\":\"http:\/\/www.hagedorn-products.de\/wp-content\/uploads\/2021\/03\/Detegasa-STP-1.png\",\"datePublished\":\"2019-09-24T09:03:33+00:00\",\"dateModified\":\"2021-03-26T11:25:52+00:00\",\"breadcrumb\":{\"@id\":\"https:\/\/www.hagedorn-products.de\/en\/ventilatoren-geblaese\/#breadcrumb\"},\"inLanguage\":\"en-US\",\"potentialAction\":[{\"@type\":\"ReadAction\",\"target\":[\"https:\/\/www.hagedorn-products.de\/en\/ventilatoren-geblaese\/\"]}]},{\"@type\":\"ImageObject\",\"inLanguage\":\"en-US\",\"@id\":\"https:\/\/www.hagedorn-products.de\/en\/ventilatoren-geblaese\/#primaryimage\",\"url\":\"http:\/\/www.hagedorn-products.de\/wp-content\/uploads\/2021\/03\/Detegasa-STP-1.png\",\"contentUrl\":\"http:\/\/www.hagedorn-products.de\/wp-content\/uploads\/2021\/03\/Detegasa-STP-1.png\"},{\"@type\":\"BreadcrumbList\",\"@id\":\"https:\/\/www.hagedorn-products.de\/en\/ventilatoren-geblaese\/#breadcrumb\",\"itemListElement\":[{\"@type\":\"ListItem\",\"position\":1,\"name\":\"Startseite\",\"item\":\"https:\/\/www.hagedorn-products.de\/en\/\"},{\"@type\":\"ListItem\",\"position\":2,\"name\":\"Kl\u00e4ranlagen\"}]},{\"@type\":\"WebSite\",\"@id\":\"https:\/\/www.hagedorn-products.de\/en\/#website\",\"url\":\"https:\/\/www.hagedorn-products.de\/en\/\",\"name\":\"HAGEDORN Products & Systems GmbH\",\"description\":\"\",\"potentialAction\":[{\"@type\":\"SearchAction\",\"target\":{\"@type\":\"EntryPoint\",\"urlTemplate\":\"https:\/\/www.hagedorn-products.de\/en\/?s={search_term_string}\"},\"query-input\":{\"@type\":\"PropertyValueSpecification\",\"valueRequired\":true,\"valueName\":\"search_term_string\"}}],\"inLanguage\":\"en-US\"}]}<\/script>\n<!-- \/ Yoast SEO plugin. -->","yoast_head_json":{"title":"Kl\u00e4ranlagen - HAGEDORN Products &amp; Systems GmbH","robots":{"index":"index","follow":"follow","max-snippet":"max-snippet:-1","max-image-preview":"max-image-preview:large","max-video-preview":"max-video-preview:-1"},"canonical":"https:\/\/www.hagedorn-products.de\/en\/ventilatoren-geblaese\/","og_locale":"en_US","og_type":"article","og_title":"Kl\u00e4ranlagen - HAGEDORN Products &amp; Systems GmbH","og_description":"Kl\u00e4ranlagen in Zusammenarbeit mit unserem spanischen Partner Detegasa Biologische Kl\u00e4ranlagen Detegasa bietet Ger\u00e4te mit langer Lebenserwartung und ist stets auf dem neuesten Stand der strengsten Abwasserbehandlungsvorschriften, um die effektivste L\u00f6sung f\u00fcr die verschiedenen M\u00e4rkte zu liefern. Es kann eine vollumfassende L\u00f6sung f\u00fcr ein Abwasserbehandlungssystem angeboten werden, um die aktuellen und zuk\u00fcnftigen Vorschriften zu erf\u00fcllen. Dabei [&hellip;]","og_url":"https:\/\/www.hagedorn-products.de\/en\/ventilatoren-geblaese\/","og_site_name":"HAGEDORN Products &amp; Systems GmbH","article_modified_time":"2021-03-26T11:25:52+00:00","og_image":[{"url":"http:\/\/www.hagedorn-products.de\/wp-content\/uploads\/2021\/03\/Detegasa-STP-1.png","type":"","width":"","height":""}],"twitter_card":"summary_large_image","twitter_misc":{"Est. reading time":"1 minute"},"schema":{"@context":"https:\/\/schema.org","@graph":[{"@type":"WebPage","@id":"https:\/\/www.hagedorn-products.de\/en\/ventilatoren-geblaese\/","url":"https:\/\/www.hagedorn-products.de\/en\/ventilatoren-geblaese\/","name":"Kl\u00e4ranlagen - HAGEDORN Products &amp; Systems GmbH","isPartOf":{"@id":"https:\/\/www.hagedorn-products.de\/en\/#website"},"primaryImageOfPage":{"@id":"https:\/\/www.hagedorn-products.de\/en\/ventilatoren-geblaese\/#primaryimage"},"image":{"@id":"https:\/\/www.hagedorn-products.de\/en\/ventilatoren-geblaese\/#primaryimage"},"thumbnailUrl":"http:\/\/www.hagedorn-products.de\/wp-content\/uploads\/2021\/03\/Detegasa-STP-1.png","datePublished":"2019-09-24T09:03:33+00:00","dateModified":"2021-03-26T11:25:52+00:00","breadcrumb":{"@id":"https:\/\/www.hagedorn-products.de\/en\/ventilatoren-geblaese\/#breadcrumb"},"inLanguage":"en-US","potentialAction":[{"@type":"ReadAction","target":["https:\/\/www.hagedorn-products.de\/en\/ventilatoren-geblaese\/"]}]},{"@type":"ImageObject","inLanguage":"en-US","@id":"https:\/\/www.hagedorn-products.de\/en\/ventilatoren-geblaese\/#primaryimage","url":"http:\/\/www.hagedorn-products.de\/wp-content\/uploads\/2021\/03\/Detegasa-STP-1.png","contentUrl":"http:\/\/www.hagedorn-products.de\/wp-content\/uploads\/2021\/03\/Detegasa-STP-1.png"},{"@type":"BreadcrumbList","@id":"https:\/\/www.hagedorn-products.de\/en\/ventilatoren-geblaese\/#breadcrumb","itemListElement":[{"@type":"ListItem","position":1,"name":"Startseite","item":"https:\/\/www.hagedorn-products.de\/en\/"},{"@type":"ListItem","position":2,"name":"Kl\u00e4ranlagen"}]},{"@type":"WebSite","@id":"https:\/\/www.hagedorn-products.de\/en\/#website","url":"https:\/\/www.hagedorn-products.de\/en\/","name":"HAGEDORN Products & Systems GmbH","description":"","potentialAction":[{"@type":"SearchAction","target":{"@type":"EntryPoint","urlTemplate":"https:\/\/www.hagedorn-products.de\/en\/?s={search_term_string}"},"query-input":{"@type":"PropertyValueSpecification","valueRequired":true,"valueName":"search_term_string"}}],"inLanguage":"en-US"}]}},"_links":{"self":[{"href":"https:\/\/www.hagedorn-products.de\/en\/wp-json\/wp\/v2\/pages\/269","targetHints":{"allow":["GET"]}}],"collection":[{"href":"https:\/\/www.hagedorn-products.de\/en\/wp-json\/wp\/v2\/pages"}],"about":[{"href":"https:\/\/www.hagedorn-products.de\/en\/wp-json\/wp\/v2\/types\/page"}],"author":[{"embeddable":true,"href":"https:\/\/www.hagedorn-products.de\/en\/wp-json\/wp\/v2\/users\/1"}],"replies":[{"embeddable":true,"href":"https:\/\/www.hagedorn-products.de\/en\/wp-json\/wp\/v2\/comments?post=269"}],"version-history":[{"count":22,"href":"https:\/\/www.hagedorn-products.de\/en\/wp-json\/wp\/v2\/pages\/269\/revisions"}],"predecessor-version":[{"id":1039,"href":"https:\/\/www.hagedorn-products.de\/en\/wp-json\/wp\/v2\/pages\/269\/revisions\/1039"}],"wp:attachment":[{"href":"https:\/\/www.hagedorn-products.de\/en\/wp-json\/wp\/v2\/media?parent=269"}],"curies":[{"name":"wp","href":"https:\/\/api.w.org\/{rel}","templated":true}]}}