{"id":262,"date":"2019-09-24T09:02:05","date_gmt":"2019-09-24T09:02:05","guid":{"rendered":"http:\/\/s781317903.online.de\/?page_id=262"},"modified":"2023-06-29T13:59:37","modified_gmt":"2023-06-29T13:59:37","slug":"vakuum-sanitaertechnik","status":"publish","type":"page","link":"https:\/\/www.hagedorn-products.de\/en\/vakuum-sanitaertechnik\/","title":{"rendered":"Vacuum sanitary systems"},"content":{"rendered":"<div data-elementor-type=\"wp-post\" data-elementor-id=\"262\" class=\"elementor elementor-262\">\n\t\t\t\t\t\t<section class=\"elementor-section elementor-top-section elementor-element elementor-element-fd88d90 elementor-section-boxed elementor-section-height-default elementor-section-height-default\" data-id=\"fd88d90\" data-element_type=\"section\" data-e-type=\"section\">\n\t\t\t\t\t\t<div class=\"elementor-container elementor-column-gap-default\">\n\t\t\t\t\t<div class=\"elementor-column elementor-col-100 elementor-top-column elementor-element elementor-element-21eff8c\" data-id=\"21eff8c\" data-element_type=\"column\" data-e-type=\"column\">\n\t\t\t<div class=\"elementor-widget-wrap elementor-element-populated\">\n\t\t\t\t\t\t<div class=\"elementor-element elementor-element-b4c3ccd elementor-widget elementor-widget-heading\" data-id=\"b4c3ccd\" data-element_type=\"widget\" data-e-type=\"widget\" data-widget_type=\"heading.default\">\n\t\t\t\t<div class=\"elementor-widget-container\">\n\t\t\t\t\t<h4 class=\"elementor-heading-title elementor-size-default\">Vacuum sanitary systems<\/h4>\t\t\t\t<\/div>\n\t\t\t\t<\/div>\n\t\t\t\t\t<\/div>\n\t\t<\/div>\n\t\t\t\t\t<\/div>\n\t\t<\/section>\n\t\t\t\t<section class=\"elementor-section elementor-top-section elementor-element elementor-element-bf6c2d6 elementor-section-boxed elementor-section-height-default elementor-section-height-default\" data-id=\"bf6c2d6\" data-element_type=\"section\" data-e-type=\"section\">\n\t\t\t\t\t\t<div class=\"elementor-container elementor-column-gap-default\">\n\t\t\t\t\t<div class=\"elementor-column elementor-col-100 elementor-top-column elementor-element elementor-element-4fc2ca9\" data-id=\"4fc2ca9\" data-element_type=\"column\" data-e-type=\"column\">\n\t\t\t<div class=\"elementor-widget-wrap elementor-element-populated\">\n\t\t\t\t\t\t<div class=\"elementor-element elementor-element-7b1990c elementor-widget elementor-widget-text-editor\" data-id=\"7b1990c\" data-element_type=\"widget\" data-e-type=\"widget\" data-widget_type=\"text-editor.default\">\n\t\t\t\t<div class=\"elementor-widget-container\">\n\t\t\t\t\t\t\t\t\t<p>We work together with well-known manufacturers in order to offer the most suitable system in the field of sewage vacuum collecting systems for any application. The collection of wastewater is mainly used for sanitary or disposal systems. Our systems are installed on vessels, offshore stations, railways, hospitals or airports.<\/p><p>Together with our partners we design, manufacture and sell environmentally friendly solutions.<\/p><p><em><strong>Our scope of supply:<\/strong><\/em><\/p><p>\u00b7 Vacuum pumps<br \/>\u00b7 Vacuum pump stations<br \/>\u00b7 Vacuum toilets<br \/>\u00b7 Vacuum collecting tanks<br \/>\u00b7 Vacuum interface valves<br \/>\u00b7 Urinals &amp; valves<\/p><p>SAVE WATER! Compared to traditional gravity toilets, our vacuum toilets consume 50% less water per flush.<\/p><p>Additionally, our vacuum pumps\/systems are suitable for disposal of condenser water for supermarkets.<\/p>\t\t\t\t\t\t\t\t<\/div>\n\t\t\t\t<\/div>\n\t\t\t\t\t<\/div>\n\t\t<\/div>\n\t\t\t\t\t<\/div>\n\t\t<\/section>\n\t\t\t\t<section class=\"elementor-section elementor-top-section elementor-element elementor-element-9e9ef85 elementor-section-boxed elementor-section-height-default elementor-section-height-default\" data-id=\"9e9ef85\" data-element_type=\"section\" data-e-type=\"section\">\n\t\t\t\t\t\t<div class=\"elementor-container elementor-column-gap-default\">\n\t\t\t\t\t<div class=\"elementor-column elementor-col-100 elementor-top-column elementor-element elementor-element-bc05695\" data-id=\"bc05695\" data-element_type=\"column\" data-e-type=\"column\">\n\t\t\t<div class=\"elementor-widget-wrap elementor-element-populated\">\n\t\t\t\t\t\t<div class=\"elementor-element elementor-element-fda0f1b elementor-hidden-phone elementor-arrows-position-inside elementor-pagination-position-outside elementor-widget elementor-widget-image-carousel\" data-id=\"fda0f1b\" data-element_type=\"widget\" data-e-type=\"widget\" data-settings=\"{&quot;slides_to_show&quot;:&quot;2&quot;,&quot;navigation&quot;:&quot;both&quot;,&quot;autoplay&quot;:&quot;yes&quot;,&quot;pause_on_hover&quot;:&quot;yes&quot;,&quot;pause_on_interaction&quot;:&quot;yes&quot;,&quot;autoplay_speed&quot;:5000,&quot;infinite&quot;:&quot;yes&quot;,&quot;speed&quot;:500}\" data-widget_type=\"image-carousel.default\">\n\t\t\t\t<div class=\"elementor-widget-container\">\n\t\t\t\t\t\t\t<div class=\"elementor-image-carousel-wrapper swiper\" role=\"region\" aria-roledescription=\"carousel\" aria-label=\"Bild Karussell\" dir=\"ltr\">\n\t\t\t<div class=\"elementor-image-carousel swiper-wrapper\" aria-live=\"off\">\n\t\t\t\t\t\t\t\t<div class=\"swiper-slide\" role=\"group\" aria-roledescription=\"slide\" aria-label=\"1 von 4\"><figure class=\"swiper-slide-inner\"><img decoding=\"async\" class=\"swiper-slide-image\" src=\"https:\/\/www.hagedorn-products.de\/wp-content\/uploads\/2019\/11\/Vakuum-Sanita\u0308r-2-1-300x231.jpg\" alt=\"Vakuum Sanita\u0308r 2\" \/><\/figure><\/div><div class=\"swiper-slide\" role=\"group\" aria-roledescription=\"slide\" aria-label=\"2 von 4\"><figure class=\"swiper-slide-inner\"><img decoding=\"async\" class=\"swiper-slide-image\" src=\"https:\/\/www.hagedorn-products.de\/wp-content\/uploads\/2019\/11\/Vakuum-Sanita\u0308r-3-300x281.jpg\" alt=\"Vakuum Sanita\u0308r 3\" \/><\/figure><\/div><div class=\"swiper-slide\" role=\"group\" aria-roledescription=\"slide\" aria-label=\"3 von 4\"><figure class=\"swiper-slide-inner\"><img decoding=\"async\" class=\"swiper-slide-image\" src=\"https:\/\/www.hagedorn-products.de\/wp-content\/uploads\/2019\/11\/Vakuum-Sanita\u0308r-4-300x201.jpg\" alt=\"Vakuum Sanita\u0308r 4\" \/><\/figure><\/div><div class=\"swiper-slide\" role=\"group\" aria-roledescription=\"slide\" aria-label=\"4 von 4\"><figure class=\"swiper-slide-inner\"><img decoding=\"async\" class=\"swiper-slide-image\" src=\"https:\/\/www.hagedorn-products.de\/wp-content\/uploads\/2019\/11\/Vakuum-Sanita\u0308r-300x222.jpg\" alt=\"Vakuum Sanita\u0308r\" \/><\/figure><\/div>\t\t\t<\/div>\n\t\t\t\t\t\t\t\t\t\t\t\t<div class=\"elementor-swiper-button elementor-swiper-button-prev\" role=\"button\" tabindex=\"0\">\n\t\t\t\t\t\t<i aria-hidden=\"true\" class=\"eicon-chevron-left\"><\/i>\t\t\t\t\t<\/div>\n\t\t\t\t\t<div class=\"elementor-swiper-button elementor-swiper-button-next\" role=\"button\" tabindex=\"0\">\n\t\t\t\t\t\t<i aria-hidden=\"true\" class=\"eicon-chevron-right\"><\/i>\t\t\t\t\t<\/div>\n\t\t\t\t\n\t\t\t\t\t\t\t\t\t<div class=\"swiper-pagination\"><\/div>\n\t\t\t\t\t\t\t\t\t<\/div>\n\t\t\t\t\t\t<\/div>\n\t\t\t\t<\/div>\n\t\t\t\t\t<\/div>\n\t\t<\/div>\n\t\t\t\t\t<\/div>\n\t\t<\/section>\n\t\t\t\t<\/div>","protected":false},"excerpt":{"rendered":"<p>Vakuum-Sanit\u00e4rtechnik Wir arbeiten mit namhaften Herstellern zusammen, um unseren Kunden im Bereich Abwasser-Vakuum-Sammelsysteme das f\u00fcr Ihre Anwendung am besten geeignete System anzubieten. Das Sammeln von Abwasser mit Hilfe der Vakuumtechnik wird haupts\u00e4chlich f\u00fcr Sanit\u00e4r- oder Entsorgungssysteme verwendet. Unsere Systeme werden auf Schiffen, Offshore-Stationen, Eisenbahnen, Krankenh\u00e4usern oder Flugh\u00e4fen installiert. Gemeinsam mit unseren Partnern konzipieren, fertigen und [&hellip;]<\/p>\n","protected":false},"author":1,"featured_media":0,"parent":0,"menu_order":0,"comment_status":"closed","ping_status":"closed","template":"elementor_header_footer","meta":{"footnotes":""},"class_list":["post-262","page","type-page","status-publish","hentry"],"yoast_head":"<!-- This site is optimized with the Yoast SEO plugin v27.2 - https:\/\/yoast.com\/product\/yoast-seo-wordpress\/ -->\n<title>Vakuum-Sanit\u00e4rtechnik - HAGEDORN Products &amp; Systems GmbH<\/title>\n<meta name=\"robots\" content=\"index, follow, max-snippet:-1, max-image-preview:large, max-video-preview:-1\" \/>\n<link rel=\"canonical\" href=\"https:\/\/www.hagedorn-products.de\/en\/vakuum-sanitaertechnik\/\" \/>\n<meta property=\"og:locale\" content=\"en_US\" \/>\n<meta property=\"og:type\" content=\"article\" \/>\n<meta property=\"og:title\" content=\"Vakuum-Sanit\u00e4rtechnik - HAGEDORN Products &amp; Systems GmbH\" \/>\n<meta property=\"og:description\" content=\"Vakuum-Sanit\u00e4rtechnik Wir arbeiten mit namhaften Herstellern zusammen, um unseren Kunden im Bereich Abwasser-Vakuum-Sammelsysteme das f\u00fcr Ihre Anwendung am besten geeignete System anzubieten. Das Sammeln von Abwasser mit Hilfe der Vakuumtechnik wird haupts\u00e4chlich f\u00fcr Sanit\u00e4r- oder Entsorgungssysteme verwendet. Unsere Systeme werden auf Schiffen, Offshore-Stationen, Eisenbahnen, Krankenh\u00e4usern oder Flugh\u00e4fen installiert. Gemeinsam mit unseren Partnern konzipieren, fertigen und [&hellip;]\" \/>\n<meta property=\"og:url\" content=\"https:\/\/www.hagedorn-products.de\/en\/vakuum-sanitaertechnik\/\" \/>\n<meta property=\"og:site_name\" content=\"HAGEDORN Products &amp; Systems GmbH\" \/>\n<meta property=\"article:modified_time\" content=\"2023-06-29T13:59:37+00:00\" \/>\n<meta name=\"twitter:card\" content=\"summary_large_image\" \/>\n<meta name=\"twitter:label1\" content=\"Est. reading time\" \/>\n\t<meta name=\"twitter:data1\" content=\"1 minute\" \/>\n<script type=\"application\/ld+json\" class=\"yoast-schema-graph\">{\"@context\":\"https:\/\/schema.org\",\"@graph\":[{\"@type\":\"WebPage\",\"@id\":\"https:\/\/www.hagedorn-products.de\/vakuum-sanitaertechnik\/\",\"url\":\"https:\/\/www.hagedorn-products.de\/vakuum-sanitaertechnik\/\",\"name\":\"Vakuum-Sanit\u00e4rtechnik - HAGEDORN Products &amp; Systems GmbH\",\"isPartOf\":{\"@id\":\"https:\/\/www.hagedorn-products.de\/#website\"},\"datePublished\":\"2019-09-24T09:02:05+00:00\",\"dateModified\":\"2023-06-29T13:59:37+00:00\",\"breadcrumb\":{\"@id\":\"https:\/\/www.hagedorn-products.de\/vakuum-sanitaertechnik\/#breadcrumb\"},\"inLanguage\":\"en-US\",\"potentialAction\":[{\"@type\":\"ReadAction\",\"target\":[\"https:\/\/www.hagedorn-products.de\/vakuum-sanitaertechnik\/\"]}]},{\"@type\":\"BreadcrumbList\",\"@id\":\"https:\/\/www.hagedorn-products.de\/vakuum-sanitaertechnik\/#breadcrumb\",\"itemListElement\":[{\"@type\":\"ListItem\",\"position\":1,\"name\":\"Startseite\",\"item\":\"https:\/\/www.hagedorn-products.de\/\"},{\"@type\":\"ListItem\",\"position\":2,\"name\":\"Vakuum-Sanit\u00e4rtechnik\"}]},{\"@type\":\"WebSite\",\"@id\":\"https:\/\/www.hagedorn-products.de\/#website\",\"url\":\"https:\/\/www.hagedorn-products.de\/\",\"name\":\"HAGEDORN Products & Systems GmbH\",\"description\":\"\",\"potentialAction\":[{\"@type\":\"SearchAction\",\"target\":{\"@type\":\"EntryPoint\",\"urlTemplate\":\"https:\/\/www.hagedorn-products.de\/?s={search_term_string}\"},\"query-input\":{\"@type\":\"PropertyValueSpecification\",\"valueRequired\":true,\"valueName\":\"search_term_string\"}}],\"inLanguage\":\"en-US\"}]}<\/script>\n<!-- \/ Yoast SEO plugin. -->","yoast_head_json":{"title":"Vakuum-Sanit\u00e4rtechnik - HAGEDORN Products &amp; Systems GmbH","robots":{"index":"index","follow":"follow","max-snippet":"max-snippet:-1","max-image-preview":"max-image-preview:large","max-video-preview":"max-video-preview:-1"},"canonical":"https:\/\/www.hagedorn-products.de\/en\/vakuum-sanitaertechnik\/","og_locale":"en_US","og_type":"article","og_title":"Vakuum-Sanit\u00e4rtechnik - HAGEDORN Products &amp; Systems GmbH","og_description":"Vakuum-Sanit\u00e4rtechnik Wir arbeiten mit namhaften Herstellern zusammen, um unseren Kunden im Bereich Abwasser-Vakuum-Sammelsysteme das f\u00fcr Ihre Anwendung am besten geeignete System anzubieten. Das Sammeln von Abwasser mit Hilfe der Vakuumtechnik wird haupts\u00e4chlich f\u00fcr Sanit\u00e4r- oder Entsorgungssysteme verwendet. Unsere Systeme werden auf Schiffen, Offshore-Stationen, Eisenbahnen, Krankenh\u00e4usern oder Flugh\u00e4fen installiert. Gemeinsam mit unseren Partnern konzipieren, fertigen und [&hellip;]","og_url":"https:\/\/www.hagedorn-products.de\/en\/vakuum-sanitaertechnik\/","og_site_name":"HAGEDORN Products &amp; Systems GmbH","article_modified_time":"2023-06-29T13:59:37+00:00","twitter_card":"summary_large_image","twitter_misc":{"Est. reading time":"1 minute"},"schema":{"@context":"https:\/\/schema.org","@graph":[{"@type":"WebPage","@id":"https:\/\/www.hagedorn-products.de\/vakuum-sanitaertechnik\/","url":"https:\/\/www.hagedorn-products.de\/vakuum-sanitaertechnik\/","name":"Vakuum-Sanit\u00e4rtechnik - HAGEDORN Products &amp; Systems GmbH","isPartOf":{"@id":"https:\/\/www.hagedorn-products.de\/#website"},"datePublished":"2019-09-24T09:02:05+00:00","dateModified":"2023-06-29T13:59:37+00:00","breadcrumb":{"@id":"https:\/\/www.hagedorn-products.de\/vakuum-sanitaertechnik\/#breadcrumb"},"inLanguage":"en-US","potentialAction":[{"@type":"ReadAction","target":["https:\/\/www.hagedorn-products.de\/vakuum-sanitaertechnik\/"]}]},{"@type":"BreadcrumbList","@id":"https:\/\/www.hagedorn-products.de\/vakuum-sanitaertechnik\/#breadcrumb","itemListElement":[{"@type":"ListItem","position":1,"name":"Startseite","item":"https:\/\/www.hagedorn-products.de\/"},{"@type":"ListItem","position":2,"name":"Vakuum-Sanit\u00e4rtechnik"}]},{"@type":"WebSite","@id":"https:\/\/www.hagedorn-products.de\/#website","url":"https:\/\/www.hagedorn-products.de\/","name":"HAGEDORN Products & Systems GmbH","description":"","potentialAction":[{"@type":"SearchAction","target":{"@type":"EntryPoint","urlTemplate":"https:\/\/www.hagedorn-products.de\/?s={search_term_string}"},"query-input":{"@type":"PropertyValueSpecification","valueRequired":true,"valueName":"search_term_string"}}],"inLanguage":"en-US"}]}},"_links":{"self":[{"href":"https:\/\/www.hagedorn-products.de\/en\/wp-json\/wp\/v2\/pages\/262","targetHints":{"allow":["GET"]}}],"collection":[{"href":"https:\/\/www.hagedorn-products.de\/en\/wp-json\/wp\/v2\/pages"}],"about":[{"href":"https:\/\/www.hagedorn-products.de\/en\/wp-json\/wp\/v2\/types\/page"}],"author":[{"embeddable":true,"href":"https:\/\/www.hagedorn-products.de\/en\/wp-json\/wp\/v2\/users\/1"}],"replies":[{"embeddable":true,"href":"https:\/\/www.hagedorn-products.de\/en\/wp-json\/wp\/v2\/comments?post=262"}],"version-history":[{"count":11,"href":"https:\/\/www.hagedorn-products.de\/en\/wp-json\/wp\/v2\/pages\/262\/revisions"}],"predecessor-version":[{"id":1640,"href":"https:\/\/www.hagedorn-products.de\/en\/wp-json\/wp\/v2\/pages\/262\/revisions\/1640"}],"wp:attachment":[{"href":"https:\/\/www.hagedorn-products.de\/en\/wp-json\/wp\/v2\/media?parent=262"}],"curies":[{"name":"wp","href":"https:\/\/api.w.org\/{rel}","templated":true}]}}