{"id":242,"date":"2019-09-24T08:50:25","date_gmt":"2019-09-24T08:50:25","guid":{"rendered":"http:\/\/s781317903.online.de\/?page_id=242"},"modified":"2024-06-14T10:29:39","modified_gmt":"2024-06-14T08:29:39","slug":"vertikale-pumpen","status":"publish","type":"page","link":"https:\/\/www.hagedorn-products.de\/en\/vertikale-pumpen\/","title":{"rendered":"Pumps"},"content":{"rendered":"<div data-elementor-type=\"wp-post\" data-elementor-id=\"242\" class=\"elementor elementor-242\">\n\t\t\t\t\t\t<section class=\"elementor-section elementor-top-section elementor-element elementor-element-e818e31 elementor-section-boxed elementor-section-height-default elementor-section-height-default\" data-id=\"e818e31\" data-element_type=\"section\" data-e-type=\"section\">\n\t\t\t\t\t\t<div class=\"elementor-container elementor-column-gap-default\">\n\t\t\t\t\t<div class=\"elementor-column elementor-col-33 elementor-top-column elementor-element elementor-element-8f9eb33\" data-id=\"8f9eb33\" data-element_type=\"column\" data-e-type=\"column\">\n\t\t\t<div class=\"elementor-widget-wrap elementor-element-populated\">\n\t\t\t\t\t\t<div class=\"elementor-element elementor-element-ca6ccde elementor-widget elementor-widget-heading\" data-id=\"ca6ccde\" data-element_type=\"widget\" data-e-type=\"widget\" data-widget_type=\"heading.default\">\n\t\t\t\t<div class=\"elementor-widget-container\">\n\t\t\t\t\t<h3 class=\"elementor-heading-title elementor-size-default\">Centrifugal pumps<\/h3>\t\t\t\t<\/div>\n\t\t\t\t<\/div>\n\t\t\t\t<div class=\"elementor-element elementor-element-8309d39 elementor-hidden-phone elementor-arrows-position-inside elementor-pagination-position-outside elementor-widget elementor-widget-image-carousel\" data-id=\"8309d39\" data-element_type=\"widget\" data-e-type=\"widget\" data-settings=\"{&quot;slides_to_show&quot;:&quot;1&quot;,&quot;navigation&quot;:&quot;both&quot;,&quot;autoplay&quot;:&quot;yes&quot;,&quot;pause_on_hover&quot;:&quot;yes&quot;,&quot;pause_on_interaction&quot;:&quot;yes&quot;,&quot;autoplay_speed&quot;:5000,&quot;infinite&quot;:&quot;yes&quot;,&quot;effect&quot;:&quot;slide&quot;,&quot;speed&quot;:500}\" data-widget_type=\"image-carousel.default\">\n\t\t\t\t<div class=\"elementor-widget-container\">\n\t\t\t\t\t\t\t<div class=\"elementor-image-carousel-wrapper swiper\" role=\"region\" aria-roledescription=\"carousel\" aria-label=\"Image Carousel\" dir=\"ltr\">\n\t\t\t<div class=\"elementor-image-carousel swiper-wrapper\" aria-live=\"off\">\n\t\t\t\t\t\t\t\t<div class=\"swiper-slide\" role=\"group\" aria-roledescription=\"slide\" aria-label=\"1 of 4\" data-no-translation-aria-label=\"\"><figure class=\"swiper-slide-inner\"><img decoding=\"async\" class=\"swiper-slide-image\" src=\"https:\/\/www.hagedorn-products.de\/wp-content\/uploads\/2019\/11\/3176_EcoSNM-300x221.png\" alt=\"3176_EcoSNM\" \/><\/figure><\/div><div class=\"swiper-slide\" role=\"group\" aria-roledescription=\"slide\" aria-label=\"2 of 4\" data-no-translation-aria-label=\"\"><figure class=\"swiper-slide-inner\"><img decoding=\"async\" class=\"swiper-slide-image\" src=\"https:\/\/www.hagedorn-products.de\/wp-content\/uploads\/2019\/11\/3270_EcoSNT_80-250-269x300.png\" alt=\"3270_EcoSNT_80-250\" \/><\/figure><\/div><div class=\"swiper-slide\" role=\"group\" aria-roledescription=\"slide\" aria-label=\"3 of 4\" data-no-translation-aria-label=\"\"><figure class=\"swiper-slide-inner\"><img decoding=\"async\" class=\"swiper-slide-image\" src=\"https:\/\/www.hagedorn-products.de\/wp-content\/uploads\/2019\/11\/3386_SDS_600-750_2-300x236.png\" alt=\"3386_SDS_600-750_2\" \/><\/figure><\/div><div class=\"swiper-slide\" role=\"group\" aria-roledescription=\"slide\" aria-label=\"4 of 4\" data-no-translation-aria-label=\"\"><figure class=\"swiper-slide-inner\"><img decoding=\"async\" class=\"swiper-slide-image\" src=\"https:\/\/www.hagedorn-products.de\/wp-content\/uploads\/2019\/11\/3232_EcoSNL-158x300.png\" alt=\"3232_EcoSNL\" \/><\/figure><\/div>\t\t\t<\/div>\n\t\t\t\t\t\t\t\t\t\t\t\t<div class=\"elementor-swiper-button elementor-swiper-button-prev\" role=\"button\" tabindex=\"0\">\n\t\t\t\t\t\t<i aria-hidden=\"true\" class=\"eicon-chevron-left\"><\/i>\t\t\t\t\t<\/div>\n\t\t\t\t\t<div class=\"elementor-swiper-button elementor-swiper-button-next\" role=\"button\" tabindex=\"0\">\n\t\t\t\t\t\t<i aria-hidden=\"true\" class=\"eicon-chevron-right\"><\/i>\t\t\t\t\t<\/div>\n\t\t\t\t\n\t\t\t\t\t\t\t\t\t<div class=\"swiper-pagination\"><\/div>\n\t\t\t\t\t\t\t\t\t<\/div>\n\t\t\t\t\t\t<\/div>\n\t\t\t\t<\/div>\n\t\t\t\t<div class=\"elementor-element elementor-element-dc5109d elementor-widget elementor-widget-text-editor\" data-id=\"dc5109d\" data-element_type=\"widget\" data-e-type=\"widget\" data-widget_type=\"text-editor.default\">\n\t\t\t\t<div class=\"elementor-widget-container\">\n\t\t\t\t\t\t\t\t\t<div><div><div><p><strong>Vertical Pumps<\/strong><br \/>Flow rate (Q): up to 1.500 m\u00b3\/h<br \/>Head (H): up to 130 m<\/p><p><strong>Horizontal Pumps<\/strong><br \/>Flow rate (Q): up to 2.000 m\u00b3\/h<br \/>Head (H): up to 150 m<\/p><p class=\"translation-block\"><strong>Self-Priming Pumps<br>(also with cutter device)<\/strong><br>Flow rate (Q): up to 140 m\u00b3\/h<br>Head (H): up to 18 m<\/p><p><strong>Close Coupled Centrifugal Pumps (Monobloc)<\/strong><br \/>Flow rate (Q): up to 720 m\u00b3\/h<br \/>Head (H): up to 130 m\u00a0<\/p><p><strong>Split Case Pumps<\/strong><br \/>Flow rate (Q): up to 4.000 m\u00b3\/h<br \/>Head (H): up to 170 m\u00a0<\/p><p><strong>Macerator Pumps<\/strong><br \/>Flow rate (Q): up to 6,3 m\u00b3\/h<br \/>Head (H): up to 12 m\u00a0<\/p><p><strong>Vacuum \/ Sewage Pumps<\/strong><br \/>Air capacity: up to 93.000 l\/h<br \/>Flushing capacity: up to 800 flushes\/h<\/p><p><strong>Propeller Pump<\/strong><br \/>Flow rate (Q): up to 1.000 m\u00b3\/h<br \/>Head (H): up to 24 m\u00a0<\/p><p><strong>Submersible Pumps (also with cutting device)<\/strong><br \/>Flow rate (Q): up to 385 m\u00b3\/h<br \/>Head (H): up to 42 m<\/p><p><strong>Side-Channel Pumps<\/strong><br \/>Flow rate (Q): up to 45 m\u00b3\/h<br \/>Head (H): up to 225 m<\/p><\/div><\/div><\/div>\t\t\t\t\t\t\t\t<\/div>\n\t\t\t\t<\/div>\n\t\t\t\t<div class=\"elementor-element elementor-element-a0a41a6 elementor-widget elementor-widget-spacer\" data-id=\"a0a41a6\" data-element_type=\"widget\" data-e-type=\"widget\" data-widget_type=\"spacer.default\">\n\t\t\t\t<div class=\"elementor-widget-container\">\n\t\t\t\t\t\t\t<div class=\"elementor-spacer\">\n\t\t\t<div class=\"elementor-spacer-inner\"><\/div>\n\t\t<\/div>\n\t\t\t\t\t\t<\/div>\n\t\t\t\t<\/div>\n\t\t\t\t\t<\/div>\n\t\t<\/div>\n\t\t\t\t<div class=\"elementor-column elementor-col-33 elementor-top-column elementor-element elementor-element-347fcd3\" data-id=\"347fcd3\" data-element_type=\"column\" data-e-type=\"column\">\n\t\t\t<div class=\"elementor-widget-wrap elementor-element-populated\">\n\t\t\t\t\t\t<div class=\"elementor-element elementor-element-3f989a8 elementor-widget elementor-widget-text-editor\" data-id=\"3f989a8\" data-element_type=\"widget\" data-e-type=\"widget\" data-widget_type=\"text-editor.default\">\n\t\t\t\t<div class=\"elementor-widget-container\">\n\t\t\t\t\t\t\t\t\t<p>Our wide range of products enables us to meet your requirements from a wide range of areas for professional use.<\/p><p>Please take a look at our products. We are at your disposal for further information and look forward to your inquiry.<\/p><p><strong>Our pumps can be used for the following services in the Commercial, Residential, Agricultural, Marine &amp; Offshore, Process, Petroleum and Food &amp; Beverage industries:<\/strong><br \/><strong>Commercial, residential, agricultural, marine and offshore, process, petroleum and food and beverage industries.<\/strong><\/p><p><em><strong>Applications:<br \/><\/strong><\/em>Water Treatment &amp; Supply \u00b7 Sea Water Transfer \u00b7 Fire Fighting &amp; Protection \u00b7 Bilging &amp; Ballasting \u00b7 Pressure Boosting \u00b7 Air Conditioning \u00b7 Cooling Towers \u00b7 Refrigeration \u00b7 Plumbing \u00b7 Circulating Transfer \u00b7 Irrigation \u00b7 Drainage \u00b7 Sewage Treatment Units<\/p>\t\t\t\t\t\t\t\t<\/div>\n\t\t\t\t<\/div>\n\t\t\t\t\t<\/div>\n\t\t<\/div>\n\t\t\t\t<div class=\"elementor-column elementor-col-33 elementor-top-column elementor-element elementor-element-9402fb8\" data-id=\"9402fb8\" data-element_type=\"column\" data-e-type=\"column\">\n\t\t\t<div class=\"elementor-widget-wrap elementor-element-populated\">\n\t\t\t\t\t\t<div class=\"elementor-element elementor-element-979fa44 elementor-widget elementor-widget-heading\" data-id=\"979fa44\" data-element_type=\"widget\" data-e-type=\"widget\" data-widget_type=\"heading.default\">\n\t\t\t\t<div class=\"elementor-widget-container\">\n\t\t\t\t\t<h3 class=\"elementor-heading-title elementor-size-default\">Displacement pumps<\/h3>\t\t\t\t<\/div>\n\t\t\t\t<\/div>\n\t\t\t\t<div class=\"elementor-element elementor-element-338edcf elementor-hidden-phone elementor-arrows-position-inside elementor-pagination-position-outside elementor-widget elementor-widget-image-carousel\" data-id=\"338edcf\" data-element_type=\"widget\" data-e-type=\"widget\" data-settings=\"{&quot;slides_to_show&quot;:&quot;1&quot;,&quot;navigation&quot;:&quot;both&quot;,&quot;autoplay&quot;:&quot;yes&quot;,&quot;pause_on_hover&quot;:&quot;yes&quot;,&quot;pause_on_interaction&quot;:&quot;yes&quot;,&quot;autoplay_speed&quot;:5000,&quot;infinite&quot;:&quot;yes&quot;,&quot;effect&quot;:&quot;slide&quot;,&quot;speed&quot;:500}\" data-widget_type=\"image-carousel.default\">\n\t\t\t\t<div class=\"elementor-widget-container\">\n\t\t\t\t\t\t\t<div class=\"elementor-image-carousel-wrapper swiper\" role=\"region\" aria-roledescription=\"carousel\" aria-label=\"Image Carousel\" dir=\"ltr\">\n\t\t\t<div class=\"elementor-image-carousel swiper-wrapper\" aria-live=\"off\">\n\t\t\t\t\t\t\t\t<div class=\"swiper-slide\" role=\"group\" aria-roledescription=\"slide\" aria-label=\"1 of 5\" data-no-translation-aria-label=\"\"><figure class=\"swiper-slide-inner\"><img decoding=\"async\" class=\"swiper-slide-image\" src=\"https:\/\/www.hagedorn-products.de\/wp-content\/uploads\/2019\/11\/7fd8ac_cad90c8191a6423da75ed49d9f22bf36-300x225.jpg\" alt=\"7fd8ac_cad90c8191a6423da75ed49d9f22bf36\" \/><\/figure><\/div><div class=\"swiper-slide\" role=\"group\" aria-roledescription=\"slide\" aria-label=\"2 of 5\" data-no-translation-aria-label=\"\"><figure class=\"swiper-slide-inner\"><img decoding=\"async\" class=\"swiper-slide-image\" src=\"https:\/\/www.hagedorn-products.de\/wp-content\/uploads\/2019\/11\/7fd8ac_09a05144b50d4cbf9994d053970627ad-300x165.png\" alt=\"7fd8ac_09a05144b50d4cbf9994d053970627ad\" \/><\/figure><\/div><div class=\"swiper-slide\" role=\"group\" aria-roledescription=\"slide\" aria-label=\"3 of 5\" data-no-translation-aria-label=\"\"><figure class=\"swiper-slide-inner\"><img decoding=\"async\" class=\"swiper-slide-image\" src=\"https:\/\/www.hagedorn-products.de\/wp-content\/uploads\/2019\/11\/F32_F154-with-motor-300x186.jpg\" alt=\"F32_F154 with motor\" \/><\/figure><\/div><div class=\"swiper-slide\" role=\"group\" aria-roledescription=\"slide\" aria-label=\"4 of 5\" data-no-translation-aria-label=\"\"><figure class=\"swiper-slide-inner\"><img decoding=\"async\" class=\"swiper-slide-image\" src=\"https:\/\/www.hagedorn-products.de\/wp-content\/uploads\/2020\/04\/025new-247x300.jpg\" alt=\"OLYMPUS DIGITAL CAMERA\" \/><\/figure><\/div><div class=\"swiper-slide\" role=\"group\" aria-roledescription=\"slide\" aria-label=\"5 of 5\" data-no-translation-aria-label=\"\"><figure class=\"swiper-slide-inner\"><img decoding=\"async\" class=\"swiper-slide-image\" src=\"https:\/\/www.hagedorn-products.de\/wp-content\/uploads\/2020\/04\/RUBY-140small-207x300.jpg\" alt=\"OLYMPUS DIGITAL CAMERA\" \/><\/figure><\/div>\t\t\t<\/div>\n\t\t\t\t\t\t\t\t\t\t\t\t<div class=\"elementor-swiper-button elementor-swiper-button-prev\" role=\"button\" tabindex=\"0\">\n\t\t\t\t\t\t<i aria-hidden=\"true\" class=\"eicon-chevron-left\"><\/i>\t\t\t\t\t<\/div>\n\t\t\t\t\t<div class=\"elementor-swiper-button elementor-swiper-button-next\" role=\"button\" tabindex=\"0\">\n\t\t\t\t\t\t<i aria-hidden=\"true\" class=\"eicon-chevron-right\"><\/i>\t\t\t\t\t<\/div>\n\t\t\t\t\n\t\t\t\t\t\t\t\t\t<div class=\"swiper-pagination\"><\/div>\n\t\t\t\t\t\t\t\t\t<\/div>\n\t\t\t\t\t\t<\/div>\n\t\t\t\t<\/div>\n\t\t\t\t<div class=\"elementor-element elementor-element-cb79a27 elementor-widget elementor-widget-text-editor\" data-id=\"cb79a27\" data-element_type=\"widget\" data-e-type=\"widget\" data-widget_type=\"text-editor.default\">\n\t\t\t\t<div class=\"elementor-widget-container\">\n\t\t\t\t\t\t\t\t\t<div><div><div><div><p><strong>Rotary Lobe Pumps<\/strong><br \/>Flow rate (Q): up to 1.500 m\u00b3\/h<br \/>Head (H): up to 120 m<\/p><p><strong>Piston Pumps<\/strong><br \/>Flow rate (Q): up to 45 m\u00b3\/h<br \/>Head (H): up to 100 m<\/p><p><strong>Air Operated Double Diaphragm Pumps (AODD)<\/strong><br \/>Flow rate (Q): up to 70 m\u00b3\/h<br \/>Head (H): up to 85 m<\/p><p><strong>Mono-Screw Pumps<\/strong><br \/>Flow rate (Q): up to 560 m\u00b3\/h<br \/>Head (H): up to 480 m<\/p><p><strong>Gear Pumps<\/strong><br \/>Flow rate (Q): on request<br \/>Head (H): on request<\/p><p class=\"translation-block\"><strong>Screw Pumps<\/strong><br><strong>(also with magnetic coupling)<\/strong><br>Flow rate (Q): up to 450 m\u00b3\/h<br>Head (H): up to 120 m<\/p><p><strong>Dosing Pumps<\/strong><br \/>Flow rate (Q): up to 4,5 m\u00b3\/h<br \/>Head (H): up to 250 m<\/p><p><strong>Drum &amp; Container Pumps<\/strong><br \/>Flow rate (Q): up to 132 l\/m<br \/>Head (H): up to 22 m<\/p><\/div><\/div><\/div><\/div>\t\t\t\t\t\t\t\t<\/div>\n\t\t\t\t<\/div>\n\t\t\t\t\t<\/div>\n\t\t<\/div>\n\t\t\t\t\t<\/div>\n\t\t<\/section>\n\t\t\t\t<\/div>","protected":false},"excerpt":{"rendered":"<p>Kreiselpumpen Vertikale PumpenF\u00f6rdermenge (Q): bis zu 1.500 m\u00b3\/hF\u00f6rderh\u00f6he (H): bis zu 130 m Horizontale PumpenF\u00f6rdermenge (Q): bis zu 2.000 m\u00b3\/hF\u00f6rderh\u00f6he (H): bis zu 150 m Selbstansaugende Pumpen(mit Schneidevorrichtung)F\u00f6rdermenge (Q): bis zu 140 m\u00b3\/hF\u00f6rderh\u00f6he (H): bis zu 18 m Split Case PumpenF\u00f6rdermenge (Q): bis zu 4.000 m\u00b3\/hF\u00f6rderh\u00f6he (H): bis zu 170 m\u00a0 BlockpumpenF\u00f6rdermenge (Q): bis zu [&hellip;]<\/p>\n","protected":false},"author":1,"featured_media":0,"parent":0,"menu_order":0,"comment_status":"closed","ping_status":"closed","template":"elementor_header_footer","meta":{"footnotes":""},"class_list":["post-242","page","type-page","status-publish","hentry"],"yoast_head":"<!-- This site is optimized with the Yoast SEO plugin v27.2 - https:\/\/yoast.com\/product\/yoast-seo-wordpress\/ -->\n<title>Pumpen - HAGEDORN Products &amp; Systems GmbH<\/title>\n<meta name=\"robots\" content=\"index, follow, max-snippet:-1, max-image-preview:large, max-video-preview:-1\" \/>\n<link rel=\"canonical\" href=\"https:\/\/www.hagedorn-products.de\/en\/vertikale-pumpen\/\" \/>\n<meta property=\"og:locale\" content=\"en_US\" \/>\n<meta property=\"og:type\" content=\"article\" \/>\n<meta property=\"og:title\" content=\"Pumpen - HAGEDORN Products &amp; Systems GmbH\" \/>\n<meta property=\"og:description\" content=\"Kreiselpumpen Vertikale PumpenF\u00f6rdermenge (Q): bis zu 1.500 m\u00b3\/hF\u00f6rderh\u00f6he (H): bis zu 130 m Horizontale PumpenF\u00f6rdermenge (Q): bis zu 2.000 m\u00b3\/hF\u00f6rderh\u00f6he (H): bis zu 150 m Selbstansaugende Pumpen(mit Schneidevorrichtung)F\u00f6rdermenge (Q): bis zu 140 m\u00b3\/hF\u00f6rderh\u00f6he (H): bis zu 18 m Split Case PumpenF\u00f6rdermenge (Q): bis zu 4.000 m\u00b3\/hF\u00f6rderh\u00f6he (H): bis zu 170 m\u00a0 BlockpumpenF\u00f6rdermenge (Q): bis zu [&hellip;]\" \/>\n<meta property=\"og:url\" content=\"https:\/\/www.hagedorn-products.de\/en\/vertikale-pumpen\/\" \/>\n<meta property=\"og:site_name\" content=\"HAGEDORN Products &amp; Systems GmbH\" \/>\n<meta property=\"article:modified_time\" content=\"2024-06-14T08:29:39+00:00\" \/>\n<meta property=\"og:image\" content=\"http:\/\/www.hagedorn-products.de\/wp-content\/uploads\/2019\/11\/3176_EcoSNM-300x221.png\" \/>\n<meta name=\"twitter:card\" content=\"summary_large_image\" \/>\n<meta name=\"twitter:label1\" content=\"Est. reading time\" \/>\n\t<meta name=\"twitter:data1\" content=\"2 minutes\" \/>\n<script type=\"application\/ld+json\" class=\"yoast-schema-graph\">{\"@context\":\"https:\/\/schema.org\",\"@graph\":[{\"@type\":\"WebPage\",\"@id\":\"https:\/\/www.hagedorn-products.de\/en\/vertikale-pumpen\/\",\"url\":\"https:\/\/www.hagedorn-products.de\/en\/vertikale-pumpen\/\",\"name\":\"Pumpen - HAGEDORN Products &amp; Systems GmbH\",\"isPartOf\":{\"@id\":\"https:\/\/www.hagedorn-products.de\/en\/#website\"},\"primaryImageOfPage\":{\"@id\":\"https:\/\/www.hagedorn-products.de\/en\/vertikale-pumpen\/#primaryimage\"},\"image\":{\"@id\":\"https:\/\/www.hagedorn-products.de\/en\/vertikale-pumpen\/#primaryimage\"},\"thumbnailUrl\":\"http:\/\/www.hagedorn-products.de\/wp-content\/uploads\/2019\/11\/3176_EcoSNM-300x221.png\",\"datePublished\":\"2019-09-24T08:50:25+00:00\",\"dateModified\":\"2024-06-14T08:29:39+00:00\",\"breadcrumb\":{\"@id\":\"https:\/\/www.hagedorn-products.de\/en\/vertikale-pumpen\/#breadcrumb\"},\"inLanguage\":\"en-US\",\"potentialAction\":[{\"@type\":\"ReadAction\",\"target\":[\"https:\/\/www.hagedorn-products.de\/en\/vertikale-pumpen\/\"]}]},{\"@type\":\"ImageObject\",\"inLanguage\":\"en-US\",\"@id\":\"https:\/\/www.hagedorn-products.de\/en\/vertikale-pumpen\/#primaryimage\",\"url\":\"http:\/\/www.hagedorn-products.de\/wp-content\/uploads\/2019\/11\/3176_EcoSNM-300x221.png\",\"contentUrl\":\"http:\/\/www.hagedorn-products.de\/wp-content\/uploads\/2019\/11\/3176_EcoSNM-300x221.png\"},{\"@type\":\"BreadcrumbList\",\"@id\":\"https:\/\/www.hagedorn-products.de\/en\/vertikale-pumpen\/#breadcrumb\",\"itemListElement\":[{\"@type\":\"ListItem\",\"position\":1,\"name\":\"Startseite\",\"item\":\"https:\/\/www.hagedorn-products.de\/en\/\"},{\"@type\":\"ListItem\",\"position\":2,\"name\":\"Pumpen\"}]},{\"@type\":\"WebSite\",\"@id\":\"https:\/\/www.hagedorn-products.de\/en\/#website\",\"url\":\"https:\/\/www.hagedorn-products.de\/en\/\",\"name\":\"HAGEDORN Products & Systems GmbH\",\"description\":\"\",\"potentialAction\":[{\"@type\":\"SearchAction\",\"target\":{\"@type\":\"EntryPoint\",\"urlTemplate\":\"https:\/\/www.hagedorn-products.de\/en\/?s={search_term_string}\"},\"query-input\":{\"@type\":\"PropertyValueSpecification\",\"valueRequired\":true,\"valueName\":\"search_term_string\"}}],\"inLanguage\":\"en-US\"}]}<\/script>\n<!-- \/ Yoast SEO plugin. -->","yoast_head_json":{"title":"Pumpen - HAGEDORN Products &amp; Systems GmbH","robots":{"index":"index","follow":"follow","max-snippet":"max-snippet:-1","max-image-preview":"max-image-preview:large","max-video-preview":"max-video-preview:-1"},"canonical":"https:\/\/www.hagedorn-products.de\/en\/vertikale-pumpen\/","og_locale":"en_US","og_type":"article","og_title":"Pumpen - HAGEDORN Products &amp; Systems GmbH","og_description":"Kreiselpumpen Vertikale PumpenF\u00f6rdermenge (Q): bis zu 1.500 m\u00b3\/hF\u00f6rderh\u00f6he (H): bis zu 130 m Horizontale PumpenF\u00f6rdermenge (Q): bis zu 2.000 m\u00b3\/hF\u00f6rderh\u00f6he (H): bis zu 150 m Selbstansaugende Pumpen(mit Schneidevorrichtung)F\u00f6rdermenge (Q): bis zu 140 m\u00b3\/hF\u00f6rderh\u00f6he (H): bis zu 18 m Split Case PumpenF\u00f6rdermenge (Q): bis zu 4.000 m\u00b3\/hF\u00f6rderh\u00f6he (H): bis zu 170 m\u00a0 BlockpumpenF\u00f6rdermenge (Q): bis zu [&hellip;]","og_url":"https:\/\/www.hagedorn-products.de\/en\/vertikale-pumpen\/","og_site_name":"HAGEDORN Products &amp; Systems GmbH","article_modified_time":"2024-06-14T08:29:39+00:00","og_image":[{"url":"http:\/\/www.hagedorn-products.de\/wp-content\/uploads\/2019\/11\/3176_EcoSNM-300x221.png","type":"","width":"","height":""}],"twitter_card":"summary_large_image","twitter_misc":{"Est. reading time":"2 minutes"},"schema":{"@context":"https:\/\/schema.org","@graph":[{"@type":"WebPage","@id":"https:\/\/www.hagedorn-products.de\/en\/vertikale-pumpen\/","url":"https:\/\/www.hagedorn-products.de\/en\/vertikale-pumpen\/","name":"Pumpen - HAGEDORN Products &amp; Systems GmbH","isPartOf":{"@id":"https:\/\/www.hagedorn-products.de\/en\/#website"},"primaryImageOfPage":{"@id":"https:\/\/www.hagedorn-products.de\/en\/vertikale-pumpen\/#primaryimage"},"image":{"@id":"https:\/\/www.hagedorn-products.de\/en\/vertikale-pumpen\/#primaryimage"},"thumbnailUrl":"http:\/\/www.hagedorn-products.de\/wp-content\/uploads\/2019\/11\/3176_EcoSNM-300x221.png","datePublished":"2019-09-24T08:50:25+00:00","dateModified":"2024-06-14T08:29:39+00:00","breadcrumb":{"@id":"https:\/\/www.hagedorn-products.de\/en\/vertikale-pumpen\/#breadcrumb"},"inLanguage":"en-US","potentialAction":[{"@type":"ReadAction","target":["https:\/\/www.hagedorn-products.de\/en\/vertikale-pumpen\/"]}]},{"@type":"ImageObject","inLanguage":"en-US","@id":"https:\/\/www.hagedorn-products.de\/en\/vertikale-pumpen\/#primaryimage","url":"http:\/\/www.hagedorn-products.de\/wp-content\/uploads\/2019\/11\/3176_EcoSNM-300x221.png","contentUrl":"http:\/\/www.hagedorn-products.de\/wp-content\/uploads\/2019\/11\/3176_EcoSNM-300x221.png"},{"@type":"BreadcrumbList","@id":"https:\/\/www.hagedorn-products.de\/en\/vertikale-pumpen\/#breadcrumb","itemListElement":[{"@type":"ListItem","position":1,"name":"Startseite","item":"https:\/\/www.hagedorn-products.de\/en\/"},{"@type":"ListItem","position":2,"name":"Pumpen"}]},{"@type":"WebSite","@id":"https:\/\/www.hagedorn-products.de\/en\/#website","url":"https:\/\/www.hagedorn-products.de\/en\/","name":"HAGEDORN Products & Systems GmbH","description":"","potentialAction":[{"@type":"SearchAction","target":{"@type":"EntryPoint","urlTemplate":"https:\/\/www.hagedorn-products.de\/en\/?s={search_term_string}"},"query-input":{"@type":"PropertyValueSpecification","valueRequired":true,"valueName":"search_term_string"}}],"inLanguage":"en-US"}]}},"_links":{"self":[{"href":"https:\/\/www.hagedorn-products.de\/en\/wp-json\/wp\/v2\/pages\/242","targetHints":{"allow":["GET"]}}],"collection":[{"href":"https:\/\/www.hagedorn-products.de\/en\/wp-json\/wp\/v2\/pages"}],"about":[{"href":"https:\/\/www.hagedorn-products.de\/en\/wp-json\/wp\/v2\/types\/page"}],"author":[{"embeddable":true,"href":"https:\/\/www.hagedorn-products.de\/en\/wp-json\/wp\/v2\/users\/1"}],"replies":[{"embeddable":true,"href":"https:\/\/www.hagedorn-products.de\/en\/wp-json\/wp\/v2\/comments?post=242"}],"version-history":[{"count":37,"href":"https:\/\/www.hagedorn-products.de\/en\/wp-json\/wp\/v2\/pages\/242\/revisions"}],"predecessor-version":[{"id":1916,"href":"https:\/\/www.hagedorn-products.de\/en\/wp-json\/wp\/v2\/pages\/242\/revisions\/1916"}],"wp:attachment":[{"href":"https:\/\/www.hagedorn-products.de\/en\/wp-json\/wp\/v2\/media?parent=242"}],"curies":[{"name":"wp","href":"https:\/\/api.w.org\/{rel}","templated":true}]}}