{"id":1461,"date":"2022-10-04T09:18:22","date_gmt":"2022-10-04T09:18:22","guid":{"rendered":"http:\/\/www.hagedorn-products.de\/?page_id=1461"},"modified":"2026-03-25T15:26:16","modified_gmt":"2026-03-25T14:26:16","slug":"ausbildung","status":"publish","type":"page","link":"https:\/\/www.hagedorn-products.de\/en\/ausbildung\/","title":{"rendered":"Apprenticeship"},"content":{"rendered":"\t\t<div data-elementor-type=\"wp-post\" data-elementor-id=\"1461\" class=\"elementor elementor-1461\">\n\t\t\t\t\t\t<section class=\"elementor-section elementor-top-section elementor-element elementor-element-cf02bd5 elementor-section-boxed elementor-section-height-default elementor-section-height-default\" data-id=\"cf02bd5\" data-element_type=\"section\" data-e-type=\"section\">\n\t\t\t\t\t\t<div class=\"elementor-container elementor-column-gap-default\">\n\t\t\t\t\t<div class=\"elementor-column elementor-col-100 elementor-top-column elementor-element elementor-element-d3f2c34\" data-id=\"d3f2c34\" data-element_type=\"column\" data-e-type=\"column\">\n\t\t\t<div class=\"elementor-widget-wrap elementor-element-populated\">\n\t\t\t\t\t\t<div class=\"elementor-element elementor-element-2157e00 elementor-widget__width-inherit elementor-widget elementor-widget-text-editor\" data-id=\"2157e00\" data-element_type=\"widget\" data-e-type=\"widget\" data-widget_type=\"text-editor.default\">\n\t\t\t\t<div class=\"elementor-widget-container\">\n\t\t\t\t\t\t\t\t\t<p><span style=\"font-size: 1.05rem;\"><b>F\u00fcr 2026 sind alle Ausbildungspl\u00e4tze besetzt, Bewerbungen f\u00fcr 2027 nehmen wir gerne entgegen!<\/b><\/span><\/p>\t\t\t\t\t\t\t\t<\/div>\n\t\t\t\t<\/div>\n\t\t\t\t\t<\/div>\n\t\t<\/div>\n\t\t\t\t\t<\/div>\n\t\t<\/section>\n\t\t\t\t<section class=\"elementor-section elementor-top-section elementor-element elementor-element-4e8fb5a elementor-section-full_width elementor-section-height-default elementor-section-height-default\" data-id=\"4e8fb5a\" data-element_type=\"section\" data-e-type=\"section\">\n\t\t\t\t\t\t<div class=\"elementor-container elementor-column-gap-default\">\n\t\t\t\t\t<div class=\"elementor-column elementor-col-100 elementor-top-column elementor-element elementor-element-edf4b22\" data-id=\"edf4b22\" data-element_type=\"column\" data-e-type=\"column\">\n\t\t\t<div class=\"elementor-widget-wrap elementor-element-populated\">\n\t\t\t\t\t\t<div class=\"elementor-element elementor-element-ab4aac2 elementor-widget elementor-widget-toggle\" data-id=\"ab4aac2\" data-element_type=\"widget\" data-e-type=\"widget\" data-widget_type=\"toggle.default\">\n\t\t\t\t<div class=\"elementor-widget-container\">\n\t\t\t\t\t\t\t<div class=\"elementor-toggle\">\n\t\t\t\t\t\t\t<div class=\"elementor-toggle-item\">\n\t\t\t\t\t<div id=\"elementor-tab-title-1791\" class=\"elementor-tab-title\" data-tab=\"1\" role=\"button\" aria-controls=\"elementor-tab-content-1791\" aria-expanded=\"false\">\n\t\t\t\t\t\t\t\t\t\t\t\t<span class=\"elementor-toggle-icon elementor-toggle-icon-left\" aria-hidden=\"true\">\n\t\t\t\t\t\t\t\t\t\t\t\t\t\t\t<span class=\"elementor-toggle-icon-closed\"><i class=\"fas fa-caret-right\"><\/i><\/span>\n\t\t\t\t\t\t\t\t<span class=\"elementor-toggle-icon-opened\"><i class=\"elementor-toggle-icon-opened fas fa-caret-up\"><\/i><\/span>\n\t\t\t\t\t\t\t\t\t\t\t\t\t<\/span>\n\t\t\t\t\t\t\t\t\t\t\t\t<a class=\"elementor-toggle-title\" tabindex=\"0\">Kaufmann\/-frau f\u00fcr Gro\u00df- und Au\u00dfenhandelsmanagement (m\/w\/d)<\/a>\n\t\t\t\t\t<\/div>\n\n\t\t\t\t\t<div id=\"elementor-tab-content-1791\" class=\"elementor-tab-content elementor-clearfix\" data-tab=\"1\" role=\"region\" aria-labelledby=\"elementor-tab-title-1791\"><p class=\"MsoNormal\" style=\"margin-bottom: 0cm;\"><a name=\"_Hlk115258497\"><\/a>Wir sind ein junges Unternehmen, spezialisiert auf den internationalen Handel mit technischen Ersatzteilen und Komponenten f\u00fcr Maritime- und Industrieanwendungen. Im Jahr 2018 gegr\u00fcndet wachsen wir stetig und freuen uns \u00fcber motivierte neue Kollegen. Komm auch du in unser Team!<\/p><p class=\"MsoNormal\" style=\"margin-bottom: 0cm;\">Bei uns erh\u00e4ltst du Einblick in alle berufsrelevanten Abteilungen, wie Einkauf\/Beschaffung, Marketing\/Verkauf und Lagerlogistik. Au\u00dferdem f\u00f6rdern wir selbstst\u00e4ndiges Arbeiten durch vielseitige und verantwortungsvolle Aufgaben in einem motivierten Team.<\/p><p class=\"MsoNormal\" style=\"margin-bottom: 0cm;\"><!-- [if gte vml 1]><v:shapetype id=\"_x0000_t75\" coordsize=\"21600,21600\" o:spt=\"75\" o:preferrelative=\"t\" path=\"m@4@5l@4@11@9@11@9@5xe\" filled=\"f\" stroked=\"f\"><br \/><v:stroke joinstyle=\"miter\"\/><br \/><v:formulas><br \/><v:f eqn=\"if lineDrawn pixelLineWidth 0\"\/><br \/><v:f eqn=\"sum @0 1 0\"\/><br \/><v:f eqn=\"sum 0 0 @1\"\/><br \/><v:f eqn=\"prod @2 1 2\"\/><br \/><v:f eqn=\"prod @3 21600 pixelWidth\"\/><br \/><v:f eqn=\"prod @3 21600 pixelHeight\"\/><br \/><v:f eqn=\"sum @0 0 1\"\/><br \/><v:f eqn=\"prod @6 1 2\"\/><br \/><v:f eqn=\"prod @7 21600 pixelWidth\"\/><br \/><v:f eqn=\"sum @8 21600 0\"\/><br \/><v:f eqn=\"prod @7 21600 pixelHeight\"\/><br \/><v:f eqn=\"sum @10 21600 0\"\/><br \/><\/v:formulas><br \/><v:path o:extrusionok=\"f\" gradientshapeok=\"t\" o:connecttype=\"rect\"\/><br \/><o:lock v:ext=\"edit\" aspectratio=\"t\"\/><br \/><\/v:shapetype><v:shape id=\"Grafik_x0020_2\" o:spid=\"_x0000_s1026\" type=\"#_x0000_t75\" style='position:absolute;margin-left:18.75pt;margin-top:1.1pt;width:69.95pt; height:87pt;z-index:-251648000;visibility:visible;mso-wrap-style:square; mso-width-percent:0;mso-height-percent:0;mso-wrap-distance-left:9pt; mso-wrap-distance-top:0;mso-wrap-distance-right:9pt; mso-wrap-distance-bottom:0;mso-position-horizontal:right; mso-position-horizontal-relative:margin;mso-position-vertical:absolute; mso-position-vertical-relative:text;mso-width-percent:0;mso-height-percent:0; mso-width-relative:page;mso-height-relative:page'><br \/><v:imagedata src=\"file:\/\/\/C:\/Users\/SASCHA~1.WEN\/AppData\/Local\/Temp\/msohtmlclip1\/01\/clip_image001.png\" o:title=\"\"\/><br \/><w:wrap anchorx=\"margin\"\/><br \/><\/v:shape><![endif]--><!-- [if !vml]--><span style=\"mso-ignore: vglayout; position: absolute; z-index: -1895815168; margin-left: 931px; margin-top: 2px; width: 93px; height: 116px;\"><img decoding=\"async\" src=\"file:\/\/\/C:\/Users\/SASCHA~1.WEN\/AppData\/Local\/Temp\/msohtmlclip1\/01\/clip_image002.png\" width=\"93\" height=\"116\" \/><\/span><!--[endif]--><b><\/b><\/p><p class=\"MsoNormal\" style=\"margin-bottom: 0cm;\"><b>Was du mitbringst:<\/b><\/p><ul><li><b>\u00a0 \u00a0 <\/b>\u00a0\u2022 Einen erfolgreichen Schulabschluss (Realschule oder Abitur)<\/li><li><span style=\"font-family: Symbol; mso-fareast-font-family: Symbol; mso-bidi-font-family: Symbol;\">\u00a0 \u00a0 \u00a0\u2022 <\/span>Interesse f\u00fcr mathematische und wirtschaftliche Zusammenh\u00e4nge<\/li><li><!-- [if !supportLists]--><span style=\"font-family: Symbol; mso-fareast-font-family: Symbol; mso-bidi-font-family: Symbol;\">\u00a0 \u00a0 \u00a0\u2022 <\/span>Du denkst kundenorientiert und zeigst dich stets freundlich und engagiert<\/li><li><span style=\"color: var( --e-global-color-text ); font-size: 1.05rem;\">\u00a0 \u00a0 \u00a0<\/span><span style=\"color: var( --e-global-color-text ); font-size: 1.05rem; font-family: Symbol;\">\u2022 <\/span><span style=\"color: var( --e-global-color-text ); font-family: var( --e-global-typography-text-font-family ), Sans-serif; font-size: 1.05rem;\">Gute EDV- und Englischkenntnisse<\/span><\/li><li><span style=\"font-family: Symbol; mso-fareast-font-family: Symbol; mso-bidi-font-family: Symbol;\">\u00a0 \u00a0 \u00a0\u2022 <\/span><span style=\"text-indent: -18pt;\">Lust im Team zu arbeiten und schnell Verantwortung zu \u00fcbernehmen<\/span><\/li><\/ul><p class=\"MsoNormal\" style=\"margin-bottom: 0cm;\"><b>Was dich bei uns erwartet:<\/b><\/p><ul><li>\u00a0 \u00a0 \u2022 Ein junges dynamisches Umfeld, in dem du t\u00e4glich gefordert und gef\u00f6rdert wirst<\/li><li>\u00a0 \u00a0 \u2022 Nette Kollegen und ein sehr gutes Betriebsklima<\/li><li>\u00a0 \u00a0 \u2022 Flexible Arbeitszeiten &amp; Sonderzahlungen<\/li><li>\u00a0 \u00a0 \u2022 Gute \u00dcbernahmechancen nach der Ausbildung<\/li><\/ul><\/div>\n\t\t\t\t<\/div>\n\t\t\t\t\t\t\t<div class=\"elementor-toggle-item\">\n\t\t\t\t\t<div id=\"elementor-tab-title-1792\" class=\"elementor-tab-title\" data-tab=\"2\" role=\"button\" aria-controls=\"elementor-tab-content-1792\" aria-expanded=\"false\">\n\t\t\t\t\t\t\t\t\t\t\t\t<span class=\"elementor-toggle-icon elementor-toggle-icon-left\" aria-hidden=\"true\">\n\t\t\t\t\t\t\t\t\t\t\t\t\t\t\t<span class=\"elementor-toggle-icon-closed\"><i class=\"fas fa-caret-right\"><\/i><\/span>\n\t\t\t\t\t\t\t\t<span class=\"elementor-toggle-icon-opened\"><i class=\"elementor-toggle-icon-opened fas fa-caret-up\"><\/i><\/span>\n\t\t\t\t\t\t\t\t\t\t\t\t\t<\/span>\n\t\t\t\t\t\t\t\t\t\t\t\t<a class=\"elementor-toggle-title\" tabindex=\"0\">Fachlagerist\/in (m\/w\/d)<\/a>\n\t\t\t\t\t<\/div>\n\n\t\t\t\t\t<div id=\"elementor-tab-content-1792\" class=\"elementor-tab-content elementor-clearfix\" data-tab=\"2\" role=\"region\" aria-labelledby=\"elementor-tab-title-1792\"><p>Wir sind ein junges Unternehmen, spezialisiert auf den internationalen Handel mit technischen Ersatzteilen und Komponenten f\u00fcr Maritime- und Industrieanwendungen. Im Jahr 2018 gegr\u00fcndet wachsen wir stetig und freuen uns \u00fcber motivierte neue Kollegen. Komm auch du in unser Team!<\/p><p>Zu deiner t\u00e4glichen Arbeit geh\u00f6rt der sachgerechte Umgang mit G\u00fctern, vom Kommissionieren \u00fcbers Verpacken bis zum transportsicheren Verladen im Versand. Au\u00dferdem machen wir dich vertraut mit den digitalen Abl\u00e4ufen unserer EDV. Du lernst bei uns vielseitige und verantwortungsvolle Aufgaben zu meistern und unterst\u00fctzt damit den reibungslosen Ablauf der Lagerlogistik.<\/p><p><strong>Was du mitbringst:<\/strong><\/p><ul><li>\u00a0 \u00a0 \u00a0\u2022 Einen erfolgreichen Schulabschluss<\/li><li>\u00a0 \u00a0 \u00a0\u2022 Handwerkliches und organisatorisches Geschick<\/li><li>\u00a0 \u00a0 \u00a0\u2022 Sorgfalt und Zuverl\u00e4ssigkeit<\/li><li>\u00a0 \u00a0 \u00a0\u2022 Umsicht und Freude an k\u00f6rperlicher Arbeit<\/li><li>\u00a0 \u00a0 \u00a0\u2022 Gute EDV-Kenntnisse und Verst\u00e4ndnis f\u00fcr Zahlen<\/li><\/ul><p><strong>Was dich bei uns erwartet:<\/strong><\/p><ul><li>\u00a0 \u00a0 \u00a0\u2022 Ein dynamisches Umfeld, in dem du t\u00e4glich gefordert und gef\u00f6rdert wirst<\/li><li>\u00a0 \u00a0 \u00a0\u2022 Nette Kollegen und ein sehr gutes Betriebsklima<\/li><li>\u00a0 \u00a0 \u00a0\u2022 flexible Arbeitszeiten &amp; Sonderzahlungen<\/li><li>\u00a0 \u00a0 \u00a0\u2022 Gute \u00dcbernahmechancen nach der Ausbildung<\/li><\/ul><\/div>\n\t\t\t\t<\/div>\n\t\t\t\t\t\t\t<div class=\"elementor-toggle-item\">\n\t\t\t\t\t<div id=\"elementor-tab-title-1793\" class=\"elementor-tab-title\" data-tab=\"3\" role=\"button\" aria-controls=\"elementor-tab-content-1793\" aria-expanded=\"false\">\n\t\t\t\t\t\t\t\t\t\t\t\t<span class=\"elementor-toggle-icon elementor-toggle-icon-left\" aria-hidden=\"true\">\n\t\t\t\t\t\t\t\t\t\t\t\t\t\t\t<span class=\"elementor-toggle-icon-closed\"><i class=\"fas fa-caret-right\"><\/i><\/span>\n\t\t\t\t\t\t\t\t<span class=\"elementor-toggle-icon-opened\"><i class=\"elementor-toggle-icon-opened fas fa-caret-up\"><\/i><\/span>\n\t\t\t\t\t\t\t\t\t\t\t\t\t<\/span>\n\t\t\t\t\t\t\t\t\t\t\t\t<a class=\"elementor-toggle-title\" tabindex=\"0\">Mechatroniker (m\/w\/d)<\/a>\n\t\t\t\t\t<\/div>\n\n\t\t\t\t\t<div id=\"elementor-tab-content-1793\" class=\"elementor-tab-content elementor-clearfix\" data-tab=\"3\" role=\"region\" aria-labelledby=\"elementor-tab-title-1793\"><p>Wir sind ein junges Unternehmen, spezialisiert auf den internationalen Handel mit technischen Ersatzteilen und Komponenten f\u00fcr Maritime- und Industrieanwendungen. Im Jahr 2018 gegr\u00fcndet wachsen wir stetig und freuen uns \u00fcber motivierte neue Kollegen. Komm auch du in unser Team!<\/p><p>Zu deiner t\u00e4glichen Arbeit geh\u00f6rt die Unterst\u00fctzung unserer Servicetechniker, sowohl im eigenen Haus als auch bei Au\u00dfeneins\u00e4tzen. Au\u00dferdem wirst du Reparatur- und Instandsetzungsauftr\u00e4ge in unserer Werkstatt durchf\u00fchren und lernst im Lager den sachgerechten Umgang mit G\u00fctern, das Kommissionieren \u00fcbers Verpacken bis zum transportsicheren Verladen im Versand. Au\u00dferdem machen wir dich vertraut mit den digitalen Abl\u00e4ufen unserer EDV. Du lernst bei uns vielseitige und verantwortungsvolle Aufgaben zu meistern und unterst\u00fctzt damit den reibungslosen Ablauf unserer Serviceabteilung.<\/p><p><strong>Was du mitbringst:<\/strong><\/p><ul><li>\u00a0 \u00a0 \u00a0\u2022 Einen erfolgreichen Schulabschluss<\/li><li>\u00a0 \u00a0 \u00a0\u2022 Handwerkliches und organisatorisches Geschick<\/li><li>\u00a0 \u00a0 \u00a0\u2022 Interesse f\u00fcr mathematische und technische Zusammenh\u00e4nge<\/li><li>\u00a0 \u00a0 \u00a0\u2022 Sorgfalt und Zuverl\u00e4ssigkeit<\/li><li>\u00a0 \u00a0 \u00a0\u2022 Umsicht und Freude an k\u00f6rperlicher Arbeit<\/li><li>\u00a0 \u00a0 \u00a0\u2022 Gute EDV-Kenntnisse<\/li><li>\u00a0 \u00a0 \u00a0\u2022 Lust im Team zu arbeiten und schnell Verantwortung zu \u00fcbernehmen<\/li><\/ul><p><strong>Was dich bei uns erwartet:<\/strong><\/p><ul><li>\u00a0 \u00a0 \u00a0\u2022 Ein dynamisches Umfeld, in dem du t\u00e4glich gefordert und gef\u00f6rdert wirst<\/li><li>\u00a0 \u00a0 \u00a0\u2022 Nette Kollegen und ein sehr gutes Betriebsklima<\/li><li>\u00a0 \u00a0 \u00a0\u2022 flexible Arbeitszeiten &amp; Sonderzahlungen<\/li><li>\u00a0 \u00a0 \u00a0\u2022 Gute \u00dcbernahmechancen nach der Ausbildung<\/li><\/ul><\/div>\n\t\t\t\t<\/div>\n\t\t\t\t\t\t\t\t<\/div>\n\t\t\t\t\t\t<\/div>\n\t\t\t\t<\/div>\n\t\t\t\t\t<\/div>\n\t\t<\/div>\n\t\t\t\t\t<\/div>\n\t\t<\/section>\n\t\t\t\t<section class=\"elementor-section elementor-top-section elementor-element elementor-element-cb911eb elementor-section-full_width elementor-section-height-default elementor-section-height-default\" data-id=\"cb911eb\" data-element_type=\"section\" data-e-type=\"section\">\n\t\t\t\t\t\t<div class=\"elementor-container elementor-column-gap-default\">\n\t\t\t\t\t<div class=\"elementor-column elementor-col-100 elementor-top-column elementor-element elementor-element-5cdc595\" data-id=\"5cdc595\" data-element_type=\"column\" data-e-type=\"column\">\n\t\t\t<div class=\"elementor-widget-wrap elementor-element-populated\">\n\t\t\t\t\t\t<div class=\"elementor-element elementor-element-1ab61f3 elementor-widget elementor-widget-text-editor\" data-id=\"1ab61f3\" data-element_type=\"widget\" data-e-type=\"widget\" data-widget_type=\"text-editor.default\">\n\t\t\t\t<div class=\"elementor-widget-container\">\n\t\t\t\t\t\t\t\t\t<p data-start=\"0\" data-end=\"161\"><strong data-start=\"0\" data-end=\"17\">Interessiert?<\/strong>&nbsp;Dann freuen wir uns auf deine Bewerbung! Schick uns einfach deine Unterlagen per E-Mail oder ruf uns an.<\/p>\n<p data-start=\"163\" data-end=\"240\">\ud83d\udce7&nbsp;<strong data-start=\"166\" data-end=\"177\">E-Mail:<\/strong>&nbsp;bewerbung@hagedorn-products.de<br data-start=\"199\" data-end=\"202\">\ud83d\udcde&nbsp;<strong data-start=\"205\" data-end=\"217\">Telefon:&nbsp;<\/strong>04771 68904 0<\/p>\n<p data-start=\"242\" data-end=\"284\" data-is-last-node=\"\" data-is-only-node=\"\">Wir freuen uns darauf, dich kennenzulernen!<\/p>\t\t\t\t\t\t\t\t<\/div>\n\t\t\t\t<\/div>\n\t\t\t\t\t<\/div>\n\t\t<\/div>\n\t\t\t\t\t<\/div>\n\t\t<\/section>\n\t\t\t\t<\/div>\n\t\t","protected":false},"excerpt":{"rendered":"<p>F\u00fcr 2026 sind alle Ausbildungspl\u00e4tze besetzt, Bewerbungen f\u00fcr 2027 nehmen wir gerne entgegen! Kaufmann\/-frau f\u00fcr Gro\u00df- und Au\u00dfenhandelsmanagement (m\/w\/d) Wir sind ein junges Unternehmen, spezialisiert auf den internationalen Handel mit technischen Ersatzteilen und Komponenten f\u00fcr Maritime- und Industrieanwendungen. Im Jahr 2018 gegr\u00fcndet wachsen wir stetig und freuen uns \u00fcber motivierte neue Kollegen. Komm auch du [&hellip;]<\/p>\n","protected":false},"author":1,"featured_media":0,"parent":0,"menu_order":0,"comment_status":"closed","ping_status":"closed","template":"","meta":{"footnotes":""},"class_list":["post-1461","page","type-page","status-publish","hentry"],"yoast_head":"<!-- This site is optimized with the Yoast SEO plugin v27.2 - https:\/\/yoast.com\/product\/yoast-seo-wordpress\/ -->\n<title>Ausbildung - HAGEDORN Products &amp; Systems GmbH<\/title>\n<meta name=\"robots\" content=\"index, follow, max-snippet:-1, max-image-preview:large, max-video-preview:-1\" \/>\n<link rel=\"canonical\" href=\"https:\/\/www.hagedorn-products.de\/en\/ausbildung\/\" \/>\n<meta property=\"og:locale\" content=\"en_US\" \/>\n<meta property=\"og:type\" content=\"article\" \/>\n<meta property=\"og:title\" content=\"Ausbildung - HAGEDORN Products &amp; Systems GmbH\" \/>\n<meta property=\"og:description\" content=\"F\u00fcr 2026 sind alle Ausbildungspl\u00e4tze besetzt, Bewerbungen f\u00fcr 2027 nehmen wir gerne entgegen! Kaufmann\/-frau f\u00fcr Gro\u00df- und Au\u00dfenhandelsmanagement (m\/w\/d) Wir sind ein junges Unternehmen, spezialisiert auf den internationalen Handel mit technischen Ersatzteilen und Komponenten f\u00fcr Maritime- und Industrieanwendungen. Im Jahr 2018 gegr\u00fcndet wachsen wir stetig und freuen uns \u00fcber motivierte neue Kollegen. Komm auch du [&hellip;]\" \/>\n<meta property=\"og:url\" content=\"https:\/\/www.hagedorn-products.de\/en\/ausbildung\/\" \/>\n<meta property=\"og:site_name\" content=\"HAGEDORN Products &amp; Systems GmbH\" \/>\n<meta property=\"article:modified_time\" content=\"2026-03-25T14:26:16+00:00\" \/>\n<meta property=\"og:image\" content=\"\" \/>\n<meta name=\"twitter:card\" content=\"summary_large_image\" \/>\n<meta name=\"twitter:label1\" content=\"Est. reading time\" \/>\n\t<meta name=\"twitter:data1\" content=\"4 minutes\" \/>\n<script type=\"application\/ld+json\" class=\"yoast-schema-graph\">{\"@context\":\"https:\/\/schema.org\",\"@graph\":[{\"@type\":\"WebPage\",\"@id\":\"https:\/\/www.hagedorn-products.de\/ausbildung\/\",\"url\":\"https:\/\/www.hagedorn-products.de\/ausbildung\/\",\"name\":\"Ausbildung - HAGEDORN Products &amp; Systems GmbH\",\"isPartOf\":{\"@id\":\"https:\/\/www.hagedorn-products.de\/#website\"},\"primaryImageOfPage\":{\"@id\":\"https:\/\/www.hagedorn-products.de\/ausbildung\/#primaryimage\"},\"image\":{\"@id\":\"https:\/\/www.hagedorn-products.de\/ausbildung\/#primaryimage\"},\"thumbnailUrl\":\"file:\/\/\/C:\/Users\/SASCHA~1.WEN\/AppData\/Local\/Temp\/msohtmlclip1\/01\/clip_image002.png\",\"datePublished\":\"2022-10-04T09:18:22+00:00\",\"dateModified\":\"2026-03-25T14:26:16+00:00\",\"breadcrumb\":{\"@id\":\"https:\/\/www.hagedorn-products.de\/ausbildung\/#breadcrumb\"},\"inLanguage\":\"en-US\",\"potentialAction\":[{\"@type\":\"ReadAction\",\"target\":[\"https:\/\/www.hagedorn-products.de\/ausbildung\/\"]}]},{\"@type\":\"ImageObject\",\"inLanguage\":\"en-US\",\"@id\":\"https:\/\/www.hagedorn-products.de\/ausbildung\/#primaryimage\",\"url\":\"file:\/\/\/C:\/Users\/SASCHA~1.WEN\/AppData\/Local\/Temp\/msohtmlclip1\/01\/clip_image002.png\",\"contentUrl\":\"file:\/\/\/C:\/Users\/SASCHA~1.WEN\/AppData\/Local\/Temp\/msohtmlclip1\/01\/clip_image002.png\"},{\"@type\":\"BreadcrumbList\",\"@id\":\"https:\/\/www.hagedorn-products.de\/ausbildung\/#breadcrumb\",\"itemListElement\":[{\"@type\":\"ListItem\",\"position\":1,\"name\":\"Startseite\",\"item\":\"https:\/\/www.hagedorn-products.de\/\"},{\"@type\":\"ListItem\",\"position\":2,\"name\":\"Ausbildung\"}]},{\"@type\":\"WebSite\",\"@id\":\"https:\/\/www.hagedorn-products.de\/#website\",\"url\":\"https:\/\/www.hagedorn-products.de\/\",\"name\":\"HAGEDORN Products & Systems GmbH\",\"description\":\"\",\"potentialAction\":[{\"@type\":\"SearchAction\",\"target\":{\"@type\":\"EntryPoint\",\"urlTemplate\":\"https:\/\/www.hagedorn-products.de\/?s={search_term_string}\"},\"query-input\":{\"@type\":\"PropertyValueSpecification\",\"valueRequired\":true,\"valueName\":\"search_term_string\"}}],\"inLanguage\":\"en-US\"}]}<\/script>\n<!-- \/ Yoast SEO plugin. -->","yoast_head_json":{"title":"Ausbildung - HAGEDORN Products &amp; Systems GmbH","robots":{"index":"index","follow":"follow","max-snippet":"max-snippet:-1","max-image-preview":"max-image-preview:large","max-video-preview":"max-video-preview:-1"},"canonical":"https:\/\/www.hagedorn-products.de\/en\/ausbildung\/","og_locale":"en_US","og_type":"article","og_title":"Ausbildung - HAGEDORN Products &amp; Systems GmbH","og_description":"F\u00fcr 2026 sind alle Ausbildungspl\u00e4tze besetzt, Bewerbungen f\u00fcr 2027 nehmen wir gerne entgegen! Kaufmann\/-frau f\u00fcr Gro\u00df- und Au\u00dfenhandelsmanagement (m\/w\/d) Wir sind ein junges Unternehmen, spezialisiert auf den internationalen Handel mit technischen Ersatzteilen und Komponenten f\u00fcr Maritime- und Industrieanwendungen. Im Jahr 2018 gegr\u00fcndet wachsen wir stetig und freuen uns \u00fcber motivierte neue Kollegen. Komm auch du [&hellip;]","og_url":"https:\/\/www.hagedorn-products.de\/en\/ausbildung\/","og_site_name":"HAGEDORN Products &amp; Systems GmbH","article_modified_time":"2026-03-25T14:26:16+00:00","og_image":[{"url":"file:\/\/\/C:\/Users\/SASCHA~1.WEN\/AppData\/Local\/Temp\/msohtmlclip1\/01\/clip_image002.png","type":"","width":"","height":""}],"twitter_card":"summary_large_image","twitter_misc":{"Est. reading time":"4 minutes"},"schema":{"@context":"https:\/\/schema.org","@graph":[{"@type":"WebPage","@id":"https:\/\/www.hagedorn-products.de\/ausbildung\/","url":"https:\/\/www.hagedorn-products.de\/ausbildung\/","name":"Ausbildung - HAGEDORN Products &amp; Systems GmbH","isPartOf":{"@id":"https:\/\/www.hagedorn-products.de\/#website"},"primaryImageOfPage":{"@id":"https:\/\/www.hagedorn-products.de\/ausbildung\/#primaryimage"},"image":{"@id":"https:\/\/www.hagedorn-products.de\/ausbildung\/#primaryimage"},"thumbnailUrl":"file:\/\/\/C:\/Users\/SASCHA~1.WEN\/AppData\/Local\/Temp\/msohtmlclip1\/01\/clip_image002.png","datePublished":"2022-10-04T09:18:22+00:00","dateModified":"2026-03-25T14:26:16+00:00","breadcrumb":{"@id":"https:\/\/www.hagedorn-products.de\/ausbildung\/#breadcrumb"},"inLanguage":"en-US","potentialAction":[{"@type":"ReadAction","target":["https:\/\/www.hagedorn-products.de\/ausbildung\/"]}]},{"@type":"ImageObject","inLanguage":"en-US","@id":"https:\/\/www.hagedorn-products.de\/ausbildung\/#primaryimage","url":"file:\/\/\/C:\/Users\/SASCHA~1.WEN\/AppData\/Local\/Temp\/msohtmlclip1\/01\/clip_image002.png","contentUrl":"file:\/\/\/C:\/Users\/SASCHA~1.WEN\/AppData\/Local\/Temp\/msohtmlclip1\/01\/clip_image002.png"},{"@type":"BreadcrumbList","@id":"https:\/\/www.hagedorn-products.de\/ausbildung\/#breadcrumb","itemListElement":[{"@type":"ListItem","position":1,"name":"Startseite","item":"https:\/\/www.hagedorn-products.de\/"},{"@type":"ListItem","position":2,"name":"Ausbildung"}]},{"@type":"WebSite","@id":"https:\/\/www.hagedorn-products.de\/#website","url":"https:\/\/www.hagedorn-products.de\/","name":"HAGEDORN Products & Systems GmbH","description":"","potentialAction":[{"@type":"SearchAction","target":{"@type":"EntryPoint","urlTemplate":"https:\/\/www.hagedorn-products.de\/?s={search_term_string}"},"query-input":{"@type":"PropertyValueSpecification","valueRequired":true,"valueName":"search_term_string"}}],"inLanguage":"en-US"}]}},"_links":{"self":[{"href":"https:\/\/www.hagedorn-products.de\/en\/wp-json\/wp\/v2\/pages\/1461","targetHints":{"allow":["GET"]}}],"collection":[{"href":"https:\/\/www.hagedorn-products.de\/en\/wp-json\/wp\/v2\/pages"}],"about":[{"href":"https:\/\/www.hagedorn-products.de\/en\/wp-json\/wp\/v2\/types\/page"}],"author":[{"embeddable":true,"href":"https:\/\/www.hagedorn-products.de\/en\/wp-json\/wp\/v2\/users\/1"}],"replies":[{"embeddable":true,"href":"https:\/\/www.hagedorn-products.de\/en\/wp-json\/wp\/v2\/comments?post=1461"}],"version-history":[{"count":158,"href":"https:\/\/www.hagedorn-products.de\/en\/wp-json\/wp\/v2\/pages\/1461\/revisions"}],"predecessor-version":[{"id":2573,"href":"https:\/\/www.hagedorn-products.de\/en\/wp-json\/wp\/v2\/pages\/1461\/revisions\/2573"}],"wp:attachment":[{"href":"https:\/\/www.hagedorn-products.de\/en\/wp-json\/wp\/v2\/media?parent=1461"}],"curies":[{"name":"wp","href":"https:\/\/api.w.org\/{rel}","templated":true}]}}