{"id":1357,"date":"2022-03-24T09:26:17","date_gmt":"2022-03-24T09:26:17","guid":{"rendered":"http:\/\/www.hagedorn-products.de\/?page_id=1357"},"modified":"2022-03-29T07:40:28","modified_gmt":"2022-03-29T07:40:28","slug":"methanol-kraftstoffversorgungseinheiten","status":"publish","type":"page","link":"https:\/\/www.hagedorn-products.de\/en\/methanol-kraftstoffversorgungseinheiten\/","title":{"rendered":"Methanol Fuel Supply Units"},"content":{"rendered":"<div data-elementor-type=\"wp-post\" data-elementor-id=\"1357\" class=\"elementor elementor-1357\">\n\t\t\t\t\t\t<section class=\"elementor-section elementor-top-section elementor-element elementor-element-5c85a6e elementor-section-full_width elementor-section-height-default elementor-section-height-default\" data-id=\"5c85a6e\" data-element_type=\"section\" data-e-type=\"section\">\n\t\t\t\t\t\t<div class=\"elementor-container elementor-column-gap-default\">\n\t\t\t\t\t<div class=\"elementor-column elementor-col-100 elementor-top-column elementor-element elementor-element-a9c1ddf\" data-id=\"a9c1ddf\" data-element_type=\"column\" data-e-type=\"column\">\n\t\t\t<div class=\"elementor-widget-wrap elementor-element-populated\">\n\t\t\t\t\t\t<div class=\"elementor-element elementor-element-2b8f489 elementor-widget elementor-widget-heading\" data-id=\"2b8f489\" data-element_type=\"widget\" data-e-type=\"widget\" data-widget_type=\"heading.default\">\n\t\t\t\t<div class=\"elementor-widget-container\">\n\t\t\t\t\t<h2 class=\"elementor-heading-title elementor-size-default\">Methanol Fuel Supply Units<\/h2>\t\t\t\t<\/div>\n\t\t\t\t<\/div>\n\t\t\t\t<div class=\"elementor-element elementor-element-3a87404 elementor-widget elementor-widget-text-editor\" data-id=\"3a87404\" data-element_type=\"widget\" data-e-type=\"widget\" data-widget_type=\"text-editor.default\">\n\t\t\t\t<div class=\"elementor-widget-container\">\n\t\t\t\t\t\t\t\t\t<p>Methanol is one of the most viable marine fuels to reduce Greenhouse Gas emissions and help the shipping industry meet decarbonisation targets. Indeed, full carbon neutrality is possible through the use of \u201cgreen methanol\u201d. Not only does methanol reduce CO2, but also SOx, NOx, and Particulate Matter, so it is a truly sustainable solution.  With the Energy Efficiency Design Index (EEDI) and impeding emissions reduction requirements in mind, the use of methanol as a maritime fuel is and will continue to gain momentum in maritime.<\/p><p>In addition to this, methanol has the following benefits:<\/p><p>- Existing infrastructure can be used for storage as there are no specific temperature or pressure requirements<\/p><p class=\"translation-block\">- Although methanol has lower volumetric energy density than LNG, the tank arrangements for methanol can still fit in a smaller space as no cryogenic or high pressure tanks are required<\/p><p>- Methanol is water soluble, and readily biodegradable<\/p>\t\t\t\t\t\t\t\t<\/div>\n\t\t\t\t<\/div>\n\t\t\t\t<div class=\"elementor-element elementor-element-5f098ed elementor-widget elementor-widget-spacer\" data-id=\"5f098ed\" data-element_type=\"widget\" data-e-type=\"widget\" data-widget_type=\"spacer.default\">\n\t\t\t\t<div class=\"elementor-widget-container\">\n\t\t\t\t\t\t\t<div class=\"elementor-spacer\">\n\t\t\t<div class=\"elementor-spacer-inner\"><\/div>\n\t\t<\/div>\n\t\t\t\t\t\t<\/div>\n\t\t\t\t<\/div>\n\t\t\t\t<div class=\"elementor-element elementor-element-7cad696 elementor-widget elementor-widget-heading\" data-id=\"7cad696\" data-element_type=\"widget\" data-e-type=\"widget\" data-widget_type=\"heading.default\">\n\t\t\t\t<div class=\"elementor-widget-container\">\n\t\t\t\t\t<h2 class=\"elementor-heading-title elementor-size-large\">Built on Auramarine\u2019s technical fuel supply system expertise<\/h2>\t\t\t\t<\/div>\n\t\t\t\t<\/div>\n\t\t\t\t<div class=\"elementor-element elementor-element-5955db7 elementor-widget elementor-widget-text-editor\" data-id=\"5955db7\" data-element_type=\"widget\" data-e-type=\"widget\" data-widget_type=\"text-editor.default\">\n\t\t\t\t<div class=\"elementor-widget-container\">\n\t\t\t\t\t\t\t\t\t<p class=\"translation-block\">The methanol fuel supply unit is designed based on the technical capabilities of our advanced \nfuel supply management systems. On this solid foundation, we have built expert knowledge \nabout methanol fuel system requirements in dialogue with leading engine makers and ship \nowners.<\/p>\t\t\t\t\t\t\t\t<\/div>\n\t\t\t\t<\/div>\n\t\t\t\t\t<\/div>\n\t\t<\/div>\n\t\t\t\t\t<\/div>\n\t\t<\/section>\n\t\t\t\t<section class=\"elementor-section elementor-top-section elementor-element elementor-element-42b6d27 elementor-section-boxed elementor-section-height-default elementor-section-height-default\" data-id=\"42b6d27\" data-element_type=\"section\" data-e-type=\"section\">\n\t\t\t\t\t\t<div class=\"elementor-container elementor-column-gap-default\">\n\t\t\t\t\t<div class=\"elementor-column elementor-col-50 elementor-top-column elementor-element elementor-element-4990aca\" data-id=\"4990aca\" data-element_type=\"column\" data-e-type=\"column\">\n\t\t\t<div class=\"elementor-widget-wrap elementor-element-populated\">\n\t\t\t\t\t\t<div class=\"elementor-element elementor-element-3ce7c06 elementor-widget elementor-widget-image\" data-id=\"3ce7c06\" data-element_type=\"widget\" data-e-type=\"widget\" data-widget_type=\"image.default\">\n\t\t\t\t<div class=\"elementor-widget-container\">\n\t\t\t\t\t\t\t\t\t\t\t\t\t\t\t<img fetchpriority=\"high\" decoding=\"async\" width=\"779\" height=\"510\" src=\"https:\/\/www.hagedorn-products.de\/wp-content\/uploads\/2022\/03\/Screenshot-2022-03-24-100651.png\" class=\"attachment-large size-large wp-image-1368\" alt=\"\" srcset=\"https:\/\/www.hagedorn-products.de\/wp-content\/uploads\/2022\/03\/Screenshot-2022-03-24-100651.png 779w, https:\/\/www.hagedorn-products.de\/wp-content\/uploads\/2022\/03\/Screenshot-2022-03-24-100651-300x196.png 300w, https:\/\/www.hagedorn-products.de\/wp-content\/uploads\/2022\/03\/Screenshot-2022-03-24-100651-768x503.png 768w\" sizes=\"(max-width: 779px) 100vw, 779px\" \/>\t\t\t\t\t\t\t\t\t\t\t\t\t\t\t<\/div>\n\t\t\t\t<\/div>\n\t\t\t\t\t<\/div>\n\t\t<\/div>\n\t\t\t\t<div class=\"elementor-column elementor-col-50 elementor-top-column elementor-element elementor-element-94abf7e\" data-id=\"94abf7e\" data-element_type=\"column\" data-e-type=\"column\">\n\t\t\t<div class=\"elementor-widget-wrap elementor-element-populated\">\n\t\t\t\t\t\t<div class=\"elementor-element elementor-element-95520b7 elementor-widget elementor-widget-image\" data-id=\"95520b7\" data-element_type=\"widget\" data-e-type=\"widget\" data-widget_type=\"image.default\">\n\t\t\t\t<div class=\"elementor-widget-container\">\n\t\t\t\t\t\t\t\t\t\t\t\t\t\t\t<img decoding=\"async\" width=\"809\" height=\"486\" src=\"https:\/\/www.hagedorn-products.de\/wp-content\/uploads\/2022\/03\/Screenshot-2022-03-24-100629.png\" class=\"attachment-large size-large wp-image-1367\" alt=\"\" srcset=\"https:\/\/www.hagedorn-products.de\/wp-content\/uploads\/2022\/03\/Screenshot-2022-03-24-100629.png 809w, https:\/\/www.hagedorn-products.de\/wp-content\/uploads\/2022\/03\/Screenshot-2022-03-24-100629-300x180.png 300w, https:\/\/www.hagedorn-products.de\/wp-content\/uploads\/2022\/03\/Screenshot-2022-03-24-100629-768x461.png 768w\" sizes=\"(max-width: 809px) 100vw, 809px\" \/>\t\t\t\t\t\t\t\t\t\t\t\t\t\t\t<\/div>\n\t\t\t\t<\/div>\n\t\t\t\t\t<\/div>\n\t\t<\/div>\n\t\t\t\t\t<\/div>\n\t\t<\/section>\n\t\t\t\t<section class=\"elementor-section elementor-top-section elementor-element elementor-element-1fcb9b3 elementor-section-full_width elementor-section-height-default elementor-section-height-default\" data-id=\"1fcb9b3\" data-element_type=\"section\" data-e-type=\"section\">\n\t\t\t\t\t\t<div class=\"elementor-container elementor-column-gap-default\">\n\t\t\t\t\t<div class=\"elementor-column elementor-col-100 elementor-top-column elementor-element elementor-element-970d859\" data-id=\"970d859\" data-element_type=\"column\" data-e-type=\"column\">\n\t\t\t<div class=\"elementor-widget-wrap elementor-element-populated\">\n\t\t\t\t\t\t<div class=\"elementor-element elementor-element-c2b5d70 elementor-widget elementor-widget-spacer\" data-id=\"c2b5d70\" data-element_type=\"widget\" data-e-type=\"widget\" data-widget_type=\"spacer.default\">\n\t\t\t\t<div class=\"elementor-widget-container\">\n\t\t\t\t\t\t\t<div class=\"elementor-spacer\">\n\t\t\t<div class=\"elementor-spacer-inner\"><\/div>\n\t\t<\/div>\n\t\t\t\t\t\t<\/div>\n\t\t\t\t<\/div>\n\t\t\t\t<div class=\"elementor-element elementor-element-70f87df elementor-widget elementor-widget-text-editor\" data-id=\"70f87df\" data-element_type=\"widget\" data-e-type=\"widget\" data-widget_type=\"text-editor.default\">\n\t\t\t\t<div class=\"elementor-widget-container\">\n\t\t\t\t\t\t\t\t\t<p>Auramarine\u2019s methanol fuel supply unit is suitable for both two-stroke and four-stroke engines.<\/p><p>Our unit supplies methanol from the service tank to the engines and other methanol consumers.<\/p><p>It regulates fuel pressure and actively maintains the supply pressure within the specified tolerances during load changes. It also regulates the fuel temperature and filtrates the fuel to prevent any impurities from entering the fuel consumer.<\/p>\t\t\t\t\t\t\t\t<\/div>\n\t\t\t\t<\/div>\n\t\t\t\t\t<\/div>\n\t\t<\/div>\n\t\t\t\t\t<\/div>\n\t\t<\/section>\n\t\t\t\t<section class=\"elementor-section elementor-top-section elementor-element elementor-element-f099a27 elementor-section-full_width elementor-section-height-default elementor-section-height-default\" data-id=\"f099a27\" data-element_type=\"section\" data-e-type=\"section\">\n\t\t\t\t\t\t<div class=\"elementor-container elementor-column-gap-default\">\n\t\t\t\t\t<div class=\"elementor-column elementor-col-50 elementor-top-column elementor-element elementor-element-3c7c8ed\" data-id=\"3c7c8ed\" data-element_type=\"column\" data-e-type=\"column\">\n\t\t\t<div class=\"elementor-widget-wrap elementor-element-populated\">\n\t\t\t\t\t\t<div class=\"elementor-element elementor-element-aecc945 elementor-widget elementor-widget-heading\" data-id=\"aecc945\" data-element_type=\"widget\" data-e-type=\"widget\" data-widget_type=\"heading.default\">\n\t\t\t\t<div class=\"elementor-widget-container\">\n\t\t\t\t\t<h2 class=\"elementor-heading-title elementor-size-large\">Benefits for shipyard and  installation<\/h2>\t\t\t\t<\/div>\n\t\t\t\t<\/div>\n\t\t\t\t<div class=\"elementor-element elementor-element-3deed7e elementor-widget elementor-widget-text-editor\" data-id=\"3deed7e\" data-element_type=\"widget\" data-e-type=\"widget\" data-widget_type=\"text-editor.default\">\n\t\t\t\t<div class=\"elementor-widget-container\">\n\t\t\t\t\t\t\t\t\t<p><span style=\"font-size: 1.05rem;\">- Clear, modular and installation-friendly designs<\/span><\/p><p>- Pre-tested units shorten installation and commissioning times<\/p><p>- Classification certificate is delivered for the full fuel supply unit<\/p><p>- The design can be optimised for the exact space available<\/p>\t\t\t\t\t\t\t\t<\/div>\n\t\t\t\t<\/div>\n\t\t\t\t\t<\/div>\n\t\t<\/div>\n\t\t\t\t<div class=\"elementor-column elementor-col-50 elementor-top-column elementor-element elementor-element-3aa6303\" data-id=\"3aa6303\" data-element_type=\"column\" data-e-type=\"column\">\n\t\t\t<div class=\"elementor-widget-wrap elementor-element-populated\">\n\t\t\t\t\t\t<div class=\"elementor-element elementor-element-82c490a elementor-widget elementor-widget-heading\" data-id=\"82c490a\" data-element_type=\"widget\" data-e-type=\"widget\" data-widget_type=\"heading.default\">\n\t\t\t\t<div class=\"elementor-widget-container\">\n\t\t\t\t\t<h2 class=\"elementor-heading-title elementor-size-large\">Benefits in operation<\/h2>\t\t\t\t<\/div>\n\t\t\t\t<\/div>\n\t\t\t\t<div class=\"elementor-element elementor-element-d4d6d80 elementor-widget elementor-widget-text-editor\" data-id=\"d4d6d80\" data-element_type=\"widget\" data-e-type=\"widget\" data-widget_type=\"text-editor.default\">\n\t\t\t\t<div class=\"elementor-widget-container\">\n\t\t\t\t\t\t\t\t\t<p class=\"translation-block\">- Consistent, high-quality design and components ensure reliable and safe operation<\/p><p>- Duplex filter enables filter replacement when unit is in operation<\/p><p>- Fuel consumption metering is available via flow meter<\/p><p>- Spare part services ensures the availability of right parts at right time<\/p>\t\t\t\t\t\t\t\t<\/div>\n\t\t\t\t<\/div>\n\t\t\t\t\t<\/div>\n\t\t<\/div>\n\t\t\t\t\t<\/div>\n\t\t<\/section>\n\t\t\t\t<section class=\"elementor-section elementor-top-section elementor-element elementor-element-1599cbf elementor-section-full_width elementor-section-height-default elementor-section-height-default\" data-id=\"1599cbf\" data-element_type=\"section\" data-e-type=\"section\">\n\t\t\t\t\t\t<div class=\"elementor-container elementor-column-gap-default\">\n\t\t\t\t\t<div class=\"elementor-column elementor-col-100 elementor-top-column elementor-element elementor-element-25c5e7c\" data-id=\"25c5e7c\" data-element_type=\"column\" data-e-type=\"column\">\n\t\t\t<div class=\"elementor-widget-wrap elementor-element-populated\">\n\t\t\t\t\t\t<div class=\"elementor-element elementor-element-435391c elementor-widget elementor-widget-spacer\" data-id=\"435391c\" data-element_type=\"widget\" data-e-type=\"widget\" data-widget_type=\"spacer.default\">\n\t\t\t\t<div class=\"elementor-widget-container\">\n\t\t\t\t\t\t\t<div class=\"elementor-spacer\">\n\t\t\t<div class=\"elementor-spacer-inner\"><\/div>\n\t\t<\/div>\n\t\t\t\t\t\t<\/div>\n\t\t\t\t<\/div>\n\t\t\t\t<div class=\"elementor-element elementor-element-7f5ba0a elementor-widget elementor-widget-heading\" data-id=\"7f5ba0a\" data-element_type=\"widget\" data-e-type=\"widget\" data-widget_type=\"heading.default\">\n\t\t\t\t<div class=\"elementor-widget-container\">\n\t\t\t\t\t<h2 class=\"elementor-heading-title elementor-size-large\">Safety<\/h2>\t\t\t\t<\/div>\n\t\t\t\t<\/div>\n\t\t\t\t<div class=\"elementor-element elementor-element-d527d61 elementor-widget elementor-widget-text-editor\" data-id=\"d527d61\" data-element_type=\"widget\" data-e-type=\"widget\" data-widget_type=\"text-editor.default\">\n\t\t\t\t<div class=\"elementor-widget-container\">\n\t\t\t\t\t\t\t\t\t<p><span style=\"font-size: 1.05rem;\">Methanol is toxic and a low flashpoint fuel. Therefore, the fuel supply unit must be designed to meet \nthe strict safety requirements for materials, components, assembly, operation and maintenance:<\/span><\/p><p>- All fuel supply system materials and manufacturing procedures are designed suitable for methanol service and for the specifications of a particular application<\/p><p class=\"translation-block\">- The unit, its components &amp; electrical equipment is designed to be installed in closed and Ex rated hazardous areas. All IECEx &amp; Health &amp; Safety Guidelines (HSE) have been taken into account<\/p><p class=\"translation-block\">- The unit has a self-draining mechanical design, nitrogen inerting, and double block and bleed arrangement for all serviceable methanol line segments<\/p><p>- The electrical cabinets, control panels and variable frequency drives are designed to be placed separately to safe area<\/p>\t\t\t\t\t\t\t\t<\/div>\n\t\t\t\t<\/div>\n\t\t\t\t\t<\/div>\n\t\t<\/div>\n\t\t\t\t\t<\/div>\n\t\t<\/section>\n\t\t\t\t<\/div>","protected":false},"excerpt":{"rendered":"<p>Methanol-Kraftstoffversorgungseinheiten Methanol ist einer der praktikabelsten Schiffskraftstoffe, um Treibhausgasemissionen zu reduzieren und der Schifffahrtsindustrie dabei zu helfen, die Dekarbonisierungsziele zu erreichen. Tats\u00e4chlich ist durch die Verwendung von \u201egr\u00fcnem Methanol\u201c eine vollst\u00e4ndige CO2-Neutralit\u00e4t m\u00f6glich. Methanol reduziert nicht nur CO2, sondern auch SOx, NOx und Feinstaub, also ist es eine wirklich nachhaltige L\u00f6sung. Mit Blick auf den [&hellip;]<\/p>\n","protected":false},"author":1,"featured_media":0,"parent":0,"menu_order":0,"comment_status":"closed","ping_status":"closed","template":"elementor_header_footer","meta":{"footnotes":""},"class_list":["post-1357","page","type-page","status-publish","hentry"],"yoast_head":"<!-- This site is optimized with the Yoast SEO plugin v27.2 - https:\/\/yoast.com\/product\/yoast-seo-wordpress\/ -->\n<title>Methanol-Kraftstoffversorgungseinheiten - HAGEDORN Products &amp; Systems GmbH<\/title>\n<meta name=\"robots\" content=\"index, follow, max-snippet:-1, max-image-preview:large, max-video-preview:-1\" \/>\n<link rel=\"canonical\" href=\"https:\/\/www.hagedorn-products.de\/en\/methanol-kraftstoffversorgungseinheiten\/\" \/>\n<meta property=\"og:locale\" content=\"en_US\" \/>\n<meta property=\"og:type\" content=\"article\" \/>\n<meta property=\"og:title\" content=\"Methanol-Kraftstoffversorgungseinheiten - HAGEDORN Products &amp; Systems GmbH\" \/>\n<meta property=\"og:description\" content=\"Methanol-Kraftstoffversorgungseinheiten Methanol ist einer der praktikabelsten Schiffskraftstoffe, um Treibhausgasemissionen zu reduzieren und der Schifffahrtsindustrie dabei zu helfen, die Dekarbonisierungsziele zu erreichen. Tats\u00e4chlich ist durch die Verwendung von \u201egr\u00fcnem Methanol\u201c eine vollst\u00e4ndige CO2-Neutralit\u00e4t m\u00f6glich. Methanol reduziert nicht nur CO2, sondern auch SOx, NOx und Feinstaub, also ist es eine wirklich nachhaltige L\u00f6sung. Mit Blick auf den [&hellip;]\" \/>\n<meta property=\"og:url\" content=\"https:\/\/www.hagedorn-products.de\/en\/methanol-kraftstoffversorgungseinheiten\/\" \/>\n<meta property=\"og:site_name\" content=\"HAGEDORN Products &amp; Systems GmbH\" \/>\n<meta property=\"article:modified_time\" content=\"2022-03-29T07:40:28+00:00\" \/>\n<meta property=\"og:image\" content=\"http:\/\/www.hagedorn-products.de\/wp-content\/uploads\/2022\/03\/Screenshot-2022-03-24-100651.png\" \/>\n<meta name=\"twitter:card\" content=\"summary_large_image\" \/>\n<meta name=\"twitter:label1\" content=\"Est. reading time\" \/>\n\t<meta name=\"twitter:data1\" content=\"2 minutes\" \/>\n<script type=\"application\/ld+json\" class=\"yoast-schema-graph\">{\"@context\":\"https:\/\/schema.org\",\"@graph\":[{\"@type\":\"WebPage\",\"@id\":\"https:\/\/www.hagedorn-products.de\/methanol-kraftstoffversorgungseinheiten\/\",\"url\":\"https:\/\/www.hagedorn-products.de\/methanol-kraftstoffversorgungseinheiten\/\",\"name\":\"Methanol-Kraftstoffversorgungseinheiten - HAGEDORN Products &amp; Systems GmbH\",\"isPartOf\":{\"@id\":\"https:\/\/www.hagedorn-products.de\/#website\"},\"primaryImageOfPage\":{\"@id\":\"https:\/\/www.hagedorn-products.de\/methanol-kraftstoffversorgungseinheiten\/#primaryimage\"},\"image\":{\"@id\":\"https:\/\/www.hagedorn-products.de\/methanol-kraftstoffversorgungseinheiten\/#primaryimage\"},\"thumbnailUrl\":\"http:\/\/www.hagedorn-products.de\/wp-content\/uploads\/2022\/03\/Screenshot-2022-03-24-100651.png\",\"datePublished\":\"2022-03-24T09:26:17+00:00\",\"dateModified\":\"2022-03-29T07:40:28+00:00\",\"breadcrumb\":{\"@id\":\"https:\/\/www.hagedorn-products.de\/methanol-kraftstoffversorgungseinheiten\/#breadcrumb\"},\"inLanguage\":\"en-US\",\"potentialAction\":[{\"@type\":\"ReadAction\",\"target\":[\"https:\/\/www.hagedorn-products.de\/methanol-kraftstoffversorgungseinheiten\/\"]}]},{\"@type\":\"ImageObject\",\"inLanguage\":\"en-US\",\"@id\":\"https:\/\/www.hagedorn-products.de\/methanol-kraftstoffversorgungseinheiten\/#primaryimage\",\"url\":\"http:\/\/www.hagedorn-products.de\/wp-content\/uploads\/2022\/03\/Screenshot-2022-03-24-100651.png\",\"contentUrl\":\"http:\/\/www.hagedorn-products.de\/wp-content\/uploads\/2022\/03\/Screenshot-2022-03-24-100651.png\"},{\"@type\":\"BreadcrumbList\",\"@id\":\"https:\/\/www.hagedorn-products.de\/methanol-kraftstoffversorgungseinheiten\/#breadcrumb\",\"itemListElement\":[{\"@type\":\"ListItem\",\"position\":1,\"name\":\"Startseite\",\"item\":\"https:\/\/www.hagedorn-products.de\/\"},{\"@type\":\"ListItem\",\"position\":2,\"name\":\"Methanol-Kraftstoffversorgungseinheiten\"}]},{\"@type\":\"WebSite\",\"@id\":\"https:\/\/www.hagedorn-products.de\/#website\",\"url\":\"https:\/\/www.hagedorn-products.de\/\",\"name\":\"HAGEDORN Products & Systems GmbH\",\"description\":\"\",\"potentialAction\":[{\"@type\":\"SearchAction\",\"target\":{\"@type\":\"EntryPoint\",\"urlTemplate\":\"https:\/\/www.hagedorn-products.de\/?s={search_term_string}\"},\"query-input\":{\"@type\":\"PropertyValueSpecification\",\"valueRequired\":true,\"valueName\":\"search_term_string\"}}],\"inLanguage\":\"en-US\"}]}<\/script>\n<!-- \/ Yoast SEO plugin. -->","yoast_head_json":{"title":"Methanol-Kraftstoffversorgungseinheiten - HAGEDORN Products &amp; Systems GmbH","robots":{"index":"index","follow":"follow","max-snippet":"max-snippet:-1","max-image-preview":"max-image-preview:large","max-video-preview":"max-video-preview:-1"},"canonical":"https:\/\/www.hagedorn-products.de\/en\/methanol-kraftstoffversorgungseinheiten\/","og_locale":"en_US","og_type":"article","og_title":"Methanol-Kraftstoffversorgungseinheiten - HAGEDORN Products &amp; Systems GmbH","og_description":"Methanol-Kraftstoffversorgungseinheiten Methanol ist einer der praktikabelsten Schiffskraftstoffe, um Treibhausgasemissionen zu reduzieren und der Schifffahrtsindustrie dabei zu helfen, die Dekarbonisierungsziele zu erreichen. Tats\u00e4chlich ist durch die Verwendung von \u201egr\u00fcnem Methanol\u201c eine vollst\u00e4ndige CO2-Neutralit\u00e4t m\u00f6glich. Methanol reduziert nicht nur CO2, sondern auch SOx, NOx und Feinstaub, also ist es eine wirklich nachhaltige L\u00f6sung. Mit Blick auf den [&hellip;]","og_url":"https:\/\/www.hagedorn-products.de\/en\/methanol-kraftstoffversorgungseinheiten\/","og_site_name":"HAGEDORN Products &amp; Systems GmbH","article_modified_time":"2022-03-29T07:40:28+00:00","og_image":[{"url":"http:\/\/www.hagedorn-products.de\/wp-content\/uploads\/2022\/03\/Screenshot-2022-03-24-100651.png","type":"","width":"","height":""}],"twitter_card":"summary_large_image","twitter_misc":{"Est. reading time":"2 minutes"},"schema":{"@context":"https:\/\/schema.org","@graph":[{"@type":"WebPage","@id":"https:\/\/www.hagedorn-products.de\/methanol-kraftstoffversorgungseinheiten\/","url":"https:\/\/www.hagedorn-products.de\/methanol-kraftstoffversorgungseinheiten\/","name":"Methanol-Kraftstoffversorgungseinheiten - HAGEDORN Products &amp; Systems GmbH","isPartOf":{"@id":"https:\/\/www.hagedorn-products.de\/#website"},"primaryImageOfPage":{"@id":"https:\/\/www.hagedorn-products.de\/methanol-kraftstoffversorgungseinheiten\/#primaryimage"},"image":{"@id":"https:\/\/www.hagedorn-products.de\/methanol-kraftstoffversorgungseinheiten\/#primaryimage"},"thumbnailUrl":"http:\/\/www.hagedorn-products.de\/wp-content\/uploads\/2022\/03\/Screenshot-2022-03-24-100651.png","datePublished":"2022-03-24T09:26:17+00:00","dateModified":"2022-03-29T07:40:28+00:00","breadcrumb":{"@id":"https:\/\/www.hagedorn-products.de\/methanol-kraftstoffversorgungseinheiten\/#breadcrumb"},"inLanguage":"en-US","potentialAction":[{"@type":"ReadAction","target":["https:\/\/www.hagedorn-products.de\/methanol-kraftstoffversorgungseinheiten\/"]}]},{"@type":"ImageObject","inLanguage":"en-US","@id":"https:\/\/www.hagedorn-products.de\/methanol-kraftstoffversorgungseinheiten\/#primaryimage","url":"http:\/\/www.hagedorn-products.de\/wp-content\/uploads\/2022\/03\/Screenshot-2022-03-24-100651.png","contentUrl":"http:\/\/www.hagedorn-products.de\/wp-content\/uploads\/2022\/03\/Screenshot-2022-03-24-100651.png"},{"@type":"BreadcrumbList","@id":"https:\/\/www.hagedorn-products.de\/methanol-kraftstoffversorgungseinheiten\/#breadcrumb","itemListElement":[{"@type":"ListItem","position":1,"name":"Startseite","item":"https:\/\/www.hagedorn-products.de\/"},{"@type":"ListItem","position":2,"name":"Methanol-Kraftstoffversorgungseinheiten"}]},{"@type":"WebSite","@id":"https:\/\/www.hagedorn-products.de\/#website","url":"https:\/\/www.hagedorn-products.de\/","name":"HAGEDORN Products & Systems GmbH","description":"","potentialAction":[{"@type":"SearchAction","target":{"@type":"EntryPoint","urlTemplate":"https:\/\/www.hagedorn-products.de\/?s={search_term_string}"},"query-input":{"@type":"PropertyValueSpecification","valueRequired":true,"valueName":"search_term_string"}}],"inLanguage":"en-US"}]}},"_links":{"self":[{"href":"https:\/\/www.hagedorn-products.de\/en\/wp-json\/wp\/v2\/pages\/1357","targetHints":{"allow":["GET"]}}],"collection":[{"href":"https:\/\/www.hagedorn-products.de\/en\/wp-json\/wp\/v2\/pages"}],"about":[{"href":"https:\/\/www.hagedorn-products.de\/en\/wp-json\/wp\/v2\/types\/page"}],"author":[{"embeddable":true,"href":"https:\/\/www.hagedorn-products.de\/en\/wp-json\/wp\/v2\/users\/1"}],"replies":[{"embeddable":true,"href":"https:\/\/www.hagedorn-products.de\/en\/wp-json\/wp\/v2\/comments?post=1357"}],"version-history":[{"count":9,"href":"https:\/\/www.hagedorn-products.de\/en\/wp-json\/wp\/v2\/pages\/1357\/revisions"}],"predecessor-version":[{"id":1414,"href":"https:\/\/www.hagedorn-products.de\/en\/wp-json\/wp\/v2\/pages\/1357\/revisions\/1414"}],"wp:attachment":[{"href":"https:\/\/www.hagedorn-products.de\/en\/wp-json\/wp\/v2\/media?parent=1357"}],"curies":[{"name":"wp","href":"https:\/\/api.w.org\/{rel}","templated":true}]}}