{"id":1355,"date":"2022-03-24T09:24:38","date_gmt":"2022-03-24T09:24:38","guid":{"rendered":"http:\/\/www.hagedorn-products.de\/?page_id=1355"},"modified":"2022-03-29T07:47:31","modified_gmt":"2022-03-29T07:47:31","slug":"kuehler-aus-aluminium","status":"publish","type":"page","link":"https:\/\/www.hagedorn-products.de\/en\/kuehler-aus-aluminium\/","title":{"rendered":"Aluminum coolers"},"content":{"rendered":"<div data-elementor-type=\"wp-post\" data-elementor-id=\"1355\" class=\"elementor elementor-1355\">\n\t\t\t\t\t\t<section class=\"elementor-section elementor-top-section elementor-element elementor-element-3ffad00 elementor-section-full_width elementor-section-height-default elementor-section-height-default\" data-id=\"3ffad00\" data-element_type=\"section\" data-e-type=\"section\">\n\t\t\t\t\t\t<div class=\"elementor-container elementor-column-gap-default\">\n\t\t\t\t\t<div class=\"elementor-column elementor-col-100 elementor-top-column elementor-element elementor-element-d24f449\" data-id=\"d24f449\" data-element_type=\"column\" data-e-type=\"column\">\n\t\t\t<div class=\"elementor-widget-wrap elementor-element-populated\">\n\t\t\t\t\t\t<section class=\"elementor-section elementor-inner-section elementor-element elementor-element-eb97d60 elementor-section-full_width elementor-section-height-default elementor-section-height-default\" data-id=\"eb97d60\" data-element_type=\"section\" data-e-type=\"section\">\n\t\t\t\t\t\t<div class=\"elementor-container elementor-column-gap-default\">\n\t\t\t\t\t<div class=\"elementor-column elementor-col-50 elementor-inner-column elementor-element elementor-element-bdbc1cd\" data-id=\"bdbc1cd\" data-element_type=\"column\" data-e-type=\"column\">\n\t\t\t<div class=\"elementor-widget-wrap elementor-element-populated\">\n\t\t\t\t\t\t<div class=\"elementor-element elementor-element-d0f7098 elementor-widget elementor-widget-heading\" data-id=\"d0f7098\" data-element_type=\"widget\" data-e-type=\"widget\" data-widget_type=\"heading.default\">\n\t\t\t\t<div class=\"elementor-widget-container\">\n\t\t\t\t\t<h2 class=\"elementor-heading-title elementor-size-default\">Aluminum coolers<\/h2>\t\t\t\t<\/div>\n\t\t\t\t<\/div>\n\t\t\t\t<div class=\"elementor-element elementor-element-8aa50b3 elementor-widget elementor-widget-text-editor\" data-id=\"8aa50b3\" data-element_type=\"widget\" data-e-type=\"widget\" data-widget_type=\"text-editor.default\">\n\t\t\t\t<div class=\"elementor-widget-container\">\n\t\t\t\t\t\t\t\t\t<p>Aluminum coolers are widely used for the cooling of oil, hydraulic fluids, water or compressed Air. Aluminum coolers are engineered to meet high specifications and technical requirements by using the Bar &amp; Plate technology. We offer a flexible bar and plate coolers range , which allows us to be able to manufacture countless core combinations and sizes, even custom designed to your exact requirements.<\/p><p>All sizes are available on inquiry and optimized to specific process requirements.<\/p><p>Materials are sourced from reputable EU manufacturers and material thickness is higher than that required by the relevant design code. The heat exchanger is designed to have a long service life. The whole cooler is 100% high quality Aluminum.<\/p><p>Industry leading heat exchanger software is used to find the required heat exchanger dimensions based on customer requirements. Each heat exchanger is made to order, therefore engineered with an optimized thermal and mechanical design.<\/p>\t\t\t\t\t\t\t\t<\/div>\n\t\t\t\t<\/div>\n\t\t\t\t\t<\/div>\n\t\t<\/div>\n\t\t\t\t<div class=\"elementor-column elementor-col-50 elementor-inner-column elementor-element elementor-element-af72965\" data-id=\"af72965\" data-element_type=\"column\" data-e-type=\"column\">\n\t\t\t<div class=\"elementor-widget-wrap elementor-element-populated\">\n\t\t\t\t\t\t<div class=\"elementor-element elementor-element-8b2c10e elementor-widget elementor-widget-spacer\" data-id=\"8b2c10e\" data-element_type=\"widget\" data-e-type=\"widget\" data-widget_type=\"spacer.default\">\n\t\t\t\t<div class=\"elementor-widget-container\">\n\t\t\t\t\t\t\t<div class=\"elementor-spacer\">\n\t\t\t<div class=\"elementor-spacer-inner\"><\/div>\n\t\t<\/div>\n\t\t\t\t\t\t<\/div>\n\t\t\t\t<\/div>\n\t\t\t\t<div class=\"elementor-element elementor-element-8317914 elementor-widget elementor-widget-image\" data-id=\"8317914\" data-element_type=\"widget\" data-e-type=\"widget\" data-widget_type=\"image.default\">\n\t\t\t\t<div class=\"elementor-widget-container\">\n\t\t\t\t\t\t\t\t\t\t\t\t\t\t\t<img fetchpriority=\"high\" decoding=\"async\" width=\"282\" height=\"339\" src=\"http:\/\/www.hagedorn-products.de\/wp-content\/uploads\/2022\/03\/Screenshot-2022-03-24-095600.png\" class=\"attachment-large size-large wp-image-1371\" alt=\"\" srcset=\"http:\/\/www.hagedorn-products.de\/wp-content\/uploads\/2022\/03\/Screenshot-2022-03-24-095600.png 282w, http:\/\/www.hagedorn-products.de\/wp-content\/uploads\/2022\/03\/Screenshot-2022-03-24-095600-250x300.png 250w\" sizes=\"(max-width: 282px) 100vw, 282px\" \/>\t\t\t\t\t\t\t\t\t\t\t\t\t\t\t<\/div>\n\t\t\t\t<\/div>\n\t\t\t\t\t<\/div>\n\t\t<\/div>\n\t\t\t\t\t<\/div>\n\t\t<\/section>\n\t\t\t\t\t<\/div>\n\t\t<\/div>\n\t\t\t\t\t<\/div>\n\t\t<\/section>\n\t\t\t\t<\/div>","protected":false},"excerpt":{"rendered":"<p>K\u00fchler aus Aluminium Aluminiumk\u00fchler werden h\u00e4ufig zum K\u00fchlen von \u00d6l, Hydraulikfl\u00fcssigkeiten, Wasser oder Druckluft verwendet. Aluminiumk\u00fchler werden unter Verwendung der Bar &amp; Plate-Technologie entwickelt, um hohe Spezifikationen und technische Anforderungen zu erf\u00fcllen. Wir bieten ein flexibles Sortiment an Stangen- und Plattenk\u00fchlern an, das uns erm\u00f6glicht, unz\u00e4hlige Kernkombinationen und -gr\u00f6\u00dfen herzustellen, sogar kundenspezifisch nach Ihren genauen [&hellip;]<\/p>\n","protected":false},"author":1,"featured_media":0,"parent":0,"menu_order":0,"comment_status":"closed","ping_status":"closed","template":"elementor_header_footer","meta":{"footnotes":""},"class_list":["post-1355","page","type-page","status-publish","hentry"],"yoast_head":"<!-- This site is optimized with the Yoast SEO plugin v27.2 - https:\/\/yoast.com\/product\/yoast-seo-wordpress\/ -->\n<title>K\u00fchler aus Aluminium - HAGEDORN Products &amp; Systems GmbH<\/title>\n<meta name=\"robots\" content=\"index, follow, max-snippet:-1, max-image-preview:large, max-video-preview:-1\" \/>\n<link rel=\"canonical\" href=\"https:\/\/www.hagedorn-products.de\/en\/kuehler-aus-aluminium\/\" \/>\n<meta property=\"og:locale\" content=\"en_US\" \/>\n<meta property=\"og:type\" content=\"article\" \/>\n<meta property=\"og:title\" content=\"K\u00fchler aus Aluminium - HAGEDORN Products &amp; Systems GmbH\" \/>\n<meta property=\"og:description\" content=\"K\u00fchler aus Aluminium Aluminiumk\u00fchler werden h\u00e4ufig zum K\u00fchlen von \u00d6l, Hydraulikfl\u00fcssigkeiten, Wasser oder Druckluft verwendet. Aluminiumk\u00fchler werden unter Verwendung der Bar &amp; Plate-Technologie entwickelt, um hohe Spezifikationen und technische Anforderungen zu erf\u00fcllen. Wir bieten ein flexibles Sortiment an Stangen- und Plattenk\u00fchlern an, das uns erm\u00f6glicht, unz\u00e4hlige Kernkombinationen und -gr\u00f6\u00dfen herzustellen, sogar kundenspezifisch nach Ihren genauen [&hellip;]\" \/>\n<meta property=\"og:url\" content=\"https:\/\/www.hagedorn-products.de\/en\/kuehler-aus-aluminium\/\" \/>\n<meta property=\"og:site_name\" content=\"HAGEDORN Products &amp; Systems GmbH\" \/>\n<meta property=\"article:modified_time\" content=\"2022-03-29T07:47:31+00:00\" \/>\n<meta property=\"og:image\" content=\"http:\/\/www.hagedorn-products.de\/wp-content\/uploads\/2022\/03\/Screenshot-2022-03-24-095600.png\" \/>\n<meta name=\"twitter:card\" content=\"summary_large_image\" \/>\n<meta name=\"twitter:label1\" content=\"Est. reading time\" \/>\n\t<meta name=\"twitter:data1\" content=\"1 minute\" \/>\n<script type=\"application\/ld+json\" class=\"yoast-schema-graph\">{\"@context\":\"https:\/\/schema.org\",\"@graph\":[{\"@type\":\"WebPage\",\"@id\":\"https:\/\/www.hagedorn-products.de\/kuehler-aus-aluminium\/\",\"url\":\"https:\/\/www.hagedorn-products.de\/kuehler-aus-aluminium\/\",\"name\":\"K\u00fchler aus Aluminium - HAGEDORN Products &amp; Systems GmbH\",\"isPartOf\":{\"@id\":\"https:\/\/www.hagedorn-products.de\/#website\"},\"primaryImageOfPage\":{\"@id\":\"https:\/\/www.hagedorn-products.de\/kuehler-aus-aluminium\/#primaryimage\"},\"image\":{\"@id\":\"https:\/\/www.hagedorn-products.de\/kuehler-aus-aluminium\/#primaryimage\"},\"thumbnailUrl\":\"http:\/\/www.hagedorn-products.de\/wp-content\/uploads\/2022\/03\/Screenshot-2022-03-24-095600.png\",\"datePublished\":\"2022-03-24T09:24:38+00:00\",\"dateModified\":\"2022-03-29T07:47:31+00:00\",\"breadcrumb\":{\"@id\":\"https:\/\/www.hagedorn-products.de\/kuehler-aus-aluminium\/#breadcrumb\"},\"inLanguage\":\"en-US\",\"potentialAction\":[{\"@type\":\"ReadAction\",\"target\":[\"https:\/\/www.hagedorn-products.de\/kuehler-aus-aluminium\/\"]}]},{\"@type\":\"ImageObject\",\"inLanguage\":\"en-US\",\"@id\":\"https:\/\/www.hagedorn-products.de\/kuehler-aus-aluminium\/#primaryimage\",\"url\":\"http:\/\/www.hagedorn-products.de\/wp-content\/uploads\/2022\/03\/Screenshot-2022-03-24-095600.png\",\"contentUrl\":\"http:\/\/www.hagedorn-products.de\/wp-content\/uploads\/2022\/03\/Screenshot-2022-03-24-095600.png\"},{\"@type\":\"BreadcrumbList\",\"@id\":\"https:\/\/www.hagedorn-products.de\/kuehler-aus-aluminium\/#breadcrumb\",\"itemListElement\":[{\"@type\":\"ListItem\",\"position\":1,\"name\":\"Startseite\",\"item\":\"https:\/\/www.hagedorn-products.de\/\"},{\"@type\":\"ListItem\",\"position\":2,\"name\":\"K\u00fchler aus Aluminium\"}]},{\"@type\":\"WebSite\",\"@id\":\"https:\/\/www.hagedorn-products.de\/#website\",\"url\":\"https:\/\/www.hagedorn-products.de\/\",\"name\":\"HAGEDORN Products & Systems GmbH\",\"description\":\"\",\"potentialAction\":[{\"@type\":\"SearchAction\",\"target\":{\"@type\":\"EntryPoint\",\"urlTemplate\":\"https:\/\/www.hagedorn-products.de\/?s={search_term_string}\"},\"query-input\":{\"@type\":\"PropertyValueSpecification\",\"valueRequired\":true,\"valueName\":\"search_term_string\"}}],\"inLanguage\":\"en-US\"}]}<\/script>\n<!-- \/ Yoast SEO plugin. -->","yoast_head_json":{"title":"K\u00fchler aus Aluminium - HAGEDORN Products &amp; Systems GmbH","robots":{"index":"index","follow":"follow","max-snippet":"max-snippet:-1","max-image-preview":"max-image-preview:large","max-video-preview":"max-video-preview:-1"},"canonical":"https:\/\/www.hagedorn-products.de\/en\/kuehler-aus-aluminium\/","og_locale":"en_US","og_type":"article","og_title":"K\u00fchler aus Aluminium - HAGEDORN Products &amp; Systems GmbH","og_description":"K\u00fchler aus Aluminium Aluminiumk\u00fchler werden h\u00e4ufig zum K\u00fchlen von \u00d6l, Hydraulikfl\u00fcssigkeiten, Wasser oder Druckluft verwendet. Aluminiumk\u00fchler werden unter Verwendung der Bar &amp; Plate-Technologie entwickelt, um hohe Spezifikationen und technische Anforderungen zu erf\u00fcllen. Wir bieten ein flexibles Sortiment an Stangen- und Plattenk\u00fchlern an, das uns erm\u00f6glicht, unz\u00e4hlige Kernkombinationen und -gr\u00f6\u00dfen herzustellen, sogar kundenspezifisch nach Ihren genauen [&hellip;]","og_url":"https:\/\/www.hagedorn-products.de\/en\/kuehler-aus-aluminium\/","og_site_name":"HAGEDORN Products &amp; Systems GmbH","article_modified_time":"2022-03-29T07:47:31+00:00","og_image":[{"url":"http:\/\/www.hagedorn-products.de\/wp-content\/uploads\/2022\/03\/Screenshot-2022-03-24-095600.png","type":"","width":"","height":""}],"twitter_card":"summary_large_image","twitter_misc":{"Est. reading time":"1 minute"},"schema":{"@context":"https:\/\/schema.org","@graph":[{"@type":"WebPage","@id":"https:\/\/www.hagedorn-products.de\/kuehler-aus-aluminium\/","url":"https:\/\/www.hagedorn-products.de\/kuehler-aus-aluminium\/","name":"K\u00fchler aus Aluminium - HAGEDORN Products &amp; Systems GmbH","isPartOf":{"@id":"https:\/\/www.hagedorn-products.de\/#website"},"primaryImageOfPage":{"@id":"https:\/\/www.hagedorn-products.de\/kuehler-aus-aluminium\/#primaryimage"},"image":{"@id":"https:\/\/www.hagedorn-products.de\/kuehler-aus-aluminium\/#primaryimage"},"thumbnailUrl":"http:\/\/www.hagedorn-products.de\/wp-content\/uploads\/2022\/03\/Screenshot-2022-03-24-095600.png","datePublished":"2022-03-24T09:24:38+00:00","dateModified":"2022-03-29T07:47:31+00:00","breadcrumb":{"@id":"https:\/\/www.hagedorn-products.de\/kuehler-aus-aluminium\/#breadcrumb"},"inLanguage":"en-US","potentialAction":[{"@type":"ReadAction","target":["https:\/\/www.hagedorn-products.de\/kuehler-aus-aluminium\/"]}]},{"@type":"ImageObject","inLanguage":"en-US","@id":"https:\/\/www.hagedorn-products.de\/kuehler-aus-aluminium\/#primaryimage","url":"http:\/\/www.hagedorn-products.de\/wp-content\/uploads\/2022\/03\/Screenshot-2022-03-24-095600.png","contentUrl":"http:\/\/www.hagedorn-products.de\/wp-content\/uploads\/2022\/03\/Screenshot-2022-03-24-095600.png"},{"@type":"BreadcrumbList","@id":"https:\/\/www.hagedorn-products.de\/kuehler-aus-aluminium\/#breadcrumb","itemListElement":[{"@type":"ListItem","position":1,"name":"Startseite","item":"https:\/\/www.hagedorn-products.de\/"},{"@type":"ListItem","position":2,"name":"K\u00fchler aus Aluminium"}]},{"@type":"WebSite","@id":"https:\/\/www.hagedorn-products.de\/#website","url":"https:\/\/www.hagedorn-products.de\/","name":"HAGEDORN Products & Systems GmbH","description":"","potentialAction":[{"@type":"SearchAction","target":{"@type":"EntryPoint","urlTemplate":"https:\/\/www.hagedorn-products.de\/?s={search_term_string}"},"query-input":{"@type":"PropertyValueSpecification","valueRequired":true,"valueName":"search_term_string"}}],"inLanguage":"en-US"}]}},"_links":{"self":[{"href":"https:\/\/www.hagedorn-products.de\/en\/wp-json\/wp\/v2\/pages\/1355","targetHints":{"allow":["GET"]}}],"collection":[{"href":"https:\/\/www.hagedorn-products.de\/en\/wp-json\/wp\/v2\/pages"}],"about":[{"href":"https:\/\/www.hagedorn-products.de\/en\/wp-json\/wp\/v2\/types\/page"}],"author":[{"embeddable":true,"href":"https:\/\/www.hagedorn-products.de\/en\/wp-json\/wp\/v2\/users\/1"}],"replies":[{"embeddable":true,"href":"https:\/\/www.hagedorn-products.de\/en\/wp-json\/wp\/v2\/comments?post=1355"}],"version-history":[{"count":6,"href":"https:\/\/www.hagedorn-products.de\/en\/wp-json\/wp\/v2\/pages\/1355\/revisions"}],"predecessor-version":[{"id":1421,"href":"https:\/\/www.hagedorn-products.de\/en\/wp-json\/wp\/v2\/pages\/1355\/revisions\/1421"}],"wp:attachment":[{"href":"https:\/\/www.hagedorn-products.de\/en\/wp-json\/wp\/v2\/media?parent=1355"}],"curies":[{"name":"wp","href":"https:\/\/api.w.org\/{rel}","templated":true}]}}