{"id":1353,"date":"2022-03-24T09:24:20","date_gmt":"2022-03-24T09:24:20","guid":{"rendered":"http:\/\/www.hagedorn-products.de\/?page_id=1353"},"modified":"2022-03-29T07:41:52","modified_gmt":"2022-03-29T07:41:52","slug":"plattenwaermetauscher","status":"publish","type":"page","link":"https:\/\/www.hagedorn-products.de\/en\/plattenwaermetauscher\/","title":{"rendered":"Plate Heat Exchangers"},"content":{"rendered":"<div data-elementor-type=\"wp-post\" data-elementor-id=\"1353\" class=\"elementor elementor-1353\">\n\t\t\t\t\t\t<section class=\"elementor-section elementor-top-section elementor-element elementor-element-5e909de elementor-section-full_width elementor-section-height-default elementor-section-height-default\" data-id=\"5e909de\" data-element_type=\"section\" data-e-type=\"section\">\n\t\t\t\t\t\t<div class=\"elementor-container elementor-column-gap-default\">\n\t\t\t\t\t<div class=\"elementor-column elementor-col-100 elementor-top-column elementor-element elementor-element-1a4105b\" data-id=\"1a4105b\" data-element_type=\"column\" data-e-type=\"column\">\n\t\t\t<div class=\"elementor-widget-wrap elementor-element-populated\">\n\t\t\t\t\t\t<div class=\"elementor-element elementor-element-60b49db elementor-widget elementor-widget-heading\" data-id=\"60b49db\" data-element_type=\"widget\" data-e-type=\"widget\" data-widget_type=\"heading.default\">\n\t\t\t\t<div class=\"elementor-widget-container\">\n\t\t\t\t\t<h2 class=\"elementor-heading-title elementor-size-default\">Plate Heat Exchangers<\/h2>\t\t\t\t<\/div>\n\t\t\t\t<\/div>\n\t\t\t\t<div class=\"elementor-element elementor-element-0a3c3c9 elementor-widget elementor-widget-image\" data-id=\"0a3c3c9\" data-element_type=\"widget\" data-e-type=\"widget\" data-widget_type=\"image.default\">\n\t\t\t\t<div class=\"elementor-widget-container\">\n\t\t\t\t\t\t\t\t\t\t\t\t\t\t\t<img fetchpriority=\"high\" decoding=\"async\" width=\"469\" height=\"397\" src=\"http:\/\/www.hagedorn-products.de\/wp-content\/uploads\/2022\/03\/Screenshot-2022-03-24-094854.png\" class=\"attachment-large size-large wp-image-1379\" alt=\"\" srcset=\"http:\/\/www.hagedorn-products.de\/wp-content\/uploads\/2022\/03\/Screenshot-2022-03-24-094854.png 469w, http:\/\/www.hagedorn-products.de\/wp-content\/uploads\/2022\/03\/Screenshot-2022-03-24-094854-300x254.png 300w\" sizes=\"(max-width: 469px) 100vw, 469px\" \/>\t\t\t\t\t\t\t\t\t\t\t\t\t\t\t<\/div>\n\t\t\t\t<\/div>\n\t\t\t\t\t<\/div>\n\t\t<\/div>\n\t\t\t\t\t<\/div>\n\t\t<\/section>\n\t\t\t\t<section class=\"elementor-section elementor-top-section elementor-element elementor-element-bd32479 elementor-section-full_width elementor-section-height-default elementor-section-height-default\" data-id=\"bd32479\" data-element_type=\"section\" data-e-type=\"section\">\n\t\t\t\t\t\t<div class=\"elementor-container elementor-column-gap-default\">\n\t\t\t\t\t<div class=\"elementor-column elementor-col-100 elementor-top-column elementor-element elementor-element-73aa077\" data-id=\"73aa077\" data-element_type=\"column\" data-e-type=\"column\">\n\t\t\t<div class=\"elementor-widget-wrap elementor-element-populated\">\n\t\t\t\t\t\t<div class=\"elementor-element elementor-element-8872b54 elementor-widget elementor-widget-text-editor\" data-id=\"8872b54\" data-element_type=\"widget\" data-e-type=\"widget\" data-widget_type=\"text-editor.default\">\n\t\t\t\t<div class=\"elementor-widget-container\">\n\t\t\t\t\t\t\t\t\t<p>FARAD gasketed Plate Heat Exchangers (PHE\u2019s) are a wide series of heat exchangers which are suitable for all type of industries with multiple applications including heating, cooling, condensation and evaporation. Our design factors allow PHE\u2019s to be flexible ensuring optimal fit, expandable to suit future needs and easily adjustable to capacity changes.<\/p><p>The PHE\u2019s line of Heat Exchangers by FARAD, covers the majority of applications with a significant range of capacities. They are suitable for cooling and heating for a series of industries like marine, industrial, chemical processing, petrochemical, HVAC, power, pharmaceutical or food industry applications and more.<\/p><p>FARAD products comply with respective directives of Plate Heat Exchangers and are assured by our third \u2013 party approved quality system. For marine installations the heat exchanger is approved by your preferred classification society. All major classification society approvals are available. As an original EU-based manufacturer, CE marking is available.<\/p>\t\t\t\t\t\t\t\t<\/div>\n\t\t\t\t<\/div>\n\t\t\t\t\t<\/div>\n\t\t<\/div>\n\t\t\t\t\t<\/div>\n\t\t<\/section>\n\t\t\t\t<section class=\"elementor-section elementor-top-section elementor-element elementor-element-0e88156 elementor-section-full_width elementor-section-height-default elementor-section-height-default\" data-id=\"0e88156\" data-element_type=\"section\" data-e-type=\"section\">\n\t\t\t\t\t\t<div class=\"elementor-container elementor-column-gap-default\">\n\t\t\t\t\t<div class=\"elementor-column elementor-col-50 elementor-top-column elementor-element elementor-element-1af93fe\" data-id=\"1af93fe\" data-element_type=\"column\" data-e-type=\"column\">\n\t\t\t<div class=\"elementor-widget-wrap elementor-element-populated\">\n\t\t\t\t\t\t<div class=\"elementor-element elementor-element-0c98923 elementor-widget elementor-widget-image\" data-id=\"0c98923\" data-element_type=\"widget\" data-e-type=\"widget\" data-widget_type=\"image.default\">\n\t\t\t\t<div class=\"elementor-widget-container\">\n\t\t\t\t\t\t\t\t\t\t\t\t\t\t\t<img decoding=\"async\" width=\"910\" height=\"274\" src=\"http:\/\/www.hagedorn-products.de\/wp-content\/uploads\/2022\/03\/Screenshot-2022-03-24-095216.png\" class=\"attachment-large size-large wp-image-1381\" alt=\"\" srcset=\"http:\/\/www.hagedorn-products.de\/wp-content\/uploads\/2022\/03\/Screenshot-2022-03-24-095216.png 910w, http:\/\/www.hagedorn-products.de\/wp-content\/uploads\/2022\/03\/Screenshot-2022-03-24-095216-300x90.png 300w, http:\/\/www.hagedorn-products.de\/wp-content\/uploads\/2022\/03\/Screenshot-2022-03-24-095216-768x231.png 768w\" sizes=\"(max-width: 910px) 100vw, 910px\" \/>\t\t\t\t\t\t\t\t\t\t\t\t\t\t\t<\/div>\n\t\t\t\t<\/div>\n\t\t\t\t\t<\/div>\n\t\t<\/div>\n\t\t\t\t<div class=\"elementor-column elementor-col-50 elementor-top-column elementor-element elementor-element-3dc0aef\" data-id=\"3dc0aef\" data-element_type=\"column\" data-e-type=\"column\">\n\t\t\t<div class=\"elementor-widget-wrap elementor-element-populated\">\n\t\t\t\t\t\t<div class=\"elementor-element elementor-element-fe3d8e1 elementor-widget elementor-widget-image\" data-id=\"fe3d8e1\" data-element_type=\"widget\" data-e-type=\"widget\" data-widget_type=\"image.default\">\n\t\t\t\t<div class=\"elementor-widget-container\">\n\t\t\t\t\t\t\t\t\t\t\t\t\t\t\t<img decoding=\"async\" width=\"899\" height=\"277\" src=\"http:\/\/www.hagedorn-products.de\/wp-content\/uploads\/2022\/03\/Screenshot-2022-03-24-095159.png\" class=\"attachment-large size-large wp-image-1380\" alt=\"\" srcset=\"http:\/\/www.hagedorn-products.de\/wp-content\/uploads\/2022\/03\/Screenshot-2022-03-24-095159.png 899w, http:\/\/www.hagedorn-products.de\/wp-content\/uploads\/2022\/03\/Screenshot-2022-03-24-095159-300x92.png 300w, http:\/\/www.hagedorn-products.de\/wp-content\/uploads\/2022\/03\/Screenshot-2022-03-24-095159-768x237.png 768w\" sizes=\"(max-width: 899px) 100vw, 899px\" \/>\t\t\t\t\t\t\t\t\t\t\t\t\t\t\t<\/div>\n\t\t\t\t<\/div>\n\t\t\t\t\t<\/div>\n\t\t<\/div>\n\t\t\t\t\t<\/div>\n\t\t<\/section>\n\t\t\t\t<section class=\"elementor-section elementor-top-section elementor-element elementor-element-d944992 elementor-section-full_width elementor-section-height-default elementor-section-height-default\" data-id=\"d944992\" data-element_type=\"section\" data-e-type=\"section\">\n\t\t\t\t\t\t<div class=\"elementor-container elementor-column-gap-default\">\n\t\t\t\t\t<div class=\"elementor-column elementor-col-100 elementor-top-column elementor-element elementor-element-2fa0500\" data-id=\"2fa0500\" data-element_type=\"column\" data-e-type=\"column\">\n\t\t\t<div class=\"elementor-widget-wrap elementor-element-populated\">\n\t\t\t\t\t\t<div class=\"elementor-element elementor-element-b4e78e3 elementor-widget elementor-widget-heading\" data-id=\"b4e78e3\" data-element_type=\"widget\" data-e-type=\"widget\" data-widget_type=\"heading.default\">\n\t\t\t\t<div class=\"elementor-widget-container\">\n\t\t\t\t\t<h2 class=\"elementor-heading-title elementor-size-large\">Advantages<\/h2>\t\t\t\t<\/div>\n\t\t\t\t<\/div>\n\t\t\t\t<div class=\"elementor-element elementor-element-ea21086 elementor-widget elementor-widget-text-editor\" data-id=\"ea21086\" data-element_type=\"widget\" data-e-type=\"widget\" data-widget_type=\"text-editor.default\">\n\t\t\t\t<div class=\"elementor-widget-container\">\n\t\t\t\t\t\t\t\t\t<p><span style=\"font-size: 1.05rem;\">- Compact design requires less space than shell &amp; tube<\/span><\/p><p>- Large heat exchange surface area<\/p><p>- Expandable solution as they allow increase of heat transfer simply by adding more plates<\/p><p>- Controlled temperature even in small differences<\/p><p>- Avoid cross contamination by special features which guarantee prevention of mixing the two -process fluids<\/p><p>- PHE\u2019s require less volume flow, which means less costs in terms of space, piping and pumps<\/p><p>- Less fouling due to higher turbulence<\/p><p>- Easy and effortless maintenance with no extra space required for dismantling<\/p><p>- Specifically designed efficient fluid distribution with corrugation pattern ensuring the highest overall heat transfer rate<\/p><p>- Durable gaskets with ergonomic design for easy maintenance<\/p>\t\t\t\t\t\t\t\t<\/div>\n\t\t\t\t<\/div>\n\t\t\t\t\t<\/div>\n\t\t<\/div>\n\t\t\t\t\t<\/div>\n\t\t<\/section>\n\t\t\t\t<\/div>","protected":false},"excerpt":{"rendered":"<p>Plattenw\u00e4rmetauscher FARAD&#8217;s gedichtete Plattenw\u00e4rmetauscher (PHEs) sind eine breite Serie von W\u00e4rmetauschern, die f\u00fcr alle Arten von Industrien mit vielf\u00e4ltigen Anwendungen geeignet sind, einschlie\u00dflich Heizung, K\u00fchlung, Kondensation und Verdampfung. Unsere Designfaktoren erm\u00f6glichen es PHEs flexibel zu sein und eine optimale Passform zu gew\u00e4hrleisten. Sie sind erweiterbar f\u00fcr zuk\u00fcnftige Anforderungen und leicht an Kapazit\u00e4ts\u00e4nderungen anpassbar. Die Reihe [&hellip;]<\/p>\n","protected":false},"author":1,"featured_media":0,"parent":0,"menu_order":0,"comment_status":"closed","ping_status":"closed","template":"elementor_header_footer","meta":{"footnotes":""},"class_list":["post-1353","page","type-page","status-publish","hentry"],"yoast_head":"<!-- This site is optimized with the Yoast SEO plugin v27.2 - https:\/\/yoast.com\/product\/yoast-seo-wordpress\/ -->\n<title>Plattenw\u00e4rmetauscher - HAGEDORN Products &amp; Systems GmbH<\/title>\n<meta name=\"robots\" content=\"index, follow, max-snippet:-1, max-image-preview:large, max-video-preview:-1\" \/>\n<link rel=\"canonical\" href=\"http:\/\/www.hagedorn-products.de\/en\/plattenwaermetauscher\/\" \/>\n<meta property=\"og:locale\" content=\"en_US\" \/>\n<meta property=\"og:type\" content=\"article\" \/>\n<meta property=\"og:title\" content=\"Plattenw\u00e4rmetauscher - HAGEDORN Products &amp; Systems GmbH\" \/>\n<meta property=\"og:description\" content=\"Plattenw\u00e4rmetauscher FARAD&#8217;s gedichtete Plattenw\u00e4rmetauscher (PHEs) sind eine breite Serie von W\u00e4rmetauschern, die f\u00fcr alle Arten von Industrien mit vielf\u00e4ltigen Anwendungen geeignet sind, einschlie\u00dflich Heizung, K\u00fchlung, Kondensation und Verdampfung. Unsere Designfaktoren erm\u00f6glichen es PHEs flexibel zu sein und eine optimale Passform zu gew\u00e4hrleisten. Sie sind erweiterbar f\u00fcr zuk\u00fcnftige Anforderungen und leicht an Kapazit\u00e4ts\u00e4nderungen anpassbar. Die Reihe [&hellip;]\" \/>\n<meta property=\"og:url\" content=\"http:\/\/www.hagedorn-products.de\/en\/plattenwaermetauscher\/\" \/>\n<meta property=\"og:site_name\" content=\"HAGEDORN Products &amp; Systems GmbH\" \/>\n<meta property=\"article:modified_time\" content=\"2022-03-29T07:41:52+00:00\" \/>\n<meta property=\"og:image\" content=\"http:\/\/www.hagedorn-products.de\/wp-content\/uploads\/2022\/03\/Screenshot-2022-03-24-094854.png\" \/>\n<meta name=\"twitter:card\" content=\"summary_large_image\" \/>\n<meta name=\"twitter:label1\" content=\"Est. reading time\" \/>\n\t<meta name=\"twitter:data1\" content=\"1 minute\" \/>\n<script type=\"application\/ld+json\" class=\"yoast-schema-graph\">{\"@context\":\"https:\/\/schema.org\",\"@graph\":[{\"@type\":\"WebPage\",\"@id\":\"http:\/\/www.hagedorn-products.de\/en\/plattenwaermetauscher\/\",\"url\":\"http:\/\/www.hagedorn-products.de\/en\/plattenwaermetauscher\/\",\"name\":\"Plattenw\u00e4rmetauscher - HAGEDORN Products &amp; Systems GmbH\",\"isPartOf\":{\"@id\":\"https:\/\/www.hagedorn-products.de\/#website\"},\"primaryImageOfPage\":{\"@id\":\"http:\/\/www.hagedorn-products.de\/en\/plattenwaermetauscher\/#primaryimage\"},\"image\":{\"@id\":\"http:\/\/www.hagedorn-products.de\/en\/plattenwaermetauscher\/#primaryimage\"},\"thumbnailUrl\":\"http:\/\/www.hagedorn-products.de\/wp-content\/uploads\/2022\/03\/Screenshot-2022-03-24-094854.png\",\"datePublished\":\"2022-03-24T09:24:20+00:00\",\"dateModified\":\"2022-03-29T07:41:52+00:00\",\"breadcrumb\":{\"@id\":\"http:\/\/www.hagedorn-products.de\/en\/plattenwaermetauscher\/#breadcrumb\"},\"inLanguage\":\"en-US\",\"potentialAction\":[{\"@type\":\"ReadAction\",\"target\":[\"http:\/\/www.hagedorn-products.de\/en\/plattenwaermetauscher\/\"]}]},{\"@type\":\"ImageObject\",\"inLanguage\":\"en-US\",\"@id\":\"http:\/\/www.hagedorn-products.de\/en\/plattenwaermetauscher\/#primaryimage\",\"url\":\"http:\/\/www.hagedorn-products.de\/wp-content\/uploads\/2022\/03\/Screenshot-2022-03-24-094854.png\",\"contentUrl\":\"http:\/\/www.hagedorn-products.de\/wp-content\/uploads\/2022\/03\/Screenshot-2022-03-24-094854.png\"},{\"@type\":\"BreadcrumbList\",\"@id\":\"http:\/\/www.hagedorn-products.de\/en\/plattenwaermetauscher\/#breadcrumb\",\"itemListElement\":[{\"@type\":\"ListItem\",\"position\":1,\"name\":\"Startseite\",\"item\":\"https:\/\/www.hagedorn-products.de\/\"},{\"@type\":\"ListItem\",\"position\":2,\"name\":\"Plattenw\u00e4rmetauscher\"}]},{\"@type\":\"WebSite\",\"@id\":\"https:\/\/www.hagedorn-products.de\/#website\",\"url\":\"https:\/\/www.hagedorn-products.de\/\",\"name\":\"HAGEDORN Products & Systems GmbH\",\"description\":\"\",\"potentialAction\":[{\"@type\":\"SearchAction\",\"target\":{\"@type\":\"EntryPoint\",\"urlTemplate\":\"https:\/\/www.hagedorn-products.de\/?s={search_term_string}\"},\"query-input\":{\"@type\":\"PropertyValueSpecification\",\"valueRequired\":true,\"valueName\":\"search_term_string\"}}],\"inLanguage\":\"en-US\"}]}<\/script>\n<!-- \/ Yoast SEO plugin. -->","yoast_head_json":{"title":"Plattenw\u00e4rmetauscher - HAGEDORN Products &amp; Systems GmbH","robots":{"index":"index","follow":"follow","max-snippet":"max-snippet:-1","max-image-preview":"max-image-preview:large","max-video-preview":"max-video-preview:-1"},"canonical":"http:\/\/www.hagedorn-products.de\/en\/plattenwaermetauscher\/","og_locale":"en_US","og_type":"article","og_title":"Plattenw\u00e4rmetauscher - HAGEDORN Products &amp; Systems GmbH","og_description":"Plattenw\u00e4rmetauscher FARAD&#8217;s gedichtete Plattenw\u00e4rmetauscher (PHEs) sind eine breite Serie von W\u00e4rmetauschern, die f\u00fcr alle Arten von Industrien mit vielf\u00e4ltigen Anwendungen geeignet sind, einschlie\u00dflich Heizung, K\u00fchlung, Kondensation und Verdampfung. Unsere Designfaktoren erm\u00f6glichen es PHEs flexibel zu sein und eine optimale Passform zu gew\u00e4hrleisten. Sie sind erweiterbar f\u00fcr zuk\u00fcnftige Anforderungen und leicht an Kapazit\u00e4ts\u00e4nderungen anpassbar. Die Reihe [&hellip;]","og_url":"http:\/\/www.hagedorn-products.de\/en\/plattenwaermetauscher\/","og_site_name":"HAGEDORN Products &amp; Systems GmbH","article_modified_time":"2022-03-29T07:41:52+00:00","og_image":[{"url":"http:\/\/www.hagedorn-products.de\/wp-content\/uploads\/2022\/03\/Screenshot-2022-03-24-094854.png","type":"","width":"","height":""}],"twitter_card":"summary_large_image","twitter_misc":{"Est. reading time":"1 minute"},"schema":{"@context":"https:\/\/schema.org","@graph":[{"@type":"WebPage","@id":"http:\/\/www.hagedorn-products.de\/en\/plattenwaermetauscher\/","url":"http:\/\/www.hagedorn-products.de\/en\/plattenwaermetauscher\/","name":"Plattenw\u00e4rmetauscher - HAGEDORN Products &amp; Systems GmbH","isPartOf":{"@id":"https:\/\/www.hagedorn-products.de\/#website"},"primaryImageOfPage":{"@id":"http:\/\/www.hagedorn-products.de\/en\/plattenwaermetauscher\/#primaryimage"},"image":{"@id":"http:\/\/www.hagedorn-products.de\/en\/plattenwaermetauscher\/#primaryimage"},"thumbnailUrl":"http:\/\/www.hagedorn-products.de\/wp-content\/uploads\/2022\/03\/Screenshot-2022-03-24-094854.png","datePublished":"2022-03-24T09:24:20+00:00","dateModified":"2022-03-29T07:41:52+00:00","breadcrumb":{"@id":"http:\/\/www.hagedorn-products.de\/en\/plattenwaermetauscher\/#breadcrumb"},"inLanguage":"en-US","potentialAction":[{"@type":"ReadAction","target":["http:\/\/www.hagedorn-products.de\/en\/plattenwaermetauscher\/"]}]},{"@type":"ImageObject","inLanguage":"en-US","@id":"http:\/\/www.hagedorn-products.de\/en\/plattenwaermetauscher\/#primaryimage","url":"http:\/\/www.hagedorn-products.de\/wp-content\/uploads\/2022\/03\/Screenshot-2022-03-24-094854.png","contentUrl":"http:\/\/www.hagedorn-products.de\/wp-content\/uploads\/2022\/03\/Screenshot-2022-03-24-094854.png"},{"@type":"BreadcrumbList","@id":"http:\/\/www.hagedorn-products.de\/en\/plattenwaermetauscher\/#breadcrumb","itemListElement":[{"@type":"ListItem","position":1,"name":"Startseite","item":"https:\/\/www.hagedorn-products.de\/"},{"@type":"ListItem","position":2,"name":"Plattenw\u00e4rmetauscher"}]},{"@type":"WebSite","@id":"https:\/\/www.hagedorn-products.de\/#website","url":"https:\/\/www.hagedorn-products.de\/","name":"HAGEDORN Products & Systems GmbH","description":"","potentialAction":[{"@type":"SearchAction","target":{"@type":"EntryPoint","urlTemplate":"https:\/\/www.hagedorn-products.de\/?s={search_term_string}"},"query-input":{"@type":"PropertyValueSpecification","valueRequired":true,"valueName":"search_term_string"}}],"inLanguage":"en-US"}]}},"_links":{"self":[{"href":"https:\/\/www.hagedorn-products.de\/en\/wp-json\/wp\/v2\/pages\/1353","targetHints":{"allow":["GET"]}}],"collection":[{"href":"https:\/\/www.hagedorn-products.de\/en\/wp-json\/wp\/v2\/pages"}],"about":[{"href":"https:\/\/www.hagedorn-products.de\/en\/wp-json\/wp\/v2\/types\/page"}],"author":[{"embeddable":true,"href":"https:\/\/www.hagedorn-products.de\/en\/wp-json\/wp\/v2\/users\/1"}],"replies":[{"embeddable":true,"href":"https:\/\/www.hagedorn-products.de\/en\/wp-json\/wp\/v2\/comments?post=1353"}],"version-history":[{"count":7,"href":"https:\/\/www.hagedorn-products.de\/en\/wp-json\/wp\/v2\/pages\/1353\/revisions"}],"predecessor-version":[{"id":1415,"href":"https:\/\/www.hagedorn-products.de\/en\/wp-json\/wp\/v2\/pages\/1353\/revisions\/1415"}],"wp:attachment":[{"href":"https:\/\/www.hagedorn-products.de\/en\/wp-json\/wp\/v2\/media?parent=1353"}],"curies":[{"name":"wp","href":"https:\/\/api.w.org\/{rel}","templated":true}]}}