{"id":1351,"date":"2022-03-24T09:24:00","date_gmt":"2022-03-24T09:24:00","guid":{"rendered":"http:\/\/www.hagedorn-products.de\/?page_id=1351"},"modified":"2022-03-29T07:51:59","modified_gmt":"2022-03-29T07:51:59","slug":"kaeltemittelkondensator","status":"publish","type":"page","link":"https:\/\/www.hagedorn-products.de\/en\/kaeltemittelkondensator\/","title":{"rendered":"Refrigerent Condensers"},"content":{"rendered":"<div data-elementor-type=\"wp-post\" data-elementor-id=\"1351\" class=\"elementor elementor-1351\">\n\t\t\t\t\t\t<section class=\"elementor-section elementor-top-section elementor-element elementor-element-0ab9a26 elementor-section-full_width elementor-section-height-default elementor-section-height-default\" data-id=\"0ab9a26\" data-element_type=\"section\" data-e-type=\"section\">\n\t\t\t\t\t\t<div class=\"elementor-container elementor-column-gap-default\">\n\t\t\t\t\t<div class=\"elementor-column elementor-col-100 elementor-top-column elementor-element elementor-element-5464016\" data-id=\"5464016\" data-element_type=\"column\" data-e-type=\"column\">\n\t\t\t<div class=\"elementor-widget-wrap elementor-element-populated\">\n\t\t\t\t\t\t<div class=\"elementor-element elementor-element-137fd7a elementor-widget elementor-widget-heading\" data-id=\"137fd7a\" data-element_type=\"widget\" data-e-type=\"widget\" data-widget_type=\"heading.default\">\n\t\t\t\t<div class=\"elementor-widget-container\">\n\t\t\t\t\t<h2 class=\"elementor-heading-title elementor-size-default\">Refrigerent Condensers<\/h2>\t\t\t\t<\/div>\n\t\t\t\t<\/div>\n\t\t\t\t<div class=\"elementor-element elementor-element-32cd2ed elementor-widget elementor-widget-text-editor\" data-id=\"32cd2ed\" data-element_type=\"widget\" data-e-type=\"widget\" data-widget_type=\"text-editor.default\">\n\t\t\t\t<div class=\"elementor-widget-container\">\n\t\t\t\t\t\t\t\t\t<p>The condenser is used in refrigeration systems that dump excess heat into seawater or freshwater. The refrigerant flows in the shell and the water in the tubes. The FC line of condensers employs enhanced tube with fins on the outside and grooves on the inside for maximum heat transfer efficiency.<\/p><p>The FC condenser is used when the refrigerant condenses against water, as opposed to air. It is suited to HVAC installation on ships where cold medium is seawater. It can also be used for HVAC installations in industry.<\/p>\t\t\t\t\t\t\t\t<\/div>\n\t\t\t\t<\/div>\n\t\t\t\t\t<\/div>\n\t\t<\/div>\n\t\t\t\t\t<\/div>\n\t\t<\/section>\n\t\t\t\t<section class=\"elementor-section elementor-top-section elementor-element elementor-element-9b19687 elementor-section-boxed elementor-section-height-default elementor-section-height-default\" data-id=\"9b19687\" data-element_type=\"section\" data-e-type=\"section\">\n\t\t\t\t\t\t<div class=\"elementor-container elementor-column-gap-default\">\n\t\t\t\t\t<div class=\"elementor-column elementor-col-100 elementor-top-column elementor-element elementor-element-a9c9ab4\" data-id=\"a9c9ab4\" data-element_type=\"column\" data-e-type=\"column\">\n\t\t\t<div class=\"elementor-widget-wrap elementor-element-populated\">\n\t\t\t\t\t\t<div class=\"elementor-element elementor-element-879ae36 elementor-widget elementor-widget-image\" data-id=\"879ae36\" data-element_type=\"widget\" data-e-type=\"widget\" data-widget_type=\"image.default\">\n\t\t\t\t<div class=\"elementor-widget-container\">\n\t\t\t\t\t\t\t\t\t\t\t\t\t\t\t<img fetchpriority=\"high\" decoding=\"async\" width=\"955\" height=\"272\" src=\"http:\/\/www.hagedorn-products.de\/wp-content\/uploads\/2022\/03\/Screenshot-2022-03-24-093821-1024x292.png\" class=\"attachment-large size-large wp-image-1382\" alt=\"\" srcset=\"http:\/\/www.hagedorn-products.de\/wp-content\/uploads\/2022\/03\/Screenshot-2022-03-24-093821-1024x292.png 1024w, http:\/\/www.hagedorn-products.de\/wp-content\/uploads\/2022\/03\/Screenshot-2022-03-24-093821-300x86.png 300w, http:\/\/www.hagedorn-products.de\/wp-content\/uploads\/2022\/03\/Screenshot-2022-03-24-093821-768x219.png 768w, http:\/\/www.hagedorn-products.de\/wp-content\/uploads\/2022\/03\/Screenshot-2022-03-24-093821.png 1171w\" sizes=\"(max-width: 955px) 100vw, 955px\" \/>\t\t\t\t\t\t\t\t\t\t\t\t\t\t\t<\/div>\n\t\t\t\t<\/div>\n\t\t\t\t\t<\/div>\n\t\t<\/div>\n\t\t\t\t\t<\/div>\n\t\t<\/section>\n\t\t\t\t<section class=\"elementor-section elementor-top-section elementor-element elementor-element-0965909 elementor-section-full_width elementor-section-height-default elementor-section-height-default\" data-id=\"0965909\" data-element_type=\"section\" data-e-type=\"section\">\n\t\t\t\t\t\t<div class=\"elementor-container elementor-column-gap-default\">\n\t\t\t\t\t<div class=\"elementor-column elementor-col-100 elementor-top-column elementor-element elementor-element-184f93a\" data-id=\"184f93a\" data-element_type=\"column\" data-e-type=\"column\">\n\t\t\t<div class=\"elementor-widget-wrap elementor-element-populated\">\n\t\t\t\t\t\t<div class=\"elementor-element elementor-element-e7add42 elementor-widget elementor-widget-heading\" data-id=\"e7add42\" data-element_type=\"widget\" data-e-type=\"widget\" data-widget_type=\"heading.default\">\n\t\t\t\t<div class=\"elementor-widget-container\">\n\t\t\t\t\t<h2 class=\"elementor-heading-title elementor-size-large\">Advantages<\/h2>\t\t\t\t<\/div>\n\t\t\t\t<\/div>\n\t\t\t\t<div class=\"elementor-element elementor-element-9d17471 elementor-widget elementor-widget-text-editor\" data-id=\"9d17471\" data-element_type=\"widget\" data-e-type=\"widget\" data-widget_type=\"text-editor.default\">\n\t\t\t\t<div class=\"elementor-widget-container\">\n\t\t\t\t\t\t\t\t\t<p>- Enhanced tube increases heat transfer rate 3-4 times over an equivalent length plain tube<\/p><p>- Shell-side handles large refrigerant volumes ensuring low pressure drop on the refrigerant side<\/p><p>- Large tube size ensures low pressure drop on the water side<\/p><p>- Same design with different materials for freshwater or seawater<\/p><p>- Proven shell and tube design<\/p><p>- Low maintenance cost<\/p>\t\t\t\t\t\t\t\t<\/div>\n\t\t\t\t<\/div>\n\t\t\t\t\t<\/div>\n\t\t<\/div>\n\t\t\t\t\t<\/div>\n\t\t<\/section>\n\t\t\t\t<\/div>","protected":false},"excerpt":{"rendered":"<p>K\u00e4ltemittelkondensatoren Der Kondensator wird in K\u00fchlsystemen verwendet, die \u00fcbersch\u00fcssige W\u00e4rme an Meer- oder S\u00fc\u00dfwasser abgeben. Das K\u00e4ltemittel flie\u00dft im Mantel und das Wasser in den Rohren. Die FC-Verfl\u00fcssigerreihe verwendet ein verbessertes Rohr mit Rippen an der Au\u00dfenseite und Rillen an der Innenseite f\u00fcr maximale W\u00e4rme\u00fcbertragungseffizienz. Der FC-Kondensator wird verwendet, wenn das K\u00e4ltemittel gegen Wasser kondensiert, [&hellip;]<\/p>\n","protected":false},"author":1,"featured_media":0,"parent":0,"menu_order":0,"comment_status":"closed","ping_status":"closed","template":"elementor_header_footer","meta":{"footnotes":""},"class_list":["post-1351","page","type-page","status-publish","hentry"],"yoast_head":"<!-- This site is optimized with the Yoast SEO plugin v27.2 - https:\/\/yoast.com\/product\/yoast-seo-wordpress\/ -->\n<title>K\u00e4ltemittelkondensatoren - HAGEDORN Products &amp; Systems GmbH<\/title>\n<meta name=\"robots\" content=\"index, follow, max-snippet:-1, max-image-preview:large, max-video-preview:-1\" \/>\n<link rel=\"canonical\" href=\"https:\/\/www.hagedorn-products.de\/en\/kaeltemittelkondensator\/\" \/>\n<meta property=\"og:locale\" content=\"en_US\" \/>\n<meta property=\"og:type\" content=\"article\" \/>\n<meta property=\"og:title\" content=\"K\u00e4ltemittelkondensatoren - HAGEDORN Products &amp; Systems GmbH\" \/>\n<meta property=\"og:description\" content=\"K\u00e4ltemittelkondensatoren Der Kondensator wird in K\u00fchlsystemen verwendet, die \u00fcbersch\u00fcssige W\u00e4rme an Meer- oder S\u00fc\u00dfwasser abgeben. Das K\u00e4ltemittel flie\u00dft im Mantel und das Wasser in den Rohren. Die FC-Verfl\u00fcssigerreihe verwendet ein verbessertes Rohr mit Rippen an der Au\u00dfenseite und Rillen an der Innenseite f\u00fcr maximale W\u00e4rme\u00fcbertragungseffizienz. Der FC-Kondensator wird verwendet, wenn das K\u00e4ltemittel gegen Wasser kondensiert, [&hellip;]\" \/>\n<meta property=\"og:url\" content=\"https:\/\/www.hagedorn-products.de\/en\/kaeltemittelkondensator\/\" \/>\n<meta property=\"og:site_name\" content=\"HAGEDORN Products &amp; Systems GmbH\" \/>\n<meta property=\"article:modified_time\" content=\"2022-03-29T07:51:59+00:00\" \/>\n<meta property=\"og:image\" content=\"http:\/\/www.hagedorn-products.de\/wp-content\/uploads\/2022\/03\/Screenshot-2022-03-24-093821-1024x292.png\" \/>\n<meta name=\"twitter:card\" content=\"summary_large_image\" \/>\n<meta name=\"twitter:label1\" content=\"Est. reading time\" \/>\n\t<meta name=\"twitter:data1\" content=\"1 minute\" \/>\n<script type=\"application\/ld+json\" class=\"yoast-schema-graph\">{\"@context\":\"https:\/\/schema.org\",\"@graph\":[{\"@type\":\"WebPage\",\"@id\":\"https:\/\/www.hagedorn-products.de\/kaeltemittelkondensator\/\",\"url\":\"https:\/\/www.hagedorn-products.de\/kaeltemittelkondensator\/\",\"name\":\"K\u00e4ltemittelkondensatoren - HAGEDORN Products &amp; Systems GmbH\",\"isPartOf\":{\"@id\":\"https:\/\/www.hagedorn-products.de\/#website\"},\"primaryImageOfPage\":{\"@id\":\"https:\/\/www.hagedorn-products.de\/kaeltemittelkondensator\/#primaryimage\"},\"image\":{\"@id\":\"https:\/\/www.hagedorn-products.de\/kaeltemittelkondensator\/#primaryimage\"},\"thumbnailUrl\":\"http:\/\/www.hagedorn-products.de\/wp-content\/uploads\/2022\/03\/Screenshot-2022-03-24-093821-1024x292.png\",\"datePublished\":\"2022-03-24T09:24:00+00:00\",\"dateModified\":\"2022-03-29T07:51:59+00:00\",\"breadcrumb\":{\"@id\":\"https:\/\/www.hagedorn-products.de\/kaeltemittelkondensator\/#breadcrumb\"},\"inLanguage\":\"en-US\",\"potentialAction\":[{\"@type\":\"ReadAction\",\"target\":[\"https:\/\/www.hagedorn-products.de\/kaeltemittelkondensator\/\"]}]},{\"@type\":\"ImageObject\",\"inLanguage\":\"en-US\",\"@id\":\"https:\/\/www.hagedorn-products.de\/kaeltemittelkondensator\/#primaryimage\",\"url\":\"http:\/\/www.hagedorn-products.de\/wp-content\/uploads\/2022\/03\/Screenshot-2022-03-24-093821-1024x292.png\",\"contentUrl\":\"http:\/\/www.hagedorn-products.de\/wp-content\/uploads\/2022\/03\/Screenshot-2022-03-24-093821-1024x292.png\"},{\"@type\":\"BreadcrumbList\",\"@id\":\"https:\/\/www.hagedorn-products.de\/kaeltemittelkondensator\/#breadcrumb\",\"itemListElement\":[{\"@type\":\"ListItem\",\"position\":1,\"name\":\"Startseite\",\"item\":\"https:\/\/www.hagedorn-products.de\/\"},{\"@type\":\"ListItem\",\"position\":2,\"name\":\"K\u00e4ltemittelkondensatoren\"}]},{\"@type\":\"WebSite\",\"@id\":\"https:\/\/www.hagedorn-products.de\/#website\",\"url\":\"https:\/\/www.hagedorn-products.de\/\",\"name\":\"HAGEDORN Products & Systems GmbH\",\"description\":\"\",\"potentialAction\":[{\"@type\":\"SearchAction\",\"target\":{\"@type\":\"EntryPoint\",\"urlTemplate\":\"https:\/\/www.hagedorn-products.de\/?s={search_term_string}\"},\"query-input\":{\"@type\":\"PropertyValueSpecification\",\"valueRequired\":true,\"valueName\":\"search_term_string\"}}],\"inLanguage\":\"en-US\"}]}<\/script>\n<!-- \/ Yoast SEO plugin. -->","yoast_head_json":{"title":"K\u00e4ltemittelkondensatoren - HAGEDORN Products &amp; Systems GmbH","robots":{"index":"index","follow":"follow","max-snippet":"max-snippet:-1","max-image-preview":"max-image-preview:large","max-video-preview":"max-video-preview:-1"},"canonical":"https:\/\/www.hagedorn-products.de\/en\/kaeltemittelkondensator\/","og_locale":"en_US","og_type":"article","og_title":"K\u00e4ltemittelkondensatoren - HAGEDORN Products &amp; Systems GmbH","og_description":"K\u00e4ltemittelkondensatoren Der Kondensator wird in K\u00fchlsystemen verwendet, die \u00fcbersch\u00fcssige W\u00e4rme an Meer- oder S\u00fc\u00dfwasser abgeben. Das K\u00e4ltemittel flie\u00dft im Mantel und das Wasser in den Rohren. Die FC-Verfl\u00fcssigerreihe verwendet ein verbessertes Rohr mit Rippen an der Au\u00dfenseite und Rillen an der Innenseite f\u00fcr maximale W\u00e4rme\u00fcbertragungseffizienz. Der FC-Kondensator wird verwendet, wenn das K\u00e4ltemittel gegen Wasser kondensiert, [&hellip;]","og_url":"https:\/\/www.hagedorn-products.de\/en\/kaeltemittelkondensator\/","og_site_name":"HAGEDORN Products &amp; Systems GmbH","article_modified_time":"2022-03-29T07:51:59+00:00","og_image":[{"url":"http:\/\/www.hagedorn-products.de\/wp-content\/uploads\/2022\/03\/Screenshot-2022-03-24-093821-1024x292.png","type":"","width":"","height":""}],"twitter_card":"summary_large_image","twitter_misc":{"Est. reading time":"1 minute"},"schema":{"@context":"https:\/\/schema.org","@graph":[{"@type":"WebPage","@id":"https:\/\/www.hagedorn-products.de\/kaeltemittelkondensator\/","url":"https:\/\/www.hagedorn-products.de\/kaeltemittelkondensator\/","name":"K\u00e4ltemittelkondensatoren - HAGEDORN Products &amp; Systems GmbH","isPartOf":{"@id":"https:\/\/www.hagedorn-products.de\/#website"},"primaryImageOfPage":{"@id":"https:\/\/www.hagedorn-products.de\/kaeltemittelkondensator\/#primaryimage"},"image":{"@id":"https:\/\/www.hagedorn-products.de\/kaeltemittelkondensator\/#primaryimage"},"thumbnailUrl":"http:\/\/www.hagedorn-products.de\/wp-content\/uploads\/2022\/03\/Screenshot-2022-03-24-093821-1024x292.png","datePublished":"2022-03-24T09:24:00+00:00","dateModified":"2022-03-29T07:51:59+00:00","breadcrumb":{"@id":"https:\/\/www.hagedorn-products.de\/kaeltemittelkondensator\/#breadcrumb"},"inLanguage":"en-US","potentialAction":[{"@type":"ReadAction","target":["https:\/\/www.hagedorn-products.de\/kaeltemittelkondensator\/"]}]},{"@type":"ImageObject","inLanguage":"en-US","@id":"https:\/\/www.hagedorn-products.de\/kaeltemittelkondensator\/#primaryimage","url":"http:\/\/www.hagedorn-products.de\/wp-content\/uploads\/2022\/03\/Screenshot-2022-03-24-093821-1024x292.png","contentUrl":"http:\/\/www.hagedorn-products.de\/wp-content\/uploads\/2022\/03\/Screenshot-2022-03-24-093821-1024x292.png"},{"@type":"BreadcrumbList","@id":"https:\/\/www.hagedorn-products.de\/kaeltemittelkondensator\/#breadcrumb","itemListElement":[{"@type":"ListItem","position":1,"name":"Startseite","item":"https:\/\/www.hagedorn-products.de\/"},{"@type":"ListItem","position":2,"name":"K\u00e4ltemittelkondensatoren"}]},{"@type":"WebSite","@id":"https:\/\/www.hagedorn-products.de\/#website","url":"https:\/\/www.hagedorn-products.de\/","name":"HAGEDORN Products & Systems GmbH","description":"","potentialAction":[{"@type":"SearchAction","target":{"@type":"EntryPoint","urlTemplate":"https:\/\/www.hagedorn-products.de\/?s={search_term_string}"},"query-input":{"@type":"PropertyValueSpecification","valueRequired":true,"valueName":"search_term_string"}}],"inLanguage":"en-US"}]}},"_links":{"self":[{"href":"https:\/\/www.hagedorn-products.de\/en\/wp-json\/wp\/v2\/pages\/1351","targetHints":{"allow":["GET"]}}],"collection":[{"href":"https:\/\/www.hagedorn-products.de\/en\/wp-json\/wp\/v2\/pages"}],"about":[{"href":"https:\/\/www.hagedorn-products.de\/en\/wp-json\/wp\/v2\/types\/page"}],"author":[{"embeddable":true,"href":"https:\/\/www.hagedorn-products.de\/en\/wp-json\/wp\/v2\/users\/1"}],"replies":[{"embeddable":true,"href":"https:\/\/www.hagedorn-products.de\/en\/wp-json\/wp\/v2\/comments?post=1351"}],"version-history":[{"count":5,"href":"https:\/\/www.hagedorn-products.de\/en\/wp-json\/wp\/v2\/pages\/1351\/revisions"}],"predecessor-version":[{"id":1424,"href":"https:\/\/www.hagedorn-products.de\/en\/wp-json\/wp\/v2\/pages\/1351\/revisions\/1424"}],"wp:attachment":[{"href":"https:\/\/www.hagedorn-products.de\/en\/wp-json\/wp\/v2\/media?parent=1351"}],"curies":[{"name":"wp","href":"https:\/\/api.w.org\/{rel}","templated":true}]}}