{"id":1349,"date":"2022-03-24T09:23:39","date_gmt":"2022-03-24T09:23:39","guid":{"rendered":"http:\/\/www.hagedorn-products.de\/?page_id=1349"},"modified":"2022-03-29T07:44:42","modified_gmt":"2022-03-29T07:44:42","slug":"htr-heizungen","status":"publish","type":"page","link":"https:\/\/www.hagedorn-products.de\/en\/htr-heizungen\/","title":{"rendered":"HTR-Heaters"},"content":{"rendered":"<div data-elementor-type=\"wp-post\" data-elementor-id=\"1349\" class=\"elementor elementor-1349\">\n\t\t\t\t\t\t<section class=\"elementor-section elementor-top-section elementor-element elementor-element-86e2b56 elementor-section-full_width elementor-section-height-default elementor-section-height-default\" data-id=\"86e2b56\" data-element_type=\"section\" data-e-type=\"section\">\n\t\t\t\t\t\t<div class=\"elementor-container elementor-column-gap-default\">\n\t\t\t\t\t<div class=\"elementor-column elementor-col-100 elementor-top-column elementor-element elementor-element-32e403a\" data-id=\"32e403a\" data-element_type=\"column\" data-e-type=\"column\">\n\t\t\t<div class=\"elementor-widget-wrap elementor-element-populated\">\n\t\t\t\t\t\t<div class=\"elementor-element elementor-element-23b3572 elementor-widget elementor-widget-heading\" data-id=\"23b3572\" data-element_type=\"widget\" data-e-type=\"widget\" data-widget_type=\"heading.default\">\n\t\t\t\t<div class=\"elementor-widget-container\">\n\t\t\t\t\t<h2 class=\"elementor-heading-title elementor-size-large\">For Heavy Fuel Oil, Lubrication Oil, Steam and Water<\/h2>\t\t\t\t<\/div>\n\t\t\t\t<\/div>\n\t\t\t\t\t<\/div>\n\t\t<\/div>\n\t\t\t\t\t<\/div>\n\t\t<\/section>\n\t\t\t\t<section class=\"elementor-section elementor-top-section elementor-element elementor-element-ee84b68 elementor-section-boxed elementor-section-height-default elementor-section-height-default\" data-id=\"ee84b68\" data-element_type=\"section\" data-e-type=\"section\">\n\t\t\t\t\t\t<div class=\"elementor-container elementor-column-gap-default\">\n\t\t\t\t\t<div class=\"elementor-column elementor-col-100 elementor-top-column elementor-element elementor-element-1259a0c\" data-id=\"1259a0c\" data-element_type=\"column\" data-e-type=\"column\">\n\t\t\t<div class=\"elementor-widget-wrap elementor-element-populated\">\n\t\t\t\t\t\t<div class=\"elementor-element elementor-element-438ceb7 elementor-widget elementor-widget-image\" data-id=\"438ceb7\" data-element_type=\"widget\" data-e-type=\"widget\" data-widget_type=\"image.default\">\n\t\t\t\t<div class=\"elementor-widget-container\">\n\t\t\t\t\t\t\t\t\t\t\t\t\t\t\t<img fetchpriority=\"high\" decoding=\"async\" width=\"454\" height=\"305\" src=\"https:\/\/www.hagedorn-products.de\/wp-content\/uploads\/2022\/03\/Screenshot-2022-03-24-093142.png\" class=\"attachment-large size-large wp-image-1376\" alt=\"\" srcset=\"https:\/\/www.hagedorn-products.de\/wp-content\/uploads\/2022\/03\/Screenshot-2022-03-24-093142.png 454w, https:\/\/www.hagedorn-products.de\/wp-content\/uploads\/2022\/03\/Screenshot-2022-03-24-093142-300x202.png 300w\" sizes=\"(max-width: 454px) 100vw, 454px\" \/>\t\t\t\t\t\t\t\t\t\t\t\t\t\t\t<\/div>\n\t\t\t\t<\/div>\n\t\t\t\t\t<\/div>\n\t\t<\/div>\n\t\t\t\t\t<\/div>\n\t\t<\/section>\n\t\t\t\t<section class=\"elementor-section elementor-top-section elementor-element elementor-element-3edd21c elementor-section-full_width elementor-section-height-default elementor-section-height-default\" data-id=\"3edd21c\" data-element_type=\"section\" data-e-type=\"section\">\n\t\t\t\t\t\t<div class=\"elementor-container elementor-column-gap-default\">\n\t\t\t\t\t<div class=\"elementor-column elementor-col-100 elementor-top-column elementor-element elementor-element-160cefa\" data-id=\"160cefa\" data-element_type=\"column\" data-e-type=\"column\">\n\t\t\t<div class=\"elementor-widget-wrap elementor-element-populated\">\n\t\t\t\t\t\t<div class=\"elementor-element elementor-element-f4c6d5b elementor-widget elementor-widget-text-editor\" data-id=\"f4c6d5b\" data-element_type=\"widget\" data-e-type=\"widget\" data-widget_type=\"text-editor.default\">\n\t\t\t\t<div class=\"elementor-widget-container\">\n\t\t\t\t\t\t\t\t\t<p>FARAD HTR series heat exchangers are designed to address the very basic needs of marine and industrial heating applications. Having proved their long-term reliability and robustness, these tubular type heat exchangers are now being offered by FARAD in a wide range of pre-engineered type series. Optimal fit is guaranteed while customer specific requirements can be met thanks to FARAD\u2019s fitness-for-purpose manufacturing approach.<\/p><p>\u00a0<\/p>\t\t\t\t\t\t\t\t<\/div>\n\t\t\t\t<\/div>\n\t\t\t\t<div class=\"elementor-element elementor-element-bd5b42e elementor-widget elementor-widget-heading\" data-id=\"bd5b42e\" data-element_type=\"widget\" data-e-type=\"widget\" data-widget_type=\"heading.default\">\n\t\t\t\t<div class=\"elementor-widget-container\">\n\t\t\t\t\t<h2 class=\"elementor-heading-title elementor-size-large\">HTR series advantages<\/h2>\t\t\t\t<\/div>\n\t\t\t\t<\/div>\n\t\t\t\t<div class=\"elementor-element elementor-element-bfa375e elementor-widget elementor-widget-text-editor\" data-id=\"bfa375e\" data-element_type=\"widget\" data-e-type=\"widget\" data-widget_type=\"text-editor.default\">\n\t\t\t\t<div class=\"elementor-widget-container\">\n\t\t\t\t\t\t\t\t\t<p>- Removable tube bundle for easy cleaning and inspection of both tube side and shell side<\/p><p>- Channel cover can be dismantled without disturbing the tubeside piping<\/p><p>- Low pressure drops thanks to design optimization<\/p><p>- Wide temperature differentials are handled without expansion joints<\/p><p>- Cost effectiveness that comes with having highly standardized design<\/p><p>- Flexible design, adaptable to all applications<\/p><p>- Warranty 24 months after delivery<\/p><p>- Custom designs are also available upon request<\/p><p>- Availability of spare parts and special tools at anytime<\/p><p>- Lifetime technical support &amp; guidance<\/p>\t\t\t\t\t\t\t\t<\/div>\n\t\t\t\t<\/div>\n\t\t\t\t\t<\/div>\n\t\t<\/div>\n\t\t\t\t\t<\/div>\n\t\t<\/section>\n\t\t\t\t<\/div>","protected":false},"excerpt":{"rendered":"<p>F\u00fcr Schwer\u00f6l, Schmier\u00f6l, Dampf und Wasser Die W\u00e4rmetauscher der FARAD HTR-Serie wurden entwickelt, um die grundlegenden Anforderungen von Schiffs- und Industrieheizungsanwendungen zu erf\u00fcllen. Diese R\u00f6hrenw\u00e4rmetauscher, die ihre langj\u00e4hrige Zuverl\u00e4ssigkeit und Robustheit unter Beweis gestellt haben, werden nun von FARAD in einer breiten Palette vorgefertigter Typenreihen angeboten. Eine optimale Passform ist garantiert, w\u00e4hrend kundenspezifische Anforderungen dank [&hellip;]<\/p>\n","protected":false},"author":1,"featured_media":0,"parent":0,"menu_order":0,"comment_status":"closed","ping_status":"closed","template":"","meta":{"footnotes":""},"class_list":["post-1349","page","type-page","status-publish","hentry"],"yoast_head":"<!-- This site is optimized with the Yoast SEO plugin v27.2 - https:\/\/yoast.com\/product\/yoast-seo-wordpress\/ -->\n<title>HTR-Heizungen - HAGEDORN Products &amp; Systems GmbH<\/title>\n<meta name=\"robots\" content=\"index, follow, max-snippet:-1, max-image-preview:large, max-video-preview:-1\" \/>\n<link rel=\"canonical\" href=\"https:\/\/www.hagedorn-products.de\/en\/htr-heizungen\/\" \/>\n<meta property=\"og:locale\" content=\"en_US\" \/>\n<meta property=\"og:type\" content=\"article\" \/>\n<meta property=\"og:title\" content=\"HTR-Heizungen - HAGEDORN Products &amp; Systems GmbH\" \/>\n<meta property=\"og:description\" content=\"F\u00fcr Schwer\u00f6l, Schmier\u00f6l, Dampf und Wasser Die W\u00e4rmetauscher der FARAD HTR-Serie wurden entwickelt, um die grundlegenden Anforderungen von Schiffs- und Industrieheizungsanwendungen zu erf\u00fcllen. Diese R\u00f6hrenw\u00e4rmetauscher, die ihre langj\u00e4hrige Zuverl\u00e4ssigkeit und Robustheit unter Beweis gestellt haben, werden nun von FARAD in einer breiten Palette vorgefertigter Typenreihen angeboten. Eine optimale Passform ist garantiert, w\u00e4hrend kundenspezifische Anforderungen dank [&hellip;]\" \/>\n<meta property=\"og:url\" content=\"https:\/\/www.hagedorn-products.de\/en\/htr-heizungen\/\" \/>\n<meta property=\"og:site_name\" content=\"HAGEDORN Products &amp; Systems GmbH\" \/>\n<meta property=\"article:modified_time\" content=\"2022-03-29T07:44:42+00:00\" \/>\n<meta property=\"og:image\" content=\"http:\/\/www.hagedorn-products.de\/wp-content\/uploads\/2022\/03\/Screenshot-2022-03-24-093142.png\" \/>\n<meta name=\"twitter:card\" content=\"summary_large_image\" \/>\n<meta name=\"twitter:label1\" content=\"Est. reading time\" \/>\n\t<meta name=\"twitter:data1\" content=\"1 minute\" \/>\n<script type=\"application\/ld+json\" class=\"yoast-schema-graph\">{\"@context\":\"https:\/\/schema.org\",\"@graph\":[{\"@type\":\"WebPage\",\"@id\":\"https:\/\/www.hagedorn-products.de\/en\/htr-heizungen\/\",\"url\":\"https:\/\/www.hagedorn-products.de\/en\/htr-heizungen\/\",\"name\":\"HTR-Heizungen - HAGEDORN Products &amp; Systems GmbH\",\"isPartOf\":{\"@id\":\"https:\/\/www.hagedorn-products.de\/en\/#website\"},\"primaryImageOfPage\":{\"@id\":\"https:\/\/www.hagedorn-products.de\/en\/htr-heizungen\/#primaryimage\"},\"image\":{\"@id\":\"https:\/\/www.hagedorn-products.de\/en\/htr-heizungen\/#primaryimage\"},\"thumbnailUrl\":\"http:\/\/www.hagedorn-products.de\/wp-content\/uploads\/2022\/03\/Screenshot-2022-03-24-093142.png\",\"datePublished\":\"2022-03-24T09:23:39+00:00\",\"dateModified\":\"2022-03-29T07:44:42+00:00\",\"breadcrumb\":{\"@id\":\"https:\/\/www.hagedorn-products.de\/en\/htr-heizungen\/#breadcrumb\"},\"inLanguage\":\"en-US\",\"potentialAction\":[{\"@type\":\"ReadAction\",\"target\":[\"https:\/\/www.hagedorn-products.de\/en\/htr-heizungen\/\"]}]},{\"@type\":\"ImageObject\",\"inLanguage\":\"en-US\",\"@id\":\"https:\/\/www.hagedorn-products.de\/en\/htr-heizungen\/#primaryimage\",\"url\":\"http:\/\/www.hagedorn-products.de\/wp-content\/uploads\/2022\/03\/Screenshot-2022-03-24-093142.png\",\"contentUrl\":\"http:\/\/www.hagedorn-products.de\/wp-content\/uploads\/2022\/03\/Screenshot-2022-03-24-093142.png\"},{\"@type\":\"BreadcrumbList\",\"@id\":\"https:\/\/www.hagedorn-products.de\/en\/htr-heizungen\/#breadcrumb\",\"itemListElement\":[{\"@type\":\"ListItem\",\"position\":1,\"name\":\"Startseite\",\"item\":\"https:\/\/www.hagedorn-products.de\/en\/\"},{\"@type\":\"ListItem\",\"position\":2,\"name\":\"HTR-Heizungen\"}]},{\"@type\":\"WebSite\",\"@id\":\"https:\/\/www.hagedorn-products.de\/en\/#website\",\"url\":\"https:\/\/www.hagedorn-products.de\/en\/\",\"name\":\"HAGEDORN Products & Systems GmbH\",\"description\":\"\",\"potentialAction\":[{\"@type\":\"SearchAction\",\"target\":{\"@type\":\"EntryPoint\",\"urlTemplate\":\"https:\/\/www.hagedorn-products.de\/en\/?s={search_term_string}\"},\"query-input\":{\"@type\":\"PropertyValueSpecification\",\"valueRequired\":true,\"valueName\":\"search_term_string\"}}],\"inLanguage\":\"en-US\"}]}<\/script>\n<!-- \/ Yoast SEO plugin. -->","yoast_head_json":{"title":"HTR-Heizungen - HAGEDORN Products &amp; Systems GmbH","robots":{"index":"index","follow":"follow","max-snippet":"max-snippet:-1","max-image-preview":"max-image-preview:large","max-video-preview":"max-video-preview:-1"},"canonical":"https:\/\/www.hagedorn-products.de\/en\/htr-heizungen\/","og_locale":"en_US","og_type":"article","og_title":"HTR-Heizungen - HAGEDORN Products &amp; Systems GmbH","og_description":"F\u00fcr Schwer\u00f6l, Schmier\u00f6l, Dampf und Wasser Die W\u00e4rmetauscher der FARAD HTR-Serie wurden entwickelt, um die grundlegenden Anforderungen von Schiffs- und Industrieheizungsanwendungen zu erf\u00fcllen. Diese R\u00f6hrenw\u00e4rmetauscher, die ihre langj\u00e4hrige Zuverl\u00e4ssigkeit und Robustheit unter Beweis gestellt haben, werden nun von FARAD in einer breiten Palette vorgefertigter Typenreihen angeboten. Eine optimale Passform ist garantiert, w\u00e4hrend kundenspezifische Anforderungen dank [&hellip;]","og_url":"https:\/\/www.hagedorn-products.de\/en\/htr-heizungen\/","og_site_name":"HAGEDORN Products &amp; Systems GmbH","article_modified_time":"2022-03-29T07:44:42+00:00","og_image":[{"url":"http:\/\/www.hagedorn-products.de\/wp-content\/uploads\/2022\/03\/Screenshot-2022-03-24-093142.png","type":"","width":"","height":""}],"twitter_card":"summary_large_image","twitter_misc":{"Est. reading time":"1 minute"},"schema":{"@context":"https:\/\/schema.org","@graph":[{"@type":"WebPage","@id":"https:\/\/www.hagedorn-products.de\/en\/htr-heizungen\/","url":"https:\/\/www.hagedorn-products.de\/en\/htr-heizungen\/","name":"HTR-Heizungen - HAGEDORN Products &amp; Systems GmbH","isPartOf":{"@id":"https:\/\/www.hagedorn-products.de\/en\/#website"},"primaryImageOfPage":{"@id":"https:\/\/www.hagedorn-products.de\/en\/htr-heizungen\/#primaryimage"},"image":{"@id":"https:\/\/www.hagedorn-products.de\/en\/htr-heizungen\/#primaryimage"},"thumbnailUrl":"http:\/\/www.hagedorn-products.de\/wp-content\/uploads\/2022\/03\/Screenshot-2022-03-24-093142.png","datePublished":"2022-03-24T09:23:39+00:00","dateModified":"2022-03-29T07:44:42+00:00","breadcrumb":{"@id":"https:\/\/www.hagedorn-products.de\/en\/htr-heizungen\/#breadcrumb"},"inLanguage":"en-US","potentialAction":[{"@type":"ReadAction","target":["https:\/\/www.hagedorn-products.de\/en\/htr-heizungen\/"]}]},{"@type":"ImageObject","inLanguage":"en-US","@id":"https:\/\/www.hagedorn-products.de\/en\/htr-heizungen\/#primaryimage","url":"http:\/\/www.hagedorn-products.de\/wp-content\/uploads\/2022\/03\/Screenshot-2022-03-24-093142.png","contentUrl":"http:\/\/www.hagedorn-products.de\/wp-content\/uploads\/2022\/03\/Screenshot-2022-03-24-093142.png"},{"@type":"BreadcrumbList","@id":"https:\/\/www.hagedorn-products.de\/en\/htr-heizungen\/#breadcrumb","itemListElement":[{"@type":"ListItem","position":1,"name":"Startseite","item":"https:\/\/www.hagedorn-products.de\/en\/"},{"@type":"ListItem","position":2,"name":"HTR-Heizungen"}]},{"@type":"WebSite","@id":"https:\/\/www.hagedorn-products.de\/en\/#website","url":"https:\/\/www.hagedorn-products.de\/en\/","name":"HAGEDORN Products & Systems GmbH","description":"","potentialAction":[{"@type":"SearchAction","target":{"@type":"EntryPoint","urlTemplate":"https:\/\/www.hagedorn-products.de\/en\/?s={search_term_string}"},"query-input":{"@type":"PropertyValueSpecification","valueRequired":true,"valueName":"search_term_string"}}],"inLanguage":"en-US"}]}},"_links":{"self":[{"href":"https:\/\/www.hagedorn-products.de\/en\/wp-json\/wp\/v2\/pages\/1349","targetHints":{"allow":["GET"]}}],"collection":[{"href":"https:\/\/www.hagedorn-products.de\/en\/wp-json\/wp\/v2\/pages"}],"about":[{"href":"https:\/\/www.hagedorn-products.de\/en\/wp-json\/wp\/v2\/types\/page"}],"author":[{"embeddable":true,"href":"https:\/\/www.hagedorn-products.de\/en\/wp-json\/wp\/v2\/users\/1"}],"replies":[{"embeddable":true,"href":"https:\/\/www.hagedorn-products.de\/en\/wp-json\/wp\/v2\/comments?post=1349"}],"version-history":[{"count":4,"href":"https:\/\/www.hagedorn-products.de\/en\/wp-json\/wp\/v2\/pages\/1349\/revisions"}],"predecessor-version":[{"id":1418,"href":"https:\/\/www.hagedorn-products.de\/en\/wp-json\/wp\/v2\/pages\/1349\/revisions\/1418"}],"wp:attachment":[{"href":"https:\/\/www.hagedorn-products.de\/en\/wp-json\/wp\/v2\/media?parent=1349"}],"curies":[{"name":"wp","href":"https:\/\/api.w.org\/{rel}","templated":true}]}}