{"id":1347,"date":"2022-03-24T09:23:12","date_gmt":"2022-03-24T09:23:12","guid":{"rendered":"http:\/\/www.hagedorn-products.de\/?page_id=1347"},"modified":"2022-03-29T08:31:52","modified_gmt":"2022-03-29T08:31:52","slug":"elektrische-heizungen","status":"publish","type":"page","link":"https:\/\/www.hagedorn-products.de\/en\/elektrische-heizungen\/","title":{"rendered":"Electric heaters"},"content":{"rendered":"<div data-elementor-type=\"wp-post\" data-elementor-id=\"1347\" class=\"elementor elementor-1347\">\n\t\t\t\t\t\t<section class=\"elementor-section elementor-top-section elementor-element elementor-element-c5d3411 elementor-section-full_width elementor-section-height-default elementor-section-height-default\" data-id=\"c5d3411\" data-element_type=\"section\" data-e-type=\"section\">\n\t\t\t\t\t\t<div class=\"elementor-container elementor-column-gap-default\">\n\t\t\t\t\t<div class=\"elementor-column elementor-col-100 elementor-top-column elementor-element elementor-element-aec9791\" data-id=\"aec9791\" data-element_type=\"column\" data-e-type=\"column\">\n\t\t\t<div class=\"elementor-widget-wrap elementor-element-populated\">\n\t\t\t\t\t\t<div class=\"elementor-element elementor-element-d08e22f elementor-widget elementor-widget-heading\" data-id=\"d08e22f\" data-element_type=\"widget\" data-e-type=\"widget\" data-widget_type=\"heading.default\">\n\t\t\t\t<div class=\"elementor-widget-container\">\n\t\t\t\t\t<h2 class=\"elementor-heading-title elementor-size-default\">Electric heaters<\/h2>\t\t\t\t<\/div>\n\t\t\t\t<\/div>\n\t\t\t\t<div class=\"elementor-element elementor-element-515e614 elementor-widget elementor-widget-image\" data-id=\"515e614\" data-element_type=\"widget\" data-e-type=\"widget\" data-widget_type=\"image.default\">\n\t\t\t\t<div class=\"elementor-widget-container\">\n\t\t\t\t\t\t\t\t\t\t\t\t\t\t\t<img fetchpriority=\"high\" decoding=\"async\" width=\"416\" height=\"311\" src=\"http:\/\/www.hagedorn-products.de\/wp-content\/uploads\/2022\/03\/Screenshot-2022-03-24-091444.png\" class=\"attachment-large size-large wp-image-1375\" alt=\"\" srcset=\"http:\/\/www.hagedorn-products.de\/wp-content\/uploads\/2022\/03\/Screenshot-2022-03-24-091444.png 416w, http:\/\/www.hagedorn-products.de\/wp-content\/uploads\/2022\/03\/Screenshot-2022-03-24-091444-300x224.png 300w, http:\/\/www.hagedorn-products.de\/wp-content\/uploads\/2022\/03\/Screenshot-2022-03-24-091444-400x300.png 400w\" sizes=\"(max-width: 416px) 100vw, 416px\" \/>\t\t\t\t\t\t\t\t\t\t\t\t\t\t\t<\/div>\n\t\t\t\t<\/div>\n\t\t\t\t<div class=\"elementor-element elementor-element-d2dd017 elementor-widget elementor-widget-text-editor\" data-id=\"d2dd017\" data-element_type=\"widget\" data-e-type=\"widget\" data-widget_type=\"text-editor.default\">\n\t\t\t\t<div class=\"elementor-widget-container\">\n\t\t\t\t\t\t\t\t\t<p>Electric heaters are shell and tube heat exchangers that use electric power which is converted to heat. They can be used when there is not any other heating source available for heating lubrication oil or water.<\/p><p>FARAD Electric Heaters are designed to work with high viscosity crude oils as well as lubrication oils and water when there is no other heating medium available. The EH series heat exchangers are primarily used for initial or extra heating of oil or water in the shipping industry. Their flexible design and wide heat range (from 9 kW to 225kW) makes them well suited for any application where backup or booster heating is required or where electric power is the cheapest or the only available power source.<\/p>\t\t\t\t\t\t\t\t<\/div>\n\t\t\t\t<\/div>\n\t\t\t\t\t<\/div>\n\t\t<\/div>\n\t\t\t\t\t<\/div>\n\t\t<\/section>\n\t\t\t\t<section class=\"elementor-section elementor-top-section elementor-element elementor-element-4e13a5e elementor-section-full_width elementor-section-height-default elementor-section-height-default\" data-id=\"4e13a5e\" data-element_type=\"section\" data-e-type=\"section\">\n\t\t\t\t\t\t<div class=\"elementor-container elementor-column-gap-default\">\n\t\t\t\t\t<div class=\"elementor-column elementor-col-100 elementor-top-column elementor-element elementor-element-da3571f\" data-id=\"da3571f\" data-element_type=\"column\" data-e-type=\"column\">\n\t\t\t<div class=\"elementor-widget-wrap elementor-element-populated\">\n\t\t\t\t\t\t<div class=\"elementor-element elementor-element-7a85ec7 elementor-widget elementor-widget-heading\" data-id=\"7a85ec7\" data-element_type=\"widget\" data-e-type=\"widget\" data-widget_type=\"heading.default\">\n\t\t\t\t<div class=\"elementor-widget-container\">\n\t\t\t\t\t<h2 class=\"elementor-heading-title elementor-size-large\">Features and benefits<\/h2>\t\t\t\t<\/div>\n\t\t\t\t<\/div>\n\t\t\t\t<div class=\"elementor-element elementor-element-662383e elementor-widget elementor-widget-text-editor\" data-id=\"662383e\" data-element_type=\"widget\" data-e-type=\"widget\" data-widget_type=\"text-editor.default\">\n\t\t\t\t<div class=\"elementor-widget-container\">\n\t\t\t\t\t\t\t\t\t<p><span style=\"font-size: 1.05rem;\">- Long life removable ceramic core heating elements are designed for optimum trouble-free service and ease of maintenance<\/span><\/p><p><span style=\"font-size: 1.05rem;\">- A failed electric element can be replaced without the need to isolate and drain the heater<\/span><\/p><p>- Low surface load (W\/cm2) reduces the risk of damaging highly viscous fluids while improving flow ability of fuel oils<\/p><p>- Heating elements are protected from over-heating and failing prematurely<\/p><p>- Heavy fuel Oil: 1.5 W\/cm2<\/p><p>- Lubrication Oil: 1.5 W\/cm2<\/p><p>- Fresh Water: 3.0 W\/cm2<\/p><p>- Optional, 3 to 5-steps startup configuration with all controls prewired<\/p><p>- Pump Interlock function as a standard<\/p><p>- Selector switch for operation based on viscosity signal (4-20mA) prepared by shipyard<\/p><p>- All FARAD Electric Heaters from EH range are fitted with an adjustable temperature controller (with PT-100 temperature sensor) and an overheating thermostat<\/p><p>- Warranty 24 months after delivery<\/p><p>- Each unit built by FARAD undergoes hydraulic and electric testing<\/p><p>- All electric heaters are compliant with European<\/p><p>- Legislation covering CE markings\/PED approval and can be certified by various classification societies (ABS, BV, DNV-GL, LR) upon request<\/p>\t\t\t\t\t\t\t\t<\/div>\n\t\t\t\t<\/div>\n\t\t\t\t\t<\/div>\n\t\t<\/div>\n\t\t\t\t\t<\/div>\n\t\t<\/section>\n\t\t\t\t<\/div>","protected":false},"excerpt":{"rendered":"<p>Elektrische Heizungen Elektroheizungen sind Rohrb\u00fcndelw\u00e4rmetauscher, die elektrische Energie verwenden, welche in W\u00e4rme umgewandelt wird. Sie k\u00f6nnen verwendet werden, wenn keine andere W\u00e4rmequelle zum Erhitzen von Schmier\u00f6l oder Wasser zur Verf\u00fcgung steht. Elektrische Heizungen von FARAD sind f\u00fcr den Betrieb mit hochviskosen Roh\u00f6len sowie Schmier\u00f6len und Wasser ausgelegt, wenn kein anderes Heizmedium verf\u00fcgbar ist. Die W\u00e4rmetauscher [&hellip;]<\/p>\n","protected":false},"author":1,"featured_media":0,"parent":0,"menu_order":0,"comment_status":"closed","ping_status":"closed","template":"elementor_header_footer","meta":{"footnotes":""},"class_list":["post-1347","page","type-page","status-publish","hentry"],"yoast_head":"<!-- This site is optimized with the Yoast SEO plugin v27.2 - https:\/\/yoast.com\/product\/yoast-seo-wordpress\/ -->\n<title>Elektrische Heizungen - HAGEDORN Products &amp; Systems GmbH<\/title>\n<meta name=\"robots\" content=\"index, follow, max-snippet:-1, max-image-preview:large, max-video-preview:-1\" \/>\n<link rel=\"canonical\" href=\"https:\/\/www.hagedorn-products.de\/en\/elektrische-heizungen\/\" \/>\n<meta property=\"og:locale\" content=\"en_US\" \/>\n<meta property=\"og:type\" content=\"article\" \/>\n<meta property=\"og:title\" content=\"Elektrische Heizungen - HAGEDORN Products &amp; Systems GmbH\" \/>\n<meta property=\"og:description\" content=\"Elektrische Heizungen Elektroheizungen sind Rohrb\u00fcndelw\u00e4rmetauscher, die elektrische Energie verwenden, welche in W\u00e4rme umgewandelt wird. Sie k\u00f6nnen verwendet werden, wenn keine andere W\u00e4rmequelle zum Erhitzen von Schmier\u00f6l oder Wasser zur Verf\u00fcgung steht. Elektrische Heizungen von FARAD sind f\u00fcr den Betrieb mit hochviskosen Roh\u00f6len sowie Schmier\u00f6len und Wasser ausgelegt, wenn kein anderes Heizmedium verf\u00fcgbar ist. Die W\u00e4rmetauscher [&hellip;]\" \/>\n<meta property=\"og:url\" content=\"https:\/\/www.hagedorn-products.de\/en\/elektrische-heizungen\/\" \/>\n<meta property=\"og:site_name\" content=\"HAGEDORN Products &amp; Systems GmbH\" \/>\n<meta property=\"article:modified_time\" content=\"2022-03-29T08:31:52+00:00\" \/>\n<meta property=\"og:image\" content=\"http:\/\/www.hagedorn-products.de\/wp-content\/uploads\/2022\/03\/Screenshot-2022-03-24-091444.png\" \/>\n<meta name=\"twitter:card\" content=\"summary_large_image\" \/>\n<meta name=\"twitter:label1\" content=\"Est. reading time\" \/>\n\t<meta name=\"twitter:data1\" content=\"1 minute\" \/>\n<script type=\"application\/ld+json\" class=\"yoast-schema-graph\">{\"@context\":\"https:\/\/schema.org\",\"@graph\":[{\"@type\":\"WebPage\",\"@id\":\"https:\/\/www.hagedorn-products.de\/elektrische-heizungen\/\",\"url\":\"https:\/\/www.hagedorn-products.de\/elektrische-heizungen\/\",\"name\":\"Elektrische Heizungen - HAGEDORN Products &amp; Systems GmbH\",\"isPartOf\":{\"@id\":\"https:\/\/www.hagedorn-products.de\/#website\"},\"primaryImageOfPage\":{\"@id\":\"https:\/\/www.hagedorn-products.de\/elektrische-heizungen\/#primaryimage\"},\"image\":{\"@id\":\"https:\/\/www.hagedorn-products.de\/elektrische-heizungen\/#primaryimage\"},\"thumbnailUrl\":\"http:\/\/www.hagedorn-products.de\/wp-content\/uploads\/2022\/03\/Screenshot-2022-03-24-091444.png\",\"datePublished\":\"2022-03-24T09:23:12+00:00\",\"dateModified\":\"2022-03-29T08:31:52+00:00\",\"breadcrumb\":{\"@id\":\"https:\/\/www.hagedorn-products.de\/elektrische-heizungen\/#breadcrumb\"},\"inLanguage\":\"en-US\",\"potentialAction\":[{\"@type\":\"ReadAction\",\"target\":[\"https:\/\/www.hagedorn-products.de\/elektrische-heizungen\/\"]}]},{\"@type\":\"ImageObject\",\"inLanguage\":\"en-US\",\"@id\":\"https:\/\/www.hagedorn-products.de\/elektrische-heizungen\/#primaryimage\",\"url\":\"http:\/\/www.hagedorn-products.de\/wp-content\/uploads\/2022\/03\/Screenshot-2022-03-24-091444.png\",\"contentUrl\":\"http:\/\/www.hagedorn-products.de\/wp-content\/uploads\/2022\/03\/Screenshot-2022-03-24-091444.png\"},{\"@type\":\"BreadcrumbList\",\"@id\":\"https:\/\/www.hagedorn-products.de\/elektrische-heizungen\/#breadcrumb\",\"itemListElement\":[{\"@type\":\"ListItem\",\"position\":1,\"name\":\"Startseite\",\"item\":\"https:\/\/www.hagedorn-products.de\/\"},{\"@type\":\"ListItem\",\"position\":2,\"name\":\"Elektrische Heizungen\"}]},{\"@type\":\"WebSite\",\"@id\":\"https:\/\/www.hagedorn-products.de\/#website\",\"url\":\"https:\/\/www.hagedorn-products.de\/\",\"name\":\"HAGEDORN Products & Systems GmbH\",\"description\":\"\",\"potentialAction\":[{\"@type\":\"SearchAction\",\"target\":{\"@type\":\"EntryPoint\",\"urlTemplate\":\"https:\/\/www.hagedorn-products.de\/?s={search_term_string}\"},\"query-input\":{\"@type\":\"PropertyValueSpecification\",\"valueRequired\":true,\"valueName\":\"search_term_string\"}}],\"inLanguage\":\"en-US\"}]}<\/script>\n<!-- \/ Yoast SEO plugin. -->","yoast_head_json":{"title":"Elektrische Heizungen - HAGEDORN Products &amp; Systems GmbH","robots":{"index":"index","follow":"follow","max-snippet":"max-snippet:-1","max-image-preview":"max-image-preview:large","max-video-preview":"max-video-preview:-1"},"canonical":"https:\/\/www.hagedorn-products.de\/en\/elektrische-heizungen\/","og_locale":"en_US","og_type":"article","og_title":"Elektrische Heizungen - HAGEDORN Products &amp; Systems GmbH","og_description":"Elektrische Heizungen Elektroheizungen sind Rohrb\u00fcndelw\u00e4rmetauscher, die elektrische Energie verwenden, welche in W\u00e4rme umgewandelt wird. Sie k\u00f6nnen verwendet werden, wenn keine andere W\u00e4rmequelle zum Erhitzen von Schmier\u00f6l oder Wasser zur Verf\u00fcgung steht. Elektrische Heizungen von FARAD sind f\u00fcr den Betrieb mit hochviskosen Roh\u00f6len sowie Schmier\u00f6len und Wasser ausgelegt, wenn kein anderes Heizmedium verf\u00fcgbar ist. Die W\u00e4rmetauscher [&hellip;]","og_url":"https:\/\/www.hagedorn-products.de\/en\/elektrische-heizungen\/","og_site_name":"HAGEDORN Products &amp; Systems GmbH","article_modified_time":"2022-03-29T08:31:52+00:00","og_image":[{"url":"http:\/\/www.hagedorn-products.de\/wp-content\/uploads\/2022\/03\/Screenshot-2022-03-24-091444.png","type":"","width":"","height":""}],"twitter_card":"summary_large_image","twitter_misc":{"Est. reading time":"1 minute"},"schema":{"@context":"https:\/\/schema.org","@graph":[{"@type":"WebPage","@id":"https:\/\/www.hagedorn-products.de\/elektrische-heizungen\/","url":"https:\/\/www.hagedorn-products.de\/elektrische-heizungen\/","name":"Elektrische Heizungen - HAGEDORN Products &amp; Systems GmbH","isPartOf":{"@id":"https:\/\/www.hagedorn-products.de\/#website"},"primaryImageOfPage":{"@id":"https:\/\/www.hagedorn-products.de\/elektrische-heizungen\/#primaryimage"},"image":{"@id":"https:\/\/www.hagedorn-products.de\/elektrische-heizungen\/#primaryimage"},"thumbnailUrl":"http:\/\/www.hagedorn-products.de\/wp-content\/uploads\/2022\/03\/Screenshot-2022-03-24-091444.png","datePublished":"2022-03-24T09:23:12+00:00","dateModified":"2022-03-29T08:31:52+00:00","breadcrumb":{"@id":"https:\/\/www.hagedorn-products.de\/elektrische-heizungen\/#breadcrumb"},"inLanguage":"en-US","potentialAction":[{"@type":"ReadAction","target":["https:\/\/www.hagedorn-products.de\/elektrische-heizungen\/"]}]},{"@type":"ImageObject","inLanguage":"en-US","@id":"https:\/\/www.hagedorn-products.de\/elektrische-heizungen\/#primaryimage","url":"http:\/\/www.hagedorn-products.de\/wp-content\/uploads\/2022\/03\/Screenshot-2022-03-24-091444.png","contentUrl":"http:\/\/www.hagedorn-products.de\/wp-content\/uploads\/2022\/03\/Screenshot-2022-03-24-091444.png"},{"@type":"BreadcrumbList","@id":"https:\/\/www.hagedorn-products.de\/elektrische-heizungen\/#breadcrumb","itemListElement":[{"@type":"ListItem","position":1,"name":"Startseite","item":"https:\/\/www.hagedorn-products.de\/"},{"@type":"ListItem","position":2,"name":"Elektrische Heizungen"}]},{"@type":"WebSite","@id":"https:\/\/www.hagedorn-products.de\/#website","url":"https:\/\/www.hagedorn-products.de\/","name":"HAGEDORN Products & Systems GmbH","description":"","potentialAction":[{"@type":"SearchAction","target":{"@type":"EntryPoint","urlTemplate":"https:\/\/www.hagedorn-products.de\/?s={search_term_string}"},"query-input":{"@type":"PropertyValueSpecification","valueRequired":true,"valueName":"search_term_string"}}],"inLanguage":"en-US"}]}},"_links":{"self":[{"href":"https:\/\/www.hagedorn-products.de\/en\/wp-json\/wp\/v2\/pages\/1347","targetHints":{"allow":["GET"]}}],"collection":[{"href":"https:\/\/www.hagedorn-products.de\/en\/wp-json\/wp\/v2\/pages"}],"about":[{"href":"https:\/\/www.hagedorn-products.de\/en\/wp-json\/wp\/v2\/types\/page"}],"author":[{"embeddable":true,"href":"https:\/\/www.hagedorn-products.de\/en\/wp-json\/wp\/v2\/users\/1"}],"replies":[{"embeddable":true,"href":"https:\/\/www.hagedorn-products.de\/en\/wp-json\/wp\/v2\/comments?post=1347"}],"version-history":[{"count":15,"href":"https:\/\/www.hagedorn-products.de\/en\/wp-json\/wp\/v2\/pages\/1347\/revisions"}],"predecessor-version":[{"id":1438,"href":"https:\/\/www.hagedorn-products.de\/en\/wp-json\/wp\/v2\/pages\/1347\/revisions\/1438"}],"wp:attachment":[{"href":"https:\/\/www.hagedorn-products.de\/en\/wp-json\/wp\/v2\/media?parent=1347"}],"curies":[{"name":"wp","href":"https:\/\/api.w.org\/{rel}","templated":true}]}}