{"id":1345,"date":"2022-03-24T09:22:46","date_gmt":"2022-03-24T09:22:46","guid":{"rendered":"http:\/\/www.hagedorn-products.de\/?page_id=1345"},"modified":"2022-03-29T08:28:39","modified_gmt":"2022-03-29T08:28:39","slug":"ladeluftkuehler","status":"publish","type":"page","link":"https:\/\/www.hagedorn-products.de\/en\/ladeluftkuehler\/","title":{"rendered":"Charge air coolers"},"content":{"rendered":"<div data-elementor-type=\"wp-post\" data-elementor-id=\"1345\" class=\"elementor elementor-1345\">\n\t\t\t\t\t\t<section class=\"elementor-section elementor-top-section elementor-element elementor-element-b3b3b56 elementor-section-full_width elementor-section-height-default elementor-section-height-default\" data-id=\"b3b3b56\" data-element_type=\"section\" data-e-type=\"section\">\n\t\t\t\t\t\t<div class=\"elementor-container elementor-column-gap-default\">\n\t\t\t\t\t<div class=\"elementor-column elementor-col-100 elementor-top-column elementor-element elementor-element-fcfc239\" data-id=\"fcfc239\" data-element_type=\"column\" data-e-type=\"column\">\n\t\t\t<div class=\"elementor-widget-wrap elementor-element-populated\">\n\t\t\t\t\t\t<div class=\"elementor-element elementor-element-e3c8286 elementor-widget elementor-widget-heading\" data-id=\"e3c8286\" data-element_type=\"widget\" data-e-type=\"widget\" data-widget_type=\"heading.default\">\n\t\t\t\t<div class=\"elementor-widget-container\">\n\t\t\t\t\t<h2 class=\"elementor-heading-title elementor-size-default\">Charge air coolers<\/h2>\t\t\t\t<\/div>\n\t\t\t\t<\/div>\n\t\t\t\t<div class=\"elementor-element elementor-element-aa47e3c elementor-widget elementor-widget-text-editor\" data-id=\"aa47e3c\" data-element_type=\"widget\" data-e-type=\"widget\" data-widget_type=\"text-editor.default\">\n\t\t\t\t<div class=\"elementor-widget-container\">\n\t\t\t\t\t\t\t\t\t<p>Charge air coolers for shipboard use, either for the main engine or for the diesel generators, are one of FARAD\u2019s main products. Cooling the charged air increases the efficiency of internal combustion engines. The same design is used in natural gas and biogas fueled engines. FARAD charged air coolers are well known throughout the world for their reliability and excellent performance.<\/p><p>Engine air downstream of the turbocharger is usually cooled from approximately 200 \u00b0C to 45 \u00b0C or lower.<\/p><p>Thus cool air is supplied to the engine inlet. A decrease in air intake temperature of the engine allows more air and fuel to be combusted per engine cycle, increasing the efficiency of the engine and decrease the emissions.<\/p><p>FARAD air coolers are suitable for all turbocharged engines with a power rating of 200 kW and more. They are suitable for seawater or freshwater cooling systems. Thousands of Air coolers have already been manufactured, installed and operate successfully.<\/p><p>FARAD Air cooler series are proven to be an established range of products with extended use from our customers with verified prolonged life and excellent performance.<\/p>\t\t\t\t\t\t\t\t<\/div>\n\t\t\t\t<\/div>\n\t\t\t\t\t<\/div>\n\t\t<\/div>\n\t\t\t\t\t<\/div>\n\t\t<\/section>\n\t\t\t\t<section class=\"elementor-section elementor-top-section elementor-element elementor-element-e71e131 elementor-section-full_width elementor-section-height-default elementor-section-height-default\" data-id=\"e71e131\" data-element_type=\"section\" data-e-type=\"section\">\n\t\t\t\t\t\t<div class=\"elementor-container elementor-column-gap-default\">\n\t\t\t\t\t<div class=\"elementor-column elementor-col-100 elementor-top-column elementor-element elementor-element-ddcfbbf\" data-id=\"ddcfbbf\" data-element_type=\"column\" data-e-type=\"column\">\n\t\t\t<div class=\"elementor-widget-wrap elementor-element-populated\">\n\t\t\t\t\t\t<section class=\"elementor-section elementor-inner-section elementor-element elementor-element-0464507 elementor-section-full_width elementor-section-height-default elementor-section-height-default\" data-id=\"0464507\" data-element_type=\"section\" data-e-type=\"section\">\n\t\t\t\t\t\t<div class=\"elementor-container elementor-column-gap-default\">\n\t\t\t\t\t<div class=\"elementor-column elementor-col-50 elementor-inner-column elementor-element elementor-element-d645a5f\" data-id=\"d645a5f\" data-element_type=\"column\" data-e-type=\"column\">\n\t\t\t<div class=\"elementor-widget-wrap elementor-element-populated\">\n\t\t\t\t\t\t<div class=\"elementor-element elementor-element-231782e elementor-widget elementor-widget-image\" data-id=\"231782e\" data-element_type=\"widget\" data-e-type=\"widget\" data-widget_type=\"image.default\">\n\t\t\t\t<div class=\"elementor-widget-container\">\n\t\t\t\t\t\t\t\t\t\t\t\t\t\t\t<img fetchpriority=\"high\" decoding=\"async\" width=\"402\" height=\"323\" src=\"https:\/\/www.hagedorn-products.de\/wp-content\/uploads\/2022\/03\/Screenshot-2022-03-24-085151.png\" class=\"attachment-large size-large wp-image-1373\" alt=\"\" srcset=\"https:\/\/www.hagedorn-products.de\/wp-content\/uploads\/2022\/03\/Screenshot-2022-03-24-085151.png 402w, https:\/\/www.hagedorn-products.de\/wp-content\/uploads\/2022\/03\/Screenshot-2022-03-24-085151-300x241.png 300w\" sizes=\"(max-width: 402px) 100vw, 402px\" \/>\t\t\t\t\t\t\t\t\t\t\t\t\t\t\t<\/div>\n\t\t\t\t<\/div>\n\t\t\t\t\t<\/div>\n\t\t<\/div>\n\t\t\t\t<div class=\"elementor-column elementor-col-50 elementor-inner-column elementor-element elementor-element-85ec50f\" data-id=\"85ec50f\" data-element_type=\"column\" data-e-type=\"column\">\n\t\t\t<div class=\"elementor-widget-wrap elementor-element-populated\">\n\t\t\t\t\t\t<div class=\"elementor-element elementor-element-ac47b61 elementor-widget elementor-widget-image\" data-id=\"ac47b61\" data-element_type=\"widget\" data-e-type=\"widget\" data-widget_type=\"image.default\">\n\t\t\t\t<div class=\"elementor-widget-container\">\n\t\t\t\t\t\t\t\t\t\t\t\t\t\t\t<img decoding=\"async\" width=\"531\" height=\"336\" src=\"https:\/\/www.hagedorn-products.de\/wp-content\/uploads\/2022\/03\/Screenshot-2022-03-24-085216.png\" class=\"attachment-large size-large wp-image-1374\" alt=\"\" srcset=\"https:\/\/www.hagedorn-products.de\/wp-content\/uploads\/2022\/03\/Screenshot-2022-03-24-085216.png 531w, https:\/\/www.hagedorn-products.de\/wp-content\/uploads\/2022\/03\/Screenshot-2022-03-24-085216-300x190.png 300w\" sizes=\"(max-width: 531px) 100vw, 531px\" \/>\t\t\t\t\t\t\t\t\t\t\t\t\t\t\t<\/div>\n\t\t\t\t<\/div>\n\t\t\t\t\t<\/div>\n\t\t<\/div>\n\t\t\t\t\t<\/div>\n\t\t<\/section>\n\t\t\t\t\t<\/div>\n\t\t<\/div>\n\t\t\t\t\t<\/div>\n\t\t<\/section>\n\t\t\t\t<section class=\"elementor-section elementor-top-section elementor-element elementor-element-e652f71 elementor-section-full_width elementor-section-height-default elementor-section-height-default\" data-id=\"e652f71\" data-element_type=\"section\" data-e-type=\"section\">\n\t\t\t\t\t\t<div class=\"elementor-container elementor-column-gap-default\">\n\t\t\t\t\t<div class=\"elementor-column elementor-col-100 elementor-top-column elementor-element elementor-element-2501df5\" data-id=\"2501df5\" data-element_type=\"column\" data-e-type=\"column\">\n\t\t\t<div class=\"elementor-widget-wrap elementor-element-populated\">\n\t\t\t\t\t\t<div class=\"elementor-element elementor-element-608fea3 elementor-widget elementor-widget-heading\" data-id=\"608fea3\" data-element_type=\"widget\" data-e-type=\"widget\" data-widget_type=\"heading.default\">\n\t\t\t\t<div class=\"elementor-widget-container\">\n\t\t\t\t\t<h2 class=\"elementor-heading-title elementor-size-large\">Advantages<\/h2>\t\t\t\t<\/div>\n\t\t\t\t<\/div>\n\t\t\t\t<div class=\"elementor-element elementor-element-7b63417 elementor-widget elementor-widget-text-editor\" data-id=\"7b63417\" data-element_type=\"widget\" data-e-type=\"widget\" data-widget_type=\"text-editor.default\">\n\t\t\t\t<div class=\"elementor-widget-container\">\n\t\t\t\t\t\t\t\t\t<p>- Compatible dimensions with engine models from all major engine builders<\/p><p>- Expert advice offered if refurbishment is possible for replacement costs reduction<\/p><p>- Fast delivery times on standard products<\/p><p>- Large variability on custom air coolers<\/p><p>- High efficiency Air coolers<\/p><p>- High quality raw materials<\/p>\t\t\t\t\t\t\t\t<\/div>\n\t\t\t\t<\/div>\n\t\t\t\t\t<\/div>\n\t\t<\/div>\n\t\t\t\t\t<\/div>\n\t\t<\/section>\n\t\t\t\t<\/div>","protected":false},"excerpt":{"rendered":"<p>Ladeluftk\u00fchler Ladeluftk\u00fchler f\u00fcr den Einsatz an Bord, entweder f\u00fcr den Hauptmotor oder f\u00fcr die Dieselgeneratoren, sind eines der Hauptprodukte von FARAD. Die K\u00fchlung der Ladeluft erh\u00f6ht den Wirkungsgrad von Verbrennungsmotoren. Das gleiche Design wird in mit Erdgas und Biogas betriebenen Motoren verwendet. FARAD Ladeluftk\u00fchler sind weltweit f\u00fcr ihre Zuverl\u00e4ssigkeit und hervorragende Leistung bekannt. Motorluft stromabw\u00e4rts [&hellip;]<\/p>\n","protected":false},"author":1,"featured_media":0,"parent":0,"menu_order":0,"comment_status":"closed","ping_status":"closed","template":"elementor_header_footer","meta":{"footnotes":""},"class_list":["post-1345","page","type-page","status-publish","hentry"],"yoast_head":"<!-- This site is optimized with the Yoast SEO plugin v27.2 - https:\/\/yoast.com\/product\/yoast-seo-wordpress\/ -->\n<title>Ladeluftk\u00fchler - HAGEDORN Products &amp; Systems GmbH<\/title>\n<meta name=\"robots\" content=\"index, follow, max-snippet:-1, max-image-preview:large, max-video-preview:-1\" \/>\n<link rel=\"canonical\" href=\"https:\/\/www.hagedorn-products.de\/en\/ladeluftkuehler\/\" \/>\n<meta property=\"og:locale\" content=\"en_US\" \/>\n<meta property=\"og:type\" content=\"article\" \/>\n<meta property=\"og:title\" content=\"Ladeluftk\u00fchler - HAGEDORN Products &amp; Systems GmbH\" \/>\n<meta property=\"og:description\" content=\"Ladeluftk\u00fchler Ladeluftk\u00fchler f\u00fcr den Einsatz an Bord, entweder f\u00fcr den Hauptmotor oder f\u00fcr die Dieselgeneratoren, sind eines der Hauptprodukte von FARAD. Die K\u00fchlung der Ladeluft erh\u00f6ht den Wirkungsgrad von Verbrennungsmotoren. Das gleiche Design wird in mit Erdgas und Biogas betriebenen Motoren verwendet. FARAD Ladeluftk\u00fchler sind weltweit f\u00fcr ihre Zuverl\u00e4ssigkeit und hervorragende Leistung bekannt. Motorluft stromabw\u00e4rts [&hellip;]\" \/>\n<meta property=\"og:url\" content=\"https:\/\/www.hagedorn-products.de\/en\/ladeluftkuehler\/\" \/>\n<meta property=\"og:site_name\" content=\"HAGEDORN Products &amp; Systems GmbH\" \/>\n<meta property=\"article:modified_time\" content=\"2022-03-29T08:28:39+00:00\" \/>\n<meta property=\"og:image\" content=\"http:\/\/www.hagedorn-products.de\/wp-content\/uploads\/2022\/03\/Screenshot-2022-03-24-085151.png\" \/>\n<meta name=\"twitter:card\" content=\"summary_large_image\" \/>\n<meta name=\"twitter:label1\" content=\"Est. reading time\" \/>\n\t<meta name=\"twitter:data1\" content=\"1 minute\" \/>\n<script type=\"application\/ld+json\" class=\"yoast-schema-graph\">{\"@context\":\"https:\/\/schema.org\",\"@graph\":[{\"@type\":\"WebPage\",\"@id\":\"https:\/\/www.hagedorn-products.de\/en\/ladeluftkuehler\/\",\"url\":\"https:\/\/www.hagedorn-products.de\/en\/ladeluftkuehler\/\",\"name\":\"Ladeluftk\u00fchler - HAGEDORN Products &amp; Systems GmbH\",\"isPartOf\":{\"@id\":\"http:\/\/www.hagedorn-products.de\/#website\"},\"primaryImageOfPage\":{\"@id\":\"https:\/\/www.hagedorn-products.de\/en\/ladeluftkuehler\/#primaryimage\"},\"image\":{\"@id\":\"https:\/\/www.hagedorn-products.de\/en\/ladeluftkuehler\/#primaryimage\"},\"thumbnailUrl\":\"http:\/\/www.hagedorn-products.de\/wp-content\/uploads\/2022\/03\/Screenshot-2022-03-24-085151.png\",\"datePublished\":\"2022-03-24T09:22:46+00:00\",\"dateModified\":\"2022-03-29T08:28:39+00:00\",\"breadcrumb\":{\"@id\":\"https:\/\/www.hagedorn-products.de\/en\/ladeluftkuehler\/#breadcrumb\"},\"inLanguage\":\"en-US\",\"potentialAction\":[{\"@type\":\"ReadAction\",\"target\":[\"https:\/\/www.hagedorn-products.de\/en\/ladeluftkuehler\/\"]}]},{\"@type\":\"ImageObject\",\"inLanguage\":\"en-US\",\"@id\":\"https:\/\/www.hagedorn-products.de\/en\/ladeluftkuehler\/#primaryimage\",\"url\":\"http:\/\/www.hagedorn-products.de\/wp-content\/uploads\/2022\/03\/Screenshot-2022-03-24-085151.png\",\"contentUrl\":\"http:\/\/www.hagedorn-products.de\/wp-content\/uploads\/2022\/03\/Screenshot-2022-03-24-085151.png\"},{\"@type\":\"BreadcrumbList\",\"@id\":\"https:\/\/www.hagedorn-products.de\/en\/ladeluftkuehler\/#breadcrumb\",\"itemListElement\":[{\"@type\":\"ListItem\",\"position\":1,\"name\":\"Startseite\",\"item\":\"http:\/\/www.hagedorn-products.de\/\"},{\"@type\":\"ListItem\",\"position\":2,\"name\":\"Ladeluftk\u00fchler\"}]},{\"@type\":\"WebSite\",\"@id\":\"http:\/\/www.hagedorn-products.de\/#website\",\"url\":\"http:\/\/www.hagedorn-products.de\/\",\"name\":\"HAGEDORN Products & Systems GmbH\",\"description\":\"\",\"potentialAction\":[{\"@type\":\"SearchAction\",\"target\":{\"@type\":\"EntryPoint\",\"urlTemplate\":\"http:\/\/www.hagedorn-products.de\/?s={search_term_string}\"},\"query-input\":{\"@type\":\"PropertyValueSpecification\",\"valueRequired\":true,\"valueName\":\"search_term_string\"}}],\"inLanguage\":\"en-US\"}]}<\/script>\n<!-- \/ Yoast SEO plugin. -->","yoast_head_json":{"title":"Ladeluftk\u00fchler - HAGEDORN Products &amp; Systems GmbH","robots":{"index":"index","follow":"follow","max-snippet":"max-snippet:-1","max-image-preview":"max-image-preview:large","max-video-preview":"max-video-preview:-1"},"canonical":"https:\/\/www.hagedorn-products.de\/en\/ladeluftkuehler\/","og_locale":"en_US","og_type":"article","og_title":"Ladeluftk\u00fchler - HAGEDORN Products &amp; Systems GmbH","og_description":"Ladeluftk\u00fchler Ladeluftk\u00fchler f\u00fcr den Einsatz an Bord, entweder f\u00fcr den Hauptmotor oder f\u00fcr die Dieselgeneratoren, sind eines der Hauptprodukte von FARAD. Die K\u00fchlung der Ladeluft erh\u00f6ht den Wirkungsgrad von Verbrennungsmotoren. Das gleiche Design wird in mit Erdgas und Biogas betriebenen Motoren verwendet. FARAD Ladeluftk\u00fchler sind weltweit f\u00fcr ihre Zuverl\u00e4ssigkeit und hervorragende Leistung bekannt. Motorluft stromabw\u00e4rts [&hellip;]","og_url":"https:\/\/www.hagedorn-products.de\/en\/ladeluftkuehler\/","og_site_name":"HAGEDORN Products &amp; Systems GmbH","article_modified_time":"2022-03-29T08:28:39+00:00","og_image":[{"url":"http:\/\/www.hagedorn-products.de\/wp-content\/uploads\/2022\/03\/Screenshot-2022-03-24-085151.png","type":"","width":"","height":""}],"twitter_card":"summary_large_image","twitter_misc":{"Est. reading time":"1 minute"},"schema":{"@context":"https:\/\/schema.org","@graph":[{"@type":"WebPage","@id":"https:\/\/www.hagedorn-products.de\/en\/ladeluftkuehler\/","url":"https:\/\/www.hagedorn-products.de\/en\/ladeluftkuehler\/","name":"Ladeluftk\u00fchler - HAGEDORN Products &amp; Systems GmbH","isPartOf":{"@id":"http:\/\/www.hagedorn-products.de\/#website"},"primaryImageOfPage":{"@id":"https:\/\/www.hagedorn-products.de\/en\/ladeluftkuehler\/#primaryimage"},"image":{"@id":"https:\/\/www.hagedorn-products.de\/en\/ladeluftkuehler\/#primaryimage"},"thumbnailUrl":"http:\/\/www.hagedorn-products.de\/wp-content\/uploads\/2022\/03\/Screenshot-2022-03-24-085151.png","datePublished":"2022-03-24T09:22:46+00:00","dateModified":"2022-03-29T08:28:39+00:00","breadcrumb":{"@id":"https:\/\/www.hagedorn-products.de\/en\/ladeluftkuehler\/#breadcrumb"},"inLanguage":"en-US","potentialAction":[{"@type":"ReadAction","target":["https:\/\/www.hagedorn-products.de\/en\/ladeluftkuehler\/"]}]},{"@type":"ImageObject","inLanguage":"en-US","@id":"https:\/\/www.hagedorn-products.de\/en\/ladeluftkuehler\/#primaryimage","url":"http:\/\/www.hagedorn-products.de\/wp-content\/uploads\/2022\/03\/Screenshot-2022-03-24-085151.png","contentUrl":"http:\/\/www.hagedorn-products.de\/wp-content\/uploads\/2022\/03\/Screenshot-2022-03-24-085151.png"},{"@type":"BreadcrumbList","@id":"https:\/\/www.hagedorn-products.de\/en\/ladeluftkuehler\/#breadcrumb","itemListElement":[{"@type":"ListItem","position":1,"name":"Startseite","item":"http:\/\/www.hagedorn-products.de\/"},{"@type":"ListItem","position":2,"name":"Ladeluftk\u00fchler"}]},{"@type":"WebSite","@id":"http:\/\/www.hagedorn-products.de\/#website","url":"http:\/\/www.hagedorn-products.de\/","name":"HAGEDORN Products & Systems GmbH","description":"","potentialAction":[{"@type":"SearchAction","target":{"@type":"EntryPoint","urlTemplate":"http:\/\/www.hagedorn-products.de\/?s={search_term_string}"},"query-input":{"@type":"PropertyValueSpecification","valueRequired":true,"valueName":"search_term_string"}}],"inLanguage":"en-US"}]}},"_links":{"self":[{"href":"https:\/\/www.hagedorn-products.de\/en\/wp-json\/wp\/v2\/pages\/1345","targetHints":{"allow":["GET"]}}],"collection":[{"href":"https:\/\/www.hagedorn-products.de\/en\/wp-json\/wp\/v2\/pages"}],"about":[{"href":"https:\/\/www.hagedorn-products.de\/en\/wp-json\/wp\/v2\/types\/page"}],"author":[{"embeddable":true,"href":"https:\/\/www.hagedorn-products.de\/en\/wp-json\/wp\/v2\/users\/1"}],"replies":[{"embeddable":true,"href":"https:\/\/www.hagedorn-products.de\/en\/wp-json\/wp\/v2\/comments?post=1345"}],"version-history":[{"count":6,"href":"https:\/\/www.hagedorn-products.de\/en\/wp-json\/wp\/v2\/pages\/1345\/revisions"}],"predecessor-version":[{"id":1437,"href":"https:\/\/www.hagedorn-products.de\/en\/wp-json\/wp\/v2\/pages\/1345\/revisions\/1437"}],"wp:attachment":[{"href":"https:\/\/www.hagedorn-products.de\/en\/wp-json\/wp\/v2\/media?parent=1345"}],"curies":[{"name":"wp","href":"https:\/\/api.w.org\/{rel}","templated":true}]}}