{"id":1286,"date":"2022-02-07T08:45:39","date_gmt":"2022-02-07T08:45:39","guid":{"rendered":"http:\/\/www.hagedorn-products.de\/?page_id=1286"},"modified":"2022-02-08T12:27:43","modified_gmt":"2022-02-08T12:27:43","slug":"pumpenreparatur","status":"publish","type":"page","link":"https:\/\/www.hagedorn-products.de\/en\/pumpenreparatur\/","title":{"rendered":"Pump maintenance"},"content":{"rendered":"<div data-elementor-type=\"wp-post\" data-elementor-id=\"1286\" class=\"elementor elementor-1286\">\n\t\t\t\t\t\t<section class=\"elementor-section elementor-top-section elementor-element elementor-element-c3e58f7 elementor-section-boxed elementor-section-height-default elementor-section-height-default\" data-id=\"c3e58f7\" data-element_type=\"section\" data-e-type=\"section\">\n\t\t\t\t\t\t<div class=\"elementor-container elementor-column-gap-default\">\n\t\t\t\t\t<div class=\"elementor-column elementor-col-100 elementor-top-column elementor-element elementor-element-932006e\" data-id=\"932006e\" data-element_type=\"column\" data-e-type=\"column\">\n\t\t\t<div class=\"elementor-widget-wrap elementor-element-populated\">\n\t\t\t\t\t\t<div class=\"elementor-element elementor-element-0e2f66b elementor-widget elementor-widget-text-editor\" data-id=\"0e2f66b\" data-element_type=\"widget\" data-e-type=\"widget\" data-widget_type=\"text-editor.default\">\n\t\t\t\t<div class=\"elementor-widget-container\">\n\t\t\t\t\t\t\t\t\t<p>Maintenance, repair and annual check of pumps, blowers and electrical motors<\/p><p><span class=\"Y2IQFc\" lang=\"de\">With our certified staff (on- and offshore) and our global network, our service offers you quick and flexible maintenance and repair work for a wide range of pumps, blowers, electrical motors from various manufacturers. Depending on the customer's requirements, our service staff carry out the work in our workshop or directly on site.<\/span><\/p>\t\t\t\t\t\t\t\t<\/div>\n\t\t\t\t<\/div>\n\t\t\t\t\t<\/div>\n\t\t<\/div>\n\t\t\t\t\t<\/div>\n\t\t<\/section>\n\t\t\t\t<section class=\"elementor-section elementor-top-section elementor-element elementor-element-a285954 elementor-section-boxed elementor-section-height-default elementor-section-height-default\" data-id=\"a285954\" data-element_type=\"section\" data-e-type=\"section\">\n\t\t\t\t\t\t<div class=\"elementor-container elementor-column-gap-default\">\n\t\t\t\t\t<div class=\"elementor-column elementor-col-100 elementor-top-column elementor-element elementor-element-f02264b\" data-id=\"f02264b\" data-element_type=\"column\" data-e-type=\"column\">\n\t\t\t<div class=\"elementor-widget-wrap elementor-element-populated\">\n\t\t\t\t\t\t<section class=\"elementor-section elementor-inner-section elementor-element elementor-element-f793874 elementor-section-boxed elementor-section-height-default elementor-section-height-default\" data-id=\"f793874\" data-element_type=\"section\" data-e-type=\"section\">\n\t\t\t\t\t\t<div class=\"elementor-container elementor-column-gap-default\">\n\t\t\t\t\t<div class=\"elementor-column elementor-col-50 elementor-inner-column elementor-element elementor-element-a765e32\" data-id=\"a765e32\" data-element_type=\"column\" data-e-type=\"column\">\n\t\t\t<div class=\"elementor-widget-wrap elementor-element-populated\">\n\t\t\t\t\t\t<div class=\"elementor-element elementor-element-95d50e1 elementor-widget elementor-widget-heading\" data-id=\"95d50e1\" data-element_type=\"widget\" data-e-type=\"widget\" data-widget_type=\"heading.default\">\n\t\t\t\t<div class=\"elementor-widget-container\">\n\t\t\t\t\t<h2 class=\"elementor-heading-title elementor-size-default\">Before<\/h2>\t\t\t\t<\/div>\n\t\t\t\t<\/div>\n\t\t\t\t<div class=\"elementor-element elementor-element-5e3370d elementor-widget elementor-widget-image\" data-id=\"5e3370d\" data-element_type=\"widget\" data-e-type=\"widget\" data-widget_type=\"image.default\">\n\t\t\t\t<div class=\"elementor-widget-container\">\n\t\t\t\t\t\t\t\t\t\t\t\t<figure class=\"wp-caption\">\n\t\t\t\t\t\t\t\t\t\t<img fetchpriority=\"high\" decoding=\"async\" width=\"400\" height=\"300\" src=\"https:\/\/www.hagedorn-products.de\/wp-content\/uploads\/2022\/02\/3-400x300.jpg\" class=\"attachment-evolve-slider-thumbnail size-evolve-slider-thumbnail wp-image-1260\" alt=\"\" \/>\t\t\t\t\t\t\t\t\t\t\t<figcaption class=\"widget-image-caption wp-caption-text\"><\/figcaption>\n\t\t\t\t\t\t\t\t\t\t<\/figure>\n\t\t\t\t\t\t\t\t\t<\/div>\n\t\t\t\t<\/div>\n\t\t\t\t\t<\/div>\n\t\t<\/div>\n\t\t\t\t<div class=\"elementor-column elementor-col-50 elementor-inner-column elementor-element elementor-element-96e963e\" data-id=\"96e963e\" data-element_type=\"column\" data-e-type=\"column\">\n\t\t\t<div class=\"elementor-widget-wrap elementor-element-populated\">\n\t\t\t\t\t\t<div class=\"elementor-element elementor-element-728cadb elementor-widget elementor-widget-heading\" data-id=\"728cadb\" data-element_type=\"widget\" data-e-type=\"widget\" data-widget_type=\"heading.default\">\n\t\t\t\t<div class=\"elementor-widget-container\">\n\t\t\t\t\t<h2 class=\"elementor-heading-title elementor-size-default\">After<\/h2>\t\t\t\t<\/div>\n\t\t\t\t<\/div>\n\t\t\t\t<div class=\"elementor-element elementor-element-ce19f79 elementor-widget elementor-widget-image\" data-id=\"ce19f79\" data-element_type=\"widget\" data-e-type=\"widget\" data-widget_type=\"image.default\">\n\t\t\t\t<div class=\"elementor-widget-container\">\n\t\t\t\t\t\t\t\t\t\t\t\t\t\t\t<img decoding=\"async\" width=\"955\" height=\"511\" src=\"https:\/\/www.hagedorn-products.de\/wp-content\/uploads\/2022\/02\/4-1024x548.jpg\" class=\"attachment-large size-large wp-image-1261\" alt=\"\" srcset=\"https:\/\/www.hagedorn-products.de\/wp-content\/uploads\/2022\/02\/4-1024x548.jpg 1024w, https:\/\/www.hagedorn-products.de\/wp-content\/uploads\/2022\/02\/4-300x161.jpg 300w, https:\/\/www.hagedorn-products.de\/wp-content\/uploads\/2022\/02\/4-768x411.jpg 768w, https:\/\/www.hagedorn-products.de\/wp-content\/uploads\/2022\/02\/4.jpg 1376w\" sizes=\"(max-width: 955px) 100vw, 955px\" \/>\t\t\t\t\t\t\t\t\t\t\t\t\t\t\t<\/div>\n\t\t\t\t<\/div>\n\t\t\t\t\t<\/div>\n\t\t<\/div>\n\t\t\t\t\t<\/div>\n\t\t<\/section>\n\t\t\t\t<section class=\"elementor-section elementor-inner-section elementor-element elementor-element-acf63d5 elementor-section-boxed elementor-section-height-default elementor-section-height-default\" data-id=\"acf63d5\" data-element_type=\"section\" data-e-type=\"section\">\n\t\t\t\t\t\t<div class=\"elementor-container elementor-column-gap-default\">\n\t\t\t\t\t<div class=\"elementor-column elementor-col-100 elementor-inner-column elementor-element elementor-element-e70d557\" data-id=\"e70d557\" data-element_type=\"column\" data-e-type=\"column\">\n\t\t\t<div class=\"elementor-widget-wrap\">\n\t\t\t\t\t\t\t<\/div>\n\t\t<\/div>\n\t\t\t\t\t<\/div>\n\t\t<\/section>\n\t\t\t\t\t<\/div>\n\t\t<\/div>\n\t\t\t\t\t<\/div>\n\t\t<\/section>\n\t\t\t\t<section class=\"elementor-section elementor-top-section elementor-element elementor-element-8ea6f19 elementor-section-boxed elementor-section-height-default elementor-section-height-default\" data-id=\"8ea6f19\" data-element_type=\"section\" data-e-type=\"section\">\n\t\t\t\t\t\t<div class=\"elementor-container elementor-column-gap-default\">\n\t\t\t\t\t<div class=\"elementor-column elementor-col-100 elementor-top-column elementor-element elementor-element-f1e1c18\" data-id=\"f1e1c18\" data-element_type=\"column\" data-e-type=\"column\">\n\t\t\t<div class=\"elementor-widget-wrap elementor-element-populated\">\n\t\t\t\t\t\t<section class=\"elementor-section elementor-inner-section elementor-element elementor-element-56b2525 elementor-section-boxed elementor-section-height-default elementor-section-height-default\" data-id=\"56b2525\" data-element_type=\"section\" data-e-type=\"section\">\n\t\t\t\t\t\t<div class=\"elementor-container elementor-column-gap-default\">\n\t\t\t\t\t<div class=\"elementor-column elementor-col-50 elementor-inner-column elementor-element elementor-element-69d5738\" data-id=\"69d5738\" data-element_type=\"column\" data-e-type=\"column\">\n\t\t\t<div class=\"elementor-widget-wrap elementor-element-populated\">\n\t\t\t\t\t\t<div class=\"elementor-element elementor-element-373a4fe elementor-widget elementor-widget-text-editor\" data-id=\"373a4fe\" data-element_type=\"widget\" data-e-type=\"widget\" data-widget_type=\"text-editor.default\">\n\t\t\t\t<div class=\"elementor-widget-container\">\n\t\t\t\t\t\t\t\t\t<p><span class=\"Y2IQFc\" lang=\"de\">If you are personally responsible for the engineering and maintenance of your pumps, we will be happy to help you to choose the spare parts you need.<\/span><\/p><p><span class=\"Y2IQFc\" lang=\"de\">Our offer includes:<\/span><\/p><ul><li><span class=\"Y2IQFc\" lang=\"de\">- Engineering &amp; Project planning <\/span><\/li><li><span class=\"Y2IQFc\" lang=\"de\">- Maintenance, repair, annual check <\/span><\/li><li><span class=\"Y2IQFc\" lang=\"de\">- International collection and delivery service <\/span><\/li><li><span class=\"Y2IQFc\" lang=\"de\">- Installation <\/span><\/li><li><span class=\"Y2IQFc\" lang=\"de\">- Engineering<\/span><\/li><li><span class=\"Y2IQFc\" lang=\"de\">- Maintenance <\/span><\/li><li><span class=\"Y2IQFc\" lang=\"de\">- Spare parts service <\/span><\/li><li><span class=\"Y2IQFc\" lang=\"de\">- Test runs in our test field<\/span><\/li><\/ul>\t\t\t\t\t\t\t\t<\/div>\n\t\t\t\t<\/div>\n\t\t\t\t\t<\/div>\n\t\t<\/div>\n\t\t\t\t<div class=\"elementor-column elementor-col-50 elementor-inner-column elementor-element elementor-element-a868987\" data-id=\"a868987\" data-element_type=\"column\" data-e-type=\"column\">\n\t\t\t<div class=\"elementor-widget-wrap elementor-element-populated\">\n\t\t\t\t\t\t<div class=\"elementor-element elementor-element-f54c766 elementor-widget elementor-widget-image\" data-id=\"f54c766\" data-element_type=\"widget\" data-e-type=\"widget\" data-widget_type=\"image.default\">\n\t\t\t\t<div class=\"elementor-widget-container\">\n\t\t\t\t\t\t\t\t\t\t\t\t\t\t\t<img decoding=\"async\" width=\"225\" height=\"300\" src=\"https:\/\/www.hagedorn-products.de\/wp-content\/uploads\/2022\/02\/2-225x300.jpg\" class=\"attachment-medium size-medium wp-image-1263\" alt=\"\" srcset=\"https:\/\/www.hagedorn-products.de\/wp-content\/uploads\/2022\/02\/2-225x300.jpg 225w, https:\/\/www.hagedorn-products.de\/wp-content\/uploads\/2022\/02\/2-768x1024.jpg 768w, https:\/\/www.hagedorn-products.de\/wp-content\/uploads\/2022\/02\/2.jpg 1280w\" sizes=\"(max-width: 225px) 100vw, 225px\" \/>\t\t\t\t\t\t\t\t\t\t\t\t\t\t\t<\/div>\n\t\t\t\t<\/div>\n\t\t\t\t\t<\/div>\n\t\t<\/div>\n\t\t\t\t\t<\/div>\n\t\t<\/section>\n\t\t\t\t\t<\/div>\n\t\t<\/div>\n\t\t\t\t\t<\/div>\n\t\t<\/section>\n\t\t\t\t<\/div>","protected":false},"excerpt":{"rendered":"<p>Wartung, Reparatur und j\u00e4hrliche Kontrolle f\u00fcr Pumpen, Gebl\u00e4se und Elektromotoren Mit unserem zertifizierten Personal (on- und offshore) und unserem globalen Netzwerk bietet Ihnen unser Service schnelle und flexible Wartungs- und Reparaturarbeiten f\u00fcr eine Vielzahl von Pumpen, Gebl\u00e4sen, Elektromotoren verschiedener Hersteller. Je nach Kundenwunsch f\u00fchren unsere Servicemitarbeiter die Arbeiten in unserer Werkstatt oder direkt vor Ort [&hellip;]<\/p>\n","protected":false},"author":1,"featured_media":0,"parent":0,"menu_order":0,"comment_status":"closed","ping_status":"closed","template":"","meta":{"footnotes":""},"class_list":["post-1286","page","type-page","status-publish","hentry"],"yoast_head":"<!-- This site is optimized with the Yoast SEO plugin v27.2 - https:\/\/yoast.com\/product\/yoast-seo-wordpress\/ -->\n<title>Pumpenreparatur - HAGEDORN Products &amp; Systems GmbH<\/title>\n<meta name=\"robots\" content=\"index, follow, max-snippet:-1, max-image-preview:large, max-video-preview:-1\" \/>\n<link rel=\"canonical\" href=\"http:\/\/www.hagedorn-products.de\/en\/pumpenreparatur\/\" \/>\n<meta property=\"og:locale\" content=\"en_US\" \/>\n<meta property=\"og:type\" content=\"article\" \/>\n<meta property=\"og:title\" content=\"Pumpenreparatur - HAGEDORN Products &amp; Systems GmbH\" \/>\n<meta property=\"og:description\" content=\"Wartung, Reparatur und j\u00e4hrliche Kontrolle f\u00fcr Pumpen, Gebl\u00e4se und Elektromotoren Mit unserem zertifizierten Personal (on- und offshore) und unserem globalen Netzwerk bietet Ihnen unser Service schnelle und flexible Wartungs- und Reparaturarbeiten f\u00fcr eine Vielzahl von Pumpen, Gebl\u00e4sen, Elektromotoren verschiedener Hersteller. Je nach Kundenwunsch f\u00fchren unsere Servicemitarbeiter die Arbeiten in unserer Werkstatt oder direkt vor Ort [&hellip;]\" \/>\n<meta property=\"og:url\" content=\"http:\/\/www.hagedorn-products.de\/en\/pumpenreparatur\/\" \/>\n<meta property=\"og:site_name\" content=\"HAGEDORN Products &amp; Systems GmbH\" \/>\n<meta property=\"article:modified_time\" content=\"2022-02-08T12:27:43+00:00\" \/>\n<meta property=\"og:image\" content=\"http:\/\/www.hagedorn-products.de\/wp-content\/uploads\/2022\/02\/3-400x300.jpg\" \/>\n<meta name=\"twitter:card\" content=\"summary_large_image\" \/>\n<meta name=\"twitter:label1\" content=\"Est. reading time\" \/>\n\t<meta name=\"twitter:data1\" content=\"1 minute\" \/>\n<script type=\"application\/ld+json\" class=\"yoast-schema-graph\">{\"@context\":\"https:\/\/schema.org\",\"@graph\":[{\"@type\":\"WebPage\",\"@id\":\"http:\/\/www.hagedorn-products.de\/en\/pumpenreparatur\/\",\"url\":\"http:\/\/www.hagedorn-products.de\/en\/pumpenreparatur\/\",\"name\":\"Pumpenreparatur - HAGEDORN Products &amp; Systems GmbH\",\"isPartOf\":{\"@id\":\"https:\/\/www.hagedorn-products.de\/#website\"},\"primaryImageOfPage\":{\"@id\":\"http:\/\/www.hagedorn-products.de\/en\/pumpenreparatur\/#primaryimage\"},\"image\":{\"@id\":\"http:\/\/www.hagedorn-products.de\/en\/pumpenreparatur\/#primaryimage\"},\"thumbnailUrl\":\"http:\/\/www.hagedorn-products.de\/wp-content\/uploads\/2022\/02\/3-400x300.jpg\",\"datePublished\":\"2022-02-07T08:45:39+00:00\",\"dateModified\":\"2022-02-08T12:27:43+00:00\",\"breadcrumb\":{\"@id\":\"http:\/\/www.hagedorn-products.de\/en\/pumpenreparatur\/#breadcrumb\"},\"inLanguage\":\"en-US\",\"potentialAction\":[{\"@type\":\"ReadAction\",\"target\":[\"http:\/\/www.hagedorn-products.de\/en\/pumpenreparatur\/\"]}]},{\"@type\":\"ImageObject\",\"inLanguage\":\"en-US\",\"@id\":\"http:\/\/www.hagedorn-products.de\/en\/pumpenreparatur\/#primaryimage\",\"url\":\"http:\/\/www.hagedorn-products.de\/wp-content\/uploads\/2022\/02\/3-400x300.jpg\",\"contentUrl\":\"http:\/\/www.hagedorn-products.de\/wp-content\/uploads\/2022\/02\/3-400x300.jpg\"},{\"@type\":\"BreadcrumbList\",\"@id\":\"http:\/\/www.hagedorn-products.de\/en\/pumpenreparatur\/#breadcrumb\",\"itemListElement\":[{\"@type\":\"ListItem\",\"position\":1,\"name\":\"Startseite\",\"item\":\"https:\/\/www.hagedorn-products.de\/\"},{\"@type\":\"ListItem\",\"position\":2,\"name\":\"Pumpenreparatur\"}]},{\"@type\":\"WebSite\",\"@id\":\"https:\/\/www.hagedorn-products.de\/#website\",\"url\":\"https:\/\/www.hagedorn-products.de\/\",\"name\":\"HAGEDORN Products & Systems GmbH\",\"description\":\"\",\"potentialAction\":[{\"@type\":\"SearchAction\",\"target\":{\"@type\":\"EntryPoint\",\"urlTemplate\":\"https:\/\/www.hagedorn-products.de\/?s={search_term_string}\"},\"query-input\":{\"@type\":\"PropertyValueSpecification\",\"valueRequired\":true,\"valueName\":\"search_term_string\"}}],\"inLanguage\":\"en-US\"}]}<\/script>\n<!-- \/ Yoast SEO plugin. -->","yoast_head_json":{"title":"Pumpenreparatur - HAGEDORN Products &amp; Systems GmbH","robots":{"index":"index","follow":"follow","max-snippet":"max-snippet:-1","max-image-preview":"max-image-preview:large","max-video-preview":"max-video-preview:-1"},"canonical":"http:\/\/www.hagedorn-products.de\/en\/pumpenreparatur\/","og_locale":"en_US","og_type":"article","og_title":"Pumpenreparatur - HAGEDORN Products &amp; Systems GmbH","og_description":"Wartung, Reparatur und j\u00e4hrliche Kontrolle f\u00fcr Pumpen, Gebl\u00e4se und Elektromotoren Mit unserem zertifizierten Personal (on- und offshore) und unserem globalen Netzwerk bietet Ihnen unser Service schnelle und flexible Wartungs- und Reparaturarbeiten f\u00fcr eine Vielzahl von Pumpen, Gebl\u00e4sen, Elektromotoren verschiedener Hersteller. Je nach Kundenwunsch f\u00fchren unsere Servicemitarbeiter die Arbeiten in unserer Werkstatt oder direkt vor Ort [&hellip;]","og_url":"http:\/\/www.hagedorn-products.de\/en\/pumpenreparatur\/","og_site_name":"HAGEDORN Products &amp; Systems GmbH","article_modified_time":"2022-02-08T12:27:43+00:00","og_image":[{"url":"http:\/\/www.hagedorn-products.de\/wp-content\/uploads\/2022\/02\/3-400x300.jpg","type":"","width":"","height":""}],"twitter_card":"summary_large_image","twitter_misc":{"Est. reading time":"1 minute"},"schema":{"@context":"https:\/\/schema.org","@graph":[{"@type":"WebPage","@id":"http:\/\/www.hagedorn-products.de\/en\/pumpenreparatur\/","url":"http:\/\/www.hagedorn-products.de\/en\/pumpenreparatur\/","name":"Pumpenreparatur - HAGEDORN Products &amp; Systems GmbH","isPartOf":{"@id":"https:\/\/www.hagedorn-products.de\/#website"},"primaryImageOfPage":{"@id":"http:\/\/www.hagedorn-products.de\/en\/pumpenreparatur\/#primaryimage"},"image":{"@id":"http:\/\/www.hagedorn-products.de\/en\/pumpenreparatur\/#primaryimage"},"thumbnailUrl":"http:\/\/www.hagedorn-products.de\/wp-content\/uploads\/2022\/02\/3-400x300.jpg","datePublished":"2022-02-07T08:45:39+00:00","dateModified":"2022-02-08T12:27:43+00:00","breadcrumb":{"@id":"http:\/\/www.hagedorn-products.de\/en\/pumpenreparatur\/#breadcrumb"},"inLanguage":"en-US","potentialAction":[{"@type":"ReadAction","target":["http:\/\/www.hagedorn-products.de\/en\/pumpenreparatur\/"]}]},{"@type":"ImageObject","inLanguage":"en-US","@id":"http:\/\/www.hagedorn-products.de\/en\/pumpenreparatur\/#primaryimage","url":"http:\/\/www.hagedorn-products.de\/wp-content\/uploads\/2022\/02\/3-400x300.jpg","contentUrl":"http:\/\/www.hagedorn-products.de\/wp-content\/uploads\/2022\/02\/3-400x300.jpg"},{"@type":"BreadcrumbList","@id":"http:\/\/www.hagedorn-products.de\/en\/pumpenreparatur\/#breadcrumb","itemListElement":[{"@type":"ListItem","position":1,"name":"Startseite","item":"https:\/\/www.hagedorn-products.de\/"},{"@type":"ListItem","position":2,"name":"Pumpenreparatur"}]},{"@type":"WebSite","@id":"https:\/\/www.hagedorn-products.de\/#website","url":"https:\/\/www.hagedorn-products.de\/","name":"HAGEDORN Products & Systems GmbH","description":"","potentialAction":[{"@type":"SearchAction","target":{"@type":"EntryPoint","urlTemplate":"https:\/\/www.hagedorn-products.de\/?s={search_term_string}"},"query-input":{"@type":"PropertyValueSpecification","valueRequired":true,"valueName":"search_term_string"}}],"inLanguage":"en-US"}]}},"_links":{"self":[{"href":"https:\/\/www.hagedorn-products.de\/en\/wp-json\/wp\/v2\/pages\/1286","targetHints":{"allow":["GET"]}}],"collection":[{"href":"https:\/\/www.hagedorn-products.de\/en\/wp-json\/wp\/v2\/pages"}],"about":[{"href":"https:\/\/www.hagedorn-products.de\/en\/wp-json\/wp\/v2\/types\/page"}],"author":[{"embeddable":true,"href":"https:\/\/www.hagedorn-products.de\/en\/wp-json\/wp\/v2\/users\/1"}],"replies":[{"embeddable":true,"href":"https:\/\/www.hagedorn-products.de\/en\/wp-json\/wp\/v2\/comments?post=1286"}],"version-history":[{"count":6,"href":"https:\/\/www.hagedorn-products.de\/en\/wp-json\/wp\/v2\/pages\/1286\/revisions"}],"predecessor-version":[{"id":1320,"href":"https:\/\/www.hagedorn-products.de\/en\/wp-json\/wp\/v2\/pages\/1286\/revisions\/1320"}],"wp:attachment":[{"href":"https:\/\/www.hagedorn-products.de\/en\/wp-json\/wp\/v2\/media?parent=1286"}],"curies":[{"name":"wp","href":"https:\/\/api.w.org\/{rel}","templated":true}]}}