{"id":1284,"date":"2022-02-07T08:45:51","date_gmt":"2022-02-07T08:45:51","guid":{"rendered":"http:\/\/www.hagedorn-products.de\/?page_id=1284"},"modified":"2022-02-07T13:28:40","modified_gmt":"2022-02-07T13:28:40","slug":"zusatzleistungen","status":"publish","type":"page","link":"https:\/\/www.hagedorn-products.de\/en\/zusatzleistungen\/","title":{"rendered":"Various service"},"content":{"rendered":"<div data-elementor-type=\"wp-post\" data-elementor-id=\"1284\" class=\"elementor elementor-1284\">\n\t\t\t\t\t\t<section class=\"elementor-section elementor-top-section elementor-element elementor-element-eb5be40 elementor-section-boxed elementor-section-height-default elementor-section-height-default\" data-id=\"eb5be40\" data-element_type=\"section\" data-e-type=\"section\">\n\t\t\t\t\t\t<div class=\"elementor-container elementor-column-gap-default\">\n\t\t\t\t\t<div class=\"elementor-column elementor-col-100 elementor-top-column elementor-element elementor-element-9284a99\" data-id=\"9284a99\" data-element_type=\"column\" data-e-type=\"column\">\n\t\t\t<div class=\"elementor-widget-wrap elementor-element-populated\">\n\t\t\t\t\t\t<div class=\"elementor-element elementor-element-8eb8ade elementor-widget elementor-widget-image\" data-id=\"8eb8ade\" data-element_type=\"widget\" data-e-type=\"widget\" data-widget_type=\"image.default\">\n\t\t\t\t<div class=\"elementor-widget-container\">\n\t\t\t\t\t\t\t\t\t\t\t\t\t\t\t<img fetchpriority=\"high\" decoding=\"async\" width=\"768\" height=\"208\" src=\"https:\/\/www.hagedorn-products.de\/wp-content\/uploads\/2022\/02\/5-1-768x208.png\" class=\"attachment-medium_large size-medium_large wp-image-1271\" alt=\"\" srcset=\"https:\/\/www.hagedorn-products.de\/wp-content\/uploads\/2022\/02\/5-1-768x208.png 768w, https:\/\/www.hagedorn-products.de\/wp-content\/uploads\/2022\/02\/5-1-300x81.png 300w, https:\/\/www.hagedorn-products.de\/wp-content\/uploads\/2022\/02\/5-1.png 980w\" sizes=\"(max-width: 768px) 100vw, 768px\" \/>\t\t\t\t\t\t\t\t\t\t\t\t\t\t\t<\/div>\n\t\t\t\t<\/div>\n\t\t\t\t\t<\/div>\n\t\t<\/div>\n\t\t\t\t\t<\/div>\n\t\t<\/section>\n\t\t\t\t<section class=\"elementor-section elementor-top-section elementor-element elementor-element-59a18d2 elementor-section-boxed elementor-section-height-default elementor-section-height-default\" data-id=\"59a18d2\" data-element_type=\"section\" data-e-type=\"section\">\n\t\t\t\t\t\t<div class=\"elementor-container elementor-column-gap-default\">\n\t\t\t\t\t<div class=\"elementor-column elementor-col-100 elementor-top-column elementor-element elementor-element-bc382a3\" data-id=\"bc382a3\" data-element_type=\"column\" data-e-type=\"column\">\n\t\t\t<div class=\"elementor-widget-wrap elementor-element-populated\">\n\t\t\t\t\t\t<div class=\"elementor-element elementor-element-479e029 elementor-widget elementor-widget-text-editor\" data-id=\"479e029\" data-element_type=\"widget\" data-e-type=\"widget\" data-widget_type=\"text-editor.default\">\n\t\t\t\t<div class=\"elementor-widget-container\">\n\t\t\t\t\t\t\t\t\t<p><span class=\"Y2IQFc\" lang=\"de\">Our extensive range of Services is an important pillar of our company.<\/span><\/p><p><span class=\"Y2IQFc\" lang=\"de\">To ensure availability, best possible efficiency and longest conceivable service life of your units, we inspect, repair, service and overhaul following devices and units on- and offshore:<\/span><\/p><ul><li><span class=\"Y2IQFc\" lang=\"de\">- Ballast Water Treatment Systems <\/span><\/li><li><span class=\"Y2IQFc\" lang=\"de\">- Marine Incinerators\u00a0<\/span><\/li><li><span class=\"Y2IQFc\" lang=\"de\">- Oily Water Separators <\/span><\/li><li><span class=\"Y2IQFc\" lang=\"de\">- Fresh Water Treatment Systems <\/span><\/li><li><span class=\"Y2IQFc\" lang=\"de\">- Fuel Supply Units <\/span><\/li><li><span class=\"Y2IQFc\" lang=\"de\">- Electrical Motors<\/span><\/li><\/ul><p><span class=\"Y2IQFc\" lang=\"de\">Our Services &amp; Solutions include:<\/span><\/p><ul><li><span class=\"Y2IQFc\" lang=\"de\">- Engineering &amp; Project planning <\/span><\/li><li><span class=\"Y2IQFc\" lang=\"de\">- Maintenance\u00a0<\/span><\/li><li><span class=\"Y2IQFc\" lang=\"de\">- Repair &amp; Troubleshooting <\/span><\/li><li><span class=\"Y2IQFc\" lang=\"de\">- Annual check<\/span><\/li><li><span class=\"Y2IQFc\" lang=\"de\">- International collection and delivery service <\/span><\/li><li><span class=\"Y2IQFc\" lang=\"de\">- Installation <\/span><\/li><li><span class=\"Y2IQFc\" lang=\"de\">- Field services<\/span><\/li><li><span class=\"Y2IQFc\" lang=\"de\">- Training courses in our facilities <\/span><\/li><li><span class=\"Y2IQFc\" lang=\"de\">- Training field for operators and crews <\/span><\/li><li><span class=\"Y2IQFc\" lang=\"de\">- Remote technical advice <\/span><\/li><li><span class=\"Y2IQFc\" lang=\"de\">- Spare parts service<\/span><\/li><\/ul>\t\t\t\t\t\t\t\t<\/div>\n\t\t\t\t<\/div>\n\t\t\t\t\t<\/div>\n\t\t<\/div>\n\t\t\t\t\t<\/div>\n\t\t<\/section>\n\t\t\t\t<section class=\"elementor-section elementor-top-section elementor-element elementor-element-74ef9d7 elementor-section-boxed elementor-section-height-default elementor-section-height-default\" data-id=\"74ef9d7\" data-element_type=\"section\" data-e-type=\"section\">\n\t\t\t\t\t\t<div class=\"elementor-container elementor-column-gap-default\">\n\t\t\t\t\t<div class=\"elementor-column elementor-col-100 elementor-top-column elementor-element elementor-element-8790545\" data-id=\"8790545\" data-element_type=\"column\" data-e-type=\"column\">\n\t\t\t<div class=\"elementor-widget-wrap elementor-element-populated\">\n\t\t\t\t\t\t<section class=\"elementor-section elementor-inner-section elementor-element elementor-element-06b0a1e elementor-section-boxed elementor-section-height-default elementor-section-height-default\" data-id=\"06b0a1e\" data-element_type=\"section\" data-e-type=\"section\">\n\t\t\t\t\t\t<div class=\"elementor-container elementor-column-gap-default\">\n\t\t\t\t\t<div class=\"elementor-column elementor-col-33 elementor-inner-column elementor-element elementor-element-0e96182\" data-id=\"0e96182\" data-element_type=\"column\" data-e-type=\"column\">\n\t\t\t<div class=\"elementor-widget-wrap elementor-element-populated\">\n\t\t\t\t\t\t<div class=\"elementor-element elementor-element-ec6722c elementor-widget elementor-widget-image\" data-id=\"ec6722c\" data-element_type=\"widget\" data-e-type=\"widget\" data-widget_type=\"image.default\">\n\t\t\t\t<div class=\"elementor-widget-container\">\n\t\t\t\t\t\t\t\t\t\t\t\t\t\t\t<img decoding=\"async\" width=\"284\" height=\"162\" src=\"https:\/\/www.hagedorn-products.de\/wp-content\/uploads\/2022\/02\/2-2.png\" class=\"attachment-large size-large wp-image-1273\" alt=\"\" \/>\t\t\t\t\t\t\t\t\t\t\t\t\t\t\t<\/div>\n\t\t\t\t<\/div>\n\t\t\t\t\t<\/div>\n\t\t<\/div>\n\t\t\t\t<div class=\"elementor-column elementor-col-33 elementor-inner-column elementor-element elementor-element-39ad1b9\" data-id=\"39ad1b9\" data-element_type=\"column\" data-e-type=\"column\">\n\t\t\t<div class=\"elementor-widget-wrap elementor-element-populated\">\n\t\t\t\t\t\t<div class=\"elementor-element elementor-element-ac3e10f elementor-widget elementor-widget-image\" data-id=\"ac3e10f\" data-element_type=\"widget\" data-e-type=\"widget\" data-widget_type=\"image.default\">\n\t\t\t\t<div class=\"elementor-widget-container\">\n\t\t\t\t\t\t\t\t\t\t\t\t\t\t\t<img decoding=\"async\" width=\"284\" height=\"162\" src=\"https:\/\/www.hagedorn-products.de\/wp-content\/uploads\/2022\/02\/4-1.png\" class=\"attachment-large size-large wp-image-1270\" alt=\"\" \/>\t\t\t\t\t\t\t\t\t\t\t\t\t\t\t<\/div>\n\t\t\t\t<\/div>\n\t\t\t\t\t<\/div>\n\t\t<\/div>\n\t\t\t\t<div class=\"elementor-column elementor-col-33 elementor-inner-column elementor-element elementor-element-451d58a\" data-id=\"451d58a\" data-element_type=\"column\" data-e-type=\"column\">\n\t\t\t<div class=\"elementor-widget-wrap elementor-element-populated\">\n\t\t\t\t\t\t<div class=\"elementor-element elementor-element-2ec346d elementor-widget elementor-widget-image\" data-id=\"2ec346d\" data-element_type=\"widget\" data-e-type=\"widget\" data-widget_type=\"image.default\">\n\t\t\t\t<div class=\"elementor-widget-container\">\n\t\t\t\t\t\t\t\t\t\t\t\t\t\t\t<img loading=\"lazy\" decoding=\"async\" width=\"284\" height=\"162\" src=\"https:\/\/www.hagedorn-products.de\/wp-content\/uploads\/2022\/02\/3-2.png\" class=\"attachment-large size-large wp-image-1269\" alt=\"\" \/>\t\t\t\t\t\t\t\t\t\t\t\t\t\t\t<\/div>\n\t\t\t\t<\/div>\n\t\t\t\t\t<\/div>\n\t\t<\/div>\n\t\t\t\t\t<\/div>\n\t\t<\/section>\n\t\t\t\t\t<\/div>\n\t\t<\/div>\n\t\t\t\t\t<\/div>\n\t\t<\/section>\n\t\t\t\t<\/div>","protected":false},"excerpt":{"rendered":"<p>Unser umfangreiches Dienstleistungsangebot ist eine wichtige S\u00e4ule unseres Unternehmens. Um Verf\u00fcgbarkeit, bestm\u00f6gliche Effizienz und h\u00f6chstm\u00f6gliche Lebensdauer Ihrer Aggregate zu gew\u00e4hrleisten, pr\u00fcfen, reparieren, warten und \u00fcberholen wir folgende Ger\u00e4te und Aggregate on- und offshore: &#8211; Ballastwasserbehandlungssysteme &#8211; Marine-Verbrennungsanlagen\u00a0 &#8211; \u00d6l-Wasserabscheider &#8211; Frischwasseraufbereitungssysteme &#8211; Kraftstoffversorgungseinheiten &#8211; Elektromotoren Unsere Dienstleistungen und L\u00f6sungen umfassen: &#8211; Engineering &amp; Projektplanung &#8211; [&hellip;]<\/p>\n","protected":false},"author":1,"featured_media":0,"parent":0,"menu_order":0,"comment_status":"closed","ping_status":"closed","template":"","meta":{"footnotes":""},"class_list":["post-1284","page","type-page","status-publish","hentry"],"yoast_head":"<!-- This site is optimized with the Yoast SEO plugin v27.2 - https:\/\/yoast.com\/product\/yoast-seo-wordpress\/ -->\n<title>Zusatzleistungen - HAGEDORN Products &amp; Systems GmbH<\/title>\n<meta name=\"robots\" content=\"index, follow, max-snippet:-1, max-image-preview:large, max-video-preview:-1\" \/>\n<link rel=\"canonical\" href=\"https:\/\/www.hagedorn-products.de\/en\/zusatzleistungen\/\" \/>\n<meta property=\"og:locale\" content=\"en_US\" \/>\n<meta property=\"og:type\" content=\"article\" \/>\n<meta property=\"og:title\" content=\"Zusatzleistungen - HAGEDORN Products &amp; Systems GmbH\" \/>\n<meta property=\"og:description\" content=\"Unser umfangreiches Dienstleistungsangebot ist eine wichtige S\u00e4ule unseres Unternehmens. Um Verf\u00fcgbarkeit, bestm\u00f6gliche Effizienz und h\u00f6chstm\u00f6gliche Lebensdauer Ihrer Aggregate zu gew\u00e4hrleisten, pr\u00fcfen, reparieren, warten und \u00fcberholen wir folgende Ger\u00e4te und Aggregate on- und offshore: &#8211; Ballastwasserbehandlungssysteme &#8211; Marine-Verbrennungsanlagen\u00a0 &#8211; \u00d6l-Wasserabscheider &#8211; Frischwasseraufbereitungssysteme &#8211; Kraftstoffversorgungseinheiten &#8211; Elektromotoren Unsere Dienstleistungen und L\u00f6sungen umfassen: &#8211; Engineering &amp; Projektplanung &#8211; [&hellip;]\" \/>\n<meta property=\"og:url\" content=\"https:\/\/www.hagedorn-products.de\/en\/zusatzleistungen\/\" \/>\n<meta property=\"og:site_name\" content=\"HAGEDORN Products &amp; Systems GmbH\" \/>\n<meta property=\"article:modified_time\" content=\"2022-02-07T13:28:40+00:00\" \/>\n<meta property=\"og:image\" content=\"http:\/\/www.hagedorn-products.de\/wp-content\/uploads\/2022\/02\/5-1-768x208.png\" \/>\n<meta name=\"twitter:card\" content=\"summary_large_image\" \/>\n<script type=\"application\/ld+json\" class=\"yoast-schema-graph\">{\"@context\":\"https:\/\/schema.org\",\"@graph\":[{\"@type\":\"WebPage\",\"@id\":\"https:\/\/www.hagedorn-products.de\/en\/zusatzleistungen\/\",\"url\":\"https:\/\/www.hagedorn-products.de\/en\/zusatzleistungen\/\",\"name\":\"Zusatzleistungen - HAGEDORN Products &amp; Systems GmbH\",\"isPartOf\":{\"@id\":\"https:\/\/www.hagedorn-products.de\/#website\"},\"primaryImageOfPage\":{\"@id\":\"https:\/\/www.hagedorn-products.de\/en\/zusatzleistungen\/#primaryimage\"},\"image\":{\"@id\":\"https:\/\/www.hagedorn-products.de\/en\/zusatzleistungen\/#primaryimage\"},\"thumbnailUrl\":\"http:\/\/www.hagedorn-products.de\/wp-content\/uploads\/2022\/02\/5-1-768x208.png\",\"datePublished\":\"2022-02-07T08:45:51+00:00\",\"dateModified\":\"2022-02-07T13:28:40+00:00\",\"breadcrumb\":{\"@id\":\"https:\/\/www.hagedorn-products.de\/en\/zusatzleistungen\/#breadcrumb\"},\"inLanguage\":\"en-US\",\"potentialAction\":[{\"@type\":\"ReadAction\",\"target\":[\"https:\/\/www.hagedorn-products.de\/en\/zusatzleistungen\/\"]}]},{\"@type\":\"ImageObject\",\"inLanguage\":\"en-US\",\"@id\":\"https:\/\/www.hagedorn-products.de\/en\/zusatzleistungen\/#primaryimage\",\"url\":\"http:\/\/www.hagedorn-products.de\/wp-content\/uploads\/2022\/02\/5-1-768x208.png\",\"contentUrl\":\"http:\/\/www.hagedorn-products.de\/wp-content\/uploads\/2022\/02\/5-1-768x208.png\"},{\"@type\":\"BreadcrumbList\",\"@id\":\"https:\/\/www.hagedorn-products.de\/en\/zusatzleistungen\/#breadcrumb\",\"itemListElement\":[{\"@type\":\"ListItem\",\"position\":1,\"name\":\"Startseite\",\"item\":\"https:\/\/www.hagedorn-products.de\/\"},{\"@type\":\"ListItem\",\"position\":2,\"name\":\"Zusatzleistungen\"}]},{\"@type\":\"WebSite\",\"@id\":\"https:\/\/www.hagedorn-products.de\/#website\",\"url\":\"https:\/\/www.hagedorn-products.de\/\",\"name\":\"HAGEDORN Products & Systems GmbH\",\"description\":\"\",\"potentialAction\":[{\"@type\":\"SearchAction\",\"target\":{\"@type\":\"EntryPoint\",\"urlTemplate\":\"https:\/\/www.hagedorn-products.de\/?s={search_term_string}\"},\"query-input\":{\"@type\":\"PropertyValueSpecification\",\"valueRequired\":true,\"valueName\":\"search_term_string\"}}],\"inLanguage\":\"en-US\"}]}<\/script>\n<!-- \/ Yoast SEO plugin. -->","yoast_head_json":{"title":"Zusatzleistungen - HAGEDORN Products &amp; Systems GmbH","robots":{"index":"index","follow":"follow","max-snippet":"max-snippet:-1","max-image-preview":"max-image-preview:large","max-video-preview":"max-video-preview:-1"},"canonical":"https:\/\/www.hagedorn-products.de\/en\/zusatzleistungen\/","og_locale":"en_US","og_type":"article","og_title":"Zusatzleistungen - HAGEDORN Products &amp; Systems GmbH","og_description":"Unser umfangreiches Dienstleistungsangebot ist eine wichtige S\u00e4ule unseres Unternehmens. Um Verf\u00fcgbarkeit, bestm\u00f6gliche Effizienz und h\u00f6chstm\u00f6gliche Lebensdauer Ihrer Aggregate zu gew\u00e4hrleisten, pr\u00fcfen, reparieren, warten und \u00fcberholen wir folgende Ger\u00e4te und Aggregate on- und offshore: &#8211; Ballastwasserbehandlungssysteme &#8211; Marine-Verbrennungsanlagen\u00a0 &#8211; \u00d6l-Wasserabscheider &#8211; Frischwasseraufbereitungssysteme &#8211; Kraftstoffversorgungseinheiten &#8211; Elektromotoren Unsere Dienstleistungen und L\u00f6sungen umfassen: &#8211; Engineering &amp; Projektplanung &#8211; [&hellip;]","og_url":"https:\/\/www.hagedorn-products.de\/en\/zusatzleistungen\/","og_site_name":"HAGEDORN Products &amp; Systems GmbH","article_modified_time":"2022-02-07T13:28:40+00:00","og_image":[{"url":"http:\/\/www.hagedorn-products.de\/wp-content\/uploads\/2022\/02\/5-1-768x208.png","type":"","width":"","height":""}],"twitter_card":"summary_large_image","schema":{"@context":"https:\/\/schema.org","@graph":[{"@type":"WebPage","@id":"https:\/\/www.hagedorn-products.de\/en\/zusatzleistungen\/","url":"https:\/\/www.hagedorn-products.de\/en\/zusatzleistungen\/","name":"Zusatzleistungen - HAGEDORN Products &amp; Systems GmbH","isPartOf":{"@id":"https:\/\/www.hagedorn-products.de\/#website"},"primaryImageOfPage":{"@id":"https:\/\/www.hagedorn-products.de\/en\/zusatzleistungen\/#primaryimage"},"image":{"@id":"https:\/\/www.hagedorn-products.de\/en\/zusatzleistungen\/#primaryimage"},"thumbnailUrl":"http:\/\/www.hagedorn-products.de\/wp-content\/uploads\/2022\/02\/5-1-768x208.png","datePublished":"2022-02-07T08:45:51+00:00","dateModified":"2022-02-07T13:28:40+00:00","breadcrumb":{"@id":"https:\/\/www.hagedorn-products.de\/en\/zusatzleistungen\/#breadcrumb"},"inLanguage":"en-US","potentialAction":[{"@type":"ReadAction","target":["https:\/\/www.hagedorn-products.de\/en\/zusatzleistungen\/"]}]},{"@type":"ImageObject","inLanguage":"en-US","@id":"https:\/\/www.hagedorn-products.de\/en\/zusatzleistungen\/#primaryimage","url":"http:\/\/www.hagedorn-products.de\/wp-content\/uploads\/2022\/02\/5-1-768x208.png","contentUrl":"http:\/\/www.hagedorn-products.de\/wp-content\/uploads\/2022\/02\/5-1-768x208.png"},{"@type":"BreadcrumbList","@id":"https:\/\/www.hagedorn-products.de\/en\/zusatzleistungen\/#breadcrumb","itemListElement":[{"@type":"ListItem","position":1,"name":"Startseite","item":"https:\/\/www.hagedorn-products.de\/"},{"@type":"ListItem","position":2,"name":"Zusatzleistungen"}]},{"@type":"WebSite","@id":"https:\/\/www.hagedorn-products.de\/#website","url":"https:\/\/www.hagedorn-products.de\/","name":"HAGEDORN Products & Systems GmbH","description":"","potentialAction":[{"@type":"SearchAction","target":{"@type":"EntryPoint","urlTemplate":"https:\/\/www.hagedorn-products.de\/?s={search_term_string}"},"query-input":{"@type":"PropertyValueSpecification","valueRequired":true,"valueName":"search_term_string"}}],"inLanguage":"en-US"}]}},"_links":{"self":[{"href":"https:\/\/www.hagedorn-products.de\/en\/wp-json\/wp\/v2\/pages\/1284","targetHints":{"allow":["GET"]}}],"collection":[{"href":"https:\/\/www.hagedorn-products.de\/en\/wp-json\/wp\/v2\/pages"}],"about":[{"href":"https:\/\/www.hagedorn-products.de\/en\/wp-json\/wp\/v2\/types\/page"}],"author":[{"embeddable":true,"href":"https:\/\/www.hagedorn-products.de\/en\/wp-json\/wp\/v2\/users\/1"}],"replies":[{"embeddable":true,"href":"https:\/\/www.hagedorn-products.de\/en\/wp-json\/wp\/v2\/comments?post=1284"}],"version-history":[{"count":4,"href":"https:\/\/www.hagedorn-products.de\/en\/wp-json\/wp\/v2\/pages\/1284\/revisions"}],"predecessor-version":[{"id":1316,"href":"https:\/\/www.hagedorn-products.de\/en\/wp-json\/wp\/v2\/pages\/1284\/revisions\/1316"}],"wp:attachment":[{"href":"https:\/\/www.hagedorn-products.de\/en\/wp-json\/wp\/v2\/media?parent=1284"}],"curies":[{"name":"wp","href":"https:\/\/api.w.org\/{rel}","templated":true}]}}