{"id":1280,"date":"2022-02-07T08:46:14","date_gmt":"2022-02-07T08:46:14","guid":{"rendered":"http:\/\/www.hagedorn-products.de\/?page_id=1280"},"modified":"2022-02-07T13:22:15","modified_gmt":"2022-02-07T13:22:15","slug":"klaeranlagen","status":"publish","type":"page","link":"https:\/\/www.hagedorn-products.de\/en\/klaeranlagen\/","title":{"rendered":"Sewage treatment plants"},"content":{"rendered":"<div data-elementor-type=\"wp-post\" data-elementor-id=\"1280\" class=\"elementor elementor-1280\">\n\t\t\t\t\t\t<section class=\"elementor-section elementor-top-section elementor-element elementor-element-1c31425 elementor-section-boxed elementor-section-height-default elementor-section-height-default\" data-id=\"1c31425\" data-element_type=\"section\" data-e-type=\"section\">\n\t\t\t\t\t\t<div class=\"elementor-container elementor-column-gap-default\">\n\t\t\t\t\t<div class=\"elementor-column elementor-col-100 elementor-top-column elementor-element elementor-element-c1fce14\" data-id=\"c1fce14\" data-element_type=\"column\" data-e-type=\"column\">\n\t\t\t<div class=\"elementor-widget-wrap elementor-element-populated\">\n\t\t\t\t\t\t<section class=\"elementor-section elementor-inner-section elementor-element elementor-element-b22e34d elementor-section-boxed elementor-section-height-default elementor-section-height-default\" data-id=\"b22e34d\" data-element_type=\"section\" data-e-type=\"section\">\n\t\t\t\t\t\t<div class=\"elementor-container elementor-column-gap-default\">\n\t\t\t\t\t<div class=\"elementor-column elementor-col-50 elementor-inner-column elementor-element elementor-element-e35a1a4\" data-id=\"e35a1a4\" data-element_type=\"column\" data-e-type=\"column\">\n\t\t\t<div class=\"elementor-widget-wrap elementor-element-populated\">\n\t\t\t\t\t\t<div class=\"elementor-element elementor-element-5bdb301 elementor-widget elementor-widget-text-editor\" data-id=\"5bdb301\" data-element_type=\"widget\" data-e-type=\"widget\" data-widget_type=\"text-editor.default\">\n\t\t\t\t<div class=\"elementor-widget-container\">\n\t\t\t\t\t\t\t\t\t<p><span class=\"Y2IQFc\" lang=\"de\">HAGEDORN Service &amp; Engineering GmbH offers a full range of services for marine sewage treatment plants (STP), also for offshore applications (offshore certified service technicians). Our full-time service staff is committed to providing the best marine sewage treatment service.<\/span><\/p><p><span class=\"Y2IQFc\" lang=\"de\">Preventative maintenance reduces the risk of unexpected breakdowns and increases machine reliability. Regular maintenance of your marine sewage treatment device is crucial for service life, safety, and operational readiness.<\/span><\/p><p><span class=\"Y2IQFc\" lang=\"de\">HAGEDORN Service &amp; Engineering GmbH is committed to meeting our customers\u2019 maintenance needs throughout the vessel\u2019s life cycle.  This includes servicing, planned preventative maintenance, operator training, equipment, and\/or spare parts.<\/span><\/p>\t\t\t\t\t\t\t\t<\/div>\n\t\t\t\t<\/div>\n\t\t\t\t\t<\/div>\n\t\t<\/div>\n\t\t\t\t<div class=\"elementor-column elementor-col-50 elementor-inner-column elementor-element elementor-element-e680a6e\" data-id=\"e680a6e\" data-element_type=\"column\" data-e-type=\"column\">\n\t\t\t<div class=\"elementor-widget-wrap elementor-element-populated\">\n\t\t\t\t\t\t<div class=\"elementor-element elementor-element-b543cf6 elementor-widget elementor-widget-image\" data-id=\"b543cf6\" data-element_type=\"widget\" data-e-type=\"widget\" data-widget_type=\"image.default\">\n\t\t\t\t<div class=\"elementor-widget-container\">\n\t\t\t\t\t\t\t\t\t\t\t\t\t\t\t<img fetchpriority=\"high\" decoding=\"async\" width=\"585\" height=\"461\" src=\"http:\/\/www.hagedorn-products.de\/wp-content\/uploads\/2022\/02\/2-1.png\" class=\"attachment-large size-large wp-image-1264\" alt=\"\" srcset=\"http:\/\/www.hagedorn-products.de\/wp-content\/uploads\/2022\/02\/2-1.png 585w, http:\/\/www.hagedorn-products.de\/wp-content\/uploads\/2022\/02\/2-1-300x236.png 300w\" sizes=\"(max-width: 585px) 100vw, 585px\" \/>\t\t\t\t\t\t\t\t\t\t\t\t\t\t\t<\/div>\n\t\t\t\t<\/div>\n\t\t\t\t\t<\/div>\n\t\t<\/div>\n\t\t\t\t\t<\/div>\n\t\t<\/section>\n\t\t\t\t\t<\/div>\n\t\t<\/div>\n\t\t\t\t\t<\/div>\n\t\t<\/section>\n\t\t\t\t<section class=\"elementor-section elementor-top-section elementor-element elementor-element-1441794 elementor-section-boxed elementor-section-height-default elementor-section-height-default\" data-id=\"1441794\" data-element_type=\"section\" data-e-type=\"section\">\n\t\t\t\t\t\t<div class=\"elementor-container elementor-column-gap-default\">\n\t\t\t\t\t<div class=\"elementor-column elementor-col-100 elementor-top-column elementor-element elementor-element-51fc7c5\" data-id=\"51fc7c5\" data-element_type=\"column\" data-e-type=\"column\">\n\t\t\t<div class=\"elementor-widget-wrap elementor-element-populated\">\n\t\t\t\t\t\t<section class=\"elementor-section elementor-inner-section elementor-element elementor-element-c5515f0 elementor-section-boxed elementor-section-height-default elementor-section-height-default\" data-id=\"c5515f0\" data-element_type=\"section\" data-e-type=\"section\">\n\t\t\t\t\t\t<div class=\"elementor-container elementor-column-gap-default\">\n\t\t\t\t\t<div class=\"elementor-column elementor-col-50 elementor-inner-column elementor-element elementor-element-e875b98\" data-id=\"e875b98\" data-element_type=\"column\" data-e-type=\"column\">\n\t\t\t<div class=\"elementor-widget-wrap elementor-element-populated\">\n\t\t\t\t\t\t<div class=\"elementor-element elementor-element-e80349f elementor-widget elementor-widget-image\" data-id=\"e80349f\" data-element_type=\"widget\" data-e-type=\"widget\" data-widget_type=\"image.default\">\n\t\t\t\t<div class=\"elementor-widget-container\">\n\t\t\t\t\t\t\t\t\t\t\t\t\t\t\t<img decoding=\"async\" width=\"594\" height=\"475\" src=\"http:\/\/www.hagedorn-products.de\/wp-content\/uploads\/2022\/02\/1-1.png\" class=\"attachment-large size-large wp-image-1265\" alt=\"\" srcset=\"http:\/\/www.hagedorn-products.de\/wp-content\/uploads\/2022\/02\/1-1.png 594w, http:\/\/www.hagedorn-products.de\/wp-content\/uploads\/2022\/02\/1-1-300x240.png 300w\" sizes=\"(max-width: 594px) 100vw, 594px\" \/>\t\t\t\t\t\t\t\t\t\t\t\t\t\t\t<\/div>\n\t\t\t\t<\/div>\n\t\t\t\t\t<\/div>\n\t\t<\/div>\n\t\t\t\t<div class=\"elementor-column elementor-col-50 elementor-inner-column elementor-element elementor-element-fe2353f\" data-id=\"fe2353f\" data-element_type=\"column\" data-e-type=\"column\">\n\t\t\t<div class=\"elementor-widget-wrap elementor-element-populated\">\n\t\t\t\t\t\t<div class=\"elementor-element elementor-element-352c8ce elementor-widget elementor-widget-text-editor\" data-id=\"352c8ce\" data-element_type=\"widget\" data-e-type=\"widget\" data-widget_type=\"text-editor.default\">\n\t\t\t\t<div class=\"elementor-widget-container\">\n\t\t\t\t\t\t\t\t\t<p><span class=\"Y2IQFc\" lang=\"de\">Our service offer contains: <\/span><\/p><ul><li><span class=\"Y2IQFc\" lang=\"de\">- Annual checks <\/span><\/li><li><span class=\"Y2IQFc\" lang=\"de\">- Inspections <\/span><\/li><li><span class=\"Y2IQFc\" lang=\"de\">- Repairs <\/span><\/li><li><span class=\"Y2IQFc\" lang=\"de\">- Regulatory Sampling <\/span><\/li><li><span class=\"Y2IQFc\" lang=\"de\">- Preventative Maintenance <\/span><\/li><li><span class=\"Y2IQFc\" lang=\"de\">- Corrective Maintenance <\/span><\/li><li><span class=\"Y2IQFc\" lang=\"de\">- Technical Support <\/span><\/li><li><span class=\"Y2IQFc\" lang=\"de\">- Training Classes<\/span><\/li><li><span class=\"Y2IQFc\" lang=\"de\">- Commissioning and\/or Commissioning Supervision <\/span><\/li><li><span class=\"Y2IQFc\" lang=\"de\">- Installation and\/or Installation Supervision <\/span><\/li><li><span class=\"Y2IQFc\" lang=\"de\">- Emergency Field Service<\/span><\/li><\/ul>\t\t\t\t\t\t\t\t<\/div>\n\t\t\t\t<\/div>\n\t\t\t\t\t<\/div>\n\t\t<\/div>\n\t\t\t\t\t<\/div>\n\t\t<\/section>\n\t\t\t\t\t<\/div>\n\t\t<\/div>\n\t\t\t\t\t<\/div>\n\t\t<\/section>\n\t\t\t\t<\/div>","protected":false},"excerpt":{"rendered":"<p>Die HAGEDORN Service &amp; Engineering GmbH bietet den kompletten Service f\u00fcr Meereskl\u00e4ranlagen (STP), auch f\u00fcr Offshore-Anwendungen (offshore zertifizierte Servicetechniker). Unser Vollzeit-Servicepersonal ist bestrebt, den besten Service zur Behandlung von Meeresabw\u00e4ssern zu bieten. Vorbeugende Wartung reduziert das Risiko unerwarteter Ausf\u00e4lle und erh\u00f6ht die Maschinenzuverl\u00e4ssigkeit. Die regelm\u00e4\u00dfige Wartung Ihrer Schiffskl\u00e4ranlage ist entscheidend f\u00fcr die Lebensdauer, Sicherheit und [&hellip;]<\/p>\n","protected":false},"author":1,"featured_media":0,"parent":0,"menu_order":0,"comment_status":"closed","ping_status":"closed","template":"","meta":{"footnotes":""},"class_list":["post-1280","page","type-page","status-publish","hentry"],"yoast_head":"<!-- This site is optimized with the Yoast SEO plugin v27.2 - https:\/\/yoast.com\/product\/yoast-seo-wordpress\/ -->\n<title>Kl\u00e4ranlagen - HAGEDORN Products &amp; Systems GmbH<\/title>\n<meta name=\"robots\" content=\"index, follow, max-snippet:-1, max-image-preview:large, max-video-preview:-1\" \/>\n<link rel=\"canonical\" href=\"https:\/\/www.hagedorn-products.de\/en\/klaeranlagen\/\" \/>\n<meta property=\"og:locale\" content=\"en_US\" \/>\n<meta property=\"og:type\" content=\"article\" \/>\n<meta property=\"og:title\" content=\"Kl\u00e4ranlagen - HAGEDORN Products &amp; Systems GmbH\" \/>\n<meta property=\"og:description\" content=\"Die HAGEDORN Service &amp; Engineering GmbH bietet den kompletten Service f\u00fcr Meereskl\u00e4ranlagen (STP), auch f\u00fcr Offshore-Anwendungen (offshore zertifizierte Servicetechniker). Unser Vollzeit-Servicepersonal ist bestrebt, den besten Service zur Behandlung von Meeresabw\u00e4ssern zu bieten. Vorbeugende Wartung reduziert das Risiko unerwarteter Ausf\u00e4lle und erh\u00f6ht die Maschinenzuverl\u00e4ssigkeit. Die regelm\u00e4\u00dfige Wartung Ihrer Schiffskl\u00e4ranlage ist entscheidend f\u00fcr die Lebensdauer, Sicherheit und [&hellip;]\" \/>\n<meta property=\"og:url\" content=\"https:\/\/www.hagedorn-products.de\/en\/klaeranlagen\/\" \/>\n<meta property=\"og:site_name\" content=\"HAGEDORN Products &amp; Systems GmbH\" \/>\n<meta property=\"article:modified_time\" content=\"2022-02-07T13:22:15+00:00\" \/>\n<meta property=\"og:image\" content=\"http:\/\/www.hagedorn-products.de\/wp-content\/uploads\/2022\/02\/2-1.png\" \/>\n<meta name=\"twitter:card\" content=\"summary_large_image\" \/>\n<meta name=\"twitter:label1\" content=\"Est. reading time\" \/>\n\t<meta name=\"twitter:data1\" content=\"1 minute\" \/>\n<script type=\"application\/ld+json\" class=\"yoast-schema-graph\">{\"@context\":\"https:\/\/schema.org\",\"@graph\":[{\"@type\":\"WebPage\",\"@id\":\"https:\/\/www.hagedorn-products.de\/en\/klaeranlagen\/\",\"url\":\"https:\/\/www.hagedorn-products.de\/en\/klaeranlagen\/\",\"name\":\"Kl\u00e4ranlagen - HAGEDORN Products &amp; Systems GmbH\",\"isPartOf\":{\"@id\":\"https:\/\/www.hagedorn-products.de\/#website\"},\"primaryImageOfPage\":{\"@id\":\"https:\/\/www.hagedorn-products.de\/en\/klaeranlagen\/#primaryimage\"},\"image\":{\"@id\":\"https:\/\/www.hagedorn-products.de\/en\/klaeranlagen\/#primaryimage\"},\"thumbnailUrl\":\"http:\/\/www.hagedorn-products.de\/wp-content\/uploads\/2022\/02\/2-1.png\",\"datePublished\":\"2022-02-07T08:46:14+00:00\",\"dateModified\":\"2022-02-07T13:22:15+00:00\",\"breadcrumb\":{\"@id\":\"https:\/\/www.hagedorn-products.de\/en\/klaeranlagen\/#breadcrumb\"},\"inLanguage\":\"en-US\",\"potentialAction\":[{\"@type\":\"ReadAction\",\"target\":[\"https:\/\/www.hagedorn-products.de\/en\/klaeranlagen\/\"]}]},{\"@type\":\"ImageObject\",\"inLanguage\":\"en-US\",\"@id\":\"https:\/\/www.hagedorn-products.de\/en\/klaeranlagen\/#primaryimage\",\"url\":\"http:\/\/www.hagedorn-products.de\/wp-content\/uploads\/2022\/02\/2-1.png\",\"contentUrl\":\"http:\/\/www.hagedorn-products.de\/wp-content\/uploads\/2022\/02\/2-1.png\"},{\"@type\":\"BreadcrumbList\",\"@id\":\"https:\/\/www.hagedorn-products.de\/en\/klaeranlagen\/#breadcrumb\",\"itemListElement\":[{\"@type\":\"ListItem\",\"position\":1,\"name\":\"Startseite\",\"item\":\"https:\/\/www.hagedorn-products.de\/\"},{\"@type\":\"ListItem\",\"position\":2,\"name\":\"Kl\u00e4ranlagen\"}]},{\"@type\":\"WebSite\",\"@id\":\"https:\/\/www.hagedorn-products.de\/#website\",\"url\":\"https:\/\/www.hagedorn-products.de\/\",\"name\":\"HAGEDORN Products & Systems GmbH\",\"description\":\"\",\"potentialAction\":[{\"@type\":\"SearchAction\",\"target\":{\"@type\":\"EntryPoint\",\"urlTemplate\":\"https:\/\/www.hagedorn-products.de\/?s={search_term_string}\"},\"query-input\":{\"@type\":\"PropertyValueSpecification\",\"valueRequired\":true,\"valueName\":\"search_term_string\"}}],\"inLanguage\":\"en-US\"}]}<\/script>\n<!-- \/ Yoast SEO plugin. -->","yoast_head_json":{"title":"Kl\u00e4ranlagen - HAGEDORN Products &amp; Systems GmbH","robots":{"index":"index","follow":"follow","max-snippet":"max-snippet:-1","max-image-preview":"max-image-preview:large","max-video-preview":"max-video-preview:-1"},"canonical":"https:\/\/www.hagedorn-products.de\/en\/klaeranlagen\/","og_locale":"en_US","og_type":"article","og_title":"Kl\u00e4ranlagen - HAGEDORN Products &amp; Systems GmbH","og_description":"Die HAGEDORN Service &amp; Engineering GmbH bietet den kompletten Service f\u00fcr Meereskl\u00e4ranlagen (STP), auch f\u00fcr Offshore-Anwendungen (offshore zertifizierte Servicetechniker). Unser Vollzeit-Servicepersonal ist bestrebt, den besten Service zur Behandlung von Meeresabw\u00e4ssern zu bieten. Vorbeugende Wartung reduziert das Risiko unerwarteter Ausf\u00e4lle und erh\u00f6ht die Maschinenzuverl\u00e4ssigkeit. Die regelm\u00e4\u00dfige Wartung Ihrer Schiffskl\u00e4ranlage ist entscheidend f\u00fcr die Lebensdauer, Sicherheit und [&hellip;]","og_url":"https:\/\/www.hagedorn-products.de\/en\/klaeranlagen\/","og_site_name":"HAGEDORN Products &amp; Systems GmbH","article_modified_time":"2022-02-07T13:22:15+00:00","og_image":[{"url":"http:\/\/www.hagedorn-products.de\/wp-content\/uploads\/2022\/02\/2-1.png","type":"","width":"","height":""}],"twitter_card":"summary_large_image","twitter_misc":{"Est. reading time":"1 minute"},"schema":{"@context":"https:\/\/schema.org","@graph":[{"@type":"WebPage","@id":"https:\/\/www.hagedorn-products.de\/en\/klaeranlagen\/","url":"https:\/\/www.hagedorn-products.de\/en\/klaeranlagen\/","name":"Kl\u00e4ranlagen - HAGEDORN Products &amp; Systems GmbH","isPartOf":{"@id":"https:\/\/www.hagedorn-products.de\/#website"},"primaryImageOfPage":{"@id":"https:\/\/www.hagedorn-products.de\/en\/klaeranlagen\/#primaryimage"},"image":{"@id":"https:\/\/www.hagedorn-products.de\/en\/klaeranlagen\/#primaryimage"},"thumbnailUrl":"http:\/\/www.hagedorn-products.de\/wp-content\/uploads\/2022\/02\/2-1.png","datePublished":"2022-02-07T08:46:14+00:00","dateModified":"2022-02-07T13:22:15+00:00","breadcrumb":{"@id":"https:\/\/www.hagedorn-products.de\/en\/klaeranlagen\/#breadcrumb"},"inLanguage":"en-US","potentialAction":[{"@type":"ReadAction","target":["https:\/\/www.hagedorn-products.de\/en\/klaeranlagen\/"]}]},{"@type":"ImageObject","inLanguage":"en-US","@id":"https:\/\/www.hagedorn-products.de\/en\/klaeranlagen\/#primaryimage","url":"http:\/\/www.hagedorn-products.de\/wp-content\/uploads\/2022\/02\/2-1.png","contentUrl":"http:\/\/www.hagedorn-products.de\/wp-content\/uploads\/2022\/02\/2-1.png"},{"@type":"BreadcrumbList","@id":"https:\/\/www.hagedorn-products.de\/en\/klaeranlagen\/#breadcrumb","itemListElement":[{"@type":"ListItem","position":1,"name":"Startseite","item":"https:\/\/www.hagedorn-products.de\/"},{"@type":"ListItem","position":2,"name":"Kl\u00e4ranlagen"}]},{"@type":"WebSite","@id":"https:\/\/www.hagedorn-products.de\/#website","url":"https:\/\/www.hagedorn-products.de\/","name":"HAGEDORN Products & Systems GmbH","description":"","potentialAction":[{"@type":"SearchAction","target":{"@type":"EntryPoint","urlTemplate":"https:\/\/www.hagedorn-products.de\/?s={search_term_string}"},"query-input":{"@type":"PropertyValueSpecification","valueRequired":true,"valueName":"search_term_string"}}],"inLanguage":"en-US"}]}},"_links":{"self":[{"href":"https:\/\/www.hagedorn-products.de\/en\/wp-json\/wp\/v2\/pages\/1280","targetHints":{"allow":["GET"]}}],"collection":[{"href":"https:\/\/www.hagedorn-products.de\/en\/wp-json\/wp\/v2\/pages"}],"about":[{"href":"https:\/\/www.hagedorn-products.de\/en\/wp-json\/wp\/v2\/types\/page"}],"author":[{"embeddable":true,"href":"https:\/\/www.hagedorn-products.de\/en\/wp-json\/wp\/v2\/users\/1"}],"replies":[{"embeddable":true,"href":"https:\/\/www.hagedorn-products.de\/en\/wp-json\/wp\/v2\/comments?post=1280"}],"version-history":[{"count":4,"href":"https:\/\/www.hagedorn-products.de\/en\/wp-json\/wp\/v2\/pages\/1280\/revisions"}],"predecessor-version":[{"id":1315,"href":"https:\/\/www.hagedorn-products.de\/en\/wp-json\/wp\/v2\/pages\/1280\/revisions\/1315"}],"wp:attachment":[{"href":"https:\/\/www.hagedorn-products.de\/en\/wp-json\/wp\/v2\/media?parent=1280"}],"curies":[{"name":"wp","href":"https:\/\/api.w.org\/{rel}","templated":true}]}}