{"id":1278,"date":"2022-02-07T08:46:27","date_gmt":"2022-02-07T08:46:27","guid":{"rendered":"http:\/\/www.hagedorn-products.de\/?page_id=1278"},"modified":"2022-02-07T13:38:32","modified_gmt":"2022-02-07T13:38:32","slug":"konstruktion-engineering","status":"publish","type":"page","link":"https:\/\/www.hagedorn-products.de\/en\/konstruktion-engineering\/","title":{"rendered":"Engineering"},"content":{"rendered":"<div data-elementor-type=\"wp-post\" data-elementor-id=\"1278\" class=\"elementor elementor-1278\">\n\t\t\t\t\t\t<section class=\"elementor-section elementor-top-section elementor-element elementor-element-97d9274 elementor-section-full_width elementor-section-height-default elementor-section-height-default\" data-id=\"97d9274\" data-element_type=\"section\" data-e-type=\"section\">\n\t\t\t\t\t\t<div class=\"elementor-container elementor-column-gap-default\">\n\t\t\t\t\t<div class=\"elementor-column elementor-col-50 elementor-top-column elementor-element elementor-element-d91bf3a\" data-id=\"d91bf3a\" data-element_type=\"column\" data-e-type=\"column\">\n\t\t\t<div class=\"elementor-widget-wrap elementor-element-populated\">\n\t\t\t\t\t\t<section class=\"elementor-section elementor-inner-section elementor-element elementor-element-4cf8340 elementor-section-boxed elementor-section-height-default elementor-section-height-default\" data-id=\"4cf8340\" data-element_type=\"section\" data-e-type=\"section\">\n\t\t\t\t\t\t<div class=\"elementor-container elementor-column-gap-default\">\n\t\t\t\t\t<div class=\"elementor-column elementor-col-100 elementor-inner-column elementor-element elementor-element-31b44f6\" data-id=\"31b44f6\" data-element_type=\"column\" data-e-type=\"column\">\n\t\t\t<div class=\"elementor-widget-wrap elementor-element-populated\">\n\t\t\t\t\t\t<div class=\"elementor-element elementor-element-5b364e2 elementor-widget elementor-widget-text-editor\" data-id=\"5b364e2\" data-element_type=\"widget\" data-e-type=\"widget\" data-widget_type=\"text-editor.default\">\n\t\t\t\t<div class=\"elementor-widget-container\">\n\t\t\t\t\t\t\t\t\t<p><span class=\"Y2IQFc\" lang=\"de\">HAGEDORN Service &amp; Engineering GmbH offers consultancy, design and engineering for a wide range of markets. We have the experience and skills to deliver the peace of mind you need and we do this by keeping your project on track, in scope and in budget. Being flexible and agile, we take on any challenge with confidence and creativity.<\/span><\/p><p><span class=\"Y2IQFc\" lang=\"de\">Engineering for ships in operation must focus on cost-efficiency and minimizing docking time. Through streamlined workflows and effective project management we ensure that the project is under control and delivered on time and in budget. <\/span><\/p><p><span class=\"Y2IQFc\" lang=\"de\">With our team of specialists in naval architecture and structural engineering we are able to provide following services  for retrofit projects, new-building projects or service work on board or in-house:<\/span><\/p>\t\t\t\t\t\t\t\t<\/div>\n\t\t\t\t<\/div>\n\t\t\t\t\t<\/div>\n\t\t<\/div>\n\t\t\t\t\t<\/div>\n\t\t<\/section>\n\t\t\t\t\t<\/div>\n\t\t<\/div>\n\t\t\t\t<div class=\"elementor-column elementor-col-50 elementor-top-column elementor-element elementor-element-0e6a33d\" data-id=\"0e6a33d\" data-element_type=\"column\" data-e-type=\"column\">\n\t\t\t<div class=\"elementor-widget-wrap elementor-element-populated\">\n\t\t\t\t\t\t<section class=\"elementor-section elementor-inner-section elementor-element elementor-element-170d9c3 elementor-section-boxed elementor-section-height-default elementor-section-height-default\" data-id=\"170d9c3\" data-element_type=\"section\" data-e-type=\"section\">\n\t\t\t\t\t\t<div class=\"elementor-container elementor-column-gap-default\">\n\t\t\t\t\t<div class=\"elementor-column elementor-col-100 elementor-inner-column elementor-element elementor-element-3d0e504\" data-id=\"3d0e504\" data-element_type=\"column\" data-e-type=\"column\">\n\t\t\t<div class=\"elementor-widget-wrap elementor-element-populated\">\n\t\t\t\t\t\t<div class=\"elementor-element elementor-element-72fea4b elementor-widget elementor-widget-image\" data-id=\"72fea4b\" data-element_type=\"widget\" data-e-type=\"widget\" data-widget_type=\"image.default\">\n\t\t\t\t<div class=\"elementor-widget-container\">\n\t\t\t\t\t\t\t\t\t\t\t\t\t\t\t<img fetchpriority=\"high\" decoding=\"async\" width=\"955\" height=\"455\" src=\"http:\/\/www.hagedorn-products.de\/wp-content\/uploads\/2022\/02\/7-1024x488.png\" class=\"attachment-large size-large wp-image-1256\" alt=\"\" srcset=\"http:\/\/www.hagedorn-products.de\/wp-content\/uploads\/2022\/02\/7-1024x488.png 1024w, http:\/\/www.hagedorn-products.de\/wp-content\/uploads\/2022\/02\/7-300x143.png 300w, http:\/\/www.hagedorn-products.de\/wp-content\/uploads\/2022\/02\/7-768x366.png 768w, http:\/\/www.hagedorn-products.de\/wp-content\/uploads\/2022\/02\/7.png 2000w\" sizes=\"(max-width: 955px) 100vw, 955px\" \/>\t\t\t\t\t\t\t\t\t\t\t\t\t\t\t<\/div>\n\t\t\t\t<\/div>\n\t\t\t\t\t<\/div>\n\t\t<\/div>\n\t\t\t\t\t<\/div>\n\t\t<\/section>\n\t\t\t\t\t<\/div>\n\t\t<\/div>\n\t\t\t\t\t<\/div>\n\t\t<\/section>\n\t\t\t\t<section class=\"elementor-section elementor-top-section elementor-element elementor-element-651bd09 elementor-section-full_width elementor-section-height-default elementor-section-height-default\" data-id=\"651bd09\" data-element_type=\"section\" data-e-type=\"section\">\n\t\t\t\t\t\t<div class=\"elementor-container elementor-column-gap-default\">\n\t\t\t\t\t<div class=\"elementor-column elementor-col-50 elementor-top-column elementor-element elementor-element-30ae914\" data-id=\"30ae914\" data-element_type=\"column\" data-e-type=\"column\">\n\t\t\t<div class=\"elementor-widget-wrap elementor-element-populated\">\n\t\t\t\t\t\t<div class=\"elementor-element elementor-element-3a72f3c elementor-widget elementor-widget-text-editor\" data-id=\"3a72f3c\" data-element_type=\"widget\" data-e-type=\"widget\" data-widget_type=\"text-editor.default\">\n\t\t\t\t<div class=\"elementor-widget-container\">\n\t\t\t\t\t\t\t\t\t<ul><li><span class=\"Y2IQFc\" lang=\"de\">- Ballast Water Treatment Systems <\/span><\/li><li><span class=\"Y2IQFc\" lang=\"de\">- Vessel Upgrades <\/span><\/li><li><span class=\"Y2IQFc\" lang=\"de\">- On-site Inspection &amp; Survey <\/span><\/li><li><span class=\"Y2IQFc\" lang=\"de\">- Class &amp; Statutory Support <\/span><\/li><li><span class=\"Y2IQFc\" lang=\"de\">- 3D Laser Scanning <\/span><\/li><li><span class=\"Y2IQFc\" lang=\"de\">- Consultation during hull &amp; machinery repairs <\/span><\/li><li><span class=\"Y2IQFc\" lang=\"de\">- Planning and implementation of repairs and dockings <\/span><\/li><li><span class=\"Y2IQFc\" lang=\"de\">- Preparation and reviewing of technical specifications for vessel\u2019s new buildings and retrofits <\/span><\/li><li><span class=\"Y2IQFc\" lang=\"de\">- Advising and controlling of supervising team <\/span><\/li><li><span class=\"Y2IQFc\" lang=\"de\">- Coordination and engineering processes for energy efficiency upgrades <\/span><\/li><li><span class=\"Y2IQFc\" lang=\"de\">- Implementation of vessel\u2019s inspections and technical analyses <\/span><\/li><li><span class=\"Y2IQFc\" lang=\"de\">- Consultation during daily ship operation <\/span><\/li><li><span class=\"Y2IQFc\" lang=\"de\">- System design \/ recommendation<\/span><\/li><\/ul>\t\t\t\t\t\t\t\t<\/div>\n\t\t\t\t<\/div>\n\t\t\t\t\t<\/div>\n\t\t<\/div>\n\t\t\t\t<div class=\"elementor-column elementor-col-50 elementor-top-column elementor-element elementor-element-0dedf59\" data-id=\"0dedf59\" data-element_type=\"column\" data-e-type=\"column\">\n\t\t\t<div class=\"elementor-widget-wrap elementor-element-populated\">\n\t\t\t\t\t\t<div class=\"elementor-element elementor-element-7c00151 elementor-widget elementor-widget-image\" data-id=\"7c00151\" data-element_type=\"widget\" data-e-type=\"widget\" data-widget_type=\"image.default\">\n\t\t\t\t<div class=\"elementor-widget-container\">\n\t\t\t\t\t\t\t\t\t\t\t\t\t\t\t<img decoding=\"async\" width=\"955\" height=\"573\" src=\"http:\/\/www.hagedorn-products.de\/wp-content\/uploads\/2022\/02\/2-1024x614.png\" class=\"attachment-large size-large wp-image-1258\" alt=\"\" srcset=\"http:\/\/www.hagedorn-products.de\/wp-content\/uploads\/2022\/02\/2-1024x614.png 1024w, http:\/\/www.hagedorn-products.de\/wp-content\/uploads\/2022\/02\/2-300x180.png 300w, http:\/\/www.hagedorn-products.de\/wp-content\/uploads\/2022\/02\/2-768x460.png 768w, http:\/\/www.hagedorn-products.de\/wp-content\/uploads\/2022\/02\/2.png 1386w\" sizes=\"(max-width: 955px) 100vw, 955px\" \/>\t\t\t\t\t\t\t\t\t\t\t\t\t\t\t<\/div>\n\t\t\t\t<\/div>\n\t\t\t\t\t<\/div>\n\t\t<\/div>\n\t\t\t\t\t<\/div>\n\t\t<\/section>\n\t\t\t\t<section class=\"elementor-section elementor-top-section elementor-element elementor-element-5326920 elementor-section-boxed elementor-section-height-default elementor-section-height-default\" data-id=\"5326920\" data-element_type=\"section\" data-e-type=\"section\">\n\t\t\t\t\t\t<div class=\"elementor-container elementor-column-gap-default\">\n\t\t\t\t\t<div class=\"elementor-column elementor-col-100 elementor-top-column elementor-element elementor-element-d667ac1\" data-id=\"d667ac1\" data-element_type=\"column\" data-e-type=\"column\">\n\t\t\t<div class=\"elementor-widget-wrap elementor-element-populated\">\n\t\t\t\t\t\t<div class=\"elementor-element elementor-element-6f1fe33 elementor-widget elementor-widget-text-editor\" data-id=\"6f1fe33\" data-element_type=\"widget\" data-e-type=\"widget\" data-widget_type=\"text-editor.default\">\n\t\t\t\t<div class=\"elementor-widget-container\">\n\t\t\t\t\t\t\t\t\t<p><span class=\"Y2IQFc\" lang=\"de\">HAGEDORN Service &amp; Engineering GmbH has developed a well-rounded and integrated team inhouse and around the world that interfaces efficiently across the various disciplines to create a synergy within the project and provide a complete service.<\/span><\/p>\t\t\t\t\t\t\t\t<\/div>\n\t\t\t\t<\/div>\n\t\t\t\t\t<\/div>\n\t\t<\/div>\n\t\t\t\t\t<\/div>\n\t\t<\/section>\n\t\t\t\t<section class=\"elementor-section elementor-top-section elementor-element elementor-element-5fd9cbc elementor-section-boxed elementor-section-height-default elementor-section-height-default\" data-id=\"5fd9cbc\" data-element_type=\"section\" data-e-type=\"section\">\n\t\t\t\t\t\t<div class=\"elementor-container elementor-column-gap-default\">\n\t\t\t\t\t<div class=\"elementor-column elementor-col-100 elementor-top-column elementor-element elementor-element-64b450a\" data-id=\"64b450a\" data-element_type=\"column\" data-e-type=\"column\">\n\t\t\t<div class=\"elementor-widget-wrap elementor-element-populated\">\n\t\t\t\t\t\t<section class=\"elementor-section elementor-inner-section elementor-element elementor-element-28fe462 elementor-section-boxed elementor-section-height-default elementor-section-height-default\" data-id=\"28fe462\" data-element_type=\"section\" data-e-type=\"section\">\n\t\t\t\t\t\t<div class=\"elementor-container elementor-column-gap-default\">\n\t\t\t\t\t<div class=\"elementor-column elementor-col-50 elementor-inner-column elementor-element elementor-element-ec80b78\" data-id=\"ec80b78\" data-element_type=\"column\" data-e-type=\"column\">\n\t\t\t<div class=\"elementor-widget-wrap elementor-element-populated\">\n\t\t\t\t\t\t<div class=\"elementor-element elementor-element-b60e04d elementor-widget elementor-widget-image\" data-id=\"b60e04d\" data-element_type=\"widget\" data-e-type=\"widget\" data-widget_type=\"image.default\">\n\t\t\t\t<div class=\"elementor-widget-container\">\n\t\t\t\t\t\t\t\t\t\t\t\t\t\t\t<img decoding=\"async\" width=\"955\" height=\"455\" src=\"http:\/\/www.hagedorn-products.de\/wp-content\/uploads\/2022\/02\/3-1024x488.png\" class=\"attachment-large size-large wp-image-1259\" alt=\"\" srcset=\"http:\/\/www.hagedorn-products.de\/wp-content\/uploads\/2022\/02\/3-1024x488.png 1024w, http:\/\/www.hagedorn-products.de\/wp-content\/uploads\/2022\/02\/3-300x143.png 300w, http:\/\/www.hagedorn-products.de\/wp-content\/uploads\/2022\/02\/3-768x366.png 768w, http:\/\/www.hagedorn-products.de\/wp-content\/uploads\/2022\/02\/3.png 2000w\" sizes=\"(max-width: 955px) 100vw, 955px\" \/>\t\t\t\t\t\t\t\t\t\t\t\t\t\t\t<\/div>\n\t\t\t\t<\/div>\n\t\t\t\t\t<\/div>\n\t\t<\/div>\n\t\t\t\t<div class=\"elementor-column elementor-col-50 elementor-inner-column elementor-element elementor-element-37aa9bb\" data-id=\"37aa9bb\" data-element_type=\"column\" data-e-type=\"column\">\n\t\t\t<div class=\"elementor-widget-wrap elementor-element-populated\">\n\t\t\t\t\t\t<div class=\"elementor-element elementor-element-ab5dd45 elementor-widget elementor-widget-image\" data-id=\"ab5dd45\" data-element_type=\"widget\" data-e-type=\"widget\" data-widget_type=\"image.default\">\n\t\t\t\t<div class=\"elementor-widget-container\">\n\t\t\t\t\t\t\t\t\t\t\t\t\t\t\t<img loading=\"lazy\" decoding=\"async\" width=\"955\" height=\"630\" src=\"http:\/\/www.hagedorn-products.de\/wp-content\/uploads\/2022\/02\/5-1024x676.png\" class=\"attachment-large size-large wp-image-1254\" alt=\"\" srcset=\"http:\/\/www.hagedorn-products.de\/wp-content\/uploads\/2022\/02\/5-1024x676.png 1024w, http:\/\/www.hagedorn-products.de\/wp-content\/uploads\/2022\/02\/5-300x198.png 300w, http:\/\/www.hagedorn-products.de\/wp-content\/uploads\/2022\/02\/5-768x507.png 768w, http:\/\/www.hagedorn-products.de\/wp-content\/uploads\/2022\/02\/5.png 1261w\" sizes=\"(max-width: 955px) 100vw, 955px\" \/>\t\t\t\t\t\t\t\t\t\t\t\t\t\t\t<\/div>\n\t\t\t\t<\/div>\n\t\t\t\t\t<\/div>\n\t\t<\/div>\n\t\t\t\t\t<\/div>\n\t\t<\/section>\n\t\t\t\t\t<\/div>\n\t\t<\/div>\n\t\t\t\t\t<\/div>\n\t\t<\/section>\n\t\t\t\t<\/div>","protected":false},"excerpt":{"rendered":"<p>Die HAGEDORN Service &amp; Engineering GmbH bietet Beratung, Design und Engineering f\u00fcr verschiedenste M\u00e4rkte. Wir verf\u00fcgen \u00fcber die Erfahrung und die F\u00e4higkeiten, um Ihnen die Sicherheit zu bieten, die Sie ben\u00f6tigen, und wir tun dies, indem wir Ihr Projekt auf Kurs, Umfang und Budget halten. Flexibel und agil nehmen wir jede Herausforderung mit Zuversicht und [&hellip;]<\/p>\n","protected":false},"author":1,"featured_media":0,"parent":0,"menu_order":0,"comment_status":"closed","ping_status":"closed","template":"","meta":{"footnotes":""},"class_list":["post-1278","page","type-page","status-publish","hentry"],"yoast_head":"<!-- This site is optimized with the Yoast SEO plugin v27.2 - https:\/\/yoast.com\/product\/yoast-seo-wordpress\/ -->\n<title>Konstruktion\/Engineering - HAGEDORN Products &amp; Systems GmbH<\/title>\n<meta name=\"robots\" content=\"index, follow, max-snippet:-1, max-image-preview:large, max-video-preview:-1\" \/>\n<link rel=\"canonical\" href=\"https:\/\/www.hagedorn-products.de\/en\/konstruktion-engineering\/\" \/>\n<meta property=\"og:locale\" content=\"en_US\" \/>\n<meta property=\"og:type\" content=\"article\" \/>\n<meta property=\"og:title\" content=\"Konstruktion\/Engineering - HAGEDORN Products &amp; Systems GmbH\" \/>\n<meta property=\"og:description\" content=\"Die HAGEDORN Service &amp; Engineering GmbH bietet Beratung, Design und Engineering f\u00fcr verschiedenste M\u00e4rkte. Wir verf\u00fcgen \u00fcber die Erfahrung und die F\u00e4higkeiten, um Ihnen die Sicherheit zu bieten, die Sie ben\u00f6tigen, und wir tun dies, indem wir Ihr Projekt auf Kurs, Umfang und Budget halten. Flexibel und agil nehmen wir jede Herausforderung mit Zuversicht und [&hellip;]\" \/>\n<meta property=\"og:url\" content=\"https:\/\/www.hagedorn-products.de\/en\/konstruktion-engineering\/\" \/>\n<meta property=\"og:site_name\" content=\"HAGEDORN Products &amp; Systems GmbH\" \/>\n<meta property=\"article:modified_time\" content=\"2022-02-07T13:38:32+00:00\" \/>\n<meta property=\"og:image\" content=\"http:\/\/www.hagedorn-products.de\/wp-content\/uploads\/2022\/02\/7-1024x488.png\" \/>\n<meta name=\"twitter:card\" content=\"summary_large_image\" \/>\n<meta name=\"twitter:label1\" content=\"Est. reading time\" \/>\n\t<meta name=\"twitter:data1\" content=\"1 minute\" \/>\n<script type=\"application\/ld+json\" class=\"yoast-schema-graph\">{\"@context\":\"https:\/\/schema.org\",\"@graph\":[{\"@type\":\"WebPage\",\"@id\":\"https:\/\/www.hagedorn-products.de\/en\/konstruktion-engineering\/\",\"url\":\"https:\/\/www.hagedorn-products.de\/en\/konstruktion-engineering\/\",\"name\":\"Konstruktion\/Engineering - HAGEDORN Products &amp; Systems GmbH\",\"isPartOf\":{\"@id\":\"https:\/\/www.hagedorn-products.de\/#website\"},\"primaryImageOfPage\":{\"@id\":\"https:\/\/www.hagedorn-products.de\/en\/konstruktion-engineering\/#primaryimage\"},\"image\":{\"@id\":\"https:\/\/www.hagedorn-products.de\/en\/konstruktion-engineering\/#primaryimage\"},\"thumbnailUrl\":\"http:\/\/www.hagedorn-products.de\/wp-content\/uploads\/2022\/02\/7-1024x488.png\",\"datePublished\":\"2022-02-07T08:46:27+00:00\",\"dateModified\":\"2022-02-07T13:38:32+00:00\",\"breadcrumb\":{\"@id\":\"https:\/\/www.hagedorn-products.de\/en\/konstruktion-engineering\/#breadcrumb\"},\"inLanguage\":\"en-US\",\"potentialAction\":[{\"@type\":\"ReadAction\",\"target\":[\"https:\/\/www.hagedorn-products.de\/en\/konstruktion-engineering\/\"]}]},{\"@type\":\"ImageObject\",\"inLanguage\":\"en-US\",\"@id\":\"https:\/\/www.hagedorn-products.de\/en\/konstruktion-engineering\/#primaryimage\",\"url\":\"http:\/\/www.hagedorn-products.de\/wp-content\/uploads\/2022\/02\/7-1024x488.png\",\"contentUrl\":\"http:\/\/www.hagedorn-products.de\/wp-content\/uploads\/2022\/02\/7-1024x488.png\"},{\"@type\":\"BreadcrumbList\",\"@id\":\"https:\/\/www.hagedorn-products.de\/en\/konstruktion-engineering\/#breadcrumb\",\"itemListElement\":[{\"@type\":\"ListItem\",\"position\":1,\"name\":\"Startseite\",\"item\":\"https:\/\/www.hagedorn-products.de\/\"},{\"@type\":\"ListItem\",\"position\":2,\"name\":\"Konstruktion\/Engineering\"}]},{\"@type\":\"WebSite\",\"@id\":\"https:\/\/www.hagedorn-products.de\/#website\",\"url\":\"https:\/\/www.hagedorn-products.de\/\",\"name\":\"HAGEDORN Products & Systems GmbH\",\"description\":\"\",\"potentialAction\":[{\"@type\":\"SearchAction\",\"target\":{\"@type\":\"EntryPoint\",\"urlTemplate\":\"https:\/\/www.hagedorn-products.de\/?s={search_term_string}\"},\"query-input\":{\"@type\":\"PropertyValueSpecification\",\"valueRequired\":true,\"valueName\":\"search_term_string\"}}],\"inLanguage\":\"en-US\"}]}<\/script>\n<!-- \/ Yoast SEO plugin. -->","yoast_head_json":{"title":"Konstruktion\/Engineering - HAGEDORN Products &amp; Systems GmbH","robots":{"index":"index","follow":"follow","max-snippet":"max-snippet:-1","max-image-preview":"max-image-preview:large","max-video-preview":"max-video-preview:-1"},"canonical":"https:\/\/www.hagedorn-products.de\/en\/konstruktion-engineering\/","og_locale":"en_US","og_type":"article","og_title":"Konstruktion\/Engineering - HAGEDORN Products &amp; Systems GmbH","og_description":"Die HAGEDORN Service &amp; Engineering GmbH bietet Beratung, Design und Engineering f\u00fcr verschiedenste M\u00e4rkte. Wir verf\u00fcgen \u00fcber die Erfahrung und die F\u00e4higkeiten, um Ihnen die Sicherheit zu bieten, die Sie ben\u00f6tigen, und wir tun dies, indem wir Ihr Projekt auf Kurs, Umfang und Budget halten. Flexibel und agil nehmen wir jede Herausforderung mit Zuversicht und [&hellip;]","og_url":"https:\/\/www.hagedorn-products.de\/en\/konstruktion-engineering\/","og_site_name":"HAGEDORN Products &amp; Systems GmbH","article_modified_time":"2022-02-07T13:38:32+00:00","og_image":[{"url":"http:\/\/www.hagedorn-products.de\/wp-content\/uploads\/2022\/02\/7-1024x488.png","type":"","width":"","height":""}],"twitter_card":"summary_large_image","twitter_misc":{"Est. reading time":"1 minute"},"schema":{"@context":"https:\/\/schema.org","@graph":[{"@type":"WebPage","@id":"https:\/\/www.hagedorn-products.de\/en\/konstruktion-engineering\/","url":"https:\/\/www.hagedorn-products.de\/en\/konstruktion-engineering\/","name":"Konstruktion\/Engineering - HAGEDORN Products &amp; Systems GmbH","isPartOf":{"@id":"https:\/\/www.hagedorn-products.de\/#website"},"primaryImageOfPage":{"@id":"https:\/\/www.hagedorn-products.de\/en\/konstruktion-engineering\/#primaryimage"},"image":{"@id":"https:\/\/www.hagedorn-products.de\/en\/konstruktion-engineering\/#primaryimage"},"thumbnailUrl":"http:\/\/www.hagedorn-products.de\/wp-content\/uploads\/2022\/02\/7-1024x488.png","datePublished":"2022-02-07T08:46:27+00:00","dateModified":"2022-02-07T13:38:32+00:00","breadcrumb":{"@id":"https:\/\/www.hagedorn-products.de\/en\/konstruktion-engineering\/#breadcrumb"},"inLanguage":"en-US","potentialAction":[{"@type":"ReadAction","target":["https:\/\/www.hagedorn-products.de\/en\/konstruktion-engineering\/"]}]},{"@type":"ImageObject","inLanguage":"en-US","@id":"https:\/\/www.hagedorn-products.de\/en\/konstruktion-engineering\/#primaryimage","url":"http:\/\/www.hagedorn-products.de\/wp-content\/uploads\/2022\/02\/7-1024x488.png","contentUrl":"http:\/\/www.hagedorn-products.de\/wp-content\/uploads\/2022\/02\/7-1024x488.png"},{"@type":"BreadcrumbList","@id":"https:\/\/www.hagedorn-products.de\/en\/konstruktion-engineering\/#breadcrumb","itemListElement":[{"@type":"ListItem","position":1,"name":"Startseite","item":"https:\/\/www.hagedorn-products.de\/"},{"@type":"ListItem","position":2,"name":"Konstruktion\/Engineering"}]},{"@type":"WebSite","@id":"https:\/\/www.hagedorn-products.de\/#website","url":"https:\/\/www.hagedorn-products.de\/","name":"HAGEDORN Products & Systems GmbH","description":"","potentialAction":[{"@type":"SearchAction","target":{"@type":"EntryPoint","urlTemplate":"https:\/\/www.hagedorn-products.de\/?s={search_term_string}"},"query-input":{"@type":"PropertyValueSpecification","valueRequired":true,"valueName":"search_term_string"}}],"inLanguage":"en-US"}]}},"_links":{"self":[{"href":"https:\/\/www.hagedorn-products.de\/en\/wp-json\/wp\/v2\/pages\/1278","targetHints":{"allow":["GET"]}}],"collection":[{"href":"https:\/\/www.hagedorn-products.de\/en\/wp-json\/wp\/v2\/pages"}],"about":[{"href":"https:\/\/www.hagedorn-products.de\/en\/wp-json\/wp\/v2\/types\/page"}],"author":[{"embeddable":true,"href":"https:\/\/www.hagedorn-products.de\/en\/wp-json\/wp\/v2\/users\/1"}],"replies":[{"embeddable":true,"href":"https:\/\/www.hagedorn-products.de\/en\/wp-json\/wp\/v2\/comments?post=1278"}],"version-history":[{"count":5,"href":"https:\/\/www.hagedorn-products.de\/en\/wp-json\/wp\/v2\/pages\/1278\/revisions"}],"predecessor-version":[{"id":1317,"href":"https:\/\/www.hagedorn-products.de\/en\/wp-json\/wp\/v2\/pages\/1278\/revisions\/1317"}],"wp:attachment":[{"href":"https:\/\/www.hagedorn-products.de\/en\/wp-json\/wp\/v2\/media?parent=1278"}],"curies":[{"name":"wp","href":"https:\/\/api.w.org\/{rel}","templated":true}]}}