{"id":12,"date":"2019-09-02T08:14:27","date_gmt":"2019-09-02T08:14:27","guid":{"rendered":"http:\/\/s781317903.online.de\/?page_id=12"},"modified":"2024-09-10T09:16:50","modified_gmt":"2024-09-10T07:16:50","slug":"home","status":"publish","type":"page","link":"https:\/\/www.hagedorn-products.de\/en\/","title":{"rendered":"Home"},"content":{"rendered":"<div data-elementor-type=\"wp-post\" data-elementor-id=\"12\" class=\"elementor elementor-12\">\n\t\t\t\t\t\t<section class=\"elementor-section elementor-top-section elementor-element elementor-element-47c09df elementor-section-boxed elementor-section-height-default elementor-section-height-default\" data-id=\"47c09df\" data-element_type=\"section\" data-e-type=\"section\">\n\t\t\t\t\t\t<div class=\"elementor-container elementor-column-gap-default\">\n\t\t\t\t\t<div class=\"elementor-column elementor-col-100 elementor-top-column elementor-element elementor-element-623b8c0\" data-id=\"623b8c0\" data-element_type=\"column\" data-e-type=\"column\">\n\t\t\t<div class=\"elementor-widget-wrap elementor-element-populated\">\n\t\t\t\t\t\t<div class=\"elementor-element elementor-element-7d36ccb elementor-widget elementor-widget-heading\" data-id=\"7d36ccb\" data-element_type=\"widget\" data-e-type=\"widget\" data-widget_type=\"heading.default\">\n\t\t\t\t<div class=\"elementor-widget-container\">\n\t\t\t\t\t<h2 class=\"elementor-heading-title elementor-size-default\"><br><br>WELCOME to your partner for<br><\/h2>\t\t\t\t<\/div>\n\t\t\t\t<\/div>\n\t\t\t\t\t<\/div>\n\t\t<\/div>\n\t\t\t\t\t<\/div>\n\t\t<\/section>\n\t\t\t\t<section class=\"elementor-section elementor-top-section elementor-element elementor-element-bd68861 elementor-section-boxed elementor-section-height-default elementor-section-height-default\" data-id=\"bd68861\" data-element_type=\"section\" data-e-type=\"section\">\n\t\t\t\t\t\t<div class=\"elementor-container elementor-column-gap-default\">\n\t\t\t\t\t<div class=\"elementor-column elementor-col-100 elementor-top-column elementor-element elementor-element-6f432f0\" data-id=\"6f432f0\" data-element_type=\"column\" data-e-type=\"column\">\n\t\t\t<div class=\"elementor-widget-wrap elementor-element-populated\">\n\t\t\t\t\t\t<section class=\"elementor-section elementor-inner-section elementor-element elementor-element-b966fed elementor-section-boxed elementor-section-height-default elementor-section-height-default\" data-id=\"b966fed\" data-element_type=\"section\" data-e-type=\"section\">\n\t\t\t\t\t\t<div class=\"elementor-container elementor-column-gap-default\">\n\t\t\t\t\t<div class=\"elementor-column elementor-col-33 elementor-inner-column elementor-element elementor-element-ea2b76c\" data-id=\"ea2b76c\" data-element_type=\"column\" data-e-type=\"column\">\n\t\t\t<div class=\"elementor-widget-wrap elementor-element-populated\">\n\t\t\t\t\t\t<div class=\"elementor-element elementor-element-a3d66d4 elementor-widget elementor-widget-image-carousel\" data-id=\"a3d66d4\" data-element_type=\"widget\" data-e-type=\"widget\" data-settings=\"{&quot;slides_to_show&quot;:&quot;1&quot;,&quot;navigation&quot;:&quot;none&quot;,&quot;autoplay&quot;:&quot;yes&quot;,&quot;pause_on_hover&quot;:&quot;yes&quot;,&quot;pause_on_interaction&quot;:&quot;yes&quot;,&quot;autoplay_speed&quot;:5000,&quot;infinite&quot;:&quot;yes&quot;,&quot;effect&quot;:&quot;slide&quot;,&quot;speed&quot;:500}\" data-widget_type=\"image-carousel.default\">\n\t\t\t\t<div class=\"elementor-widget-container\">\n\t\t\t\t\t\t\t<div class=\"elementor-image-carousel-wrapper swiper\" role=\"region\" aria-roledescription=\"carousel\" aria-label=\"Image Carousel\" dir=\"ltr\">\n\t\t\t<div class=\"elementor-image-carousel swiper-wrapper\" aria-live=\"off\">\n\t\t\t\t\t\t\t\t<div class=\"swiper-slide\" role=\"group\" aria-roledescription=\"slide\" aria-label=\"1 of 6\" data-no-translation-aria-label=\"\"><figure class=\"swiper-slide-inner\"><img decoding=\"async\" class=\"swiper-slide-image\" src=\"http:\/\/www.hagedorn-products.de\/wp-content\/uploads\/2019\/11\/cargo-449784-768x512.jpg\" alt=\"cargo-449784\" \/><\/figure><\/div><div class=\"swiper-slide\" role=\"group\" aria-roledescription=\"slide\" aria-label=\"2 of 6\" data-no-translation-aria-label=\"\"><figure class=\"swiper-slide-inner\"><img decoding=\"async\" class=\"swiper-slide-image\" src=\"http:\/\/www.hagedorn-products.de\/wp-content\/uploads\/2019\/11\/body-of-water-3122008-768x512.jpg\" alt=\"body-of-water-3122008\" \/><\/figure><\/div><div class=\"swiper-slide\" role=\"group\" aria-roledescription=\"slide\" aria-label=\"3 of 6\" data-no-translation-aria-label=\"\"><figure class=\"swiper-slide-inner\"><img decoding=\"async\" class=\"swiper-slide-image\" src=\"http:\/\/www.hagedorn-products.de\/wp-content\/uploads\/2019\/11\/container-2437287-768x512.jpg\" alt=\"container-2437287\" \/><\/figure><\/div><div class=\"swiper-slide\" role=\"group\" aria-roledescription=\"slide\" aria-label=\"4 of 6\" data-no-translation-aria-label=\"\"><figure class=\"swiper-slide-inner\"><img decoding=\"async\" class=\"swiper-slide-image\" src=\"http:\/\/www.hagedorn-products.de\/wp-content\/uploads\/2019\/11\/container-2786842-768x512.jpg\" alt=\"container-2786842\" \/><\/figure><\/div><div class=\"swiper-slide\" role=\"group\" aria-roledescription=\"slide\" aria-label=\"5 of 6\" data-no-translation-aria-label=\"\"><figure class=\"swiper-slide-inner\"><img decoding=\"async\" class=\"swiper-slide-image\" src=\"http:\/\/www.hagedorn-products.de\/wp-content\/uploads\/2019\/11\/cruise-1578528-768x512.jpg\" alt=\"cruise-1578528\" \/><\/figure><\/div><div class=\"swiper-slide\" role=\"group\" aria-roledescription=\"slide\" aria-label=\"6 of 6\" data-no-translation-aria-label=\"\"><figure class=\"swiper-slide-inner\"><img decoding=\"async\" class=\"swiper-slide-image\" src=\"http:\/\/www.hagedorn-products.de\/wp-content\/uploads\/2019\/11\/ship-2734426-768x512.jpg\" alt=\"ship-2734426\" \/><\/figure><\/div>\t\t\t<\/div>\n\t\t\t\t\t\t\t\n\t\t\t\t\t\t\t\t\t<\/div>\n\t\t\t\t\t\t<\/div>\n\t\t\t\t<\/div>\n\t\t\t\t\t<\/div>\n\t\t<\/div>\n\t\t\t\t<div class=\"elementor-column elementor-col-33 elementor-inner-column elementor-element elementor-element-5ab4ade\" data-id=\"5ab4ade\" data-element_type=\"column\" data-e-type=\"column\">\n\t\t\t<div class=\"elementor-widget-wrap elementor-element-populated\">\n\t\t\t\t\t\t<div class=\"elementor-element elementor-element-38f76e2 elementor-widget elementor-widget-image-carousel\" data-id=\"38f76e2\" data-element_type=\"widget\" data-e-type=\"widget\" data-settings=\"{&quot;slides_to_show&quot;:&quot;1&quot;,&quot;navigation&quot;:&quot;none&quot;,&quot;autoplay&quot;:&quot;yes&quot;,&quot;pause_on_hover&quot;:&quot;yes&quot;,&quot;pause_on_interaction&quot;:&quot;yes&quot;,&quot;autoplay_speed&quot;:5000,&quot;infinite&quot;:&quot;yes&quot;,&quot;effect&quot;:&quot;slide&quot;,&quot;speed&quot;:500}\" data-widget_type=\"image-carousel.default\">\n\t\t\t\t<div class=\"elementor-widget-container\">\n\t\t\t\t\t\t\t<div class=\"elementor-image-carousel-wrapper swiper\" role=\"region\" aria-roledescription=\"carousel\" aria-label=\"Image Carousel\" dir=\"ltr\">\n\t\t\t<div class=\"elementor-image-carousel swiper-wrapper\" aria-live=\"off\">\n\t\t\t\t\t\t\t\t<div class=\"swiper-slide\" role=\"group\" aria-roledescription=\"slide\" aria-label=\"1 of 5\" data-no-translation-aria-label=\"\"><figure class=\"swiper-slide-inner\"><img decoding=\"async\" class=\"swiper-slide-image\" src=\"http:\/\/www.hagedorn-products.de\/wp-content\/uploads\/2019\/11\/belgium-3257837-1-768x512.jpg\" alt=\"belgium-3257837\" \/><\/figure><\/div><div class=\"swiper-slide\" role=\"group\" aria-roledescription=\"slide\" aria-label=\"2 of 5\" data-no-translation-aria-label=\"\"><figure class=\"swiper-slide-inner\"><img decoding=\"async\" class=\"swiper-slide-image\" src=\"http:\/\/www.hagedorn-products.de\/wp-content\/uploads\/2019\/11\/wind-power-190003-1-768x512.jpg\" alt=\"wind-power-190003 (1)\" \/><\/figure><\/div><div class=\"swiper-slide\" role=\"group\" aria-roledescription=\"slide\" aria-label=\"3 of 5\" data-no-translation-aria-label=\"\"><figure class=\"swiper-slide-inner\"><img decoding=\"async\" class=\"swiper-slide-image\" src=\"http:\/\/www.hagedorn-products.de\/wp-content\/uploads\/2019\/11\/spain-1350442-768x512.jpg\" alt=\"spain-1350442\" \/><\/figure><\/div><div class=\"swiper-slide\" role=\"group\" aria-roledescription=\"slide\" aria-label=\"4 of 5\" data-no-translation-aria-label=\"\"><figure class=\"swiper-slide-inner\"><img decoding=\"async\" class=\"swiper-slide-image\" src=\"http:\/\/www.hagedorn-products.de\/wp-content\/uploads\/2019\/11\/fittings-2784899_RZ-768x512.jpg\" alt=\"fittings-2784899_RZ\" \/><\/figure><\/div><div class=\"swiper-slide\" role=\"group\" aria-roledescription=\"slide\" aria-label=\"5 of 5\" data-no-translation-aria-label=\"\"><figure class=\"swiper-slide-inner\"><img decoding=\"async\" class=\"swiper-slide-image\" src=\"http:\/\/www.hagedorn-products.de\/wp-content\/uploads\/2019\/09\/building-chemical-condensation-2569839-768x512.jpg\" alt=\"building-chemical-condensation-2569839\" \/><\/figure><\/div>\t\t\t<\/div>\n\t\t\t\t\t\t\t\n\t\t\t\t\t\t\t\t\t<\/div>\n\t\t\t\t\t\t<\/div>\n\t\t\t\t<\/div>\n\t\t\t\t\t<\/div>\n\t\t<\/div>\n\t\t\t\t<div class=\"elementor-column elementor-col-33 elementor-inner-column elementor-element elementor-element-40d7893\" data-id=\"40d7893\" data-element_type=\"column\" data-e-type=\"column\">\n\t\t\t<div class=\"elementor-widget-wrap elementor-element-populated\">\n\t\t\t\t\t\t<div class=\"elementor-element elementor-element-6a32177 elementor-widget elementor-widget-image-carousel\" data-id=\"6a32177\" data-element_type=\"widget\" data-e-type=\"widget\" data-settings=\"{&quot;slides_to_show&quot;:&quot;1&quot;,&quot;navigation&quot;:&quot;none&quot;,&quot;autoplay&quot;:&quot;yes&quot;,&quot;pause_on_hover&quot;:&quot;yes&quot;,&quot;pause_on_interaction&quot;:&quot;yes&quot;,&quot;autoplay_speed&quot;:5000,&quot;infinite&quot;:&quot;yes&quot;,&quot;effect&quot;:&quot;slide&quot;,&quot;speed&quot;:500}\" data-widget_type=\"image-carousel.default\">\n\t\t\t\t<div class=\"elementor-widget-container\">\n\t\t\t\t\t\t\t<div class=\"elementor-image-carousel-wrapper swiper\" role=\"region\" aria-roledescription=\"carousel\" aria-label=\"Image Carousel\" dir=\"ltr\">\n\t\t\t<div class=\"elementor-image-carousel swiper-wrapper\" aria-live=\"off\">\n\t\t\t\t\t\t\t\t<div class=\"swiper-slide\" role=\"group\" aria-roledescription=\"slide\" aria-label=\"1 of 3\" data-no-translation-aria-label=\"\"><figure class=\"swiper-slide-inner\"><img decoding=\"async\" class=\"swiper-slide-image\" src=\"http:\/\/www.hagedorn-products.de\/wp-content\/uploads\/2019\/09\/architecture-clouds-drilling-rig-87236-768x512.jpg\" alt=\"architecture-clouds-drilling-rig-87236\" \/><\/figure><\/div><div class=\"swiper-slide\" role=\"group\" aria-roledescription=\"slide\" aria-label=\"2 of 3\" data-no-translation-aria-label=\"\"><figure class=\"swiper-slide-inner\"><img decoding=\"async\" class=\"swiper-slide-image\" src=\"http:\/\/www.hagedorn-products.de\/wp-content\/uploads\/2019\/11\/pinwheel-1317817_RZ-768x512.jpg\" alt=\"pinwheel-1317817_RZ\" \/><\/figure><\/div><div class=\"swiper-slide\" role=\"group\" aria-roledescription=\"slide\" aria-label=\"3 of 3\" data-no-translation-aria-label=\"\"><figure class=\"swiper-slide-inner\"><img decoding=\"async\" class=\"swiper-slide-image\" src=\"http:\/\/www.hagedorn-products.de\/wp-content\/uploads\/2019\/11\/rig-2251648_RZ-768x512.jpg\" alt=\"rig-2251648_RZ\" \/><\/figure><\/div>\t\t\t<\/div>\n\t\t\t\t\t\t\t\n\t\t\t\t\t\t\t\t\t<\/div>\n\t\t\t\t\t\t<\/div>\n\t\t\t\t<\/div>\n\t\t\t\t\t<\/div>\n\t\t<\/div>\n\t\t\t\t\t<\/div>\n\t\t<\/section>\n\t\t\t\t\t<\/div>\n\t\t<\/div>\n\t\t\t\t\t<\/div>\n\t\t<\/section>\n\t\t\t\t<section class=\"elementor-section elementor-top-section elementor-element elementor-element-5443e26 elementor-section-boxed elementor-section-height-default elementor-section-height-default\" data-id=\"5443e26\" data-element_type=\"section\" data-e-type=\"section\">\n\t\t\t\t\t\t<div class=\"elementor-container elementor-column-gap-default\">\n\t\t\t\t\t<div class=\"elementor-column elementor-col-100 elementor-top-column elementor-element elementor-element-6648cd1\" data-id=\"6648cd1\" data-element_type=\"column\" data-e-type=\"column\">\n\t\t\t<div class=\"elementor-widget-wrap elementor-element-populated\">\n\t\t\t\t\t\t<section class=\"elementor-section elementor-inner-section elementor-element elementor-element-093cc67 elementor-section-boxed elementor-section-height-default elementor-section-height-default\" data-id=\"093cc67\" data-element_type=\"section\" data-e-type=\"section\">\n\t\t\t\t\t\t<div class=\"elementor-container elementor-column-gap-default\">\n\t\t\t\t\t<div class=\"elementor-column elementor-col-33 elementor-inner-column elementor-element elementor-element-39c5b7c\" data-id=\"39c5b7c\" data-element_type=\"column\" data-e-type=\"column\">\n\t\t\t<div class=\"elementor-widget-wrap elementor-element-populated\">\n\t\t\t\t\t\t<div class=\"elementor-element elementor-element-f8bdc9f elementor-widget elementor-widget-heading\" data-id=\"f8bdc9f\" data-element_type=\"widget\" data-e-type=\"widget\" data-widget_type=\"heading.default\">\n\t\t\t\t<div class=\"elementor-widget-container\">\n\t\t\t\t\t<h4 class=\"elementor-heading-title elementor-size-default\">MARITIME<\/h4>\t\t\t\t<\/div>\n\t\t\t\t<\/div>\n\t\t\t\t<div class=\"elementor-element elementor-element-84e75a0 elementor-widget elementor-widget-text-editor\" data-id=\"84e75a0\" data-element_type=\"widget\" data-e-type=\"widget\" data-widget_type=\"text-editor.default\">\n\t\t\t\t<div class=\"elementor-widget-container\">\n\t\t\t\t\t\t\t\t\t<p>Spare Parts * Service * Systems<\/p>\t\t\t\t\t\t\t\t<\/div>\n\t\t\t\t<\/div>\n\t\t\t\t\t<\/div>\n\t\t<\/div>\n\t\t\t\t<div class=\"elementor-column elementor-col-33 elementor-inner-column elementor-element elementor-element-94696ab\" data-id=\"94696ab\" data-element_type=\"column\" data-e-type=\"column\">\n\t\t\t<div class=\"elementor-widget-wrap elementor-element-populated\">\n\t\t\t\t\t\t<div class=\"elementor-element elementor-element-090a6b8 elementor-widget elementor-widget-heading\" data-id=\"090a6b8\" data-element_type=\"widget\" data-e-type=\"widget\" data-widget_type=\"heading.default\">\n\t\t\t\t<div class=\"elementor-widget-container\">\n\t\t\t\t\t<h4 class=\"elementor-heading-title elementor-size-default\">INDUSTRY<\/h4>\t\t\t\t<\/div>\n\t\t\t\t<\/div>\n\t\t\t\t<div class=\"elementor-element elementor-element-74d1698 elementor-widget elementor-widget-text-editor\" data-id=\"74d1698\" data-element_type=\"widget\" data-e-type=\"widget\" data-widget_type=\"text-editor.default\">\n\t\t\t\t<div class=\"elementor-widget-container\">\n\t\t\t\t\t\t\t\t\t<p>Spare Parts * Service * Systems<\/p>\t\t\t\t\t\t\t\t<\/div>\n\t\t\t\t<\/div>\n\t\t\t\t\t<\/div>\n\t\t<\/div>\n\t\t\t\t<div class=\"elementor-column elementor-col-33 elementor-inner-column elementor-element elementor-element-813daad\" data-id=\"813daad\" data-element_type=\"column\" data-e-type=\"column\">\n\t\t\t<div class=\"elementor-widget-wrap elementor-element-populated\">\n\t\t\t\t\t\t<div class=\"elementor-element elementor-element-26d5fdd elementor-widget elementor-widget-heading\" data-id=\"26d5fdd\" data-element_type=\"widget\" data-e-type=\"widget\" data-widget_type=\"heading.default\">\n\t\t\t\t<div class=\"elementor-widget-container\">\n\t\t\t\t\t<h4 class=\"elementor-heading-title elementor-size-default\">OFFSHORE<\/h4>\t\t\t\t<\/div>\n\t\t\t\t<\/div>\n\t\t\t\t<div class=\"elementor-element elementor-element-8bc95f8 elementor-widget elementor-widget-text-editor\" data-id=\"8bc95f8\" data-element_type=\"widget\" data-e-type=\"widget\" data-widget_type=\"text-editor.default\">\n\t\t\t\t<div class=\"elementor-widget-container\">\n\t\t\t\t\t\t\t\t\t<p>Spare Parts * Service * Systems<\/p>\t\t\t\t\t\t\t\t<\/div>\n\t\t\t\t<\/div>\n\t\t\t\t\t<\/div>\n\t\t<\/div>\n\t\t\t\t\t<\/div>\n\t\t<\/section>\n\t\t\t\t\t<\/div>\n\t\t<\/div>\n\t\t\t\t\t<\/div>\n\t\t<\/section>\n\t\t\t\t<section class=\"elementor-section elementor-top-section elementor-element elementor-element-b8fd0f1 elementor-section-boxed elementor-section-height-default elementor-section-height-default\" data-id=\"b8fd0f1\" data-element_type=\"section\" data-e-type=\"section\">\n\t\t\t\t\t\t<div class=\"elementor-container elementor-column-gap-default\">\n\t\t\t\t\t<div class=\"elementor-column elementor-col-100 elementor-top-column elementor-element elementor-element-1249f34\" data-id=\"1249f34\" data-element_type=\"column\" data-e-type=\"column\">\n\t\t\t<div class=\"elementor-widget-wrap elementor-element-populated\">\n\t\t\t\t\t\t<div class=\"elementor-element elementor-element-a006201 elementor-widget elementor-widget-heading\" data-id=\"a006201\" data-element_type=\"widget\" data-e-type=\"widget\" data-widget_type=\"heading.default\">\n\t\t\t\t<div class=\"elementor-widget-container\">\n\t\t\t\t\t<h3 class=\"elementor-heading-title elementor-size-default\"><br>QUALITY * RELIABILITY * FLEXIBILITY * 24\/7 SERVICE<br><\/h3>\t\t\t\t<\/div>\n\t\t\t\t<\/div>\n\t\t\t\t\t<\/div>\n\t\t<\/div>\n\t\t\t\t\t<\/div>\n\t\t<\/section>\n\t\t\t\t<section class=\"elementor-section elementor-top-section elementor-element elementor-element-0602c8d elementor-section-boxed elementor-section-height-default elementor-section-height-default\" data-id=\"0602c8d\" data-element_type=\"section\" data-e-type=\"section\">\n\t\t\t\t\t\t<div class=\"elementor-container elementor-column-gap-default\">\n\t\t\t\t\t<div class=\"elementor-column elementor-col-100 elementor-top-column elementor-element elementor-element-c3e649b\" data-id=\"c3e649b\" data-element_type=\"column\" data-e-type=\"column\">\n\t\t\t<div class=\"elementor-widget-wrap elementor-element-populated\">\n\t\t\t\t\t\t<div class=\"elementor-element elementor-element-0d29a05 elementor-widget elementor-widget-spacer\" data-id=\"0d29a05\" data-element_type=\"widget\" data-e-type=\"widget\" data-widget_type=\"spacer.default\">\n\t\t\t\t<div class=\"elementor-widget-container\">\n\t\t\t\t\t\t\t<div class=\"elementor-spacer\">\n\t\t\t<div class=\"elementor-spacer-inner\"><\/div>\n\t\t<\/div>\n\t\t\t\t\t\t<\/div>\n\t\t\t\t<\/div>\n\t\t\t\t\t<\/div>\n\t\t<\/div>\n\t\t\t\t\t<\/div>\n\t\t<\/section>\n\t\t\t\t<\/div>","protected":false},"excerpt":{"rendered":"<p>WILLKOMMEN bei Ihrem Partner f\u00fcr MARITIME Ersatzteile * Service * Systeme INDUSTRIE Ersatzteile * Service * Systeme OFFSHORE Ersatzteile * Service * Systeme QUALIT\u00c4T * ZUVERL\u00c4SSIGKEIT * FLEXIBILIT\u00c4T * 24\/7 SERVICE<\/p>","protected":false},"author":1,"featured_media":0,"parent":0,"menu_order":1,"comment_status":"closed","ping_status":"closed","template":"elementor_header_footer","meta":{"footnotes":""},"class_list":["post-12","page","type-page","status-publish","hentry"],"yoast_head":"<!-- This site is optimized with the Yoast SEO plugin v27.2 - https:\/\/yoast.com\/product\/yoast-seo-wordpress\/ -->\n<title>Home - HAGEDORN Products &amp; Systems GmbH<\/title>\n<meta name=\"robots\" content=\"index, follow, max-snippet:-1, max-image-preview:large, max-video-preview:-1\" \/>\n<link rel=\"canonical\" href=\"https:\/\/www.hagedorn-products.de\/en\/\" \/>\n<meta property=\"og:locale\" content=\"en_US\" \/>\n<meta property=\"og:type\" content=\"article\" \/>\n<meta property=\"og:title\" content=\"Home - HAGEDORN Products &amp; Systems GmbH\" \/>\n<meta property=\"og:description\" content=\"WILLKOMMEN bei Ihrem Partner f\u00fcr MARITIME Ersatzteile * Service * Systeme INDUSTRIE Ersatzteile * Service * Systeme OFFSHORE Ersatzteile * Service * Systeme QUALIT\u00c4T * ZUVERL\u00c4SSIGKEIT * FLEXIBILIT\u00c4T * 24\/7 SERVICE\" \/>\n<meta property=\"og:url\" content=\"https:\/\/www.hagedorn-products.de\/en\/\" \/>\n<meta property=\"og:site_name\" content=\"HAGEDORN Products &amp; Systems GmbH\" \/>\n<meta property=\"article:modified_time\" content=\"2024-09-10T07:16:50+00:00\" \/>\n<meta property=\"og:image\" content=\"http:\/\/www.hagedorn-products.de\/wp-content\/uploads\/2019\/11\/cargo-449784-768x512.jpg\" \/>\n<meta name=\"twitter:card\" content=\"summary_large_image\" \/>\n<script type=\"application\/ld+json\" class=\"yoast-schema-graph\">{\"@context\":\"https:\/\/schema.org\",\"@graph\":[{\"@type\":\"WebPage\",\"@id\":\"https:\/\/www.hagedorn-products.de\/\",\"url\":\"https:\/\/www.hagedorn-products.de\/\",\"name\":\"Home - HAGEDORN Products &amp; Systems GmbH\",\"isPartOf\":{\"@id\":\"https:\/\/www.hagedorn-products.de\/#website\"},\"primaryImageOfPage\":{\"@id\":\"https:\/\/www.hagedorn-products.de\/#primaryimage\"},\"image\":{\"@id\":\"https:\/\/www.hagedorn-products.de\/#primaryimage\"},\"thumbnailUrl\":\"http:\/\/www.hagedorn-products.de\/wp-content\/uploads\/2019\/11\/cargo-449784-768x512.jpg\",\"datePublished\":\"2019-09-02T08:14:27+00:00\",\"dateModified\":\"2024-09-10T07:16:50+00:00\",\"breadcrumb\":{\"@id\":\"https:\/\/www.hagedorn-products.de\/#breadcrumb\"},\"inLanguage\":\"en-US\",\"potentialAction\":[{\"@type\":\"ReadAction\",\"target\":[\"https:\/\/www.hagedorn-products.de\/\"]}]},{\"@type\":\"ImageObject\",\"inLanguage\":\"en-US\",\"@id\":\"https:\/\/www.hagedorn-products.de\/#primaryimage\",\"url\":\"http:\/\/www.hagedorn-products.de\/wp-content\/uploads\/2019\/11\/cargo-449784-768x512.jpg\",\"contentUrl\":\"http:\/\/www.hagedorn-products.de\/wp-content\/uploads\/2019\/11\/cargo-449784-768x512.jpg\"},{\"@type\":\"BreadcrumbList\",\"@id\":\"https:\/\/www.hagedorn-products.de\/#breadcrumb\",\"itemListElement\":[{\"@type\":\"ListItem\",\"position\":1,\"name\":\"Startseite\",\"item\":\"https:\/\/www.hagedorn-products.de\/\"},{\"@type\":\"ListItem\",\"position\":2,\"name\":\"Home\"}]},{\"@type\":\"WebSite\",\"@id\":\"https:\/\/www.hagedorn-products.de\/#website\",\"url\":\"https:\/\/www.hagedorn-products.de\/\",\"name\":\"HAGEDORN Products & Systems GmbH\",\"description\":\"\",\"potentialAction\":[{\"@type\":\"SearchAction\",\"target\":{\"@type\":\"EntryPoint\",\"urlTemplate\":\"https:\/\/www.hagedorn-products.de\/?s={search_term_string}\"},\"query-input\":{\"@type\":\"PropertyValueSpecification\",\"valueRequired\":true,\"valueName\":\"search_term_string\"}}],\"inLanguage\":\"en-US\"}]}<\/script>\n<!-- \/ Yoast SEO plugin. -->","yoast_head_json":{"title":"Home - HAGEDORN Products &amp; Systems GmbH","robots":{"index":"index","follow":"follow","max-snippet":"max-snippet:-1","max-image-preview":"max-image-preview:large","max-video-preview":"max-video-preview:-1"},"canonical":"https:\/\/www.hagedorn-products.de\/en\/","og_locale":"en_US","og_type":"article","og_title":"Home - HAGEDORN Products &amp; Systems GmbH","og_description":"WILLKOMMEN bei Ihrem Partner f\u00fcr MARITIME Ersatzteile * Service * Systeme INDUSTRIE Ersatzteile * Service * Systeme OFFSHORE Ersatzteile * Service * Systeme QUALIT\u00c4T * ZUVERL\u00c4SSIGKEIT * FLEXIBILIT\u00c4T * 24\/7 SERVICE","og_url":"https:\/\/www.hagedorn-products.de\/en\/","og_site_name":"HAGEDORN Products &amp; Systems GmbH","article_modified_time":"2024-09-10T07:16:50+00:00","og_image":[{"url":"http:\/\/www.hagedorn-products.de\/wp-content\/uploads\/2019\/11\/cargo-449784-768x512.jpg","type":"","width":"","height":""}],"twitter_card":"summary_large_image","schema":{"@context":"https:\/\/schema.org","@graph":[{"@type":"WebPage","@id":"https:\/\/www.hagedorn-products.de\/","url":"https:\/\/www.hagedorn-products.de\/","name":"Home - HAGEDORN Products &amp; Systems GmbH","isPartOf":{"@id":"https:\/\/www.hagedorn-products.de\/#website"},"primaryImageOfPage":{"@id":"https:\/\/www.hagedorn-products.de\/#primaryimage"},"image":{"@id":"https:\/\/www.hagedorn-products.de\/#primaryimage"},"thumbnailUrl":"http:\/\/www.hagedorn-products.de\/wp-content\/uploads\/2019\/11\/cargo-449784-768x512.jpg","datePublished":"2019-09-02T08:14:27+00:00","dateModified":"2024-09-10T07:16:50+00:00","breadcrumb":{"@id":"https:\/\/www.hagedorn-products.de\/#breadcrumb"},"inLanguage":"en-US","potentialAction":[{"@type":"ReadAction","target":["https:\/\/www.hagedorn-products.de\/"]}]},{"@type":"ImageObject","inLanguage":"en-US","@id":"https:\/\/www.hagedorn-products.de\/#primaryimage","url":"http:\/\/www.hagedorn-products.de\/wp-content\/uploads\/2019\/11\/cargo-449784-768x512.jpg","contentUrl":"http:\/\/www.hagedorn-products.de\/wp-content\/uploads\/2019\/11\/cargo-449784-768x512.jpg"},{"@type":"BreadcrumbList","@id":"https:\/\/www.hagedorn-products.de\/#breadcrumb","itemListElement":[{"@type":"ListItem","position":1,"name":"Startseite","item":"https:\/\/www.hagedorn-products.de\/"},{"@type":"ListItem","position":2,"name":"Home"}]},{"@type":"WebSite","@id":"https:\/\/www.hagedorn-products.de\/#website","url":"https:\/\/www.hagedorn-products.de\/","name":"HAGEDORN Products & Systems GmbH","description":"","potentialAction":[{"@type":"SearchAction","target":{"@type":"EntryPoint","urlTemplate":"https:\/\/www.hagedorn-products.de\/?s={search_term_string}"},"query-input":{"@type":"PropertyValueSpecification","valueRequired":true,"valueName":"search_term_string"}}],"inLanguage":"en-US"}]}},"_links":{"self":[{"href":"https:\/\/www.hagedorn-products.de\/en\/wp-json\/wp\/v2\/pages\/12","targetHints":{"allow":["GET"]}}],"collection":[{"href":"https:\/\/www.hagedorn-products.de\/en\/wp-json\/wp\/v2\/pages"}],"about":[{"href":"https:\/\/www.hagedorn-products.de\/en\/wp-json\/wp\/v2\/types\/page"}],"author":[{"embeddable":true,"href":"https:\/\/www.hagedorn-products.de\/en\/wp-json\/wp\/v2\/users\/1"}],"replies":[{"embeddable":true,"href":"https:\/\/www.hagedorn-products.de\/en\/wp-json\/wp\/v2\/comments?post=12"}],"version-history":[{"count":92,"href":"https:\/\/www.hagedorn-products.de\/en\/wp-json\/wp\/v2\/pages\/12\/revisions"}],"predecessor-version":[{"id":2407,"href":"https:\/\/www.hagedorn-products.de\/en\/wp-json\/wp\/v2\/pages\/12\/revisions\/2407"}],"wp:attachment":[{"href":"https:\/\/www.hagedorn-products.de\/en\/wp-json\/wp\/v2\/media?parent=12"}],"curies":[{"name":"wp","href":"https:\/\/api.w.org\/{rel}","templated":true}]}}