{"id":1049,"date":"2021-03-25T13:25:45","date_gmt":"2021-03-25T13:25:45","guid":{"rendered":"http:\/\/www.hagedorn-products.de\/?page_id=1049"},"modified":"2021-03-26T11:34:15","modified_gmt":"2021-03-26T11:34:15","slug":"verbrennungsanlagen","status":"publish","type":"page","link":"https:\/\/www.hagedorn-products.de\/en\/verbrennungsanlagen\/","title":{"rendered":"Marine Incinerators"},"content":{"rendered":"<div data-elementor-type=\"wp-post\" data-elementor-id=\"1049\" class=\"elementor elementor-1049\">\n\t\t\t\t\t\t<section class=\"elementor-section elementor-top-section elementor-element elementor-element-ba603f1 elementor-section-stretched elementor-section-full_width elementor-section-height-default elementor-section-height-default\" data-id=\"ba603f1\" data-element_type=\"section\" data-e-type=\"section\" data-settings=\"{&quot;stretch_section&quot;:&quot;section-stretched&quot;}\">\n\t\t\t\t\t\t<div class=\"elementor-container elementor-column-gap-default\">\n\t\t\t\t\t<div class=\"elementor-column elementor-col-100 elementor-top-column elementor-element elementor-element-bff98c3\" data-id=\"bff98c3\" data-element_type=\"column\" data-e-type=\"column\">\n\t\t\t<div class=\"elementor-widget-wrap elementor-element-populated\">\n\t\t\t\t\t\t<div class=\"elementor-element elementor-element-443a37d elementor-widget elementor-widget-heading\" data-id=\"443a37d\" data-element_type=\"widget\" data-e-type=\"widget\" data-widget_type=\"heading.default\">\n\t\t\t\t<div class=\"elementor-widget-container\">\n\t\t\t\t\t<h2 class=\"elementor-heading-title elementor-size-default\">Marine Incinerators<\/h2>\t\t\t\t<\/div>\n\t\t\t\t<\/div>\n\t\t\t\t<section class=\"elementor-section elementor-inner-section elementor-element elementor-element-2df7485 elementor-section-full_width elementor-section-height-default elementor-section-height-default\" data-id=\"2df7485\" data-element_type=\"section\" data-e-type=\"section\">\n\t\t\t\t\t\t<div class=\"elementor-container elementor-column-gap-default\">\n\t\t\t\t\t<div class=\"elementor-column elementor-col-50 elementor-inner-column elementor-element elementor-element-a52cf04\" data-id=\"a52cf04\" data-element_type=\"column\" data-e-type=\"column\">\n\t\t\t<div class=\"elementor-widget-wrap elementor-element-populated\">\n\t\t\t\t\t\t<div class=\"elementor-element elementor-element-4ff6f82 elementor-widget elementor-widget-text-editor\" data-id=\"4ff6f82\" data-element_type=\"widget\" data-e-type=\"widget\" data-widget_type=\"text-editor.default\">\n\t\t\t\t<div class=\"elementor-widget-container\">\n\t\t\t\t\t\t\t\t\t<p>Marine incinerators are used to to get rid of solid and\/or sludge waste generated on board as an environmentally friendly approach, whereas complying with the latest IMO regulations<\/p><p>With more than 30 years of experience in burnable waste management systems for marine applications, turn-key solutions for in-land facilities and offshore industries, Detegasa has become one of the most trusted and leading suppliers of shipboard marine incinerator.<\/p><p>There are also put special efforts during designing stage to reduce the space of its marine incinerator, knowing of the special space constraints faced in the shipbuilding industry.<\/p><p>The Delta Marine Incinerator has been upgraded to the latest technology, meeting the strictest requirements, in compliance with IMO MEPC 76(40) and amendments IMO MEPC 93(45), IMO MEPC 244(66), for burning sludge and burnable solid waste. In that sense, Detegasa\u2019s Marine Incinerator has also been type approved by the ABS on behalf of the UK and the Russian Maritime Register of Shipping.<\/p>\t\t\t\t\t\t\t\t<\/div>\n\t\t\t\t<\/div>\n\t\t\t\t\t<\/div>\n\t\t<\/div>\n\t\t\t\t<div class=\"elementor-column elementor-col-50 elementor-inner-column elementor-element elementor-element-2136ee5\" data-id=\"2136ee5\" data-element_type=\"column\" data-e-type=\"column\">\n\t\t\t<div class=\"elementor-widget-wrap elementor-element-populated\">\n\t\t\t\t\t\t<div class=\"elementor-element elementor-element-ffaef65 elementor-widget elementor-widget-image\" data-id=\"ffaef65\" data-element_type=\"widget\" data-e-type=\"widget\" data-widget_type=\"image.default\">\n\t\t\t\t<div class=\"elementor-widget-container\">\n\t\t\t\t\t\t\t\t\t\t\t\t\t\t\t<img fetchpriority=\"high\" decoding=\"async\" width=\"424\" height=\"381\" src=\"http:\/\/www.hagedorn-products.de\/wp-content\/uploads\/2021\/03\/MI-1.png\" class=\"attachment-large size-large wp-image-1068\" alt=\"\" srcset=\"http:\/\/www.hagedorn-products.de\/wp-content\/uploads\/2021\/03\/MI-1.png 424w, http:\/\/www.hagedorn-products.de\/wp-content\/uploads\/2021\/03\/MI-1-300x270.png 300w\" sizes=\"(max-width: 424px) 100vw, 424px\" \/>\t\t\t\t\t\t\t\t\t\t\t\t\t\t\t<\/div>\n\t\t\t\t<\/div>\n\t\t\t\t\t<\/div>\n\t\t<\/div>\n\t\t\t\t\t<\/div>\n\t\t<\/section>\n\t\t\t\t\t<\/div>\n\t\t<\/div>\n\t\t\t\t\t<\/div>\n\t\t<\/section>\n\t\t\t\t<section class=\"elementor-section elementor-top-section elementor-element elementor-element-e97d26f elementor-section-stretched elementor-section-full_width elementor-section-height-default elementor-section-height-default\" data-id=\"e97d26f\" data-element_type=\"section\" data-e-type=\"section\" data-settings=\"{&quot;stretch_section&quot;:&quot;section-stretched&quot;}\">\n\t\t\t\t\t\t<div class=\"elementor-container elementor-column-gap-default\">\n\t\t\t\t\t<div class=\"elementor-column elementor-col-100 elementor-top-column elementor-element elementor-element-01347b5\" data-id=\"01347b5\" data-element_type=\"column\" data-e-type=\"column\">\n\t\t\t<div class=\"elementor-widget-wrap elementor-element-populated\">\n\t\t\t\t\t\t<section class=\"elementor-section elementor-inner-section elementor-element elementor-element-840c0ad elementor-section-full_width elementor-section-height-default elementor-section-height-default\" data-id=\"840c0ad\" data-element_type=\"section\" data-e-type=\"section\">\n\t\t\t\t\t\t<div class=\"elementor-container elementor-column-gap-default\">\n\t\t\t\t\t<div class=\"elementor-column elementor-col-50 elementor-inner-column elementor-element elementor-element-7029066\" data-id=\"7029066\" data-element_type=\"column\" data-e-type=\"column\">\n\t\t\t<div class=\"elementor-widget-wrap elementor-element-populated\">\n\t\t\t\t\t\t<div class=\"elementor-element elementor-element-5be83a9 elementor-widget elementor-widget-image\" data-id=\"5be83a9\" data-element_type=\"widget\" data-e-type=\"widget\" data-widget_type=\"image.default\">\n\t\t\t\t<div class=\"elementor-widget-container\">\n\t\t\t\t\t\t\t\t\t\t\t\t\t\t\t<img decoding=\"async\" width=\"790\" height=\"275\" src=\"http:\/\/www.hagedorn-products.de\/wp-content\/uploads\/2021\/03\/MI-2.png\" class=\"attachment-large size-large wp-image-1069\" alt=\"\" srcset=\"http:\/\/www.hagedorn-products.de\/wp-content\/uploads\/2021\/03\/MI-2.png 790w, http:\/\/www.hagedorn-products.de\/wp-content\/uploads\/2021\/03\/MI-2-300x104.png 300w, http:\/\/www.hagedorn-products.de\/wp-content\/uploads\/2021\/03\/MI-2-768x267.png 768w\" sizes=\"(max-width: 790px) 100vw, 790px\" \/>\t\t\t\t\t\t\t\t\t\t\t\t\t\t\t<\/div>\n\t\t\t\t<\/div>\n\t\t\t\t<div class=\"elementor-element elementor-element-c9d4320 elementor-widget elementor-widget-spacer\" data-id=\"c9d4320\" data-element_type=\"widget\" data-e-type=\"widget\" data-widget_type=\"spacer.default\">\n\t\t\t\t<div class=\"elementor-widget-container\">\n\t\t\t\t\t\t\t<div class=\"elementor-spacer\">\n\t\t\t<div class=\"elementor-spacer-inner\"><\/div>\n\t\t<\/div>\n\t\t\t\t\t\t<\/div>\n\t\t\t\t<\/div>\n\t\t\t\t<div class=\"elementor-element elementor-element-11ffb5d elementor-widget elementor-widget-image\" data-id=\"11ffb5d\" data-element_type=\"widget\" data-e-type=\"widget\" data-widget_type=\"image.default\">\n\t\t\t\t<div class=\"elementor-widget-container\">\n\t\t\t\t\t\t\t\t\t\t\t\t\t\t\t<img decoding=\"async\" width=\"545\" height=\"103\" src=\"http:\/\/www.hagedorn-products.de\/wp-content\/uploads\/2021\/03\/MI-3.png\" class=\"attachment-large size-large wp-image-1070\" alt=\"\" srcset=\"http:\/\/www.hagedorn-products.de\/wp-content\/uploads\/2021\/03\/MI-3.png 545w, http:\/\/www.hagedorn-products.de\/wp-content\/uploads\/2021\/03\/MI-3-300x57.png 300w\" sizes=\"(max-width: 545px) 100vw, 545px\" \/>\t\t\t\t\t\t\t\t\t\t\t\t\t\t\t<\/div>\n\t\t\t\t<\/div>\n\t\t\t\t\t<\/div>\n\t\t<\/div>\n\t\t\t\t<div class=\"elementor-column elementor-col-50 elementor-inner-column elementor-element elementor-element-fbe0709\" data-id=\"fbe0709\" data-element_type=\"column\" data-e-type=\"column\">\n\t\t\t<div class=\"elementor-widget-wrap elementor-element-populated\">\n\t\t\t\t\t\t<div class=\"elementor-element elementor-element-8d16c3d elementor-widget elementor-widget-heading\" data-id=\"8d16c3d\" data-element_type=\"widget\" data-e-type=\"widget\" data-widget_type=\"heading.default\">\n\t\t\t\t<div class=\"elementor-widget-container\">\n\t\t\t\t\t<h2 class=\"elementor-heading-title elementor-size-large\">Main features and advantages<\/h2>\t\t\t\t<\/div>\n\t\t\t\t<\/div>\n\t\t\t\t<div class=\"elementor-element elementor-element-9dd4f42 elementor-widget elementor-widget-text-editor\" data-id=\"9dd4f42\" data-element_type=\"widget\" data-e-type=\"widget\" data-widget_type=\"text-editor.default\">\n\t\t\t\t<div class=\"elementor-widget-container\">\n\t\t\t\t\t\t\t\t\t<p>- Wide range of capacities from 100.000 to 1.000.000 kcal\/hr<\/p><p>- Non-flareback sluice for solids<\/p><p>- Waste continuous feeding available<\/p><p>- Solid waste and sludge can be burned simultaneously<\/p><p>- Low Diesel Oil consumption<\/p><p>- User friendly PLC Touch Screen Monitor available in several languages<\/p><p>- Fully automatic control<\/p><p>- Easy installation<\/p><p>- Minimum maintenance<\/p><p>- Reliability and simplicity in operation<\/p>\t\t\t\t\t\t\t\t<\/div>\n\t\t\t\t<\/div>\n\t\t\t\t\t<\/div>\n\t\t<\/div>\n\t\t\t\t\t<\/div>\n\t\t<\/section>\n\t\t\t\t\t<\/div>\n\t\t<\/div>\n\t\t\t\t\t<\/div>\n\t\t<\/section>\n\t\t\t\t<\/div>","protected":false},"excerpt":{"rendered":"<p>Verbrennungsanlagen Schiffsverbrennungsanlagen werden verwendet, um feste und \/ oder Schlammabf\u00e4lle, die an Bord anfallen, als umweltfreundlichen Ansatz zu beseitigen und dabei die neuesten IMO-Vorschriften einzuhalten. Mit mehr als 30 Jahren Erfahrung in der Entsorgung brennbarer Abf\u00e4lle f\u00fcr Schiffsanwendungen, schl\u00fcsselfertigen L\u00f6sungen f\u00fcr Inlandanlagen und Offshore-Industrien hat sich Detegasa zu einem der vertrauensw\u00fcrdigsten und f\u00fchrenden Anbieter von [&hellip;]<\/p>\n","protected":false},"author":1,"featured_media":0,"parent":0,"menu_order":0,"comment_status":"closed","ping_status":"closed","template":"elementor_header_footer","meta":{"footnotes":""},"class_list":["post-1049","page","type-page","status-publish","hentry"],"yoast_head":"<!-- This site is optimized with the Yoast SEO plugin v27.2 - https:\/\/yoast.com\/product\/yoast-seo-wordpress\/ -->\n<title>Verbrennungsanlagen - HAGEDORN Products &amp; Systems GmbH<\/title>\n<meta name=\"robots\" content=\"index, follow, max-snippet:-1, max-image-preview:large, max-video-preview:-1\" \/>\n<link rel=\"canonical\" href=\"http:\/\/www.hagedorn-products.de\/en\/verbrennungsanlagen\/\" \/>\n<meta property=\"og:locale\" content=\"en_US\" \/>\n<meta property=\"og:type\" content=\"article\" \/>\n<meta property=\"og:title\" content=\"Verbrennungsanlagen - HAGEDORN Products &amp; Systems GmbH\" \/>\n<meta property=\"og:description\" content=\"Verbrennungsanlagen Schiffsverbrennungsanlagen werden verwendet, um feste und \/ oder Schlammabf\u00e4lle, die an Bord anfallen, als umweltfreundlichen Ansatz zu beseitigen und dabei die neuesten IMO-Vorschriften einzuhalten. Mit mehr als 30 Jahren Erfahrung in der Entsorgung brennbarer Abf\u00e4lle f\u00fcr Schiffsanwendungen, schl\u00fcsselfertigen L\u00f6sungen f\u00fcr Inlandanlagen und Offshore-Industrien hat sich Detegasa zu einem der vertrauensw\u00fcrdigsten und f\u00fchrenden Anbieter von [&hellip;]\" \/>\n<meta property=\"og:url\" content=\"http:\/\/www.hagedorn-products.de\/en\/verbrennungsanlagen\/\" \/>\n<meta property=\"og:site_name\" content=\"HAGEDORN Products &amp; Systems GmbH\" \/>\n<meta property=\"article:modified_time\" content=\"2021-03-26T11:34:15+00:00\" \/>\n<meta property=\"og:image\" content=\"http:\/\/www.hagedorn-products.de\/wp-content\/uploads\/2021\/03\/MI-1.png\" \/>\n<meta name=\"twitter:card\" content=\"summary_large_image\" \/>\n<meta name=\"twitter:label1\" content=\"Est. reading time\" \/>\n\t<meta name=\"twitter:data1\" content=\"1 minute\" \/>\n<script type=\"application\/ld+json\" class=\"yoast-schema-graph\">{\"@context\":\"https:\/\/schema.org\",\"@graph\":[{\"@type\":\"WebPage\",\"@id\":\"http:\/\/www.hagedorn-products.de\/verbrennungsanlagen\/\",\"url\":\"http:\/\/www.hagedorn-products.de\/verbrennungsanlagen\/\",\"name\":\"Verbrennungsanlagen - HAGEDORN Products &amp; Systems GmbH\",\"isPartOf\":{\"@id\":\"https:\/\/www.hagedorn-products.de\/#website\"},\"primaryImageOfPage\":{\"@id\":\"http:\/\/www.hagedorn-products.de\/verbrennungsanlagen\/#primaryimage\"},\"image\":{\"@id\":\"http:\/\/www.hagedorn-products.de\/verbrennungsanlagen\/#primaryimage\"},\"thumbnailUrl\":\"http:\/\/www.hagedorn-products.de\/wp-content\/uploads\/2021\/03\/MI-1.png\",\"datePublished\":\"2021-03-25T13:25:45+00:00\",\"dateModified\":\"2021-03-26T11:34:15+00:00\",\"breadcrumb\":{\"@id\":\"http:\/\/www.hagedorn-products.de\/verbrennungsanlagen\/#breadcrumb\"},\"inLanguage\":\"en-US\",\"potentialAction\":[{\"@type\":\"ReadAction\",\"target\":[\"http:\/\/www.hagedorn-products.de\/verbrennungsanlagen\/\"]}]},{\"@type\":\"ImageObject\",\"inLanguage\":\"en-US\",\"@id\":\"http:\/\/www.hagedorn-products.de\/verbrennungsanlagen\/#primaryimage\",\"url\":\"http:\/\/www.hagedorn-products.de\/wp-content\/uploads\/2021\/03\/MI-1.png\",\"contentUrl\":\"http:\/\/www.hagedorn-products.de\/wp-content\/uploads\/2021\/03\/MI-1.png\"},{\"@type\":\"BreadcrumbList\",\"@id\":\"http:\/\/www.hagedorn-products.de\/verbrennungsanlagen\/#breadcrumb\",\"itemListElement\":[{\"@type\":\"ListItem\",\"position\":1,\"name\":\"Startseite\",\"item\":\"https:\/\/www.hagedorn-products.de\/\"},{\"@type\":\"ListItem\",\"position\":2,\"name\":\"Verbrennungsanlagen\"}]},{\"@type\":\"WebSite\",\"@id\":\"https:\/\/www.hagedorn-products.de\/#website\",\"url\":\"https:\/\/www.hagedorn-products.de\/\",\"name\":\"HAGEDORN Products & Systems GmbH\",\"description\":\"\",\"potentialAction\":[{\"@type\":\"SearchAction\",\"target\":{\"@type\":\"EntryPoint\",\"urlTemplate\":\"https:\/\/www.hagedorn-products.de\/?s={search_term_string}\"},\"query-input\":{\"@type\":\"PropertyValueSpecification\",\"valueRequired\":true,\"valueName\":\"search_term_string\"}}],\"inLanguage\":\"en-US\"}]}<\/script>\n<!-- \/ Yoast SEO plugin. -->","yoast_head_json":{"title":"Verbrennungsanlagen - HAGEDORN Products &amp; Systems GmbH","robots":{"index":"index","follow":"follow","max-snippet":"max-snippet:-1","max-image-preview":"max-image-preview:large","max-video-preview":"max-video-preview:-1"},"canonical":"http:\/\/www.hagedorn-products.de\/en\/verbrennungsanlagen\/","og_locale":"en_US","og_type":"article","og_title":"Verbrennungsanlagen - HAGEDORN Products &amp; Systems GmbH","og_description":"Verbrennungsanlagen Schiffsverbrennungsanlagen werden verwendet, um feste und \/ oder Schlammabf\u00e4lle, die an Bord anfallen, als umweltfreundlichen Ansatz zu beseitigen und dabei die neuesten IMO-Vorschriften einzuhalten. Mit mehr als 30 Jahren Erfahrung in der Entsorgung brennbarer Abf\u00e4lle f\u00fcr Schiffsanwendungen, schl\u00fcsselfertigen L\u00f6sungen f\u00fcr Inlandanlagen und Offshore-Industrien hat sich Detegasa zu einem der vertrauensw\u00fcrdigsten und f\u00fchrenden Anbieter von [&hellip;]","og_url":"http:\/\/www.hagedorn-products.de\/en\/verbrennungsanlagen\/","og_site_name":"HAGEDORN Products &amp; Systems GmbH","article_modified_time":"2021-03-26T11:34:15+00:00","og_image":[{"url":"http:\/\/www.hagedorn-products.de\/wp-content\/uploads\/2021\/03\/MI-1.png","type":"","width":"","height":""}],"twitter_card":"summary_large_image","twitter_misc":{"Est. reading time":"1 minute"},"schema":{"@context":"https:\/\/schema.org","@graph":[{"@type":"WebPage","@id":"http:\/\/www.hagedorn-products.de\/verbrennungsanlagen\/","url":"http:\/\/www.hagedorn-products.de\/verbrennungsanlagen\/","name":"Verbrennungsanlagen - HAGEDORN Products &amp; Systems GmbH","isPartOf":{"@id":"https:\/\/www.hagedorn-products.de\/#website"},"primaryImageOfPage":{"@id":"http:\/\/www.hagedorn-products.de\/verbrennungsanlagen\/#primaryimage"},"image":{"@id":"http:\/\/www.hagedorn-products.de\/verbrennungsanlagen\/#primaryimage"},"thumbnailUrl":"http:\/\/www.hagedorn-products.de\/wp-content\/uploads\/2021\/03\/MI-1.png","datePublished":"2021-03-25T13:25:45+00:00","dateModified":"2021-03-26T11:34:15+00:00","breadcrumb":{"@id":"http:\/\/www.hagedorn-products.de\/verbrennungsanlagen\/#breadcrumb"},"inLanguage":"en-US","potentialAction":[{"@type":"ReadAction","target":["http:\/\/www.hagedorn-products.de\/verbrennungsanlagen\/"]}]},{"@type":"ImageObject","inLanguage":"en-US","@id":"http:\/\/www.hagedorn-products.de\/verbrennungsanlagen\/#primaryimage","url":"http:\/\/www.hagedorn-products.de\/wp-content\/uploads\/2021\/03\/MI-1.png","contentUrl":"http:\/\/www.hagedorn-products.de\/wp-content\/uploads\/2021\/03\/MI-1.png"},{"@type":"BreadcrumbList","@id":"http:\/\/www.hagedorn-products.de\/verbrennungsanlagen\/#breadcrumb","itemListElement":[{"@type":"ListItem","position":1,"name":"Startseite","item":"https:\/\/www.hagedorn-products.de\/"},{"@type":"ListItem","position":2,"name":"Verbrennungsanlagen"}]},{"@type":"WebSite","@id":"https:\/\/www.hagedorn-products.de\/#website","url":"https:\/\/www.hagedorn-products.de\/","name":"HAGEDORN Products & Systems GmbH","description":"","potentialAction":[{"@type":"SearchAction","target":{"@type":"EntryPoint","urlTemplate":"https:\/\/www.hagedorn-products.de\/?s={search_term_string}"},"query-input":{"@type":"PropertyValueSpecification","valueRequired":true,"valueName":"search_term_string"}}],"inLanguage":"en-US"}]}},"_links":{"self":[{"href":"https:\/\/www.hagedorn-products.de\/en\/wp-json\/wp\/v2\/pages\/1049","targetHints":{"allow":["GET"]}}],"collection":[{"href":"https:\/\/www.hagedorn-products.de\/en\/wp-json\/wp\/v2\/pages"}],"about":[{"href":"https:\/\/www.hagedorn-products.de\/en\/wp-json\/wp\/v2\/types\/page"}],"author":[{"embeddable":true,"href":"https:\/\/www.hagedorn-products.de\/en\/wp-json\/wp\/v2\/users\/1"}],"replies":[{"embeddable":true,"href":"https:\/\/www.hagedorn-products.de\/en\/wp-json\/wp\/v2\/comments?post=1049"}],"version-history":[{"count":3,"href":"https:\/\/www.hagedorn-products.de\/en\/wp-json\/wp\/v2\/pages\/1049\/revisions"}],"predecessor-version":[{"id":1075,"href":"https:\/\/www.hagedorn-products.de\/en\/wp-json\/wp\/v2\/pages\/1049\/revisions\/1075"}],"wp:attachment":[{"href":"https:\/\/www.hagedorn-products.de\/en\/wp-json\/wp\/v2\/media?parent=1049"}],"curies":[{"name":"wp","href":"https:\/\/api.w.org\/{rel}","templated":true}]}}