{"id":1045,"date":"2021-03-25T13:08:58","date_gmt":"2021-03-25T13:08:58","guid":{"rendered":"http:\/\/www.hagedorn-products.de\/?page_id=1045"},"modified":"2021-03-25T15:21:45","modified_gmt":"2021-03-25T15:21:45","slug":"oelabscheider","status":"publish","type":"page","link":"https:\/\/www.hagedorn-products.de\/en\/oelabscheider\/","title":{"rendered":"Oily water separators"},"content":{"rendered":"<div data-elementor-type=\"wp-post\" data-elementor-id=\"1045\" class=\"elementor elementor-1045\">\n\t\t\t\t\t\t<section class=\"elementor-section elementor-top-section elementor-element elementor-element-59be90a elementor-section-stretched elementor-section-full_width elementor-section-height-default elementor-section-height-default\" data-id=\"59be90a\" data-element_type=\"section\" data-e-type=\"section\" data-settings=\"{&quot;stretch_section&quot;:&quot;section-stretched&quot;}\">\n\t\t\t\t\t\t<div class=\"elementor-container elementor-column-gap-default\">\n\t\t\t\t\t<div class=\"elementor-column elementor-col-100 elementor-top-column elementor-element elementor-element-f03ae56\" data-id=\"f03ae56\" data-element_type=\"column\" data-e-type=\"column\">\n\t\t\t<div class=\"elementor-widget-wrap elementor-element-populated\">\n\t\t\t\t\t\t<div class=\"elementor-element elementor-element-70e34e9 elementor-widget elementor-widget-heading\" data-id=\"70e34e9\" data-element_type=\"widget\" data-e-type=\"widget\" data-widget_type=\"heading.default\">\n\t\t\t\t<div class=\"elementor-widget-container\">\n\t\t\t\t\t<h2 class=\"elementor-heading-title elementor-size-default\">Oily water separators<\/h2>\t\t\t\t<\/div>\n\t\t\t\t<\/div>\n\t\t\t\t<section class=\"elementor-section elementor-inner-section elementor-element elementor-element-7ddcf7a elementor-section-full_width elementor-section-height-default elementor-section-height-default\" data-id=\"7ddcf7a\" data-element_type=\"section\" data-e-type=\"section\">\n\t\t\t\t\t\t<div class=\"elementor-container elementor-column-gap-default\">\n\t\t\t\t\t<div class=\"elementor-column elementor-col-50 elementor-inner-column elementor-element elementor-element-d3bc003\" data-id=\"d3bc003\" data-element_type=\"column\" data-e-type=\"column\">\n\t\t\t<div class=\"elementor-widget-wrap elementor-element-populated\">\n\t\t\t\t\t\t<div class=\"elementor-element elementor-element-de42a88 elementor-widget elementor-widget-text-editor\" data-id=\"de42a88\" data-element_type=\"widget\" data-e-type=\"widget\" data-widget_type=\"text-editor.default\">\n\t\t\t\t<div class=\"elementor-widget-container\">\n\t\t\t\t\t\t\t\t\t<p>Oily water separators are used to separate the hydrocarbons from oily water coming from the bilge of a ship and deliver a cleaner effluent that can be discharged overboard according to IMO MEPC 107(49) regulation.<\/p><p>The Detegasa OWSAN series has been designed to assure an excellent performance while matching even the strictest conditions. It uses a coalescent filter in the first stage to separate the hydrocarbons by gravity. In the second stage there is an adsorption filter which acts as emulsion breaker.<\/p><p>The spare parts replacement and maintenance needs are minimum and the complete OWSAN series was granted the DNV Clean Design 5ppm type approval certificate to always be compliant with present and future regulations.<\/p>\t\t\t\t\t\t\t\t<\/div>\n\t\t\t\t<\/div>\n\t\t\t\t\t<\/div>\n\t\t<\/div>\n\t\t\t\t<div class=\"elementor-column elementor-col-50 elementor-inner-column elementor-element elementor-element-77e7ee2\" data-id=\"77e7ee2\" data-element_type=\"column\" data-e-type=\"column\">\n\t\t\t<div class=\"elementor-widget-wrap elementor-element-populated\">\n\t\t\t\t\t\t<div class=\"elementor-element elementor-element-eaa4456 elementor-widget elementor-widget-image\" data-id=\"eaa4456\" data-element_type=\"widget\" data-e-type=\"widget\" data-widget_type=\"image.default\">\n\t\t\t\t<div class=\"elementor-widget-container\">\n\t\t\t\t\t\t\t\t\t\t\t\t\t\t\t<img fetchpriority=\"high\" decoding=\"async\" width=\"427\" height=\"471\" src=\"http:\/\/www.hagedorn-products.de\/wp-content\/uploads\/2021\/03\/OWS-1.png\" class=\"attachment-large size-large wp-image-1056\" alt=\"\" srcset=\"http:\/\/www.hagedorn-products.de\/wp-content\/uploads\/2021\/03\/OWS-1.png 427w, http:\/\/www.hagedorn-products.de\/wp-content\/uploads\/2021\/03\/OWS-1-272x300.png 272w\" sizes=\"(max-width: 427px) 100vw, 427px\" \/>\t\t\t\t\t\t\t\t\t\t\t\t\t\t\t<\/div>\n\t\t\t\t<\/div>\n\t\t\t\t\t<\/div>\n\t\t<\/div>\n\t\t\t\t\t<\/div>\n\t\t<\/section>\n\t\t\t\t\t<\/div>\n\t\t<\/div>\n\t\t\t\t\t<\/div>\n\t\t<\/section>\n\t\t\t\t<section class=\"elementor-section elementor-top-section elementor-element elementor-element-87d53d7 elementor-section-stretched elementor-section-full_width elementor-section-height-default elementor-section-height-default\" data-id=\"87d53d7\" data-element_type=\"section\" data-e-type=\"section\" data-settings=\"{&quot;stretch_section&quot;:&quot;section-stretched&quot;}\">\n\t\t\t\t\t\t<div class=\"elementor-container elementor-column-gap-default\">\n\t\t\t\t\t<div class=\"elementor-column elementor-col-100 elementor-top-column elementor-element elementor-element-0aa70ee\" data-id=\"0aa70ee\" data-element_type=\"column\" data-e-type=\"column\">\n\t\t\t<div class=\"elementor-widget-wrap elementor-element-populated\">\n\t\t\t\t\t\t<section class=\"elementor-section elementor-inner-section elementor-element elementor-element-e5fd0e7 elementor-section-full_width elementor-section-height-default elementor-section-height-default\" data-id=\"e5fd0e7\" data-element_type=\"section\" data-e-type=\"section\">\n\t\t\t\t\t\t<div class=\"elementor-container elementor-column-gap-default\">\n\t\t\t\t\t<div class=\"elementor-column elementor-col-50 elementor-inner-column elementor-element elementor-element-70d9933\" data-id=\"70d9933\" data-element_type=\"column\" data-e-type=\"column\">\n\t\t\t<div class=\"elementor-widget-wrap elementor-element-populated\">\n\t\t\t\t\t\t<div class=\"elementor-element elementor-element-cf2b98f elementor-widget elementor-widget-image\" data-id=\"cf2b98f\" data-element_type=\"widget\" data-e-type=\"widget\" data-widget_type=\"image.default\">\n\t\t\t\t<div class=\"elementor-widget-container\">\n\t\t\t\t\t\t\t\t\t\t\t\t\t\t\t<img decoding=\"async\" width=\"729\" height=\"240\" src=\"http:\/\/www.hagedorn-products.de\/wp-content\/uploads\/2021\/03\/OWS-3-1.png\" class=\"attachment-large size-large wp-image-1064\" alt=\"\" srcset=\"http:\/\/www.hagedorn-products.de\/wp-content\/uploads\/2021\/03\/OWS-3-1.png 729w, http:\/\/www.hagedorn-products.de\/wp-content\/uploads\/2021\/03\/OWS-3-1-300x99.png 300w\" sizes=\"(max-width: 729px) 100vw, 729px\" \/>\t\t\t\t\t\t\t\t\t\t\t\t\t\t\t<\/div>\n\t\t\t\t<\/div>\n\t\t\t\t<div class=\"elementor-element elementor-element-31c8af6 elementor-widget elementor-widget-spacer\" data-id=\"31c8af6\" data-element_type=\"widget\" data-e-type=\"widget\" data-widget_type=\"spacer.default\">\n\t\t\t\t<div class=\"elementor-widget-container\">\n\t\t\t\t\t\t\t<div class=\"elementor-spacer\">\n\t\t\t<div class=\"elementor-spacer-inner\"><\/div>\n\t\t<\/div>\n\t\t\t\t\t\t<\/div>\n\t\t\t\t<\/div>\n\t\t\t\t<div class=\"elementor-element elementor-element-29ae0d1 elementor-widget elementor-widget-image\" data-id=\"29ae0d1\" data-element_type=\"widget\" data-e-type=\"widget\" data-widget_type=\"image.default\">\n\t\t\t\t<div class=\"elementor-widget-container\">\n\t\t\t\t\t\t\t\t\t\t\t\t\t\t\t<img decoding=\"async\" width=\"391\" height=\"281\" src=\"http:\/\/www.hagedorn-products.de\/wp-content\/uploads\/2021\/03\/OWS-2.png\" class=\"attachment-large size-large wp-image-1057\" alt=\"\" srcset=\"http:\/\/www.hagedorn-products.de\/wp-content\/uploads\/2021\/03\/OWS-2.png 391w, http:\/\/www.hagedorn-products.de\/wp-content\/uploads\/2021\/03\/OWS-2-300x216.png 300w\" sizes=\"(max-width: 391px) 100vw, 391px\" \/>\t\t\t\t\t\t\t\t\t\t\t\t\t\t\t<\/div>\n\t\t\t\t<\/div>\n\t\t\t\t\t<\/div>\n\t\t<\/div>\n\t\t\t\t<div class=\"elementor-column elementor-col-50 elementor-inner-column elementor-element elementor-element-c06cfca\" data-id=\"c06cfca\" data-element_type=\"column\" data-e-type=\"column\">\n\t\t\t<div class=\"elementor-widget-wrap elementor-element-populated\">\n\t\t\t\t\t\t<div class=\"elementor-element elementor-element-bb61519 elementor-widget elementor-widget-heading\" data-id=\"bb61519\" data-element_type=\"widget\" data-e-type=\"widget\" data-widget_type=\"heading.default\">\n\t\t\t\t<div class=\"elementor-widget-container\">\n\t\t\t\t\t<h2 class=\"elementor-heading-title elementor-size-large\">Main features and advantages<\/h2>\t\t\t\t<\/div>\n\t\t\t\t<\/div>\n\t\t\t\t<div class=\"elementor-element elementor-element-42f06a4 elementor-widget elementor-widget-text-editor\" data-id=\"42f06a4\" data-element_type=\"widget\" data-e-type=\"widget\" data-widget_type=\"text-editor.default\">\n\t\t\t\t<div class=\"elementor-widget-container\">\n\t\t\t\t\t\t\t\t\t<p>\u00a0<\/p><p>- Wide range of capacities. From 0,5m3\/hr to 12.5m3\/hr<\/p><p>- Suction type pump to avoid emulsions<\/p><p>- Great saving on consumables: the continuous water quality check at both stages ensures that adsorption filters are bypassed whenever possible<\/p><p>- No high speed moving parts which result in less maintenance and lower costs<\/p><p>- First class components<\/p><p>- Compact design for newbuilding projects<\/p><p>- Modular solutions for retrofitting projects with reduced pathways<\/p><p>- Customized designs for Offshore and Military applications<\/p><p>- Fully Type Approved by Class Societies DNV, ABS and Russian Register of Shipping<\/p><p>- Easy installation<\/p><p>- Fully automatic operation<\/p><p>- Reliable performance<\/p><p>- Low maintenance requirements<\/p><p>- Worldwide service of spare parts and technical assistance through our agent network<\/p>\t\t\t\t\t\t\t\t<\/div>\n\t\t\t\t<\/div>\n\t\t\t\t\t<\/div>\n\t\t<\/div>\n\t\t\t\t\t<\/div>\n\t\t<\/section>\n\t\t\t\t\t<\/div>\n\t\t<\/div>\n\t\t\t\t\t<\/div>\n\t\t<\/section>\n\t\t\t\t<\/div>","protected":false},"excerpt":{"rendered":"<p>\u00d6labscheider \u00d6lwasserabscheider werden verwendet, um die Kohlenwasserstoffe von \u00d6lwasser zu trennen, das aus der Bilge eines Schiffes stammt, und um ein saubereres Abwasser zu liefern, das gem\u00e4\u00df der IMO MEPC 107 (49) -Vorschrift \u00fcber Bord geleitet werden kann. Die Detegasa OWSAN-Serie wurde entwickelt, um eine hervorragende Leistung zu gew\u00e4hrleisten und selbst den strengsten Bedingungen gerecht [&hellip;]<\/p>\n","protected":false},"author":1,"featured_media":0,"parent":0,"menu_order":0,"comment_status":"closed","ping_status":"closed","template":"elementor_header_footer","meta":{"footnotes":""},"class_list":["post-1045","page","type-page","status-publish","hentry"],"yoast_head":"<!-- This site is optimized with the Yoast SEO plugin v27.2 - https:\/\/yoast.com\/product\/yoast-seo-wordpress\/ -->\n<title>\u00d6labscheider - HAGEDORN Products &amp; Systems GmbH<\/title>\n<meta name=\"robots\" content=\"index, follow, max-snippet:-1, max-image-preview:large, max-video-preview:-1\" \/>\n<link rel=\"canonical\" href=\"https:\/\/www.hagedorn-products.de\/en\/oelabscheider\/\" \/>\n<meta property=\"og:locale\" content=\"en_US\" \/>\n<meta property=\"og:type\" content=\"article\" \/>\n<meta property=\"og:title\" content=\"\u00d6labscheider - HAGEDORN Products &amp; Systems GmbH\" \/>\n<meta property=\"og:description\" content=\"\u00d6labscheider \u00d6lwasserabscheider werden verwendet, um die Kohlenwasserstoffe von \u00d6lwasser zu trennen, das aus der Bilge eines Schiffes stammt, und um ein saubereres Abwasser zu liefern, das gem\u00e4\u00df der IMO MEPC 107 (49) -Vorschrift \u00fcber Bord geleitet werden kann. Die Detegasa OWSAN-Serie wurde entwickelt, um eine hervorragende Leistung zu gew\u00e4hrleisten und selbst den strengsten Bedingungen gerecht [&hellip;]\" \/>\n<meta property=\"og:url\" content=\"https:\/\/www.hagedorn-products.de\/en\/oelabscheider\/\" \/>\n<meta property=\"og:site_name\" content=\"HAGEDORN Products &amp; Systems GmbH\" \/>\n<meta property=\"article:modified_time\" content=\"2021-03-25T15:21:45+00:00\" \/>\n<meta property=\"og:image\" content=\"http:\/\/www.hagedorn-products.de\/wp-content\/uploads\/2021\/03\/OWS-1.png\" \/>\n<meta name=\"twitter:card\" content=\"summary_large_image\" \/>\n<meta name=\"twitter:label1\" content=\"Est. reading time\" \/>\n\t<meta name=\"twitter:data1\" content=\"1 minute\" \/>\n<script type=\"application\/ld+json\" class=\"yoast-schema-graph\">{\"@context\":\"https:\/\/schema.org\",\"@graph\":[{\"@type\":\"WebPage\",\"@id\":\"https:\/\/www.hagedorn-products.de\/en\/oelabscheider\/\",\"url\":\"https:\/\/www.hagedorn-products.de\/en\/oelabscheider\/\",\"name\":\"\u00d6labscheider - HAGEDORN Products &amp; Systems GmbH\",\"isPartOf\":{\"@id\":\"https:\/\/www.hagedorn-products.de\/#website\"},\"primaryImageOfPage\":{\"@id\":\"https:\/\/www.hagedorn-products.de\/en\/oelabscheider\/#primaryimage\"},\"image\":{\"@id\":\"https:\/\/www.hagedorn-products.de\/en\/oelabscheider\/#primaryimage\"},\"thumbnailUrl\":\"http:\/\/www.hagedorn-products.de\/wp-content\/uploads\/2021\/03\/OWS-1.png\",\"datePublished\":\"2021-03-25T13:08:58+00:00\",\"dateModified\":\"2021-03-25T15:21:45+00:00\",\"breadcrumb\":{\"@id\":\"https:\/\/www.hagedorn-products.de\/en\/oelabscheider\/#breadcrumb\"},\"inLanguage\":\"en-US\",\"potentialAction\":[{\"@type\":\"ReadAction\",\"target\":[\"https:\/\/www.hagedorn-products.de\/en\/oelabscheider\/\"]}]},{\"@type\":\"ImageObject\",\"inLanguage\":\"en-US\",\"@id\":\"https:\/\/www.hagedorn-products.de\/en\/oelabscheider\/#primaryimage\",\"url\":\"http:\/\/www.hagedorn-products.de\/wp-content\/uploads\/2021\/03\/OWS-1.png\",\"contentUrl\":\"http:\/\/www.hagedorn-products.de\/wp-content\/uploads\/2021\/03\/OWS-1.png\"},{\"@type\":\"BreadcrumbList\",\"@id\":\"https:\/\/www.hagedorn-products.de\/en\/oelabscheider\/#breadcrumb\",\"itemListElement\":[{\"@type\":\"ListItem\",\"position\":1,\"name\":\"Startseite\",\"item\":\"https:\/\/www.hagedorn-products.de\/\"},{\"@type\":\"ListItem\",\"position\":2,\"name\":\"\u00d6labscheider\"}]},{\"@type\":\"WebSite\",\"@id\":\"https:\/\/www.hagedorn-products.de\/#website\",\"url\":\"https:\/\/www.hagedorn-products.de\/\",\"name\":\"HAGEDORN Products & Systems GmbH\",\"description\":\"\",\"potentialAction\":[{\"@type\":\"SearchAction\",\"target\":{\"@type\":\"EntryPoint\",\"urlTemplate\":\"https:\/\/www.hagedorn-products.de\/?s={search_term_string}\"},\"query-input\":{\"@type\":\"PropertyValueSpecification\",\"valueRequired\":true,\"valueName\":\"search_term_string\"}}],\"inLanguage\":\"en-US\"}]}<\/script>\n<!-- \/ Yoast SEO plugin. -->","yoast_head_json":{"title":"\u00d6labscheider - HAGEDORN Products &amp; Systems GmbH","robots":{"index":"index","follow":"follow","max-snippet":"max-snippet:-1","max-image-preview":"max-image-preview:large","max-video-preview":"max-video-preview:-1"},"canonical":"https:\/\/www.hagedorn-products.de\/en\/oelabscheider\/","og_locale":"en_US","og_type":"article","og_title":"\u00d6labscheider - HAGEDORN Products &amp; Systems GmbH","og_description":"\u00d6labscheider \u00d6lwasserabscheider werden verwendet, um die Kohlenwasserstoffe von \u00d6lwasser zu trennen, das aus der Bilge eines Schiffes stammt, und um ein saubereres Abwasser zu liefern, das gem\u00e4\u00df der IMO MEPC 107 (49) -Vorschrift \u00fcber Bord geleitet werden kann. Die Detegasa OWSAN-Serie wurde entwickelt, um eine hervorragende Leistung zu gew\u00e4hrleisten und selbst den strengsten Bedingungen gerecht [&hellip;]","og_url":"https:\/\/www.hagedorn-products.de\/en\/oelabscheider\/","og_site_name":"HAGEDORN Products &amp; Systems GmbH","article_modified_time":"2021-03-25T15:21:45+00:00","og_image":[{"url":"http:\/\/www.hagedorn-products.de\/wp-content\/uploads\/2021\/03\/OWS-1.png","type":"","width":"","height":""}],"twitter_card":"summary_large_image","twitter_misc":{"Est. reading time":"1 minute"},"schema":{"@context":"https:\/\/schema.org","@graph":[{"@type":"WebPage","@id":"https:\/\/www.hagedorn-products.de\/en\/oelabscheider\/","url":"https:\/\/www.hagedorn-products.de\/en\/oelabscheider\/","name":"\u00d6labscheider - HAGEDORN Products &amp; Systems GmbH","isPartOf":{"@id":"https:\/\/www.hagedorn-products.de\/#website"},"primaryImageOfPage":{"@id":"https:\/\/www.hagedorn-products.de\/en\/oelabscheider\/#primaryimage"},"image":{"@id":"https:\/\/www.hagedorn-products.de\/en\/oelabscheider\/#primaryimage"},"thumbnailUrl":"http:\/\/www.hagedorn-products.de\/wp-content\/uploads\/2021\/03\/OWS-1.png","datePublished":"2021-03-25T13:08:58+00:00","dateModified":"2021-03-25T15:21:45+00:00","breadcrumb":{"@id":"https:\/\/www.hagedorn-products.de\/en\/oelabscheider\/#breadcrumb"},"inLanguage":"en-US","potentialAction":[{"@type":"ReadAction","target":["https:\/\/www.hagedorn-products.de\/en\/oelabscheider\/"]}]},{"@type":"ImageObject","inLanguage":"en-US","@id":"https:\/\/www.hagedorn-products.de\/en\/oelabscheider\/#primaryimage","url":"http:\/\/www.hagedorn-products.de\/wp-content\/uploads\/2021\/03\/OWS-1.png","contentUrl":"http:\/\/www.hagedorn-products.de\/wp-content\/uploads\/2021\/03\/OWS-1.png"},{"@type":"BreadcrumbList","@id":"https:\/\/www.hagedorn-products.de\/en\/oelabscheider\/#breadcrumb","itemListElement":[{"@type":"ListItem","position":1,"name":"Startseite","item":"https:\/\/www.hagedorn-products.de\/"},{"@type":"ListItem","position":2,"name":"\u00d6labscheider"}]},{"@type":"WebSite","@id":"https:\/\/www.hagedorn-products.de\/#website","url":"https:\/\/www.hagedorn-products.de\/","name":"HAGEDORN Products & Systems GmbH","description":"","potentialAction":[{"@type":"SearchAction","target":{"@type":"EntryPoint","urlTemplate":"https:\/\/www.hagedorn-products.de\/?s={search_term_string}"},"query-input":{"@type":"PropertyValueSpecification","valueRequired":true,"valueName":"search_term_string"}}],"inLanguage":"en-US"}]}},"_links":{"self":[{"href":"https:\/\/www.hagedorn-products.de\/en\/wp-json\/wp\/v2\/pages\/1045","targetHints":{"allow":["GET"]}}],"collection":[{"href":"https:\/\/www.hagedorn-products.de\/en\/wp-json\/wp\/v2\/pages"}],"about":[{"href":"https:\/\/www.hagedorn-products.de\/en\/wp-json\/wp\/v2\/types\/page"}],"author":[{"embeddable":true,"href":"https:\/\/www.hagedorn-products.de\/en\/wp-json\/wp\/v2\/users\/1"}],"replies":[{"embeddable":true,"href":"https:\/\/www.hagedorn-products.de\/en\/wp-json\/wp\/v2\/comments?post=1045"}],"version-history":[{"count":6,"href":"https:\/\/www.hagedorn-products.de\/en\/wp-json\/wp\/v2\/pages\/1045\/revisions"}],"predecessor-version":[{"id":1066,"href":"https:\/\/www.hagedorn-products.de\/en\/wp-json\/wp\/v2\/pages\/1045\/revisions\/1066"}],"wp:attachment":[{"href":"https:\/\/www.hagedorn-products.de\/en\/wp-json\/wp\/v2\/media?parent=1045"}],"curies":[{"name":"wp","href":"https:\/\/api.w.org\/{rel}","templated":true}]}}