{"id":1282,"date":"2022-02-07T08:46:05","date_gmt":"2022-02-07T08:46:05","guid":{"rendered":"http:\/\/www.hagedorn-products.de\/?page_id=1282"},"modified":"2022-02-07T09:16:49","modified_gmt":"2022-02-07T09:16:49","slug":"vakuumsysteme","status":"publish","type":"page","link":"http:\/\/www.hagedorn-products.de\/en\/vakuumsysteme\/","title":{"rendered":"Vacuum systems"},"content":{"rendered":"<div data-elementor-type=\"wp-post\" data-elementor-id=\"1282\" class=\"elementor elementor-1282\">\n\t\t\t\t\t\t<section class=\"elementor-section elementor-top-section elementor-element elementor-element-9f1f338 elementor-section-boxed elementor-section-height-default elementor-section-height-default\" data-id=\"9f1f338\" data-element_type=\"section\" data-e-type=\"section\">\n\t\t\t\t\t\t<div class=\"elementor-container elementor-column-gap-default\">\n\t\t\t\t\t<div class=\"elementor-column elementor-col-100 elementor-top-column elementor-element elementor-element-14269b1\" data-id=\"14269b1\" data-element_type=\"column\" data-e-type=\"column\">\n\t\t\t<div class=\"elementor-widget-wrap elementor-element-populated\">\n\t\t\t\t\t\t<div class=\"elementor-element elementor-element-eabc8e1 elementor-widget elementor-widget-text-editor\" data-id=\"eabc8e1\" data-element_type=\"widget\" data-e-type=\"widget\" data-widget_type=\"text-editor.default\">\n\t\t\t\t<div class=\"elementor-widget-container\">\n\t\t\t\t\t\t\t\t\t<p><span class=\"Y2IQFc\" lang=\"de\">After a while of installation a vacuum toilet system calcium scale starts building up inside the pipe work. The flow reduces and eventually the system blocked. Often it is necessary to demolishing pipes to locate and solve these blockages, all this means downtime in the toilet system and all the additional inconvenience that results from it.<\/span><\/p><p><span class=\"Y2IQFc\" lang=\"de\">Therefore peridic cleaning of the system is necessary to keep the whole system running.<\/span><\/p><p><span class=\"Y2IQFc\" lang=\"de\">A part of our service which we can offer:<\/span><\/p><ul><li><span class=\"Y2IQFc\" lang=\"de\">- Descaling of Vacuum Pipe System <\/span><\/li><li><span class=\"Y2IQFc\" lang=\"de\">- Yearly maintenance of Vacuum Toilets \/ Vacuum Generation Unit <\/span><\/li><li><span class=\"Y2IQFc\" lang=\"de\">- Spare parts supply <\/span><\/li><li><span class=\"Y2IQFc\" lang=\"de\">- Troubleshooting<\/span><\/li><\/ul><p><span class=\"Y2IQFc\" lang=\"de\">Additonally to prevent the grow of calcium scale, we recommend to install our Automatic Dosing Systems <\/span>(HPS DosVac) which need to be installed at the end of every vacuum line in order to keep all lines free.<\/p>\t\t\t\t\t\t\t\t<\/div>\n\t\t\t\t<\/div>\n\t\t\t\t\t<\/div>\n\t\t<\/div>\n\t\t\t\t\t<\/div>\n\t\t<\/section>\n\t\t\t\t<section class=\"elementor-section elementor-top-section elementor-element elementor-element-dc31f8b elementor-section-boxed elementor-section-height-default elementor-section-height-default\" data-id=\"dc31f8b\" data-element_type=\"section\" data-e-type=\"section\">\n\t\t\t\t\t\t<div class=\"elementor-container elementor-column-gap-default\">\n\t\t\t\t\t<div class=\"elementor-column elementor-col-100 elementor-top-column elementor-element elementor-element-c37aa8b\" data-id=\"c37aa8b\" data-element_type=\"column\" data-e-type=\"column\">\n\t\t\t<div class=\"elementor-widget-wrap elementor-element-populated\">\n\t\t\t\t\t\t<section class=\"elementor-section elementor-inner-section elementor-element elementor-element-f2cd51d elementor-section-boxed elementor-section-height-default elementor-section-height-default\" data-id=\"f2cd51d\" data-element_type=\"section\" data-e-type=\"section\">\n\t\t\t\t\t\t<div class=\"elementor-container elementor-column-gap-default\">\n\t\t\t\t\t<div class=\"elementor-column elementor-col-50 elementor-inner-column elementor-element elementor-element-e07c188\" data-id=\"e07c188\" data-element_type=\"column\" data-e-type=\"column\">\n\t\t\t<div class=\"elementor-widget-wrap elementor-element-populated\">\n\t\t\t\t\t\t<div class=\"elementor-element elementor-element-cce9a5d elementor-widget elementor-widget-image\" data-id=\"cce9a5d\" data-element_type=\"widget\" data-e-type=\"widget\" data-widget_type=\"image.default\">\n\t\t\t\t<div class=\"elementor-widget-container\">\n\t\t\t\t\t\t\t\t\t\t\t\t\t\t\t<img fetchpriority=\"high\" decoding=\"async\" width=\"771\" height=\"571\" src=\"http:\/\/www.hagedorn-products.de\/wp-content\/uploads\/2022\/02\/1-1.jpg\" class=\"attachment-large size-large wp-image-1268\" alt=\"\" srcset=\"http:\/\/www.hagedorn-products.de\/wp-content\/uploads\/2022\/02\/1-1.jpg 771w, http:\/\/www.hagedorn-products.de\/wp-content\/uploads\/2022\/02\/1-1-300x222.jpg 300w, http:\/\/www.hagedorn-products.de\/wp-content\/uploads\/2022\/02\/1-1-768x569.jpg 768w\" sizes=\"(max-width: 771px) 100vw, 771px\" \/>\t\t\t\t\t\t\t\t\t\t\t\t\t\t\t<\/div>\n\t\t\t\t<\/div>\n\t\t\t\t\t<\/div>\n\t\t<\/div>\n\t\t\t\t<div class=\"elementor-column elementor-col-50 elementor-inner-column elementor-element elementor-element-c65b20e\" data-id=\"c65b20e\" data-element_type=\"column\" data-e-type=\"column\">\n\t\t\t<div class=\"elementor-widget-wrap elementor-element-populated\">\n\t\t\t\t\t\t<div class=\"elementor-element elementor-element-126bf63 elementor-widget elementor-widget-image\" data-id=\"126bf63\" data-element_type=\"widget\" data-e-type=\"widget\" data-widget_type=\"image.default\">\n\t\t\t\t<div class=\"elementor-widget-container\">\n\t\t\t\t\t\t\t\t\t\t\t\t\t\t\t<img decoding=\"async\" width=\"412\" height=\"443\" src=\"http:\/\/www.hagedorn-products.de\/wp-content\/uploads\/2022\/02\/3-1.png\" class=\"attachment-large size-large wp-image-1267\" alt=\"\" srcset=\"http:\/\/www.hagedorn-products.de\/wp-content\/uploads\/2022\/02\/3-1.png 412w, http:\/\/www.hagedorn-products.de\/wp-content\/uploads\/2022\/02\/3-1-279x300.png 279w\" sizes=\"(max-width: 412px) 100vw, 412px\" \/>\t\t\t\t\t\t\t\t\t\t\t\t\t\t\t<\/div>\n\t\t\t\t<\/div>\n\t\t\t\t\t<\/div>\n\t\t<\/div>\n\t\t\t\t\t<\/div>\n\t\t<\/section>\n\t\t\t\t\t<\/div>\n\t\t<\/div>\n\t\t\t\t\t<\/div>\n\t\t<\/section>\n\t\t\t\t<\/div>","protected":false},"excerpt":{"rendered":"<p>Nach einer Weile der Installation eines Vakuum-Toilettensystems beginnt sich Kalk in den Rohrleitungen anzusammeln. Der Durchfluss nimmt ab und schlie\u00dflich blockiert das System. Oft ist es notwendig, Rohre abzurei\u00dfen, um diese Verstopfungen zu lokalisieren und zu l\u00f6sen, all dies bedeutet Ausfallzeiten im Toilettensystem und all die zus\u00e4tzlichen Unannehmlichkeiten, die sich daraus ergeben. Daher ist eine [&hellip;]<\/p>\n","protected":false},"author":1,"featured_media":0,"parent":0,"menu_order":0,"comment_status":"closed","ping_status":"closed","template":"","meta":{"footnotes":""},"class_list":["post-1282","page","type-page","status-publish","hentry"],"yoast_head":"<!-- This site is optimized with the Yoast SEO plugin v27.2 - https:\/\/yoast.com\/product\/yoast-seo-wordpress\/ -->\n<title>Vakuumsysteme - HAGEDORN Products &amp; Systems GmbH<\/title>\n<meta name=\"robots\" content=\"index, follow, max-snippet:-1, max-image-preview:large, max-video-preview:-1\" \/>\n<link rel=\"canonical\" href=\"https:\/\/www.hagedorn-products.de\/en\/vakuumsysteme\/\" \/>\n<meta property=\"og:locale\" content=\"en_US\" \/>\n<meta property=\"og:type\" content=\"article\" \/>\n<meta property=\"og:title\" content=\"Vakuumsysteme - HAGEDORN Products &amp; Systems GmbH\" \/>\n<meta property=\"og:description\" content=\"Nach einer Weile der Installation eines Vakuum-Toilettensystems beginnt sich Kalk in den Rohrleitungen anzusammeln. Der Durchfluss nimmt ab und schlie\u00dflich blockiert das System. Oft ist es notwendig, Rohre abzurei\u00dfen, um diese Verstopfungen zu lokalisieren und zu l\u00f6sen, all dies bedeutet Ausfallzeiten im Toilettensystem und all die zus\u00e4tzlichen Unannehmlichkeiten, die sich daraus ergeben. Daher ist eine [&hellip;]\" \/>\n<meta property=\"og:url\" content=\"https:\/\/www.hagedorn-products.de\/en\/vakuumsysteme\/\" \/>\n<meta property=\"og:site_name\" content=\"HAGEDORN Products &amp; Systems GmbH\" \/>\n<meta property=\"article:modified_time\" content=\"2022-02-07T09:16:49+00:00\" \/>\n<meta property=\"og:image\" content=\"http:\/\/www.hagedorn-products.de\/wp-content\/uploads\/2022\/02\/1-1.jpg\" \/>\n<meta name=\"twitter:card\" content=\"summary_large_image\" \/>\n<meta name=\"twitter:label1\" content=\"Est. reading time\" \/>\n\t<meta name=\"twitter:data1\" content=\"1 minute\" \/>\n<script type=\"application\/ld+json\" class=\"yoast-schema-graph\">{\"@context\":\"https:\/\/schema.org\",\"@graph\":[{\"@type\":\"WebPage\",\"@id\":\"https:\/\/www.hagedorn-products.de\/en\/vakuumsysteme\/\",\"url\":\"https:\/\/www.hagedorn-products.de\/en\/vakuumsysteme\/\",\"name\":\"Vakuumsysteme - HAGEDORN Products &amp; Systems GmbH\",\"isPartOf\":{\"@id\":\"https:\/\/www.hagedorn-products.de\/#website\"},\"primaryImageOfPage\":{\"@id\":\"https:\/\/www.hagedorn-products.de\/en\/vakuumsysteme\/#primaryimage\"},\"image\":{\"@id\":\"https:\/\/www.hagedorn-products.de\/en\/vakuumsysteme\/#primaryimage\"},\"thumbnailUrl\":\"http:\/\/www.hagedorn-products.de\/wp-content\/uploads\/2022\/02\/1-1.jpg\",\"datePublished\":\"2022-02-07T08:46:05+00:00\",\"dateModified\":\"2022-02-07T09:16:49+00:00\",\"breadcrumb\":{\"@id\":\"https:\/\/www.hagedorn-products.de\/en\/vakuumsysteme\/#breadcrumb\"},\"inLanguage\":\"en-US\",\"potentialAction\":[{\"@type\":\"ReadAction\",\"target\":[\"https:\/\/www.hagedorn-products.de\/en\/vakuumsysteme\/\"]}]},{\"@type\":\"ImageObject\",\"inLanguage\":\"en-US\",\"@id\":\"https:\/\/www.hagedorn-products.de\/en\/vakuumsysteme\/#primaryimage\",\"url\":\"http:\/\/www.hagedorn-products.de\/wp-content\/uploads\/2022\/02\/1-1.jpg\",\"contentUrl\":\"http:\/\/www.hagedorn-products.de\/wp-content\/uploads\/2022\/02\/1-1.jpg\"},{\"@type\":\"BreadcrumbList\",\"@id\":\"https:\/\/www.hagedorn-products.de\/en\/vakuumsysteme\/#breadcrumb\",\"itemListElement\":[{\"@type\":\"ListItem\",\"position\":1,\"name\":\"Startseite\",\"item\":\"https:\/\/www.hagedorn-products.de\/\"},{\"@type\":\"ListItem\",\"position\":2,\"name\":\"Vakuumsysteme\"}]},{\"@type\":\"WebSite\",\"@id\":\"https:\/\/www.hagedorn-products.de\/#website\",\"url\":\"https:\/\/www.hagedorn-products.de\/\",\"name\":\"HAGEDORN Products & Systems GmbH\",\"description\":\"\",\"potentialAction\":[{\"@type\":\"SearchAction\",\"target\":{\"@type\":\"EntryPoint\",\"urlTemplate\":\"https:\/\/www.hagedorn-products.de\/?s={search_term_string}\"},\"query-input\":{\"@type\":\"PropertyValueSpecification\",\"valueRequired\":true,\"valueName\":\"search_term_string\"}}],\"inLanguage\":\"en-US\"}]}<\/script>\n<!-- \/ Yoast SEO plugin. -->","yoast_head_json":{"title":"Vakuumsysteme - HAGEDORN Products &amp; Systems GmbH","robots":{"index":"index","follow":"follow","max-snippet":"max-snippet:-1","max-image-preview":"max-image-preview:large","max-video-preview":"max-video-preview:-1"},"canonical":"https:\/\/www.hagedorn-products.de\/en\/vakuumsysteme\/","og_locale":"en_US","og_type":"article","og_title":"Vakuumsysteme - HAGEDORN Products &amp; Systems GmbH","og_description":"Nach einer Weile der Installation eines Vakuum-Toilettensystems beginnt sich Kalk in den Rohrleitungen anzusammeln. Der Durchfluss nimmt ab und schlie\u00dflich blockiert das System. Oft ist es notwendig, Rohre abzurei\u00dfen, um diese Verstopfungen zu lokalisieren und zu l\u00f6sen, all dies bedeutet Ausfallzeiten im Toilettensystem und all die zus\u00e4tzlichen Unannehmlichkeiten, die sich daraus ergeben. Daher ist eine [&hellip;]","og_url":"https:\/\/www.hagedorn-products.de\/en\/vakuumsysteme\/","og_site_name":"HAGEDORN Products &amp; Systems GmbH","article_modified_time":"2022-02-07T09:16:49+00:00","og_image":[{"url":"http:\/\/www.hagedorn-products.de\/wp-content\/uploads\/2022\/02\/1-1.jpg","type":"","width":"","height":""}],"twitter_card":"summary_large_image","twitter_misc":{"Est. reading time":"1 minute"},"schema":{"@context":"https:\/\/schema.org","@graph":[{"@type":"WebPage","@id":"https:\/\/www.hagedorn-products.de\/en\/vakuumsysteme\/","url":"https:\/\/www.hagedorn-products.de\/en\/vakuumsysteme\/","name":"Vakuumsysteme - HAGEDORN Products &amp; Systems GmbH","isPartOf":{"@id":"https:\/\/www.hagedorn-products.de\/#website"},"primaryImageOfPage":{"@id":"https:\/\/www.hagedorn-products.de\/en\/vakuumsysteme\/#primaryimage"},"image":{"@id":"https:\/\/www.hagedorn-products.de\/en\/vakuumsysteme\/#primaryimage"},"thumbnailUrl":"http:\/\/www.hagedorn-products.de\/wp-content\/uploads\/2022\/02\/1-1.jpg","datePublished":"2022-02-07T08:46:05+00:00","dateModified":"2022-02-07T09:16:49+00:00","breadcrumb":{"@id":"https:\/\/www.hagedorn-products.de\/en\/vakuumsysteme\/#breadcrumb"},"inLanguage":"en-US","potentialAction":[{"@type":"ReadAction","target":["https:\/\/www.hagedorn-products.de\/en\/vakuumsysteme\/"]}]},{"@type":"ImageObject","inLanguage":"en-US","@id":"https:\/\/www.hagedorn-products.de\/en\/vakuumsysteme\/#primaryimage","url":"http:\/\/www.hagedorn-products.de\/wp-content\/uploads\/2022\/02\/1-1.jpg","contentUrl":"http:\/\/www.hagedorn-products.de\/wp-content\/uploads\/2022\/02\/1-1.jpg"},{"@type":"BreadcrumbList","@id":"https:\/\/www.hagedorn-products.de\/en\/vakuumsysteme\/#breadcrumb","itemListElement":[{"@type":"ListItem","position":1,"name":"Startseite","item":"https:\/\/www.hagedorn-products.de\/"},{"@type":"ListItem","position":2,"name":"Vakuumsysteme"}]},{"@type":"WebSite","@id":"https:\/\/www.hagedorn-products.de\/#website","url":"https:\/\/www.hagedorn-products.de\/","name":"HAGEDORN Products & Systems GmbH","description":"","potentialAction":[{"@type":"SearchAction","target":{"@type":"EntryPoint","urlTemplate":"https:\/\/www.hagedorn-products.de\/?s={search_term_string}"},"query-input":{"@type":"PropertyValueSpecification","valueRequired":true,"valueName":"search_term_string"}}],"inLanguage":"en-US"}]}},"_links":{"self":[{"href":"http:\/\/www.hagedorn-products.de\/en\/wp-json\/wp\/v2\/pages\/1282","targetHints":{"allow":["GET"]}}],"collection":[{"href":"http:\/\/www.hagedorn-products.de\/en\/wp-json\/wp\/v2\/pages"}],"about":[{"href":"http:\/\/www.hagedorn-products.de\/en\/wp-json\/wp\/v2\/types\/page"}],"author":[{"embeddable":true,"href":"http:\/\/www.hagedorn-products.de\/en\/wp-json\/wp\/v2\/users\/1"}],"replies":[{"embeddable":true,"href":"http:\/\/www.hagedorn-products.de\/en\/wp-json\/wp\/v2\/comments?post=1282"}],"version-history":[{"count":4,"href":"http:\/\/www.hagedorn-products.de\/en\/wp-json\/wp\/v2\/pages\/1282\/revisions"}],"predecessor-version":[{"id":1304,"href":"http:\/\/www.hagedorn-products.de\/en\/wp-json\/wp\/v2\/pages\/1282\/revisions\/1304"}],"wp:attachment":[{"href":"http:\/\/www.hagedorn-products.de\/en\/wp-json\/wp\/v2\/media?parent=1282"}],"curies":[{"name":"wp","href":"https:\/\/api.w.org\/{rel}","templated":true}]}}